{"id":956,"date":"2023-03-24T21:17:06","date_gmt":"2023-03-24T20:17:06","guid":{"rendered":"http:\/\/nlautis-gadamael.savviihq.com\/?page_id=956"},"modified":"2023-07-07T14:00:18","modified_gmt":"2023-07-07T12:00:18","slug":"uzman-yardim-saglamak","status":"publish","type":"page","link":"https:\/\/www.autismejongekind.nl\/tr\/autisme-bij-kinderen-informatie-voor-ouders\/gespecialiseerde-hulp-inschakelen\/","title":{"rendered":"Uzman yard\u0131m\u0131 aray\u0131n"},"content":{"rendered":"<p><strong>Varsayal\u0131m: Otizm \u00f6zelliklerine sahip olan \u00e7ocu\u011funuz birinci basamak sa\u011fl\u0131k hizmeti alm\u0131\u015ft\u0131r. Ve bu yard\u0131m \u00e7ocu\u011funuzun davran\u0131\u015f ve geli\u015fimini iyile\u015ftirmek i\u00e7in yeterli yard\u0131m sa\u011flam\u0131yor veya yeterli de\u011fil. \u00c7ocu\u011funuz daha sonra bir uzmana y\u00f6nlendirilebilir. \u00d6rne\u011fin, bir t\u0131bbi uzmana veya \u00f6zel bir organizasyona. Veya bir uzman ruh sa\u011fl\u0131\u011f\u0131 kurulu\u015funa y\u00f6nlendirilebilir.<\/strong><\/p>\n<h2>Daha \u00f6zel bir organizasyon \/ sa\u011fl\u0131k hizmeti sa\u011flay\u0131c\u0131s\u0131: t\u0131bbi<\/h2>\n<p>\u00c7ocu\u011funuzun olas\u0131 t\u0131bbi sorunlar\u0131 i\u00e7in, birinci basamak sa\u011fl\u0131k hizmeti sa\u011flay\u0131c\u0131s\u0131 sizi bir t\u0131bbi uzmana y\u00f6nlendirebilir. \u00d6rne\u011fin:<\/p>\n<ul>\n<li aria-level=\"1\">\u00e7ocuk doktoru<\/li>\n<li aria-level=\"1\">\u00e7ocuk n\u00f6rolo\u011fu<\/li>\n<li aria-level=\"1\">kulak burun bo\u011faz uzman\u0131<\/li>\n<li aria-level=\"1\">\u00e7ocuk rehabilitasyon merkezi<\/li>\n<\/ul>\n<h2>\u00d6zel uzmanl\u0131k gerektiren ruh sa\u011fl\u0131\u011f\u0131 hizmetleri (s-GGZ).<\/h2>\n<p>Endi\u015feleriniz \u00e7ocu\u011funuzun davran\u0131\u015f\u0131 ve \/ veya geli\u015fimi ile ilgili devam ediyor mu? \u00d6rne\u011fin otizm \u015f\u00fcphesi var m\u0131? O zaman \u00f6zel ruh sa\u011fl\u0131\u011f\u0131 hizmetleri (s-GGZ) organizasyonu devreye girebilir. Bu yard\u0131m i\u00e7in, aile hekiminiz, kons\u00fcltasyon b\u00fcrosu (gen\u00e7lik sa\u011fl\u0131\u011f\u0131 olarak da bilinir - JGZ), Centrum voor Jeugd en Gezin (veya '\u00c7ocuklar ve Aileler Merkezi' - CJG), sosyal mahalle ekibi veya Integrale Vroeghulp (veya 'B\u00fct\u00fcnsel Erken M\u00fcdahale' - IVH) taraf\u0131ndan bir y\u00f6nlendirme gereklidir.<\/p>\n<p>S\u0131f\u0131r ila alt\u0131 ya\u015f aras\u0131 \u00e7ocuklar alan\u0131nda uzman bilgiye sahip bir s-GGZ organizasyonu, <a href=\"https:\/\/www.autismejongekind.nl\/tr\/cocugumda-otizm-teshisi-konulmasi\/\">\u00e7ocu\u011funuzun sorunlar\u0131n\u0131 ara\u015ft\u0131rabilir (tan\u0131).<\/a> Daha sonra destek veya tedavi plan\u0131 haz\u0131rlarlar. \u00c7ocuk psikiyatristleri, psikologlar ve \u00f6zel e\u011fitim uzmanlar\u0131 gibi farkl\u0131 uzmanlar s-GGZ organizasyonlar\u0131nda \u00e7al\u0131\u015f\u0131rlar.<\/p>\n<p>\u00c7ocu\u011funuzun geli\u015fimsel bir bozuklu\u011fa, \u00f6rne\u011fin otizm gibi bir bozuklu\u011fa sahip olabilece\u011finden \u015f\u00fcpheleniyorsan\u0131z, \u00f6zel GGZ'ye y\u00f6nlendirmek i\u00e7in aile hekiminizden y\u00f6nlendirme almak olduk\u00e7a zor olabilir. Ancak, pasif bir \u015fekilde bekleyerek \u00e7ocu\u011funuzun geli\u015fimini atlamak yerine erken hedefli yard\u0131m alman\u0131z \u00f6nemlidir. Burada ama\u00e7 \"bir etiket almak\" de\u011fil, erken hedefli yard\u0131m alarak \u00e7ocu\u011funuzun geli\u015fimsel f\u0131rsatlar\u0131 ka\u00e7\u0131rmas\u0131n\u0131 \u00f6nlemektir.<\/p>\n<p>\u00d6zel GGZ, ayn\u0131 zamanda ailenizin nas\u0131l desteklenebilece\u011fi konusunda da size dan\u0131\u015fmanl\u0131k verebilir. Bunun i\u00e7in, b\u00f6lgenizdeki \u00f6zel <a href=\"https:\/\/www.autismejongekind.nl\/tr\/contact\/\">Otizm Uzmanl\u0131k Ekipleri'ne (AJK ekipleri)<\/a>\u00a0ba\u015fvurabilirsiniz.<\/p>","protected":false},"excerpt":{"rendered":"<p>Stel: Je kind met (kenmerken van) autisme heeft eerstelijnshulp gekregen. En deze hulp helpt niet of niet voldoende om het gedrag en de ontwikkeling van je kind te verbeteren. Je kind kan dan doorverwezen worden naar specialistische hulp. Bijvoorbeeld naar een medisch gespecialiseerde hulpverlener of organisatie. Of naar een organisatie voor gespecialiseerde geestelijke gezondheidszorg. Een [&hellip;]<\/p>\n","protected":false},"author":27,"featured_media":5962,"parent":349,"menu_order":0,"comment_status":"closed","ping_status":"closed","template":"template-page-full-width-image.php","meta":{"_acf_changed":false,"footnotes":""},"class_list":["post-956","page","type-page","status-publish","has-post-thumbnail","hentry"],"acf":[],"yoast_head":"<!-- This site is optimized with the Yoast SEO plugin v27.3 - https:\/\/yoast.com\/product\/yoast-seo-wordpress\/ -->\n<title>Gespecialiseerde hulp inschakelen bij kinderen met autisme<\/title>\n<meta name=\"description\" content=\"Als eerstelijns hulp jouw kindje met (kenmerken van) autisme niet voldoende helpt, kan je gespecialiseerde hulp inschakelen.\" \/>\n<meta name=\"robots\" content=\"index, follow, max-snippet:-1, max-image-preview:large, max-video-preview:-1\" \/>\n<link rel=\"canonical\" href=\"https:\/\/www.autismejongekind.nl\/tr\/cocuklarda-otizm-ebeveynler-icin-bilgilendirme\/uzman-yardim-saglamak\/\" \/>\n<meta property=\"og:locale\" content=\"tr_TR\" \/>\n<meta property=\"og:type\" content=\"article\" \/>\n<meta property=\"og:title\" content=\"Gespecialiseerde hulp inschakelen bij kinderen met autisme\" \/>\n<meta property=\"og:description\" content=\"Als eerstelijns hulp jouw kindje met (kenmerken van) autisme niet voldoende helpt, kan je gespecialiseerde hulp inschakelen.\" \/>\n<meta property=\"og:url\" content=\"https:\/\/www.autismejongekind.nl\/tr\/cocuklarda-otizm-ebeveynler-icin-bilgilendirme\/uzman-yardim-saglamak\/\" \/>\n<meta property=\"og:site_name\" content=\"Autisme Jonge Kind\" \/>\n<meta property=\"article:modified_time\" content=\"2023-07-07T12:00:18+00:00\" \/>\n<meta property=\"og:image\" content=\"https:\/\/www.autismejongekind.nl\/wp-content\/uploads\/2023\/03\/kinderpsycholoog.jpg\" \/>\n\t<meta property=\"og:image:width\" content=\"1920\" \/>\n\t<meta property=\"og:image:height\" content=\"1278\" \/>\n\t<meta property=\"og:image:type\" content=\"image\/jpeg\" \/>\n<meta name=\"twitter:card\" content=\"summary_large_image\" \/>\n<meta name=\"twitter:label1\" content=\"Tahmini okuma s\u00fcresi\" \/>\n\t<meta name=\"twitter:data1\" content=\"2 dakika\" \/>\n<script type=\"application\/ld+json\" class=\"yoast-schema-graph\">{\"@context\":\"https:\\\/\\\/schema.org\",\"@graph\":[{\"@type\":\"WebPage\",\"@id\":\"https:\\\/\\\/www.autismejongekind.nl\\\/autisme-bij-kinderen-informatie-voor-ouders\\\/gespecialiseerde-hulp-inschakelen\\\/\",\"url\":\"https:\\\/\\\/www.autismejongekind.nl\\\/autisme-bij-kinderen-informatie-voor-ouders\\\/gespecialiseerde-hulp-inschakelen\\\/\",\"name\":\"Gespecialiseerde hulp inschakelen bij kinderen met autisme\",\"isPartOf\":{\"@id\":\"https:\\\/\\\/www.autismejongekind.nl\\\/#website\"},\"primaryImageOfPage\":{\"@id\":\"https:\\\/\\\/www.autismejongekind.nl\\\/autisme-bij-kinderen-informatie-voor-ouders\\\/gespecialiseerde-hulp-inschakelen\\\/#primaryimage\"},\"image\":{\"@id\":\"https:\\\/\\\/www.autismejongekind.nl\\\/autisme-bij-kinderen-informatie-voor-ouders\\\/gespecialiseerde-hulp-inschakelen\\\/#primaryimage\"},\"thumbnailUrl\":\"https:\\\/\\\/www.autismejongekind.nl\\\/wp-content\\\/uploads\\\/2023\\\/03\\\/kinderpsycholoog.jpg\",\"datePublished\":\"2023-03-24T20:17:06+00:00\",\"dateModified\":\"2023-07-07T12:00:18+00:00\",\"description\":\"Als eerstelijns hulp jouw kindje met (kenmerken van) autisme niet voldoende helpt, kan je gespecialiseerde hulp inschakelen.\",\"breadcrumb\":{\"@id\":\"https:\\\/\\\/www.autismejongekind.nl\\\/autisme-bij-kinderen-informatie-voor-ouders\\\/gespecialiseerde-hulp-inschakelen\\\/#breadcrumb\"},\"inLanguage\":\"tr\",\"potentialAction\":[{\"@type\":\"ReadAction\",\"target\":[\"https:\\\/\\\/www.autismejongekind.nl\\\/autisme-bij-kinderen-informatie-voor-ouders\\\/gespecialiseerde-hulp-inschakelen\\\/\"]}]},{\"@type\":\"ImageObject\",\"inLanguage\":\"tr\",\"@id\":\"https:\\\/\\\/www.autismejongekind.nl\\\/autisme-bij-kinderen-informatie-voor-ouders\\\/gespecialiseerde-hulp-inschakelen\\\/#primaryimage\",\"url\":\"https:\\\/\\\/www.autismejongekind.nl\\\/wp-content\\\/uploads\\\/2023\\\/03\\\/kinderpsycholoog.jpg\",\"contentUrl\":\"https:\\\/\\\/www.autismejongekind.nl\\\/wp-content\\\/uploads\\\/2023\\\/03\\\/kinderpsycholoog.jpg\",\"width\":1920,\"height\":1278,\"caption\":\"gespecialiseerde hulp autisme\"},{\"@type\":\"BreadcrumbList\",\"@id\":\"https:\\\/\\\/www.autismejongekind.nl\\\/autisme-bij-kinderen-informatie-voor-ouders\\\/gespecialiseerde-hulp-inschakelen\\\/#breadcrumb\",\"itemListElement\":[{\"@type\":\"ListItem\",\"position\":1,\"name\":\"Home\",\"item\":\"https:\\\/\\\/www.autismejongekind.nl\\\/\"},{\"@type\":\"ListItem\",\"position\":2,\"name\":\"Autisme bij kinderen: informatie voor ouders\",\"item\":\"https:\\\/\\\/www.autismejongekind.nl\\\/autisme-bij-kinderen-informatie-voor-ouders\\\/\"},{\"@type\":\"ListItem\",\"position\":3,\"name\":\"Gespecialiseerde geestelijke gezondheidszorg (s-GGZ)\"}]},{\"@type\":\"WebSite\",\"@id\":\"https:\\\/\\\/www.autismejongekind.nl\\\/#website\",\"url\":\"https:\\\/\\\/www.autismejongekind.nl\\\/\",\"name\":\"Autisme Jonge Kind\",\"description\":\"\",\"potentialAction\":[{\"@type\":\"SearchAction\",\"target\":{\"@type\":\"EntryPoint\",\"urlTemplate\":\"https:\\\/\\\/www.autismejongekind.nl\\\/?s={search_term_string}\"},\"query-input\":{\"@type\":\"PropertyValueSpecification\",\"valueRequired\":true,\"valueName\":\"search_term_string\"}}],\"inLanguage\":\"tr\"}]}<\/script>\n<!-- \/ Yoast SEO plugin. -->","yoast_head_json":{"title":"Otizmli \u00e7ocuklar i\u00e7in uzman yard\u0131m sa\u011flamak","description":"Birinci basamak sa\u011fl\u0131k hizmeti \u00e7ocu\u011funuzun (otizm \u00f6zelliklerinin) yeterince yard\u0131mc\u0131 olmad\u0131\u011f\u0131 durumlarda, \u00f6zel uzmanl\u0131k gerektiren yard\u0131m arayabilirsin","robots":{"index":"index","follow":"follow","max-snippet":"max-snippet:-1","max-image-preview":"max-image-preview:large","max-video-preview":"max-video-preview:-1"},"canonical":"https:\/\/www.autismejongekind.nl\/tr\/cocuklarda-otizm-ebeveynler-icin-bilgilendirme\/uzman-yardim-saglamak\/","og_locale":"tr_TR","og_type":"article","og_title":"Gespecialiseerde hulp inschakelen bij kinderen met autisme","og_description":"Als eerstelijns hulp jouw kindje met (kenmerken van) autisme niet voldoende helpt, kan je gespecialiseerde hulp inschakelen.","og_url":"https:\/\/www.autismejongekind.nl\/tr\/cocuklarda-otizm-ebeveynler-icin-bilgilendirme\/uzman-yardim-saglamak\/","og_site_name":"Autisme Jonge Kind","article_modified_time":"2023-07-07T12:00:18+00:00","og_image":[{"width":1920,"height":1278,"url":"https:\/\/www.autismejongekind.nl\/wp-content\/uploads\/2023\/03\/kinderpsycholoog.jpg","type":"image\/jpeg"}],"twitter_card":"summary_large_image","twitter_misc":{"Tahmini okuma s\u00fcresi":"2 dakika"},"schema":{"@context":"https:\/\/schema.org","@graph":[{"@type":"WebPage","@id":"https:\/\/www.autismejongekind.nl\/autisme-bij-kinderen-informatie-voor-ouders\/gespecialiseerde-hulp-inschakelen\/","url":"https:\/\/www.autismejongekind.nl\/autisme-bij-kinderen-informatie-voor-ouders\/gespecialiseerde-hulp-inschakelen\/","name":"Otizmli \u00e7ocuklar i\u00e7in uzman yard\u0131m sa\u011flamak","isPartOf":{"@id":"https:\/\/www.autismejongekind.nl\/#website"},"primaryImageOfPage":{"@id":"https:\/\/www.autismejongekind.nl\/autisme-bij-kinderen-informatie-voor-ouders\/gespecialiseerde-hulp-inschakelen\/#primaryimage"},"image":{"@id":"https:\/\/www.autismejongekind.nl\/autisme-bij-kinderen-informatie-voor-ouders\/gespecialiseerde-hulp-inschakelen\/#primaryimage"},"thumbnailUrl":"https:\/\/www.autismejongekind.nl\/wp-content\/uploads\/2023\/03\/kinderpsycholoog.jpg","datePublished":"2023-03-24T20:17:06+00:00","dateModified":"2023-07-07T12:00:18+00:00","description":"Birinci basamak sa\u011fl\u0131k hizmeti \u00e7ocu\u011funuzun (otizm \u00f6zelliklerinin) yeterince yard\u0131mc\u0131 olmad\u0131\u011f\u0131 durumlarda, \u00f6zel uzmanl\u0131k gerektiren yard\u0131m arayabilirsin","breadcrumb":{"@id":"https:\/\/www.autismejongekind.nl\/autisme-bij-kinderen-informatie-voor-ouders\/gespecialiseerde-hulp-inschakelen\/#breadcrumb"},"inLanguage":"tr","potentialAction":[{"@type":"ReadAction","target":["https:\/\/www.autismejongekind.nl\/autisme-bij-kinderen-informatie-voor-ouders\/gespecialiseerde-hulp-inschakelen\/"]}]},{"@type":"ImageObject","inLanguage":"tr","@id":"https:\/\/www.autismejongekind.nl\/autisme-bij-kinderen-informatie-voor-ouders\/gespecialiseerde-hulp-inschakelen\/#primaryimage","url":"https:\/\/www.autismejongekind.nl\/wp-content\/uploads\/2023\/03\/kinderpsycholoog.jpg","contentUrl":"https:\/\/www.autismejongekind.nl\/wp-content\/uploads\/2023\/03\/kinderpsycholoog.jpg","width":1920,"height":1278,"caption":"gespecialiseerde hulp autisme"},{"@type":"BreadcrumbList","@id":"https:\/\/www.autismejongekind.nl\/autisme-bij-kinderen-informatie-voor-ouders\/gespecialiseerde-hulp-inschakelen\/#breadcrumb","itemListElement":[{"@type":"ListItem","position":1,"name":"Home","item":"https:\/\/www.autismejongekind.nl\/"},{"@type":"ListItem","position":2,"name":"Autisme bij kinderen: informatie voor ouders","item":"https:\/\/www.autismejongekind.nl\/autisme-bij-kinderen-informatie-voor-ouders\/"},{"@type":"ListItem","position":3,"name":"Gespecialiseerde geestelijke gezondheidszorg (s-GGZ)"}]},{"@type":"WebSite","@id":"https:\/\/www.autismejongekind.nl\/#website","url":"https:\/\/www.autismejongekind.nl\/","name":"Autisme Jonge Kind","description":"","potentialAction":[{"@type":"SearchAction","target":{"@type":"EntryPoint","urlTemplate":"https:\/\/www.autismejongekind.nl\/?s={search_term_string}"},"query-input":{"@type":"PropertyValueSpecification","valueRequired":true,"valueName":"search_term_string"}}],"inLanguage":"tr"}]}},"_links":{"self":[{"href":"https:\/\/www.autismejongekind.nl\/tr\/wp-json\/wp\/v2\/pages\/956","targetHints":{"allow":["GET"]}}],"collection":[{"href":"https:\/\/www.autismejongekind.nl\/tr\/wp-json\/wp\/v2\/pages"}],"about":[{"href":"https:\/\/www.autismejongekind.nl\/tr\/wp-json\/wp\/v2\/types\/page"}],"author":[{"embeddable":true,"href":"https:\/\/www.autismejongekind.nl\/tr\/wp-json\/wp\/v2\/users\/27"}],"replies":[{"embeddable":true,"href":"https:\/\/www.autismejongekind.nl\/tr\/wp-json\/wp\/v2\/comments?post=956"}],"version-history":[{"count":12,"href":"https:\/\/www.autismejongekind.nl\/tr\/wp-json\/wp\/v2\/pages\/956\/revisions"}],"predecessor-version":[{"id":6977,"href":"https:\/\/www.autismejongekind.nl\/tr\/wp-json\/wp\/v2\/pages\/956\/revisions\/6977"}],"up":[{"embeddable":true,"href":"https:\/\/www.autismejongekind.nl\/tr\/wp-json\/wp\/v2\/pages\/349"}],"wp:featuredmedia":[{"embeddable":true,"href":"https:\/\/www.autismejongekind.nl\/tr\/wp-json\/wp\/v2\/media\/5962"}],"wp:attachment":[{"href":"https:\/\/www.autismejongekind.nl\/tr\/wp-json\/wp\/v2\/media?parent=956"}],"curies":[{"name":"wp","href":"https:\/\/api.w.org\/{rel}","templated":true}]}}