{"id":7402,"date":"2024-02-08T12:34:32","date_gmt":"2024-02-08T11:34:32","guid":{"rendered":"https:\/\/www.autismejongekind.nl\/?page_id=7402"},"modified":"2025-08-25T14:35:38","modified_gmt":"2025-08-25T12:35:38","slug":"gebruikersovereenkomsten","status":"publish","type":"page","link":"https:\/\/www.autismejongekind.nl\/tr\/autisme-bij-kinderen-informatie-voor-ouders\/geen-autisme-onderzoek-wel-hulp-beer\/gebruikersovereenkomsten\/","title":{"rendered":"Kullan\u0131c\u0131 S\u00f6zle\u015fmesi &amp; Uygulamas\u0131n\u0131n Gizlilik Beyan\u0131 BEER"},"content":{"rendered":"<p>BEAR uygulamas\u0131na ili\u015fkin kullan\u0131c\u0131 s\u00f6zle\u015fmesini ve gizlilik bildirimini buradan indirebilirsiniz.<\/p>\n<ul>\n<li><a href=\"https:\/\/www.autismejongekind.nl\/wp-content\/uploads\/2025\/08\/Kullanici-Sozlesmesi-BEER-uygulamasi-USER-agreement.pdf\" target=\"_blank\" rel=\"noopener\">Kullan\u0131c\u0131 S\u00f6zle\u015fmesi BEAR uygulamas\u0131<\/a><\/li>\n<li><a href=\"https:\/\/www.autismejongekind.nl\/wp-content\/uploads\/2025\/08\/Gizlilik-Beyani-BEER-uygulamasi-privacy-statement.pdf\">BEAR-Uygulamasinin-Gizlilik-Beyani<\/a><\/li>\n<\/ul>","protected":false},"excerpt":{"rendered":"<p>Hieronder kun je de volgende documenten met betrekking tot de BEER-app downloaden: Gebruikersovereenkomst BEER-app voor ouder(s)\/verzorgers Privacyverklaring BEER-app voor ouder(s)\/verzorgers<\/p>","protected":false},"author":27,"featured_media":0,"parent":5611,"menu_order":0,"comment_status":"closed","ping_status":"closed","template":"","meta":{"_acf_changed":false,"footnotes":""},"class_list":["post-7402","page","type-page","status-publish","hentry"],"acf":[],"yoast_head":"<!-- This site is optimized with the Yoast SEO plugin v27.3 - https:\/\/yoast.com\/product\/yoast-seo-wordpress\/ -->\n<title>Gebruikersovereenkomsten en privacyverklaring - Autisme Jonge Kind<\/title>\n<meta name=\"robots\" content=\"index, follow, max-snippet:-1, max-image-preview:large, max-video-preview:-1\" \/>\n<link rel=\"canonical\" href=\"https:\/\/www.autismejongekind.nl\/tr\/cocuklarda-otizm-ebeveynler-icin-bilgilendirme\/otizm-degerlendirmesi-olmadanda-yardim-beer-egitimi\/gebruikersovereenkomsten\/\" \/>\n<meta property=\"og:locale\" content=\"tr_TR\" \/>\n<meta property=\"og:type\" content=\"article\" \/>\n<meta property=\"og:title\" content=\"Gebruikersovereenkomsten en privacyverklaring - Autisme Jonge Kind\" \/>\n<meta property=\"og:description\" content=\"Hieronder kun je de volgende documenten met betrekking tot de BEER-app downloaden: Gebruikersovereenkomst BEER-app voor ouder(s)\/verzorgers Privacyverklaring BEER-app voor ouder(s)\/verzorgers\" \/>\n<meta property=\"og:url\" content=\"https:\/\/www.autismejongekind.nl\/tr\/cocuklarda-otizm-ebeveynler-icin-bilgilendirme\/otizm-degerlendirmesi-olmadanda-yardim-beer-egitimi\/gebruikersovereenkomsten\/\" \/>\n<meta property=\"og:site_name\" content=\"Autisme Jonge Kind\" \/>\n<meta property=\"article:modified_time\" content=\"2025-08-25T12:35:38+00:00\" \/>\n<meta name=\"twitter:card\" content=\"summary_large_image\" \/>\n<meta name=\"twitter:label1\" content=\"Tahmini okuma s\u00fcresi\" \/>\n\t<meta name=\"twitter:data1\" content=\"1 dakika\" \/>\n<script type=\"application\/ld+json\" class=\"yoast-schema-graph\">{\"@context\":\"https:\\\/\\\/schema.org\",\"@graph\":[{\"@type\":\"WebPage\",\"@id\":\"https:\\\/\\\/www.autismejongekind.nl\\\/autisme-bij-kinderen-informatie-voor-ouders\\\/geen-autisme-onderzoek-wel-hulp-beer\\\/gebruikersovereenkomsten\\\/\",\"url\":\"https:\\\/\\\/www.autismejongekind.nl\\\/autisme-bij-kinderen-informatie-voor-ouders\\\/geen-autisme-onderzoek-wel-hulp-beer\\\/gebruikersovereenkomsten\\\/\",\"name\":\"Gebruikersovereenkomsten en privacyverklaring - Autisme Jonge Kind\",\"isPartOf\":{\"@id\":\"https:\\\/\\\/www.autismejongekind.nl\\\/#website\"},\"datePublished\":\"2024-02-08T11:34:32+00:00\",\"dateModified\":\"2025-08-25T12:35:38+00:00\",\"breadcrumb\":{\"@id\":\"https:\\\/\\\/www.autismejongekind.nl\\\/autisme-bij-kinderen-informatie-voor-ouders\\\/geen-autisme-onderzoek-wel-hulp-beer\\\/gebruikersovereenkomsten\\\/#breadcrumb\"},\"inLanguage\":\"tr\",\"potentialAction\":[{\"@type\":\"ReadAction\",\"target\":[\"https:\\\/\\\/www.autismejongekind.nl\\\/autisme-bij-kinderen-informatie-voor-ouders\\\/geen-autisme-onderzoek-wel-hulp-beer\\\/gebruikersovereenkomsten\\\/\"]}]},{\"@type\":\"BreadcrumbList\",\"@id\":\"https:\\\/\\\/www.autismejongekind.nl\\\/autisme-bij-kinderen-informatie-voor-ouders\\\/geen-autisme-onderzoek-wel-hulp-beer\\\/gebruikersovereenkomsten\\\/#breadcrumb\",\"itemListElement\":[{\"@type\":\"ListItem\",\"position\":1,\"name\":\"Home\",\"item\":\"https:\\\/\\\/www.autismejongekind.nl\\\/\"},{\"@type\":\"ListItem\",\"position\":2,\"name\":\"Autisme bij kinderen: informatie voor ouders\",\"item\":\"https:\\\/\\\/www.autismejongekind.nl\\\/autisme-bij-kinderen-informatie-voor-ouders\\\/\"},{\"@type\":\"ListItem\",\"position\":3,\"name\":\"Geen autisme-onderzoek, wel hulp: BEER\",\"item\":\"https:\\\/\\\/www.autismejongekind.nl\\\/autisme-bij-kinderen-informatie-voor-ouders\\\/geen-autisme-onderzoek-wel-hulp-beer\\\/\"},{\"@type\":\"ListItem\",\"position\":4,\"name\":\"Gebruikersovereenkomsten en privacyverklaring\"}]},{\"@type\":\"WebSite\",\"@id\":\"https:\\\/\\\/www.autismejongekind.nl\\\/#website\",\"url\":\"https:\\\/\\\/www.autismejongekind.nl\\\/\",\"name\":\"Autisme Jonge Kind\",\"description\":\"\",\"potentialAction\":[{\"@type\":\"SearchAction\",\"target\":{\"@type\":\"EntryPoint\",\"urlTemplate\":\"https:\\\/\\\/www.autismejongekind.nl\\\/?s={search_term_string}\"},\"query-input\":{\"@type\":\"PropertyValueSpecification\",\"valueRequired\":true,\"valueName\":\"search_term_string\"}}],\"inLanguage\":\"tr\"}]}<\/script>\n<!-- \/ Yoast SEO plugin. -->","yoast_head_json":{"title":"Gebruikersovereenkomsten en privacyverklaring - Autisme Jonge Kind","robots":{"index":"index","follow":"follow","max-snippet":"max-snippet:-1","max-image-preview":"max-image-preview:large","max-video-preview":"max-video-preview:-1"},"canonical":"https:\/\/www.autismejongekind.nl\/tr\/cocuklarda-otizm-ebeveynler-icin-bilgilendirme\/otizm-degerlendirmesi-olmadanda-yardim-beer-egitimi\/gebruikersovereenkomsten\/","og_locale":"tr_TR","og_type":"article","og_title":"Gebruikersovereenkomsten en privacyverklaring - Autisme Jonge Kind","og_description":"Hieronder kun je de volgende documenten met betrekking tot de BEER-app downloaden: Gebruikersovereenkomst BEER-app voor ouder(s)\/verzorgers Privacyverklaring BEER-app voor ouder(s)\/verzorgers","og_url":"https:\/\/www.autismejongekind.nl\/tr\/cocuklarda-otizm-ebeveynler-icin-bilgilendirme\/otizm-degerlendirmesi-olmadanda-yardim-beer-egitimi\/gebruikersovereenkomsten\/","og_site_name":"Autisme Jonge Kind","article_modified_time":"2025-08-25T12:35:38+00:00","twitter_card":"summary_large_image","twitter_misc":{"Tahmini okuma s\u00fcresi":"1 dakika"},"schema":{"@context":"https:\/\/schema.org","@graph":[{"@type":"WebPage","@id":"https:\/\/www.autismejongekind.nl\/autisme-bij-kinderen-informatie-voor-ouders\/geen-autisme-onderzoek-wel-hulp-beer\/gebruikersovereenkomsten\/","url":"https:\/\/www.autismejongekind.nl\/autisme-bij-kinderen-informatie-voor-ouders\/geen-autisme-onderzoek-wel-hulp-beer\/gebruikersovereenkomsten\/","name":"Gebruikersovereenkomsten en privacyverklaring - Autisme Jonge Kind","isPartOf":{"@id":"https:\/\/www.autismejongekind.nl\/#website"},"datePublished":"2024-02-08T11:34:32+00:00","dateModified":"2025-08-25T12:35:38+00:00","breadcrumb":{"@id":"https:\/\/www.autismejongekind.nl\/autisme-bij-kinderen-informatie-voor-ouders\/geen-autisme-onderzoek-wel-hulp-beer\/gebruikersovereenkomsten\/#breadcrumb"},"inLanguage":"tr","potentialAction":[{"@type":"ReadAction","target":["https:\/\/www.autismejongekind.nl\/autisme-bij-kinderen-informatie-voor-ouders\/geen-autisme-onderzoek-wel-hulp-beer\/gebruikersovereenkomsten\/"]}]},{"@type":"BreadcrumbList","@id":"https:\/\/www.autismejongekind.nl\/autisme-bij-kinderen-informatie-voor-ouders\/geen-autisme-onderzoek-wel-hulp-beer\/gebruikersovereenkomsten\/#breadcrumb","itemListElement":[{"@type":"ListItem","position":1,"name":"Home","item":"https:\/\/www.autismejongekind.nl\/"},{"@type":"ListItem","position":2,"name":"Autisme bij kinderen: informatie voor ouders","item":"https:\/\/www.autismejongekind.nl\/autisme-bij-kinderen-informatie-voor-ouders\/"},{"@type":"ListItem","position":3,"name":"Geen autisme-onderzoek, wel hulp: BEER","item":"https:\/\/www.autismejongekind.nl\/autisme-bij-kinderen-informatie-voor-ouders\/geen-autisme-onderzoek-wel-hulp-beer\/"},{"@type":"ListItem","position":4,"name":"Gebruikersovereenkomsten en privacyverklaring"}]},{"@type":"WebSite","@id":"https:\/\/www.autismejongekind.nl\/#website","url":"https:\/\/www.autismejongekind.nl\/","name":"Autisme Jonge Kind","description":"","potentialAction":[{"@type":"SearchAction","target":{"@type":"EntryPoint","urlTemplate":"https:\/\/www.autismejongekind.nl\/?s={search_term_string}"},"query-input":{"@type":"PropertyValueSpecification","valueRequired":true,"valueName":"search_term_string"}}],"inLanguage":"tr"}]}},"_links":{"self":[{"href":"https:\/\/www.autismejongekind.nl\/tr\/wp-json\/wp\/v2\/pages\/7402","targetHints":{"allow":["GET"]}}],"collection":[{"href":"https:\/\/www.autismejongekind.nl\/tr\/wp-json\/wp\/v2\/pages"}],"about":[{"href":"https:\/\/www.autismejongekind.nl\/tr\/wp-json\/wp\/v2\/types\/page"}],"author":[{"embeddable":true,"href":"https:\/\/www.autismejongekind.nl\/tr\/wp-json\/wp\/v2\/users\/27"}],"replies":[{"embeddable":true,"href":"https:\/\/www.autismejongekind.nl\/tr\/wp-json\/wp\/v2\/comments?post=7402"}],"version-history":[{"count":5,"href":"https:\/\/www.autismejongekind.nl\/tr\/wp-json\/wp\/v2\/pages\/7402\/revisions"}],"predecessor-version":[{"id":8837,"href":"https:\/\/www.autismejongekind.nl\/tr\/wp-json\/wp\/v2\/pages\/7402\/revisions\/8837"}],"up":[{"embeddable":true,"href":"https:\/\/www.autismejongekind.nl\/tr\/wp-json\/wp\/v2\/pages\/5611"}],"wp:attachment":[{"href":"https:\/\/www.autismejongekind.nl\/tr\/wp-json\/wp\/v2\/media?parent=7402"}],"curies":[{"name":"wp","href":"https:\/\/api.w.org\/{rel}","templated":true}]}}