{"id":6881,"date":"2023-07-03T09:41:14","date_gmt":"2023-07-03T07:41:14","guid":{"rendered":"https:\/\/www.autismejongekind.nl\/?page_id=6881"},"modified":"2024-11-28T09:23:39","modified_gmt":"2024-11-28T08:23:39","slug":"beer","status":"publish","type":"page","link":"https:\/\/www.autismejongekind.nl\/tr\/beer\/","title":{"rendered":"BEER"},"content":{"rendered":"<p>BEER staat voor:\u00a0<strong>B<\/strong>lended\u00a0<strong>E<\/strong>-health for children at\u00a0<strong>E<\/strong>arly\u00a0<strong>R<\/strong>isk. Het is hulp aan ouders in de vorm van een training door een opgeleide BEER professionals. De training is bedoeld voor ouders van jonge kinderen (12 tot ongeveer 36 maanden) bij wie de ontwikkeling anders verloopt dan verwacht. Bijvoorbeeld op het gebied van:<\/p>\n<ul>\n<li aria-level=\"1\">oyun oynama<\/li>\n<li aria-level=\"1\">etkile\u015fim kurma<\/li>\n<li aria-level=\"1\">ileti\u015fim kurma<\/li>\n<li aria-level=\"1\">esnek davran\u0131\u015f g\u00f6sterme<\/li>\n<\/ul>\n<p>BEER is een manier van hulp (interventie) voor jonge kinderen, zonder dat nog precies duidelijk is wat er aan de hand is met het kind. Oftewel: zonder dat er een diagnose is gesteld.<\/p>\n<p>Lees meer over:<\/p>\n<ul>\n<li><a href=\"https:\/\/www.autismejongekind.nl\/tr\/cocuklarda-otizm-ebeveynler-icin-bilgilendirme\/otizm-degerlendirmesi-olmadanda-yardim-beer-egitimi\/\">BEER voor ouders<\/a><\/li>\n<li><a href=\"https:\/\/www.autismejongekind.nl\/tr\/professionals\/interventie-bij-een-vermoeden-van-autisme\/beer-oudertraining\/\">BEER voor professionals<\/a><\/li>\n<li><a href=\"https:\/\/www.autismejongekind.nl\/tr\/cocuklarda-otizm-ebeveynler-icin-bilgilendirme\/otizm-degerlendirmesi-olmadanda-yardim-beer-egitimi\/otizmli-kucuk-cocuklar-icin-tedavi-yontemleri\/\">Burada Hollanda'daki BEER bak\u0131m sa\u011flay\u0131c\u0131s\u0131na genel bir bak\u0131\u015f bulacaks\u0131n\u0131z.<\/a><\/li>\n<\/ul>","protected":false},"excerpt":{"rendered":"<p>BEER staat voor:\u00a0Blended\u00a0E-health for children at\u00a0Early\u00a0Risk. Het is hulp aan ouders in de vorm van een training door een opgeleide BEER professionals. De training is bedoeld voor ouders van jonge kinderen (12 tot ongeveer 36 maanden) bij wie de ontwikkeling anders verloopt dan verwacht. Bijvoorbeeld op het gebied van: spelen; contact maken; communiceren; het laten [&hellip;]<\/p>\n","protected":false},"author":27,"featured_media":5616,"parent":0,"menu_order":0,"comment_status":"closed","ping_status":"closed","template":"template-page-full-width-image.php","meta":{"_acf_changed":false,"footnotes":""},"class_list":["post-6881","page","type-page","status-publish","has-post-thumbnail","hentry"],"acf":[],"yoast_head":"<!-- This site is optimized with the Yoast SEO plugin v27.3 - https:\/\/yoast.com\/product\/yoast-seo-wordpress\/ -->\n<title>BEER - Autisme Jonge Kind<\/title>\n<meta name=\"robots\" content=\"index, follow, max-snippet:-1, max-image-preview:large, max-video-preview:-1\" \/>\n<link rel=\"canonical\" href=\"https:\/\/www.autismejongekind.nl\/tr\/beer\/\" \/>\n<meta property=\"og:locale\" content=\"tr_TR\" \/>\n<meta property=\"og:type\" content=\"article\" \/>\n<meta property=\"og:title\" content=\"BEER - Autisme Jonge Kind\" \/>\n<meta property=\"og:description\" content=\"BEER staat voor:\u00a0Blended\u00a0E-health for children at\u00a0Early\u00a0Risk. Het is hulp aan ouders in de vorm van een training door een opgeleide BEER professionals. De training is bedoeld voor ouders van jonge kinderen (12 tot ongeveer 36 maanden) bij wie de ontwikkeling anders verloopt dan verwacht. Bijvoorbeeld op het gebied van: spelen; contact maken; communiceren; het laten [&hellip;]\" \/>\n<meta property=\"og:url\" content=\"https:\/\/www.autismejongekind.nl\/tr\/beer\/\" \/>\n<meta property=\"og:site_name\" content=\"Autisme Jonge Kind\" \/>\n<meta property=\"article:modified_time\" content=\"2024-11-28T08:23:39+00:00\" \/>\n<meta property=\"og:image\" content=\"https:\/\/www.autismejongekind.nl\/wp-content\/uploads\/2023\/03\/BEER-interventie-2.jpg\" \/>\n\t<meta property=\"og:image:width\" content=\"1280\" \/>\n\t<meta property=\"og:image:height\" content=\"960\" \/>\n\t<meta property=\"og:image:type\" content=\"image\/jpeg\" \/>\n<meta name=\"twitter:card\" content=\"summary_large_image\" \/>\n<meta name=\"twitter:label1\" content=\"Tahmini okuma s\u00fcresi\" \/>\n\t<meta name=\"twitter:data1\" content=\"1 dakika\" \/>\n<script type=\"application\/ld+json\" class=\"yoast-schema-graph\">{\"@context\":\"https:\\\/\\\/schema.org\",\"@graph\":[{\"@type\":\"WebPage\",\"@id\":\"https:\\\/\\\/www.autismejongekind.nl\\\/beer\\\/\",\"url\":\"https:\\\/\\\/www.autismejongekind.nl\\\/beer\\\/\",\"name\":\"BEER - Autisme Jonge Kind\",\"isPartOf\":{\"@id\":\"https:\\\/\\\/www.autismejongekind.nl\\\/#website\"},\"primaryImageOfPage\":{\"@id\":\"https:\\\/\\\/www.autismejongekind.nl\\\/beer\\\/#primaryimage\"},\"image\":{\"@id\":\"https:\\\/\\\/www.autismejongekind.nl\\\/beer\\\/#primaryimage\"},\"thumbnailUrl\":\"https:\\\/\\\/www.autismejongekind.nl\\\/wp-content\\\/uploads\\\/2023\\\/03\\\/BEER-interventie-2.jpg\",\"datePublished\":\"2023-07-03T07:41:14+00:00\",\"dateModified\":\"2024-11-28T08:23:39+00:00\",\"breadcrumb\":{\"@id\":\"https:\\\/\\\/www.autismejongekind.nl\\\/beer\\\/#breadcrumb\"},\"inLanguage\":\"tr\",\"potentialAction\":[{\"@type\":\"ReadAction\",\"target\":[\"https:\\\/\\\/www.autismejongekind.nl\\\/beer\\\/\"]}]},{\"@type\":\"ImageObject\",\"inLanguage\":\"tr\",\"@id\":\"https:\\\/\\\/www.autismejongekind.nl\\\/beer\\\/#primaryimage\",\"url\":\"https:\\\/\\\/www.autismejongekind.nl\\\/wp-content\\\/uploads\\\/2023\\\/03\\\/BEER-interventie-2.jpg\",\"contentUrl\":\"https:\\\/\\\/www.autismejongekind.nl\\\/wp-content\\\/uploads\\\/2023\\\/03\\\/BEER-interventie-2.jpg\",\"width\":1280,\"height\":960,\"caption\":\"Geen autisme-onderzoek, wel hulp: BEER\"},{\"@type\":\"BreadcrumbList\",\"@id\":\"https:\\\/\\\/www.autismejongekind.nl\\\/beer\\\/#breadcrumb\",\"itemListElement\":[{\"@type\":\"ListItem\",\"position\":1,\"name\":\"Home\",\"item\":\"https:\\\/\\\/www.autismejongekind.nl\\\/\"},{\"@type\":\"ListItem\",\"position\":2,\"name\":\"BEER\"}]},{\"@type\":\"WebSite\",\"@id\":\"https:\\\/\\\/www.autismejongekind.nl\\\/#website\",\"url\":\"https:\\\/\\\/www.autismejongekind.nl\\\/\",\"name\":\"Autisme Jonge Kind\",\"description\":\"\",\"potentialAction\":[{\"@type\":\"SearchAction\",\"target\":{\"@type\":\"EntryPoint\",\"urlTemplate\":\"https:\\\/\\\/www.autismejongekind.nl\\\/?s={search_term_string}\"},\"query-input\":{\"@type\":\"PropertyValueSpecification\",\"valueRequired\":true,\"valueName\":\"search_term_string\"}}],\"inLanguage\":\"tr\"}]}<\/script>\n<!-- \/ Yoast SEO plugin. -->","yoast_head_json":{"title":"BEER - Autisme Jonge Kind","robots":{"index":"index","follow":"follow","max-snippet":"max-snippet:-1","max-image-preview":"max-image-preview:large","max-video-preview":"max-video-preview:-1"},"canonical":"https:\/\/www.autismejongekind.nl\/tr\/beer\/","og_locale":"tr_TR","og_type":"article","og_title":"BEER - Autisme Jonge Kind","og_description":"BEER staat voor:\u00a0Blended\u00a0E-health for children at\u00a0Early\u00a0Risk. Het is hulp aan ouders in de vorm van een training door een opgeleide BEER professionals. De training is bedoeld voor ouders van jonge kinderen (12 tot ongeveer 36 maanden) bij wie de ontwikkeling anders verloopt dan verwacht. Bijvoorbeeld op het gebied van: spelen; contact maken; communiceren; het laten [&hellip;]","og_url":"https:\/\/www.autismejongekind.nl\/tr\/beer\/","og_site_name":"Autisme Jonge Kind","article_modified_time":"2024-11-28T08:23:39+00:00","og_image":[{"width":1280,"height":960,"url":"https:\/\/www.autismejongekind.nl\/wp-content\/uploads\/2023\/03\/BEER-interventie-2.jpg","type":"image\/jpeg"}],"twitter_card":"summary_large_image","twitter_misc":{"Tahmini okuma s\u00fcresi":"1 dakika"},"schema":{"@context":"https:\/\/schema.org","@graph":[{"@type":"WebPage","@id":"https:\/\/www.autismejongekind.nl\/beer\/","url":"https:\/\/www.autismejongekind.nl\/beer\/","name":"BEER - Autisme Jonge Kind","isPartOf":{"@id":"https:\/\/www.autismejongekind.nl\/#website"},"primaryImageOfPage":{"@id":"https:\/\/www.autismejongekind.nl\/beer\/#primaryimage"},"image":{"@id":"https:\/\/www.autismejongekind.nl\/beer\/#primaryimage"},"thumbnailUrl":"https:\/\/www.autismejongekind.nl\/wp-content\/uploads\/2023\/03\/BEER-interventie-2.jpg","datePublished":"2023-07-03T07:41:14+00:00","dateModified":"2024-11-28T08:23:39+00:00","breadcrumb":{"@id":"https:\/\/www.autismejongekind.nl\/beer\/#breadcrumb"},"inLanguage":"tr","potentialAction":[{"@type":"ReadAction","target":["https:\/\/www.autismejongekind.nl\/beer\/"]}]},{"@type":"ImageObject","inLanguage":"tr","@id":"https:\/\/www.autismejongekind.nl\/beer\/#primaryimage","url":"https:\/\/www.autismejongekind.nl\/wp-content\/uploads\/2023\/03\/BEER-interventie-2.jpg","contentUrl":"https:\/\/www.autismejongekind.nl\/wp-content\/uploads\/2023\/03\/BEER-interventie-2.jpg","width":1280,"height":960,"caption":"Geen autisme-onderzoek, wel hulp: BEER"},{"@type":"BreadcrumbList","@id":"https:\/\/www.autismejongekind.nl\/beer\/#breadcrumb","itemListElement":[{"@type":"ListItem","position":1,"name":"Home","item":"https:\/\/www.autismejongekind.nl\/"},{"@type":"ListItem","position":2,"name":"BEER"}]},{"@type":"WebSite","@id":"https:\/\/www.autismejongekind.nl\/#website","url":"https:\/\/www.autismejongekind.nl\/","name":"Autisme Jonge Kind","description":"","potentialAction":[{"@type":"SearchAction","target":{"@type":"EntryPoint","urlTemplate":"https:\/\/www.autismejongekind.nl\/?s={search_term_string}"},"query-input":{"@type":"PropertyValueSpecification","valueRequired":true,"valueName":"search_term_string"}}],"inLanguage":"tr"}]}},"_links":{"self":[{"href":"https:\/\/www.autismejongekind.nl\/tr\/wp-json\/wp\/v2\/pages\/6881","targetHints":{"allow":["GET"]}}],"collection":[{"href":"https:\/\/www.autismejongekind.nl\/tr\/wp-json\/wp\/v2\/pages"}],"about":[{"href":"https:\/\/www.autismejongekind.nl\/tr\/wp-json\/wp\/v2\/types\/page"}],"author":[{"embeddable":true,"href":"https:\/\/www.autismejongekind.nl\/tr\/wp-json\/wp\/v2\/users\/27"}],"replies":[{"embeddable":true,"href":"https:\/\/www.autismejongekind.nl\/tr\/wp-json\/wp\/v2\/comments?post=6881"}],"version-history":[{"count":5,"href":"https:\/\/www.autismejongekind.nl\/tr\/wp-json\/wp\/v2\/pages\/6881\/revisions"}],"predecessor-version":[{"id":8217,"href":"https:\/\/www.autismejongekind.nl\/tr\/wp-json\/wp\/v2\/pages\/6881\/revisions\/8217"}],"wp:featuredmedia":[{"embeddable":true,"href":"https:\/\/www.autismejongekind.nl\/tr\/wp-json\/wp\/v2\/media\/5616"}],"wp:attachment":[{"href":"https:\/\/www.autismejongekind.nl\/tr\/wp-json\/wp\/v2\/media?parent=6881"}],"curies":[{"name":"wp","href":"https:\/\/api.w.org\/{rel}","templated":true}]}}