{"id":6778,"date":"2023-06-30T22:56:44","date_gmt":"2023-06-30T20:56:44","guid":{"rendered":"https:\/\/www.autismejongekind.nl\/?page_id=6778"},"modified":"2023-06-30T22:56:44","modified_gmt":"2023-06-30T20:56:44","slug":"begeleiding-voor-het-gezin","status":"publish","type":"page","link":"https:\/\/www.autismejongekind.nl\/tr\/autisme-bij-kinderen-informatie-voor-ouders\/overzicht-van-behandelvormen-voor-jonge-kinderen\/begeleiding-voor-het-gezin\/","title":{"rendered":"Aile dan\u0131\u015fmanl\u0131\u011f\u0131"},"content":{"rendered":"<p><strong>Een kind met autisme heeft vaak veel invloed op het gezin. Daarnaast zijn gezinnen met jonge kinderen sneller uit balans dan gezinnen met wat oudere kinderen. Dat komt, omdat een klein kind meer zorg en aandacht vraagt. Begeleiding voor het gezin kan dan nodig zijn.<\/strong><\/p>\n<p>Situaties waarbij extra hulp nodig is zijn bijvoorbeeld:<\/p>\n<ul>\n<li><strong>Ebeveynlerin ebeveynlikle ilgili sorular\u0131 olabilir<\/strong>. \u00d6rne\u011fin, di\u011fer \u00e7ocuklar\u0131yla i\u015fe yarayan \u015feyin, otizmli \u00e7ocuklar\u0131yla i\u015fe yaramad\u0131\u011f\u0131n\u0131 deneyimlediklerinde<\/li>\n<li><strong>Ouders raken overbelast of krijgen psychische problemen<\/strong>, omdat ze hun kind moeilijk kunnen aansturen. Soms is het dan nodig om eerst aandacht te hebben voor die overbelasting. Bijvoorbeeld door opvang te regelen in de directe omgeving of gespecialiseerde opvang voor het kind met autisme. Wat hiervoor de mogelijkheden zijn, is sterk wisselend per gemeente. Het advies is om via een buurt of sociaal team binnen je gemeente te onderzoeken wat de mogelijkheden zijn.<\/li>\n<li><strong>Broertjes en zusjes hebben last van de gedragsproblemen<\/strong> van het kind met autisme. Zij kunnen ook hulp nodig hebben.<\/li>\n<li><strong>Ebeveynler ili\u015fki sorunlar\u0131 ya\u015fam\u0131\u015flarsa,<\/strong> bu durum dikkat gerektirir.<\/li>\n<\/ul>\n<p>De volgende behandeling of begeleiding voor het gezin is mogelijk:<\/p>\n<ul>\n<li><strong>\u00c7ocuk-ebeveyn tedavisi<\/strong>. Deze behandeling is gericht op het verbeteren van het contact tussen de ouders en het kind. Zij komen soms in een negatieve spiraal terecht. Een professional kan hen helpen om een gezonde ouder-kind relatie op te bouwen. Ook kan de professional adviezen geven. Bijvoorbeeld over het structureren en begrenzen van het gedrag van het kind.<\/li>\n<li><strong>Ouderbegeleiding<\/strong>. Dit zijn gesprekken waarin de ouders samen met de hulpverlener proberen er achter te komen waar bepaald gedrag van het kind vandaan komt. Ze bespreken samen hoe het misschien beter kan gaan.<\/li>\n<li><strong>Sistemik dan\u0131\u015fmanl\u0131k.<\/strong>Bu dan\u0131\u015fmanl\u0131k, aile i\u00e7indeki ili\u015fkilerin bozuldu\u011fu durumlarda gereklidir. Bu, ebeveynler aras\u0131ndaki ili\u015fkiyi, ebeveyn ve \u00e7ocuk aras\u0131ndaki ili\u015fkiyi veya karde\u015fler aras\u0131ndaki ili\u015fkiyi ilgilendirebilir. Birka\u00e7 aile \u00fcyesi otizm (veya di\u011fer geli\u015fimsel problemler) belirtileri g\u00f6steriyorsa, bunu dikkate almak \u00f6nemlidir.<\/li>\n<li><strong>Begeleiding thuis.<\/strong> De hulpverlener komt dan thuis langs bij het gezin. Door te werken met videobeelden krijgen de ouder en de hulpverlener beter zicht op gedragspatronen en op de wisselwerking tussen de ouders en het kind.<\/li>\n<\/ul>","protected":false},"excerpt":{"rendered":"<p>Een kind met autisme heeft vaak veel invloed op het gezin. Daarnaast zijn gezinnen met jonge kinderen sneller uit balans dan gezinnen met wat oudere kinderen. Dat komt, omdat een klein kind meer zorg en aandacht vraagt. Begeleiding voor het gezin kan dan nodig zijn. Situaties waarbij extra hulp nodig is zijn bijvoorbeeld: Ouders hebben [&hellip;]<\/p>\n","protected":false},"author":27,"featured_media":6316,"parent":1917,"menu_order":0,"comment_status":"closed","ping_status":"closed","template":"template-page-full-width-image.php","meta":{"_acf_changed":false,"footnotes":""},"class_list":["post-6778","page","type-page","status-publish","has-post-thumbnail","hentry"],"acf":[],"yoast_head":"<!-- This site is optimized with the Yoast SEO plugin v27.3 - https:\/\/yoast.com\/product\/yoast-seo-wordpress\/ -->\n<title>Autisme en gezin<\/title>\n<meta name=\"description\" content=\"Een kind met autisme heeft vaak veel invloed op het gezin. Ouder-kind behandeling, ouderbegeleiding, systemische begeleiding en begeleiding thuis bieden ondersteuning en inzicht.\" \/>\n<meta name=\"robots\" content=\"index, follow, max-snippet:-1, max-image-preview:large, max-video-preview:-1\" \/>\n<link rel=\"canonical\" href=\"https:\/\/www.autismejongekind.nl\/tr\/cocuklarda-otizm-ebeveynler-icin-bilgilendirme\/otizmli-kucuk-cocuklar-icin-tedavi-yontemleri-2\/begeleiding-voor-het-gezin\/\" \/>\n<meta property=\"og:locale\" content=\"tr_TR\" \/>\n<meta property=\"og:type\" content=\"article\" \/>\n<meta property=\"og:title\" content=\"Autisme en gezin\" \/>\n<meta property=\"og:description\" content=\"Een kind met autisme heeft vaak veel invloed op het gezin. Ouder-kind behandeling, ouderbegeleiding, systemische begeleiding en begeleiding thuis bieden ondersteuning en inzicht.\" \/>\n<meta property=\"og:url\" content=\"https:\/\/www.autismejongekind.nl\/tr\/cocuklarda-otizm-ebeveynler-icin-bilgilendirme\/otizmli-kucuk-cocuklar-icin-tedavi-yontemleri-2\/begeleiding-voor-het-gezin\/\" \/>\n<meta property=\"og:site_name\" content=\"Autisme Jonge Kind\" \/>\n<meta property=\"og:image\" content=\"https:\/\/www.autismejongekind.nl\/wp-content\/uploads\/2023\/04\/kind-autisme-gezin-1-scaled.jpg\" \/>\n\t<meta property=\"og:image:width\" content=\"2560\" \/>\n\t<meta property=\"og:image:height\" content=\"1505\" \/>\n\t<meta property=\"og:image:type\" content=\"image\/jpeg\" \/>\n<meta name=\"twitter:card\" content=\"summary_large_image\" \/>\n<meta name=\"twitter:label1\" content=\"Tahmini okuma s\u00fcresi\" \/>\n\t<meta name=\"twitter:data1\" content=\"2 dakika\" \/>\n<script type=\"application\/ld+json\" class=\"yoast-schema-graph\">{\"@context\":\"https:\\\/\\\/schema.org\",\"@graph\":[{\"@type\":\"WebPage\",\"@id\":\"https:\\\/\\\/www.autismejongekind.nl\\\/autisme-bij-kinderen-informatie-voor-ouders\\\/overzicht-van-behandelvormen-voor-jonge-kinderen\\\/begeleiding-voor-het-gezin\\\/\",\"url\":\"https:\\\/\\\/www.autismejongekind.nl\\\/autisme-bij-kinderen-informatie-voor-ouders\\\/overzicht-van-behandelvormen-voor-jonge-kinderen\\\/begeleiding-voor-het-gezin\\\/\",\"name\":\"Autisme en gezin\",\"isPartOf\":{\"@id\":\"https:\\\/\\\/www.autismejongekind.nl\\\/#website\"},\"primaryImageOfPage\":{\"@id\":\"https:\\\/\\\/www.autismejongekind.nl\\\/autisme-bij-kinderen-informatie-voor-ouders\\\/overzicht-van-behandelvormen-voor-jonge-kinderen\\\/begeleiding-voor-het-gezin\\\/#primaryimage\"},\"image\":{\"@id\":\"https:\\\/\\\/www.autismejongekind.nl\\\/autisme-bij-kinderen-informatie-voor-ouders\\\/overzicht-van-behandelvormen-voor-jonge-kinderen\\\/begeleiding-voor-het-gezin\\\/#primaryimage\"},\"thumbnailUrl\":\"https:\\\/\\\/www.autismejongekind.nl\\\/wp-content\\\/uploads\\\/2023\\\/04\\\/kind-autisme-gezin-1-scaled.jpg\",\"datePublished\":\"2023-06-30T20:56:44+00:00\",\"description\":\"Een kind met autisme heeft vaak veel invloed op het gezin. Ouder-kind behandeling, ouderbegeleiding, systemische begeleiding en begeleiding thuis bieden ondersteuning en inzicht.\",\"breadcrumb\":{\"@id\":\"https:\\\/\\\/www.autismejongekind.nl\\\/autisme-bij-kinderen-informatie-voor-ouders\\\/overzicht-van-behandelvormen-voor-jonge-kinderen\\\/begeleiding-voor-het-gezin\\\/#breadcrumb\"},\"inLanguage\":\"tr\",\"potentialAction\":[{\"@type\":\"ReadAction\",\"target\":[\"https:\\\/\\\/www.autismejongekind.nl\\\/autisme-bij-kinderen-informatie-voor-ouders\\\/overzicht-van-behandelvormen-voor-jonge-kinderen\\\/begeleiding-voor-het-gezin\\\/\"]}]},{\"@type\":\"ImageObject\",\"inLanguage\":\"tr\",\"@id\":\"https:\\\/\\\/www.autismejongekind.nl\\\/autisme-bij-kinderen-informatie-voor-ouders\\\/overzicht-van-behandelvormen-voor-jonge-kinderen\\\/begeleiding-voor-het-gezin\\\/#primaryimage\",\"url\":\"https:\\\/\\\/www.autismejongekind.nl\\\/wp-content\\\/uploads\\\/2023\\\/04\\\/kind-autisme-gezin-1-scaled.jpg\",\"contentUrl\":\"https:\\\/\\\/www.autismejongekind.nl\\\/wp-content\\\/uploads\\\/2023\\\/04\\\/kind-autisme-gezin-1-scaled.jpg\",\"width\":2560,\"height\":1505,\"caption\":\"autisme begeleiding gezin\"},{\"@type\":\"BreadcrumbList\",\"@id\":\"https:\\\/\\\/www.autismejongekind.nl\\\/autisme-bij-kinderen-informatie-voor-ouders\\\/overzicht-van-behandelvormen-voor-jonge-kinderen\\\/begeleiding-voor-het-gezin\\\/#breadcrumb\",\"itemListElement\":[{\"@type\":\"ListItem\",\"position\":1,\"name\":\"Home\",\"item\":\"https:\\\/\\\/www.autismejongekind.nl\\\/\"},{\"@type\":\"ListItem\",\"position\":2,\"name\":\"Autisme bij kinderen: informatie voor ouders\",\"item\":\"https:\\\/\\\/www.autismejongekind.nl\\\/autisme-bij-kinderen-informatie-voor-ouders\\\/\"},{\"@type\":\"ListItem\",\"position\":3,\"name\":\"Behandelvormen voor jonge kinderen met autisme\",\"item\":\"https:\\\/\\\/www.autismejongekind.nl\\\/autisme-bij-kinderen-informatie-voor-ouders\\\/overzicht-van-behandelvormen-voor-jonge-kinderen\\\/\"},{\"@type\":\"ListItem\",\"position\":4,\"name\":\"Begeleiding voor het gezin\"}]},{\"@type\":\"WebSite\",\"@id\":\"https:\\\/\\\/www.autismejongekind.nl\\\/#website\",\"url\":\"https:\\\/\\\/www.autismejongekind.nl\\\/\",\"name\":\"Autisme Jonge Kind\",\"description\":\"\",\"potentialAction\":[{\"@type\":\"SearchAction\",\"target\":{\"@type\":\"EntryPoint\",\"urlTemplate\":\"https:\\\/\\\/www.autismejongekind.nl\\\/?s={search_term_string}\"},\"query-input\":{\"@type\":\"PropertyValueSpecification\",\"valueRequired\":true,\"valueName\":\"search_term_string\"}}],\"inLanguage\":\"tr\"}]}<\/script>\n<!-- \/ Yoast SEO plugin. -->","yoast_head_json":{"title":"Autisme en gezin","description":"Een kind met autisme heeft vaak veel invloed op het gezin. Ouder-kind behandeling, ouderbegeleiding, systemische begeleiding en begeleiding thuis bieden ondersteuning en inzicht.","robots":{"index":"index","follow":"follow","max-snippet":"max-snippet:-1","max-image-preview":"max-image-preview:large","max-video-preview":"max-video-preview:-1"},"canonical":"https:\/\/www.autismejongekind.nl\/tr\/cocuklarda-otizm-ebeveynler-icin-bilgilendirme\/otizmli-kucuk-cocuklar-icin-tedavi-yontemleri-2\/begeleiding-voor-het-gezin\/","og_locale":"tr_TR","og_type":"article","og_title":"Autisme en gezin","og_description":"Een kind met autisme heeft vaak veel invloed op het gezin. Ouder-kind behandeling, ouderbegeleiding, systemische begeleiding en begeleiding thuis bieden ondersteuning en inzicht.","og_url":"https:\/\/www.autismejongekind.nl\/tr\/cocuklarda-otizm-ebeveynler-icin-bilgilendirme\/otizmli-kucuk-cocuklar-icin-tedavi-yontemleri-2\/begeleiding-voor-het-gezin\/","og_site_name":"Autisme Jonge Kind","og_image":[{"width":2560,"height":1505,"url":"https:\/\/www.autismejongekind.nl\/wp-content\/uploads\/2023\/04\/kind-autisme-gezin-1-scaled.jpg","type":"image\/jpeg"}],"twitter_card":"summary_large_image","twitter_misc":{"Tahmini okuma s\u00fcresi":"2 dakika"},"schema":{"@context":"https:\/\/schema.org","@graph":[{"@type":"WebPage","@id":"https:\/\/www.autismejongekind.nl\/autisme-bij-kinderen-informatie-voor-ouders\/overzicht-van-behandelvormen-voor-jonge-kinderen\/begeleiding-voor-het-gezin\/","url":"https:\/\/www.autismejongekind.nl\/autisme-bij-kinderen-informatie-voor-ouders\/overzicht-van-behandelvormen-voor-jonge-kinderen\/begeleiding-voor-het-gezin\/","name":"Autisme en gezin","isPartOf":{"@id":"https:\/\/www.autismejongekind.nl\/#website"},"primaryImageOfPage":{"@id":"https:\/\/www.autismejongekind.nl\/autisme-bij-kinderen-informatie-voor-ouders\/overzicht-van-behandelvormen-voor-jonge-kinderen\/begeleiding-voor-het-gezin\/#primaryimage"},"image":{"@id":"https:\/\/www.autismejongekind.nl\/autisme-bij-kinderen-informatie-voor-ouders\/overzicht-van-behandelvormen-voor-jonge-kinderen\/begeleiding-voor-het-gezin\/#primaryimage"},"thumbnailUrl":"https:\/\/www.autismejongekind.nl\/wp-content\/uploads\/2023\/04\/kind-autisme-gezin-1-scaled.jpg","datePublished":"2023-06-30T20:56:44+00:00","description":"Een kind met autisme heeft vaak veel invloed op het gezin. Ouder-kind behandeling, ouderbegeleiding, systemische begeleiding en begeleiding thuis bieden ondersteuning en inzicht.","breadcrumb":{"@id":"https:\/\/www.autismejongekind.nl\/autisme-bij-kinderen-informatie-voor-ouders\/overzicht-van-behandelvormen-voor-jonge-kinderen\/begeleiding-voor-het-gezin\/#breadcrumb"},"inLanguage":"tr","potentialAction":[{"@type":"ReadAction","target":["https:\/\/www.autismejongekind.nl\/autisme-bij-kinderen-informatie-voor-ouders\/overzicht-van-behandelvormen-voor-jonge-kinderen\/begeleiding-voor-het-gezin\/"]}]},{"@type":"ImageObject","inLanguage":"tr","@id":"https:\/\/www.autismejongekind.nl\/autisme-bij-kinderen-informatie-voor-ouders\/overzicht-van-behandelvormen-voor-jonge-kinderen\/begeleiding-voor-het-gezin\/#primaryimage","url":"https:\/\/www.autismejongekind.nl\/wp-content\/uploads\/2023\/04\/kind-autisme-gezin-1-scaled.jpg","contentUrl":"https:\/\/www.autismejongekind.nl\/wp-content\/uploads\/2023\/04\/kind-autisme-gezin-1-scaled.jpg","width":2560,"height":1505,"caption":"autisme begeleiding gezin"},{"@type":"BreadcrumbList","@id":"https:\/\/www.autismejongekind.nl\/autisme-bij-kinderen-informatie-voor-ouders\/overzicht-van-behandelvormen-voor-jonge-kinderen\/begeleiding-voor-het-gezin\/#breadcrumb","itemListElement":[{"@type":"ListItem","position":1,"name":"Home","item":"https:\/\/www.autismejongekind.nl\/"},{"@type":"ListItem","position":2,"name":"Autisme bij kinderen: informatie voor ouders","item":"https:\/\/www.autismejongekind.nl\/autisme-bij-kinderen-informatie-voor-ouders\/"},{"@type":"ListItem","position":3,"name":"Behandelvormen voor jonge kinderen met autisme","item":"https:\/\/www.autismejongekind.nl\/autisme-bij-kinderen-informatie-voor-ouders\/overzicht-van-behandelvormen-voor-jonge-kinderen\/"},{"@type":"ListItem","position":4,"name":"Begeleiding voor het gezin"}]},{"@type":"WebSite","@id":"https:\/\/www.autismejongekind.nl\/#website","url":"https:\/\/www.autismejongekind.nl\/","name":"Autisme Jonge Kind","description":"","potentialAction":[{"@type":"SearchAction","target":{"@type":"EntryPoint","urlTemplate":"https:\/\/www.autismejongekind.nl\/?s={search_term_string}"},"query-input":{"@type":"PropertyValueSpecification","valueRequired":true,"valueName":"search_term_string"}}],"inLanguage":"tr"}]}},"_links":{"self":[{"href":"https:\/\/www.autismejongekind.nl\/tr\/wp-json\/wp\/v2\/pages\/6778","targetHints":{"allow":["GET"]}}],"collection":[{"href":"https:\/\/www.autismejongekind.nl\/tr\/wp-json\/wp\/v2\/pages"}],"about":[{"href":"https:\/\/www.autismejongekind.nl\/tr\/wp-json\/wp\/v2\/types\/page"}],"author":[{"embeddable":true,"href":"https:\/\/www.autismejongekind.nl\/tr\/wp-json\/wp\/v2\/users\/27"}],"replies":[{"embeddable":true,"href":"https:\/\/www.autismejongekind.nl\/tr\/wp-json\/wp\/v2\/comments?post=6778"}],"version-history":[{"count":2,"href":"https:\/\/www.autismejongekind.nl\/tr\/wp-json\/wp\/v2\/pages\/6778\/revisions"}],"predecessor-version":[{"id":6780,"href":"https:\/\/www.autismejongekind.nl\/tr\/wp-json\/wp\/v2\/pages\/6778\/revisions\/6780"}],"up":[{"embeddable":true,"href":"https:\/\/www.autismejongekind.nl\/tr\/wp-json\/wp\/v2\/pages\/1917"}],"wp:featuredmedia":[{"embeddable":true,"href":"https:\/\/www.autismejongekind.nl\/tr\/wp-json\/wp\/v2\/media\/6316"}],"wp:attachment":[{"href":"https:\/\/www.autismejongekind.nl\/tr\/wp-json\/wp\/v2\/media?parent=6778"}],"curies":[{"name":"wp","href":"https:\/\/api.w.org\/{rel}","templated":true}]}}