{"id":6771,"date":"2023-06-30T22:50:36","date_gmt":"2023-06-30T20:50:36","guid":{"rendered":"https:\/\/www.autismejongekind.nl\/?page_id=6771"},"modified":"2023-06-30T22:51:08","modified_gmt":"2023-06-30T20:51:08","slug":"behandeling-van-overige-problemen","status":"publish","type":"page","link":"https:\/\/www.autismejongekind.nl\/tr\/professionals\/interventie-bij-een-vermoeden-van-autisme\/persoonlijk-interventieplan\/behandelvormen-voor-jonge-kinderen-met-ass\/behandeling-van-overige-problemen\/","title":{"rendered":"Otizmin yan\u0131 s\u0131ra di\u011fer problemlerin tedavisi"},"content":{"rendered":"<p><strong>Veel kinderen met autisme hebben problemen op meerdere ontwikkelingsgebieden. Behandeling van die problemen wordt vaak door verschillende professionals gedaan. Het is belangrijk dat elke professional weet dat het kind (kenmerken van) autisme heeft. Dan kunnen zij daar rekening mee houden. Ook is het belangrijk dat de verschillende zorgverleners die het kind behandelen goed met elkaar overleggen.<\/strong><\/p>\n<p>Sorunlar\u0131n ve ilgili tedavilerin \u00f6rnekleri \u015funlard\u0131r:<\/p>\n<ul>\n<li><span style=\"font-size: 1rem;\"><strong>Duyusal i\u015fleme problemleri<\/strong> duyusal i\u015fleme\/entegrasyonunda uzmanla\u015fm\u0131\u015f bir i\u015f terapisti veya fizyoterapist taraf\u0131ndan tespit edilip tedavi edilebilir.<\/span><\/li>\n<li><span style=\"font-size: 1rem;\"><strong>Problemen bij beweging<\/strong>. Soms beweegt een kind zich anders dan andere kinderen. Of de bewegingen ontwikkelen zich langzamer dan normaal. Dan kan dat worden behandeld bij een fysiotherapeut.<\/span><\/li>\n<li><span style=\"font-size: 1rem;\"><strong>Voor taal- en spraakproblemen<\/strong>, maar ook voor <a href=\"https:\/\/www.autisme.nl\/over-autisme\/autisme-in-combinatie-met\/autisme-en-eetproblemen\/\" target=\"_blank\" rel=\"noopener\"><strong>eetproblemen<\/strong><\/a> kan een kind terecht bij een logopediste.<\/span><\/li>\n<li><span style=\"font-size: 1rem;\"><strong>Davran\u0131\u015f problemleri<\/strong> (\u015fiddetli \u00f6fke n\u00f6betleri, sald\u0131rganl\u0131k, sayg\u0131s\u0131zl\u0131k ve dinleme sorunlar\u0131 gibi) ebeveyn dan\u0131\u015fmanl\u0131\u011f\u0131 veya evde e\u011fitim dan\u0131\u015fmanl\u0131\u011f\u0131 yoluyla etkilenebilir (bak\u0131n\u0131z: ebeveynlik yard\u0131m\u0131). \u015eiddetli davran\u0131\u015f problemleri i\u00e7in, bir psikiyatristin g\u00f6zetiminde ila\u00e7 tedavisi de uygulanabilir.<\/span><\/li>\n<li><span style=\"font-size: 1rem;\"><strong>Ontwikkelingsachterstand<\/strong>. Kinderen die een achterstand in de ontwikkeling hebben zullen bij het leren extra begeleiding nodig hebben. Zij kunnen baat hebben bij onderwijs speciaal voor zeer moeilijk lerende kinderen. Bijvoorbeeld bij een gespecialiseerd kinderdagcentrum (KDC), een school voor zeer moeilijk lerende kinderen (ZMLK) of op een cluster 3 school.<\/span><\/li>\n<li>Als een kind <strong>bijkomende medische problemen heeft, zoals epilepsie of bepaalde syndromen<\/strong>, dan zal hij\/zij ook onder behandeling blijven van een kinderarts.<\/li>\n<\/ul>","protected":false},"excerpt":{"rendered":"<p>Veel kinderen met autisme hebben problemen op meerdere ontwikkelingsgebieden. Behandeling van die problemen wordt vaak door verschillende professionals gedaan. Het is belangrijk dat elke professional weet dat het kind (kenmerken van) autisme heeft. Dan kunnen zij daar rekening mee houden. Ook is het belangrijk dat de verschillende zorgverleners die het kind behandelen goed met elkaar [&hellip;]<\/p>\n","protected":false},"author":27,"featured_media":6293,"parent":6743,"menu_order":0,"comment_status":"closed","ping_status":"closed","template":"template-page-full-width-image.php","meta":{"_acf_changed":false,"footnotes":""},"class_list":["post-6771","page","type-page","status-publish","has-post-thumbnail","hentry"],"acf":[],"yoast_head":"<!-- This site is optimized with the Yoast SEO plugin v27.3 - https:\/\/yoast.com\/product\/yoast-seo-wordpress\/ -->\n<title>Problemen naast autisme behandelen<\/title>\n<meta name=\"description\" content=\"Veel kinderen met autisme hebben problemen op meerdere ontwikkelingsgebieden. Behandeling van die problemen wordt vaak door verschillende professionals gedaan. Het is belangrijk dat elke professional weet dat het kind (kenmerken van) autisme heeft en dat er goed overlegd wordt.\" \/>\n<meta name=\"robots\" content=\"index, follow, max-snippet:-1, max-image-preview:large, max-video-preview:-1\" \/>\n<link rel=\"canonical\" href=\"https:\/\/www.autismejongekind.nl\/tr\/professionals\/interventie-bij-een-vermoeden-van-autisme\/persoonlijk-interventieplan\/behandelvormen-voor-jonge-kinderen-met-ass\/behandeling-van-overige-problemen\/\" \/>\n<meta property=\"og:locale\" content=\"tr_TR\" \/>\n<meta property=\"og:type\" content=\"article\" \/>\n<meta property=\"og:title\" content=\"Problemen naast autisme behandelen\" \/>\n<meta property=\"og:description\" content=\"Veel kinderen met autisme hebben problemen op meerdere ontwikkelingsgebieden. Behandeling van die problemen wordt vaak door verschillende professionals gedaan. Het is belangrijk dat elke professional weet dat het kind (kenmerken van) autisme heeft en dat er goed overlegd wordt.\" \/>\n<meta property=\"og:url\" content=\"https:\/\/www.autismejongekind.nl\/tr\/professionals\/interventie-bij-een-vermoeden-van-autisme\/persoonlijk-interventieplan\/behandelvormen-voor-jonge-kinderen-met-ass\/behandeling-van-overige-problemen\/\" \/>\n<meta property=\"og:site_name\" content=\"Autisme Jonge Kind\" \/>\n<meta property=\"article:modified_time\" content=\"2023-06-30T20:51:08+00:00\" \/>\n<meta property=\"og:image\" content=\"https:\/\/www.autismejongekind.nl\/wp-content\/uploads\/2023\/04\/andere-problemen-naast-autisme.jpg\" \/>\n\t<meta property=\"og:image:width\" content=\"1920\" \/>\n\t<meta property=\"og:image:height\" content=\"1272\" \/>\n\t<meta property=\"og:image:type\" content=\"image\/jpeg\" \/>\n<meta name=\"twitter:card\" content=\"summary_large_image\" \/>\n<meta name=\"twitter:label1\" content=\"Tahmini okuma s\u00fcresi\" \/>\n\t<meta name=\"twitter:data1\" content=\"2 dakika\" \/>\n<script type=\"application\/ld+json\" class=\"yoast-schema-graph\">{\"@context\":\"https:\\\/\\\/schema.org\",\"@graph\":[{\"@type\":\"WebPage\",\"@id\":\"https:\\\/\\\/www.autismejongekind.nl\\\/professionals\\\/interventie-bij-een-vermoeden-van-autisme\\\/persoonlijk-interventieplan\\\/behandelvormen-voor-jonge-kinderen-met-ass\\\/behandeling-van-overige-problemen\\\/\",\"url\":\"https:\\\/\\\/www.autismejongekind.nl\\\/professionals\\\/interventie-bij-een-vermoeden-van-autisme\\\/persoonlijk-interventieplan\\\/behandelvormen-voor-jonge-kinderen-met-ass\\\/behandeling-van-overige-problemen\\\/\",\"name\":\"Problemen naast autisme behandelen\",\"isPartOf\":{\"@id\":\"https:\\\/\\\/www.autismejongekind.nl\\\/#website\"},\"primaryImageOfPage\":{\"@id\":\"https:\\\/\\\/www.autismejongekind.nl\\\/professionals\\\/interventie-bij-een-vermoeden-van-autisme\\\/persoonlijk-interventieplan\\\/behandelvormen-voor-jonge-kinderen-met-ass\\\/behandeling-van-overige-problemen\\\/#primaryimage\"},\"image\":{\"@id\":\"https:\\\/\\\/www.autismejongekind.nl\\\/professionals\\\/interventie-bij-een-vermoeden-van-autisme\\\/persoonlijk-interventieplan\\\/behandelvormen-voor-jonge-kinderen-met-ass\\\/behandeling-van-overige-problemen\\\/#primaryimage\"},\"thumbnailUrl\":\"https:\\\/\\\/www.autismejongekind.nl\\\/wp-content\\\/uploads\\\/2023\\\/04\\\/andere-problemen-naast-autisme.jpg\",\"datePublished\":\"2023-06-30T20:50:36+00:00\",\"dateModified\":\"2023-06-30T20:51:08+00:00\",\"description\":\"Veel kinderen met autisme hebben problemen op meerdere ontwikkelingsgebieden. Behandeling van die problemen wordt vaak door verschillende professionals gedaan. Het is belangrijk dat elke professional weet dat het kind (kenmerken van) autisme heeft en dat er goed overlegd wordt.\",\"breadcrumb\":{\"@id\":\"https:\\\/\\\/www.autismejongekind.nl\\\/professionals\\\/interventie-bij-een-vermoeden-van-autisme\\\/persoonlijk-interventieplan\\\/behandelvormen-voor-jonge-kinderen-met-ass\\\/behandeling-van-overige-problemen\\\/#breadcrumb\"},\"inLanguage\":\"tr\",\"potentialAction\":[{\"@type\":\"ReadAction\",\"target\":[\"https:\\\/\\\/www.autismejongekind.nl\\\/professionals\\\/interventie-bij-een-vermoeden-van-autisme\\\/persoonlijk-interventieplan\\\/behandelvormen-voor-jonge-kinderen-met-ass\\\/behandeling-van-overige-problemen\\\/\"]}]},{\"@type\":\"ImageObject\",\"inLanguage\":\"tr\",\"@id\":\"https:\\\/\\\/www.autismejongekind.nl\\\/professionals\\\/interventie-bij-een-vermoeden-van-autisme\\\/persoonlijk-interventieplan\\\/behandelvormen-voor-jonge-kinderen-met-ass\\\/behandeling-van-overige-problemen\\\/#primaryimage\",\"url\":\"https:\\\/\\\/www.autismejongekind.nl\\\/wp-content\\\/uploads\\\/2023\\\/04\\\/andere-problemen-naast-autisme.jpg\",\"contentUrl\":\"https:\\\/\\\/www.autismejongekind.nl\\\/wp-content\\\/uploads\\\/2023\\\/04\\\/andere-problemen-naast-autisme.jpg\",\"width\":1920,\"height\":1272,\"caption\":\"andere problemen autisme\"},{\"@type\":\"BreadcrumbList\",\"@id\":\"https:\\\/\\\/www.autismejongekind.nl\\\/professionals\\\/interventie-bij-een-vermoeden-van-autisme\\\/persoonlijk-interventieplan\\\/behandelvormen-voor-jonge-kinderen-met-ass\\\/behandeling-van-overige-problemen\\\/#breadcrumb\",\"itemListElement\":[{\"@type\":\"ListItem\",\"position\":1,\"name\":\"Home\",\"item\":\"https:\\\/\\\/www.autismejongekind.nl\\\/\"},{\"@type\":\"ListItem\",\"position\":2,\"name\":\"Professionals\",\"item\":\"https:\\\/\\\/www.autismejongekind.nl\\\/professionals\\\/\"},{\"@type\":\"ListItem\",\"position\":3,\"name\":\"Interventie bij (een vermoeden van) autisme\",\"item\":\"https:\\\/\\\/www.autismejongekind.nl\\\/professionals\\\/interventie-bij-een-vermoeden-van-autisme\\\/\"},{\"@type\":\"ListItem\",\"position\":4,\"name\":\"Een persoonlijk interventieplan maken\",\"item\":\"https:\\\/\\\/www.autismejongekind.nl\\\/professionals\\\/interventie-bij-een-vermoeden-van-autisme\\\/persoonlijk-interventieplan\\\/\"},{\"@type\":\"ListItem\",\"position\":5,\"name\":\"Behandelvormen voor jonge kinderen met ASS\",\"item\":\"https:\\\/\\\/www.autismejongekind.nl\\\/professionals\\\/interventie-bij-een-vermoeden-van-autisme\\\/persoonlijk-interventieplan\\\/behandelvormen-voor-jonge-kinderen-met-ass\\\/\"},{\"@type\":\"ListItem\",\"position\":6,\"name\":\"Behandeling van overige problemen\"}]},{\"@type\":\"WebSite\",\"@id\":\"https:\\\/\\\/www.autismejongekind.nl\\\/#website\",\"url\":\"https:\\\/\\\/www.autismejongekind.nl\\\/\",\"name\":\"Autisme Jonge Kind\",\"description\":\"\",\"potentialAction\":[{\"@type\":\"SearchAction\",\"target\":{\"@type\":\"EntryPoint\",\"urlTemplate\":\"https:\\\/\\\/www.autismejongekind.nl\\\/?s={search_term_string}\"},\"query-input\":{\"@type\":\"PropertyValueSpecification\",\"valueRequired\":true,\"valueName\":\"search_term_string\"}}],\"inLanguage\":\"tr\"}]}<\/script>\n<!-- \/ Yoast SEO plugin. -->","yoast_head_json":{"title":"Problemen naast autisme behandelen","description":"Veel kinderen met autisme hebben problemen op meerdere ontwikkelingsgebieden. Behandeling van die problemen wordt vaak door verschillende professionals gedaan. Het is belangrijk dat elke professional weet dat het kind (kenmerken van) autisme heeft en dat er goed overlegd wordt.","robots":{"index":"index","follow":"follow","max-snippet":"max-snippet:-1","max-image-preview":"max-image-preview:large","max-video-preview":"max-video-preview:-1"},"canonical":"https:\/\/www.autismejongekind.nl\/tr\/professionals\/interventie-bij-een-vermoeden-van-autisme\/persoonlijk-interventieplan\/behandelvormen-voor-jonge-kinderen-met-ass\/behandeling-van-overige-problemen\/","og_locale":"tr_TR","og_type":"article","og_title":"Problemen naast autisme behandelen","og_description":"Veel kinderen met autisme hebben problemen op meerdere ontwikkelingsgebieden. Behandeling van die problemen wordt vaak door verschillende professionals gedaan. Het is belangrijk dat elke professional weet dat het kind (kenmerken van) autisme heeft en dat er goed overlegd wordt.","og_url":"https:\/\/www.autismejongekind.nl\/tr\/professionals\/interventie-bij-een-vermoeden-van-autisme\/persoonlijk-interventieplan\/behandelvormen-voor-jonge-kinderen-met-ass\/behandeling-van-overige-problemen\/","og_site_name":"Autisme Jonge Kind","article_modified_time":"2023-06-30T20:51:08+00:00","og_image":[{"width":1920,"height":1272,"url":"https:\/\/www.autismejongekind.nl\/wp-content\/uploads\/2023\/04\/andere-problemen-naast-autisme.jpg","type":"image\/jpeg"}],"twitter_card":"summary_large_image","twitter_misc":{"Tahmini okuma s\u00fcresi":"2 dakika"},"schema":{"@context":"https:\/\/schema.org","@graph":[{"@type":"WebPage","@id":"https:\/\/www.autismejongekind.nl\/professionals\/interventie-bij-een-vermoeden-van-autisme\/persoonlijk-interventieplan\/behandelvormen-voor-jonge-kinderen-met-ass\/behandeling-van-overige-problemen\/","url":"https:\/\/www.autismejongekind.nl\/professionals\/interventie-bij-een-vermoeden-van-autisme\/persoonlijk-interventieplan\/behandelvormen-voor-jonge-kinderen-met-ass\/behandeling-van-overige-problemen\/","name":"Problemen naast autisme behandelen","isPartOf":{"@id":"https:\/\/www.autismejongekind.nl\/#website"},"primaryImageOfPage":{"@id":"https:\/\/www.autismejongekind.nl\/professionals\/interventie-bij-een-vermoeden-van-autisme\/persoonlijk-interventieplan\/behandelvormen-voor-jonge-kinderen-met-ass\/behandeling-van-overige-problemen\/#primaryimage"},"image":{"@id":"https:\/\/www.autismejongekind.nl\/professionals\/interventie-bij-een-vermoeden-van-autisme\/persoonlijk-interventieplan\/behandelvormen-voor-jonge-kinderen-met-ass\/behandeling-van-overige-problemen\/#primaryimage"},"thumbnailUrl":"https:\/\/www.autismejongekind.nl\/wp-content\/uploads\/2023\/04\/andere-problemen-naast-autisme.jpg","datePublished":"2023-06-30T20:50:36+00:00","dateModified":"2023-06-30T20:51:08+00:00","description":"Veel kinderen met autisme hebben problemen op meerdere ontwikkelingsgebieden. Behandeling van die problemen wordt vaak door verschillende professionals gedaan. Het is belangrijk dat elke professional weet dat het kind (kenmerken van) autisme heeft en dat er goed overlegd wordt.","breadcrumb":{"@id":"https:\/\/www.autismejongekind.nl\/professionals\/interventie-bij-een-vermoeden-van-autisme\/persoonlijk-interventieplan\/behandelvormen-voor-jonge-kinderen-met-ass\/behandeling-van-overige-problemen\/#breadcrumb"},"inLanguage":"tr","potentialAction":[{"@type":"ReadAction","target":["https:\/\/www.autismejongekind.nl\/professionals\/interventie-bij-een-vermoeden-van-autisme\/persoonlijk-interventieplan\/behandelvormen-voor-jonge-kinderen-met-ass\/behandeling-van-overige-problemen\/"]}]},{"@type":"ImageObject","inLanguage":"tr","@id":"https:\/\/www.autismejongekind.nl\/professionals\/interventie-bij-een-vermoeden-van-autisme\/persoonlijk-interventieplan\/behandelvormen-voor-jonge-kinderen-met-ass\/behandeling-van-overige-problemen\/#primaryimage","url":"https:\/\/www.autismejongekind.nl\/wp-content\/uploads\/2023\/04\/andere-problemen-naast-autisme.jpg","contentUrl":"https:\/\/www.autismejongekind.nl\/wp-content\/uploads\/2023\/04\/andere-problemen-naast-autisme.jpg","width":1920,"height":1272,"caption":"andere problemen autisme"},{"@type":"BreadcrumbList","@id":"https:\/\/www.autismejongekind.nl\/professionals\/interventie-bij-een-vermoeden-van-autisme\/persoonlijk-interventieplan\/behandelvormen-voor-jonge-kinderen-met-ass\/behandeling-van-overige-problemen\/#breadcrumb","itemListElement":[{"@type":"ListItem","position":1,"name":"Home","item":"https:\/\/www.autismejongekind.nl\/"},{"@type":"ListItem","position":2,"name":"Professionals","item":"https:\/\/www.autismejongekind.nl\/professionals\/"},{"@type":"ListItem","position":3,"name":"Interventie bij (een vermoeden van) autisme","item":"https:\/\/www.autismejongekind.nl\/professionals\/interventie-bij-een-vermoeden-van-autisme\/"},{"@type":"ListItem","position":4,"name":"Een persoonlijk interventieplan maken","item":"https:\/\/www.autismejongekind.nl\/professionals\/interventie-bij-een-vermoeden-van-autisme\/persoonlijk-interventieplan\/"},{"@type":"ListItem","position":5,"name":"Behandelvormen voor jonge kinderen met ASS","item":"https:\/\/www.autismejongekind.nl\/professionals\/interventie-bij-een-vermoeden-van-autisme\/persoonlijk-interventieplan\/behandelvormen-voor-jonge-kinderen-met-ass\/"},{"@type":"ListItem","position":6,"name":"Behandeling van overige problemen"}]},{"@type":"WebSite","@id":"https:\/\/www.autismejongekind.nl\/#website","url":"https:\/\/www.autismejongekind.nl\/","name":"Autisme Jonge Kind","description":"","potentialAction":[{"@type":"SearchAction","target":{"@type":"EntryPoint","urlTemplate":"https:\/\/www.autismejongekind.nl\/?s={search_term_string}"},"query-input":{"@type":"PropertyValueSpecification","valueRequired":true,"valueName":"search_term_string"}}],"inLanguage":"tr"}]}},"_links":{"self":[{"href":"https:\/\/www.autismejongekind.nl\/tr\/wp-json\/wp\/v2\/pages\/6771","targetHints":{"allow":["GET"]}}],"collection":[{"href":"https:\/\/www.autismejongekind.nl\/tr\/wp-json\/wp\/v2\/pages"}],"about":[{"href":"https:\/\/www.autismejongekind.nl\/tr\/wp-json\/wp\/v2\/types\/page"}],"author":[{"embeddable":true,"href":"https:\/\/www.autismejongekind.nl\/tr\/wp-json\/wp\/v2\/users\/27"}],"replies":[{"embeddable":true,"href":"https:\/\/www.autismejongekind.nl\/tr\/wp-json\/wp\/v2\/comments?post=6771"}],"version-history":[{"count":3,"href":"https:\/\/www.autismejongekind.nl\/tr\/wp-json\/wp\/v2\/pages\/6771\/revisions"}],"predecessor-version":[{"id":6774,"href":"https:\/\/www.autismejongekind.nl\/tr\/wp-json\/wp\/v2\/pages\/6771\/revisions\/6774"}],"up":[{"embeddable":true,"href":"https:\/\/www.autismejongekind.nl\/tr\/wp-json\/wp\/v2\/pages\/6743"}],"wp:featuredmedia":[{"embeddable":true,"href":"https:\/\/www.autismejongekind.nl\/tr\/wp-json\/wp\/v2\/media\/6293"}],"wp:attachment":[{"href":"https:\/\/www.autismejongekind.nl\/tr\/wp-json\/wp\/v2\/media?parent=6771"}],"curies":[{"name":"wp","href":"https:\/\/api.w.org\/{rel}","templated":true}]}}