{"id":6761,"date":"2023-06-30T22:36:44","date_gmt":"2023-06-30T20:36:44","guid":{"rendered":"https:\/\/www.autismejongekind.nl\/?page_id=6761"},"modified":"2024-06-17T12:40:22","modified_gmt":"2024-06-17T10:40:22","slug":"behandelingen-gericht-op-de-ontwikkeling-van-het-kind","status":"publish","type":"page","link":"https:\/\/www.autismejongekind.nl\/tr\/professionals\/interventie-bij-een-vermoeden-van-autisme\/persoonlijk-interventieplan\/behandelvormen-voor-jonge-kinderen-met-ass\/behandelingen-gericht-op-de-ontwikkeling-van-het-kind\/","title":{"rendered":"Behandelingen gericht op de ontwikkeling van het kind"},"content":{"rendered":"<p><strong>Een belangrijk onderdeel van de behandeling van autisme gericht op de ontwikkeling van het kind. Hiervoor zijn verschillende vormen van behandeling beschikbaar in Nederland<\/strong>.<\/p>\n<p>De meeste behandelingen zijn gericht op het stimuleren van de normale ontwikkeling. Deze vormen van behandeling zijn speciaal gericht op gebieden die kwetsbaar zijn bij kinderen met autisme: contact, communicatie, spel en flexibiliteit.<\/p>\n<p>Vaak worden deze behandelvormen gebruikt binnen ouder-kind behandelingen. Een voorbeeld hiervan is het <a href=\"https:\/\/www.autismejongekind.nl\/tr\/professionals\/casus-sam\/\">verhaal van Sam<\/a>. Soms wordt een bepaalde behandeling ook gebruikt binnen een school of dagbehandelingsvoorziening.<\/p>\n<p>Voorbeelden van behandelingen die gericht zijn op de ontwikkeling van het kind zijn:<\/p>\n<ul>\n<li><a href=\"https:\/\/www.autismejongekind.nl\/tr\/cocuklarda-otizm-ebeveynler-icin-bilgilendirme\/otizmli-kucuk-cocuklar-icin-tedavi-yontemleri-2\/cocugunuzun-gelisimine-odaklanan-tedaviler\/otizm-tedavisinde-floorplay\/\">Floorplay<\/a> richt zich vooral op het versterken van de betrokkenheid en gerichtheid van het kind op zijn\/haar omgeving.<\/li>\n<li><a href=\"https:\/\/www.autismejongekind.nl\/tr\/cocuklarda-otizm-ebeveynler-icin-bilgilendirme\/otizmli-kucuk-cocuklar-icin-tedavi-yontemleri-2\/cocugunuzun-gelisimine-odaklanan-tedaviler\/prt-privotal-response-tedavisi\/\">Door PRT (Pivotal Response Treatment)<\/a> leert het kind initiatief te nemen in het contact met een ander (zie ook de lijst met gecertificeerde PRT-Trainers).<\/li>\n<li><a href=\"https:\/\/www.autismejongekind.nl\/tr\/cocuklarda-otizm-ebeveynler-icin-bilgilendirme\/otizmli-kucuk-cocuklar-icin-tedavi-yontemleri-2\/cocugunuzun-gelisimine-odaklanan-tedaviler\/vipp-auti\/\">VIPP-AUTI<\/a> richt zich op de ouders. Zij leren hier meer over autisme, maar ook over het herkennen van autismekenmerken bij hun eigen kind. Via huisbezoeken worden filmfragmenten van interacties tussen de ouder(s) en het kind gemaakt en besproken.<\/li>\n<li>ABA (Applied Behavior Analysis) richt zich op het aanleren van functionele vaardigheden, met als doel het stimuleren van de algehele ontwikkeling<\/li>\n<li><a href=\"https:\/\/www.horison.nl\/csl\/\" target=\"_blank\" rel=\"noopener\">Bij Contactgericht spelen en leren<\/a> krijgen de ouders handvatten om hun kind te stimuleren op verschillende ontwikkelingsgebieden. Contact vormt hierbij de basis.<\/li>\n<li><a href=\"https:\/\/www.eenstapvooruitmetdtt.nl\/\" target=\"_blank\" rel=\"noopener\">Discrete Trial Teaching (DTT)<\/a> is een methode om kinderen met een autismespectrumstoornis en een verstandelijke beperking in een gestructureerde en \u00e9\u00e9n-op-\u00e9\u00e9n situatie vaardigheden op verschillende gebieden aan te leren.<\/li>\n<li><a href=\"https:\/\/kenniscentrum-kjp.nl\/professionals\/behandelmethoden\/jasper-training\/\" target=\"_blank\" rel=\"noopener\">Jasper-training<\/a> richt zich op het bevorderen van gedeelde aandacht (joint attention), spel en emotieregulatie bij jonge kinderen. Dit stimuleert de taal-, communicatie- en sociale ontwikkeling van het kind.<\/li>\n<li><a href=\"https:\/\/theraplay.nl\/\" target=\"_blank\" rel=\"noopener\">Theraplay<\/a> is een speelse behandelvorm om de band tussen ouder en kind te verstevigen;<\/li>\n<li>. <a href=\"https:\/\/www.vaktherapie.nl\/psychomotorische-therapie\" target=\"_blank\" rel=\"noopener\">Hareket terapisi, PMT gibi (psikomotor terapi)<\/a> ve <a href=\"https:\/\/www.papageno.nl\/muziektherapie\" target=\"_blank\" rel=\"noopener\">muzik terapisi<\/a>, kunnen helpen de ontwikkeling van het kind met autisme te stimuleren.<\/li>\n<\/ul>\n<p>De behandelaar overlegt met de ouders welke behandeling het beste aansluit bij het kind. De keuze voor een behandeling is uiteraard ook afhankelijk van de beschikbaarheid in de regio waar het kind woont.<\/p>","protected":false},"excerpt":{"rendered":"<p>Een belangrijk onderdeel van de behandeling van autisme gericht op de ontwikkeling van het kind. Hiervoor zijn verschillende vormen van behandeling beschikbaar in Nederland. De meeste behandelingen zijn gericht op het stimuleren van de normale ontwikkeling. Deze vormen van behandeling zijn speciaal gericht op gebieden die kwetsbaar zijn bij kinderen met autisme: contact, communicatie, spel [&hellip;]<\/p>\n","protected":false},"author":27,"featured_media":6286,"parent":6743,"menu_order":0,"comment_status":"closed","ping_status":"closed","template":"template-page-full-width-image.php","meta":{"_acf_changed":false,"footnotes":""},"class_list":["post-6761","page","type-page","status-publish","has-post-thumbnail","hentry"],"acf":[],"yoast_head":"<!-- This site is optimized with the Yoast SEO plugin v27.3 - https:\/\/yoast.com\/product\/yoast-seo-wordpress\/ -->\n<title>De ontwikkeling van een kind met autisme stimuleren<\/title>\n<meta name=\"description\" content=\"Bij jonge kinderen met autisme is het vaak nodig om contact, communicatie en het kunnen aanpassen van gedrag te stimuleren. Er zijn verschillende behandelingen mogelijk.\" \/>\n<meta name=\"robots\" content=\"index, follow, max-snippet:-1, max-image-preview:large, max-video-preview:-1\" \/>\n<link rel=\"canonical\" href=\"https:\/\/www.autismejongekind.nl\/tr\/professionals\/interventie-bij-een-vermoeden-van-autisme\/persoonlijk-interventieplan\/behandelvormen-voor-jonge-kinderen-met-ass\/behandelingen-gericht-op-de-ontwikkeling-van-het-kind\/\" \/>\n<meta property=\"og:locale\" content=\"tr_TR\" \/>\n<meta property=\"og:type\" content=\"article\" \/>\n<meta property=\"og:title\" content=\"De ontwikkeling van een kind met autisme stimuleren\" \/>\n<meta property=\"og:description\" content=\"Bij jonge kinderen met autisme is het vaak nodig om contact, communicatie en het kunnen aanpassen van gedrag te stimuleren. Er zijn verschillende behandelingen mogelijk.\" \/>\n<meta property=\"og:url\" content=\"https:\/\/www.autismejongekind.nl\/tr\/professionals\/interventie-bij-een-vermoeden-van-autisme\/persoonlijk-interventieplan\/behandelvormen-voor-jonge-kinderen-met-ass\/behandelingen-gericht-op-de-ontwikkeling-van-het-kind\/\" \/>\n<meta property=\"og:site_name\" content=\"Autisme Jonge Kind\" \/>\n<meta property=\"article:modified_time\" content=\"2024-06-17T10:40:22+00:00\" \/>\n<meta property=\"og:image\" content=\"https:\/\/www.autismejongekind.nl\/wp-content\/uploads\/2023\/04\/behandelvormen-autisme-kind-scaled.jpg\" \/>\n\t<meta property=\"og:image:width\" content=\"2560\" \/>\n\t<meta property=\"og:image:height\" content=\"1709\" \/>\n\t<meta property=\"og:image:type\" content=\"image\/jpeg\" \/>\n<meta name=\"twitter:card\" content=\"summary_large_image\" \/>\n<meta name=\"twitter:label1\" content=\"Tahmini okuma s\u00fcresi\" \/>\n\t<meta name=\"twitter:data1\" content=\"2 dakika\" \/>\n<script type=\"application\/ld+json\" class=\"yoast-schema-graph\">{\"@context\":\"https:\\\/\\\/schema.org\",\"@graph\":[{\"@type\":\"WebPage\",\"@id\":\"https:\\\/\\\/www.autismejongekind.nl\\\/professionals\\\/interventie-bij-een-vermoeden-van-autisme\\\/persoonlijk-interventieplan\\\/behandelvormen-voor-jonge-kinderen-met-ass\\\/behandelingen-gericht-op-de-ontwikkeling-van-het-kind\\\/\",\"url\":\"https:\\\/\\\/www.autismejongekind.nl\\\/professionals\\\/interventie-bij-een-vermoeden-van-autisme\\\/persoonlijk-interventieplan\\\/behandelvormen-voor-jonge-kinderen-met-ass\\\/behandelingen-gericht-op-de-ontwikkeling-van-het-kind\\\/\",\"name\":\"De ontwikkeling van een kind met autisme stimuleren\",\"isPartOf\":{\"@id\":\"https:\\\/\\\/www.autismejongekind.nl\\\/#website\"},\"primaryImageOfPage\":{\"@id\":\"https:\\\/\\\/www.autismejongekind.nl\\\/professionals\\\/interventie-bij-een-vermoeden-van-autisme\\\/persoonlijk-interventieplan\\\/behandelvormen-voor-jonge-kinderen-met-ass\\\/behandelingen-gericht-op-de-ontwikkeling-van-het-kind\\\/#primaryimage\"},\"image\":{\"@id\":\"https:\\\/\\\/www.autismejongekind.nl\\\/professionals\\\/interventie-bij-een-vermoeden-van-autisme\\\/persoonlijk-interventieplan\\\/behandelvormen-voor-jonge-kinderen-met-ass\\\/behandelingen-gericht-op-de-ontwikkeling-van-het-kind\\\/#primaryimage\"},\"thumbnailUrl\":\"https:\\\/\\\/www.autismejongekind.nl\\\/wp-content\\\/uploads\\\/2023\\\/04\\\/behandelvormen-autisme-kind-scaled.jpg\",\"datePublished\":\"2023-06-30T20:36:44+00:00\",\"dateModified\":\"2024-06-17T10:40:22+00:00\",\"description\":\"Bij jonge kinderen met autisme is het vaak nodig om contact, communicatie en het kunnen aanpassen van gedrag te stimuleren. Er zijn verschillende behandelingen mogelijk.\",\"breadcrumb\":{\"@id\":\"https:\\\/\\\/www.autismejongekind.nl\\\/professionals\\\/interventie-bij-een-vermoeden-van-autisme\\\/persoonlijk-interventieplan\\\/behandelvormen-voor-jonge-kinderen-met-ass\\\/behandelingen-gericht-op-de-ontwikkeling-van-het-kind\\\/#breadcrumb\"},\"inLanguage\":\"tr\",\"potentialAction\":[{\"@type\":\"ReadAction\",\"target\":[\"https:\\\/\\\/www.autismejongekind.nl\\\/professionals\\\/interventie-bij-een-vermoeden-van-autisme\\\/persoonlijk-interventieplan\\\/behandelvormen-voor-jonge-kinderen-met-ass\\\/behandelingen-gericht-op-de-ontwikkeling-van-het-kind\\\/\"]}]},{\"@type\":\"ImageObject\",\"inLanguage\":\"tr\",\"@id\":\"https:\\\/\\\/www.autismejongekind.nl\\\/professionals\\\/interventie-bij-een-vermoeden-van-autisme\\\/persoonlijk-interventieplan\\\/behandelvormen-voor-jonge-kinderen-met-ass\\\/behandelingen-gericht-op-de-ontwikkeling-van-het-kind\\\/#primaryimage\",\"url\":\"https:\\\/\\\/www.autismejongekind.nl\\\/wp-content\\\/uploads\\\/2023\\\/04\\\/behandelvormen-autisme-kind-scaled.jpg\",\"contentUrl\":\"https:\\\/\\\/www.autismejongekind.nl\\\/wp-content\\\/uploads\\\/2023\\\/04\\\/behandelvormen-autisme-kind-scaled.jpg\",\"width\":2560,\"height\":1709,\"caption\":\"behandelvormen autisme kind\"},{\"@type\":\"BreadcrumbList\",\"@id\":\"https:\\\/\\\/www.autismejongekind.nl\\\/professionals\\\/interventie-bij-een-vermoeden-van-autisme\\\/persoonlijk-interventieplan\\\/behandelvormen-voor-jonge-kinderen-met-ass\\\/behandelingen-gericht-op-de-ontwikkeling-van-het-kind\\\/#breadcrumb\",\"itemListElement\":[{\"@type\":\"ListItem\",\"position\":1,\"name\":\"Home\",\"item\":\"https:\\\/\\\/www.autismejongekind.nl\\\/\"},{\"@type\":\"ListItem\",\"position\":2,\"name\":\"Professionals\",\"item\":\"https:\\\/\\\/www.autismejongekind.nl\\\/professionals\\\/\"},{\"@type\":\"ListItem\",\"position\":3,\"name\":\"Interventie bij (een vermoeden van) autisme\",\"item\":\"https:\\\/\\\/www.autismejongekind.nl\\\/professionals\\\/interventie-bij-een-vermoeden-van-autisme\\\/\"},{\"@type\":\"ListItem\",\"position\":4,\"name\":\"Een persoonlijk interventieplan maken\",\"item\":\"https:\\\/\\\/www.autismejongekind.nl\\\/professionals\\\/interventie-bij-een-vermoeden-van-autisme\\\/persoonlijk-interventieplan\\\/\"},{\"@type\":\"ListItem\",\"position\":5,\"name\":\"Behandelvormen voor jonge kinderen met ASS\",\"item\":\"https:\\\/\\\/www.autismejongekind.nl\\\/professionals\\\/interventie-bij-een-vermoeden-van-autisme\\\/persoonlijk-interventieplan\\\/behandelvormen-voor-jonge-kinderen-met-ass\\\/\"},{\"@type\":\"ListItem\",\"position\":6,\"name\":\"Behandelingen gericht op de ontwikkeling van het kind\"}]},{\"@type\":\"WebSite\",\"@id\":\"https:\\\/\\\/www.autismejongekind.nl\\\/#website\",\"url\":\"https:\\\/\\\/www.autismejongekind.nl\\\/\",\"name\":\"Autisme Jonge Kind\",\"description\":\"\",\"potentialAction\":[{\"@type\":\"SearchAction\",\"target\":{\"@type\":\"EntryPoint\",\"urlTemplate\":\"https:\\\/\\\/www.autismejongekind.nl\\\/?s={search_term_string}\"},\"query-input\":{\"@type\":\"PropertyValueSpecification\",\"valueRequired\":true,\"valueName\":\"search_term_string\"}}],\"inLanguage\":\"tr\"}]}<\/script>\n<!-- \/ Yoast SEO plugin. -->","yoast_head_json":{"title":"De ontwikkeling van een kind met autisme stimuleren","description":"Bij jonge kinderen met autisme is het vaak nodig om contact, communicatie en het kunnen aanpassen van gedrag te stimuleren. Er zijn verschillende behandelingen mogelijk.","robots":{"index":"index","follow":"follow","max-snippet":"max-snippet:-1","max-image-preview":"max-image-preview:large","max-video-preview":"max-video-preview:-1"},"canonical":"https:\/\/www.autismejongekind.nl\/tr\/professionals\/interventie-bij-een-vermoeden-van-autisme\/persoonlijk-interventieplan\/behandelvormen-voor-jonge-kinderen-met-ass\/behandelingen-gericht-op-de-ontwikkeling-van-het-kind\/","og_locale":"tr_TR","og_type":"article","og_title":"De ontwikkeling van een kind met autisme stimuleren","og_description":"Bij jonge kinderen met autisme is het vaak nodig om contact, communicatie en het kunnen aanpassen van gedrag te stimuleren. Er zijn verschillende behandelingen mogelijk.","og_url":"https:\/\/www.autismejongekind.nl\/tr\/professionals\/interventie-bij-een-vermoeden-van-autisme\/persoonlijk-interventieplan\/behandelvormen-voor-jonge-kinderen-met-ass\/behandelingen-gericht-op-de-ontwikkeling-van-het-kind\/","og_site_name":"Autisme Jonge Kind","article_modified_time":"2024-06-17T10:40:22+00:00","og_image":[{"width":2560,"height":1709,"url":"https:\/\/www.autismejongekind.nl\/wp-content\/uploads\/2023\/04\/behandelvormen-autisme-kind-scaled.jpg","type":"image\/jpeg"}],"twitter_card":"summary_large_image","twitter_misc":{"Tahmini okuma s\u00fcresi":"2 dakika"},"schema":{"@context":"https:\/\/schema.org","@graph":[{"@type":"WebPage","@id":"https:\/\/www.autismejongekind.nl\/professionals\/interventie-bij-een-vermoeden-van-autisme\/persoonlijk-interventieplan\/behandelvormen-voor-jonge-kinderen-met-ass\/behandelingen-gericht-op-de-ontwikkeling-van-het-kind\/","url":"https:\/\/www.autismejongekind.nl\/professionals\/interventie-bij-een-vermoeden-van-autisme\/persoonlijk-interventieplan\/behandelvormen-voor-jonge-kinderen-met-ass\/behandelingen-gericht-op-de-ontwikkeling-van-het-kind\/","name":"De ontwikkeling van een kind met autisme stimuleren","isPartOf":{"@id":"https:\/\/www.autismejongekind.nl\/#website"},"primaryImageOfPage":{"@id":"https:\/\/www.autismejongekind.nl\/professionals\/interventie-bij-een-vermoeden-van-autisme\/persoonlijk-interventieplan\/behandelvormen-voor-jonge-kinderen-met-ass\/behandelingen-gericht-op-de-ontwikkeling-van-het-kind\/#primaryimage"},"image":{"@id":"https:\/\/www.autismejongekind.nl\/professionals\/interventie-bij-een-vermoeden-van-autisme\/persoonlijk-interventieplan\/behandelvormen-voor-jonge-kinderen-met-ass\/behandelingen-gericht-op-de-ontwikkeling-van-het-kind\/#primaryimage"},"thumbnailUrl":"https:\/\/www.autismejongekind.nl\/wp-content\/uploads\/2023\/04\/behandelvormen-autisme-kind-scaled.jpg","datePublished":"2023-06-30T20:36:44+00:00","dateModified":"2024-06-17T10:40:22+00:00","description":"Bij jonge kinderen met autisme is het vaak nodig om contact, communicatie en het kunnen aanpassen van gedrag te stimuleren. Er zijn verschillende behandelingen mogelijk.","breadcrumb":{"@id":"https:\/\/www.autismejongekind.nl\/professionals\/interventie-bij-een-vermoeden-van-autisme\/persoonlijk-interventieplan\/behandelvormen-voor-jonge-kinderen-met-ass\/behandelingen-gericht-op-de-ontwikkeling-van-het-kind\/#breadcrumb"},"inLanguage":"tr","potentialAction":[{"@type":"ReadAction","target":["https:\/\/www.autismejongekind.nl\/professionals\/interventie-bij-een-vermoeden-van-autisme\/persoonlijk-interventieplan\/behandelvormen-voor-jonge-kinderen-met-ass\/behandelingen-gericht-op-de-ontwikkeling-van-het-kind\/"]}]},{"@type":"ImageObject","inLanguage":"tr","@id":"https:\/\/www.autismejongekind.nl\/professionals\/interventie-bij-een-vermoeden-van-autisme\/persoonlijk-interventieplan\/behandelvormen-voor-jonge-kinderen-met-ass\/behandelingen-gericht-op-de-ontwikkeling-van-het-kind\/#primaryimage","url":"https:\/\/www.autismejongekind.nl\/wp-content\/uploads\/2023\/04\/behandelvormen-autisme-kind-scaled.jpg","contentUrl":"https:\/\/www.autismejongekind.nl\/wp-content\/uploads\/2023\/04\/behandelvormen-autisme-kind-scaled.jpg","width":2560,"height":1709,"caption":"behandelvormen autisme kind"},{"@type":"BreadcrumbList","@id":"https:\/\/www.autismejongekind.nl\/professionals\/interventie-bij-een-vermoeden-van-autisme\/persoonlijk-interventieplan\/behandelvormen-voor-jonge-kinderen-met-ass\/behandelingen-gericht-op-de-ontwikkeling-van-het-kind\/#breadcrumb","itemListElement":[{"@type":"ListItem","position":1,"name":"Home","item":"https:\/\/www.autismejongekind.nl\/"},{"@type":"ListItem","position":2,"name":"Professionals","item":"https:\/\/www.autismejongekind.nl\/professionals\/"},{"@type":"ListItem","position":3,"name":"Interventie bij (een vermoeden van) autisme","item":"https:\/\/www.autismejongekind.nl\/professionals\/interventie-bij-een-vermoeden-van-autisme\/"},{"@type":"ListItem","position":4,"name":"Een persoonlijk interventieplan maken","item":"https:\/\/www.autismejongekind.nl\/professionals\/interventie-bij-een-vermoeden-van-autisme\/persoonlijk-interventieplan\/"},{"@type":"ListItem","position":5,"name":"Behandelvormen voor jonge kinderen met ASS","item":"https:\/\/www.autismejongekind.nl\/professionals\/interventie-bij-een-vermoeden-van-autisme\/persoonlijk-interventieplan\/behandelvormen-voor-jonge-kinderen-met-ass\/"},{"@type":"ListItem","position":6,"name":"Behandelingen gericht op de ontwikkeling van het kind"}]},{"@type":"WebSite","@id":"https:\/\/www.autismejongekind.nl\/#website","url":"https:\/\/www.autismejongekind.nl\/","name":"Autisme Jonge Kind","description":"","potentialAction":[{"@type":"SearchAction","target":{"@type":"EntryPoint","urlTemplate":"https:\/\/www.autismejongekind.nl\/?s={search_term_string}"},"query-input":{"@type":"PropertyValueSpecification","valueRequired":true,"valueName":"search_term_string"}}],"inLanguage":"tr"}]}},"_links":{"self":[{"href":"https:\/\/www.autismejongekind.nl\/tr\/wp-json\/wp\/v2\/pages\/6761","targetHints":{"allow":["GET"]}}],"collection":[{"href":"https:\/\/www.autismejongekind.nl\/tr\/wp-json\/wp\/v2\/pages"}],"about":[{"href":"https:\/\/www.autismejongekind.nl\/tr\/wp-json\/wp\/v2\/types\/page"}],"author":[{"embeddable":true,"href":"https:\/\/www.autismejongekind.nl\/tr\/wp-json\/wp\/v2\/users\/27"}],"replies":[{"embeddable":true,"href":"https:\/\/www.autismejongekind.nl\/tr\/wp-json\/wp\/v2\/comments?post=6761"}],"version-history":[{"count":7,"href":"https:\/\/www.autismejongekind.nl\/tr\/wp-json\/wp\/v2\/pages\/6761\/revisions"}],"predecessor-version":[{"id":7743,"href":"https:\/\/www.autismejongekind.nl\/tr\/wp-json\/wp\/v2\/pages\/6761\/revisions\/7743"}],"up":[{"embeddable":true,"href":"https:\/\/www.autismejongekind.nl\/tr\/wp-json\/wp\/v2\/pages\/6743"}],"wp:featuredmedia":[{"embeddable":true,"href":"https:\/\/www.autismejongekind.nl\/tr\/wp-json\/wp\/v2\/media\/6286"}],"wp:attachment":[{"href":"https:\/\/www.autismejongekind.nl\/tr\/wp-json\/wp\/v2\/media?parent=6761"}],"curies":[{"name":"wp","href":"https:\/\/api.w.org\/{rel}","templated":true}]}}