{"id":675,"date":"2023-03-20T05:04:09","date_gmt":"2023-03-20T04:04:09","guid":{"rendered":"http:\/\/nlautis-gadamael.savviihq.com\/?page_id=675"},"modified":"2023-07-07T13:05:04","modified_gmt":"2023-07-07T11:05:04","slug":"cocugumda-otizm-var-mi","status":"publish","type":"page","link":"https:\/\/www.autismejongekind.nl\/tr\/autisme-bij-kinderen-informatie-voor-ouders\/heeft-mijn-kind-autisme\/","title":{"rendered":"\u00c7ocu\u011fumda otizm var m\u0131?"},"content":{"rendered":"<p><strong>\u00c7ocu\u011funuzun otizmli olup olmad\u0131\u011f\u0131n\u0131 merak ediyorsunuz. Ve bilmek istiyorsunuz: K\u00fc\u00e7\u00fck \u00e7ocuklarda otizmi nas\u0131l tan\u0131rs\u0131n\u0131z? \u2018Autisme Jonge Kind\u2019 bu soruyu yan\u0131tlaman\u0131za yard\u0131mc\u0131 olabilir.<\/strong><\/p>\n<p>Belki de \u00e7ocu\u011funuzda bir \u015feylerin yolunda gitmedi\u011fini hissediyorsunuz. Veya belki de \u00e7ocu\u011funuzun geli\u015fimi konusunda endi\u015fe duyan ba\u015fkalar\u0131 var. Bu platformda, bu endi\u015felerin hakl\u0131 olup olmad\u0131\u011f\u0131n\u0131 belirlemenize yard\u0131mc\u0131 olacak bilgiler bulacaks\u0131n\u0131z. Ve bu endi\u015felerle ne yapabilece\u011finiz hakk\u0131nda ipu\u00e7lar\u0131 da alabilirsiniz.<\/p>\n<p>Web sitesinin bu b\u00f6l\u00fcm\u00fcnde dolay\u0131s\u0131yla bu bilgileri bulacaks\u0131n\u0131z:<\/p>\n<ul>\n<li><a href=\"https:\/\/www.autismejongekind.nl\/tr\/cocuklarda-otizm-ebeveynler-icin-bilgilendirme\/cocugumda-otizm-var-mi\/genel-gelisim\/\"><strong>\u00c7ocuklar\u0131n genel geli\u015fimi hakk\u0131nda bilgi:<\/strong><\/a><br \/>\nHangi ya\u015fta <a href=\"https:\/\/www.autismejongekind.nl\/tr\/cocuklarda-otizm-ebeveynler-icin-bilgilendirme\/cocugumda-otizm-var-mi\/genel-gelisim\/\">\u00e7o\u011fu \u00e7ocu\u011fun hangi yeteneklere<\/a> sahip oldu\u011funu \u00f6\u011frenmek, \u00e7ocu\u011funuzun bir geli\u015fim bozuklu\u011fu (\u00f6rne\u011fin otizm gibi) olup olmad\u0131\u011f\u0131n\u0131 daha iyi de\u011ferlendirmenize yard\u0131mc\u0131 olabilir.<\/li>\n<\/ul>\n<ul>\n<li><a href=\"https:\/\/www.autismejongekind.nl\/tr\/cocuklarda-otizm-ebeveynler-icin-bilgilendirme\/cocugumda-otizm-var-mi\/kicin-erken-ozellikleri\/\"><strong>\u00c7ocuklarda otizmin erken belirtileri hakk\u0131nda bilgi:<\/strong><\/a><br \/>\n\u00c7ocuklar\u0131n (k\u00fc\u00e7\u00fck) davran\u0131\u015flar\u0131nda belirli semptomlar, otizm spektrum bozuklu\u011funa (OSB) i\u015faret edebilir. <a href=\"https:\/\/www.autismejongekind.nl\/tr\/cocuklarda-otizm-ebeveynler-icin-bilgilendirme\/cocugumda-otizm-var-mi\/kicin-erken-ozellikleri\/\">0-6 ya\u015f aras\u0131 \u00e7ocuklarda bu \u00f6zelliklerin bir genel bak\u0131\u015f\u0131n\u0131 burada bulabilirsiniz.<\/a> .<\/li>\n<\/ul>\n<blockquote><p>Ebeveynlerden al\u0131nt\u0131lar<\/p>\n<p>\"\u00c7ocu\u011fum do\u011fdu\u011fu andan itibaren \u015f\u00f6yle bir hissim vard\u0131: \u00c7ocu\u011fumda bir sorun var\". <em>Er is iets met mijn kind\u201d.<\/em><\/p>\n<p>\u201cKre\u015fte, kendini s\u0131k s\u0131k geri \u00e7ekti\u011fi d\u00fc\u015f\u00fcn\u00fcld\u00fc.\u201d<\/p><\/blockquote>\n<ul>\n<li aria-level=\"1\"><a href=\"https:\/\/www.autismejongekind.nl\/tr\/soru-listesi\/\"><strong>K\u00fc\u00e7\u00fck \u00e7ocuklar i\u00e7in bir otizm testi:<\/strong><\/a><br \/>\n. <a href=\"https:\/\/www.autismejongekind.nl\/tr\/soru-listesi\/\">ESAT testi.<\/a> Bu test, etkile\u015fim, ileti\u015fim, oyun ve uyar\u0131 i\u015fleme alanlar\u0131ndaki sorunlar\u0131 tan\u0131mlamak i\u00e7in \u00e7ocuklar\u0131n\u0131n geli\u015fimini takip eden ebeveynlere ve uzmanlara yard\u0131mc\u0131 olur. Test sonu\u00e7lar\u0131, \u00e7ocu\u011funuzun ihtiya\u00e7lar\u0131na g\u00f6re uygun yard\u0131m ve destek al\u0131nmas\u0131na yard\u0131mc\u0131 olur.<em>Not: Bu anket 12 ila 48 ayl\u0131k \u00e7ocuklar i\u00e7in uygundur.<\/em><\/li>\n<\/ul>","protected":false},"excerpt":{"rendered":"<p>Je vraagt je af of jouw kind misschien autisme heeft. En je wil weten: Hoe herken je autisme bij jonge kinderen? Misschien heb je zelf het gevoel dat er iets is met je kind. Of misschien zijn er anderen die zich zorgen maken over de ontwikkeling van je kind. Op dit platform vind je informatie [&hellip;]<\/p>\n","protected":false},"author":27,"featured_media":0,"parent":349,"menu_order":0,"comment_status":"closed","ping_status":"closed","template":"template-page-full-width-video.php","meta":{"_acf_changed":false,"footnotes":""},"class_list":["post-675","page","type-page","status-publish","hentry"],"acf":[],"yoast_head":"<!-- This site is optimized with the Yoast SEO plugin v27.3 - https:\/\/yoast.com\/product\/yoast-seo-wordpress\/ -->\n<title>Hoe herken je autisme bij jonge kinderen?<\/title>\n<meta name=\"description\" content=\"Hoe herken je autisme bij je kind? Lees over de \u2018normale\u2019 ontwikkeling van een kind en wat kenmerken zijn van autisme bij jonge kinderen.\" \/>\n<meta name=\"robots\" content=\"index, follow, max-snippet:-1, max-image-preview:large, max-video-preview:-1\" \/>\n<link rel=\"canonical\" href=\"https:\/\/www.autismejongekind.nl\/tr\/cocuklarda-otizm-ebeveynler-icin-bilgilendirme\/cocugumda-otizm-var-mi\/\" \/>\n<meta property=\"og:locale\" content=\"tr_TR\" \/>\n<meta property=\"og:type\" content=\"article\" \/>\n<meta property=\"og:title\" content=\"Hoe herken je autisme bij jonge kinderen?\" \/>\n<meta property=\"og:description\" content=\"Hoe herken je autisme bij je kind? Lees over de \u2018normale\u2019 ontwikkeling van een kind en wat kenmerken zijn van autisme bij jonge kinderen.\" \/>\n<meta property=\"og:url\" content=\"https:\/\/www.autismejongekind.nl\/tr\/cocuklarda-otizm-ebeveynler-icin-bilgilendirme\/cocugumda-otizm-var-mi\/\" \/>\n<meta property=\"og:site_name\" content=\"Autisme Jonge Kind\" \/>\n<meta property=\"article:modified_time\" content=\"2023-07-07T11:05:04+00:00\" \/>\n<meta name=\"twitter:card\" content=\"summary_large_image\" \/>\n<meta name=\"twitter:label1\" content=\"Tahmini okuma s\u00fcresi\" \/>\n\t<meta name=\"twitter:data1\" content=\"2 dakika\" \/>\n<script type=\"application\/ld+json\" class=\"yoast-schema-graph\">{\"@context\":\"https:\\\/\\\/schema.org\",\"@graph\":[{\"@type\":\"WebPage\",\"@id\":\"https:\\\/\\\/www.autismejongekind.nl\\\/autisme-bij-kinderen-informatie-voor-ouders\\\/heeft-mijn-kind-autisme\\\/\",\"url\":\"https:\\\/\\\/www.autismejongekind.nl\\\/autisme-bij-kinderen-informatie-voor-ouders\\\/heeft-mijn-kind-autisme\\\/\",\"name\":\"Hoe herken je autisme bij jonge kinderen?\",\"isPartOf\":{\"@id\":\"https:\\\/\\\/www.autismejongekind.nl\\\/#website\"},\"datePublished\":\"2023-03-20T04:04:09+00:00\",\"dateModified\":\"2023-07-07T11:05:04+00:00\",\"description\":\"Hoe herken je autisme bij je kind? Lees over de \u2018normale\u2019 ontwikkeling van een kind en wat kenmerken zijn van autisme bij jonge kinderen.\",\"breadcrumb\":{\"@id\":\"https:\\\/\\\/www.autismejongekind.nl\\\/autisme-bij-kinderen-informatie-voor-ouders\\\/heeft-mijn-kind-autisme\\\/#breadcrumb\"},\"inLanguage\":\"tr\",\"potentialAction\":[{\"@type\":\"ReadAction\",\"target\":[\"https:\\\/\\\/www.autismejongekind.nl\\\/autisme-bij-kinderen-informatie-voor-ouders\\\/heeft-mijn-kind-autisme\\\/\"]}]},{\"@type\":\"BreadcrumbList\",\"@id\":\"https:\\\/\\\/www.autismejongekind.nl\\\/autisme-bij-kinderen-informatie-voor-ouders\\\/heeft-mijn-kind-autisme\\\/#breadcrumb\",\"itemListElement\":[{\"@type\":\"ListItem\",\"position\":1,\"name\":\"Home\",\"item\":\"https:\\\/\\\/www.autismejongekind.nl\\\/\"},{\"@type\":\"ListItem\",\"position\":2,\"name\":\"Autisme bij kinderen: informatie voor ouders\",\"item\":\"https:\\\/\\\/www.autismejongekind.nl\\\/autisme-bij-kinderen-informatie-voor-ouders\\\/\"},{\"@type\":\"ListItem\",\"position\":3,\"name\":\"Heeft mijn kind autisme?\"}]},{\"@type\":\"WebSite\",\"@id\":\"https:\\\/\\\/www.autismejongekind.nl\\\/#website\",\"url\":\"https:\\\/\\\/www.autismejongekind.nl\\\/\",\"name\":\"Autisme Jonge Kind\",\"description\":\"\",\"potentialAction\":[{\"@type\":\"SearchAction\",\"target\":{\"@type\":\"EntryPoint\",\"urlTemplate\":\"https:\\\/\\\/www.autismejongekind.nl\\\/?s={search_term_string}\"},\"query-input\":{\"@type\":\"PropertyValueSpecification\",\"valueRequired\":true,\"valueName\":\"search_term_string\"}}],\"inLanguage\":\"tr\"}]}<\/script>\n<!-- \/ Yoast SEO plugin. -->","yoast_head_json":{"title":"K\u00fc\u00e7\u00fck \u00e7ocuklarda otizmi nas\u0131l tan\u0131rs\u0131n\u0131z?","description":"\u00c7ocu\u011funuzda otizmin belirtilerini nas\u0131l tan\u0131yabilirsiniz? Bir \u00e7ocu\u011fun 'normal' geli\u015fimi ve k\u00fc\u00e7\u00fck \u00e7ocuklarda otizmin \u00f6zelliklerinin neler oldu\u011fu hakk\u0131nda bilgi edinin.","robots":{"index":"index","follow":"follow","max-snippet":"max-snippet:-1","max-image-preview":"max-image-preview:large","max-video-preview":"max-video-preview:-1"},"canonical":"https:\/\/www.autismejongekind.nl\/tr\/cocuklarda-otizm-ebeveynler-icin-bilgilendirme\/cocugumda-otizm-var-mi\/","og_locale":"tr_TR","og_type":"article","og_title":"Hoe herken je autisme bij jonge kinderen?","og_description":"Hoe herken je autisme bij je kind? Lees over de \u2018normale\u2019 ontwikkeling van een kind en wat kenmerken zijn van autisme bij jonge kinderen.","og_url":"https:\/\/www.autismejongekind.nl\/tr\/cocuklarda-otizm-ebeveynler-icin-bilgilendirme\/cocugumda-otizm-var-mi\/","og_site_name":"Autisme Jonge Kind","article_modified_time":"2023-07-07T11:05:04+00:00","twitter_card":"summary_large_image","twitter_misc":{"Tahmini okuma s\u00fcresi":"2 dakika"},"schema":{"@context":"https:\/\/schema.org","@graph":[{"@type":"WebPage","@id":"https:\/\/www.autismejongekind.nl\/autisme-bij-kinderen-informatie-voor-ouders\/heeft-mijn-kind-autisme\/","url":"https:\/\/www.autismejongekind.nl\/autisme-bij-kinderen-informatie-voor-ouders\/heeft-mijn-kind-autisme\/","name":"K\u00fc\u00e7\u00fck \u00e7ocuklarda otizmi nas\u0131l tan\u0131rs\u0131n\u0131z?","isPartOf":{"@id":"https:\/\/www.autismejongekind.nl\/#website"},"datePublished":"2023-03-20T04:04:09+00:00","dateModified":"2023-07-07T11:05:04+00:00","description":"\u00c7ocu\u011funuzda otizmin belirtilerini nas\u0131l tan\u0131yabilirsiniz? Bir \u00e7ocu\u011fun 'normal' geli\u015fimi ve k\u00fc\u00e7\u00fck \u00e7ocuklarda otizmin \u00f6zelliklerinin neler oldu\u011fu hakk\u0131nda bilgi edinin.","breadcrumb":{"@id":"https:\/\/www.autismejongekind.nl\/autisme-bij-kinderen-informatie-voor-ouders\/heeft-mijn-kind-autisme\/#breadcrumb"},"inLanguage":"tr","potentialAction":[{"@type":"ReadAction","target":["https:\/\/www.autismejongekind.nl\/autisme-bij-kinderen-informatie-voor-ouders\/heeft-mijn-kind-autisme\/"]}]},{"@type":"BreadcrumbList","@id":"https:\/\/www.autismejongekind.nl\/autisme-bij-kinderen-informatie-voor-ouders\/heeft-mijn-kind-autisme\/#breadcrumb","itemListElement":[{"@type":"ListItem","position":1,"name":"Home","item":"https:\/\/www.autismejongekind.nl\/"},{"@type":"ListItem","position":2,"name":"Autisme bij kinderen: informatie voor ouders","item":"https:\/\/www.autismejongekind.nl\/autisme-bij-kinderen-informatie-voor-ouders\/"},{"@type":"ListItem","position":3,"name":"Heeft mijn kind autisme?"}]},{"@type":"WebSite","@id":"https:\/\/www.autismejongekind.nl\/#website","url":"https:\/\/www.autismejongekind.nl\/","name":"Autisme Jonge Kind","description":"","potentialAction":[{"@type":"SearchAction","target":{"@type":"EntryPoint","urlTemplate":"https:\/\/www.autismejongekind.nl\/?s={search_term_string}"},"query-input":{"@type":"PropertyValueSpecification","valueRequired":true,"valueName":"search_term_string"}}],"inLanguage":"tr"}]}},"_links":{"self":[{"href":"https:\/\/www.autismejongekind.nl\/tr\/wp-json\/wp\/v2\/pages\/675","targetHints":{"allow":["GET"]}}],"collection":[{"href":"https:\/\/www.autismejongekind.nl\/tr\/wp-json\/wp\/v2\/pages"}],"about":[{"href":"https:\/\/www.autismejongekind.nl\/tr\/wp-json\/wp\/v2\/types\/page"}],"author":[{"embeddable":true,"href":"https:\/\/www.autismejongekind.nl\/tr\/wp-json\/wp\/v2\/users\/27"}],"replies":[{"embeddable":true,"href":"https:\/\/www.autismejongekind.nl\/tr\/wp-json\/wp\/v2\/comments?post=675"}],"version-history":[{"count":66,"href":"https:\/\/www.autismejongekind.nl\/tr\/wp-json\/wp\/v2\/pages\/675\/revisions"}],"predecessor-version":[{"id":6962,"href":"https:\/\/www.autismejongekind.nl\/tr\/wp-json\/wp\/v2\/pages\/675\/revisions\/6962"}],"up":[{"embeddable":true,"href":"https:\/\/www.autismejongekind.nl\/tr\/wp-json\/wp\/v2\/pages\/349"}],"wp:attachment":[{"href":"https:\/\/www.autismejongekind.nl\/tr\/wp-json\/wp\/v2\/media?parent=675"}],"curies":[{"name":"wp","href":"https:\/\/api.w.org\/{rel}","templated":true}]}}