{"id":6743,"date":"2023-06-30T22:03:53","date_gmt":"2023-06-30T20:03:53","guid":{"rendered":"https:\/\/www.autismejongekind.nl\/?page_id=6743"},"modified":"2025-09-10T19:38:28","modified_gmt":"2025-09-10T17:38:28","slug":"behandelvormen-voor-jonge-kinderen-met-ass","status":"publish","type":"page","link":"https:\/\/www.autismejongekind.nl\/tr\/professionals\/interventie-bij-een-vermoeden-van-autisme\/persoonlijk-interventieplan\/behandelvormen-voor-jonge-kinderen-met-ass\/","title":{"rendered":"Otizmli (k\u00fc\u00e7\u00fck) \u00e7ocuklar i\u00e7in tedavi y\u00f6ntemleri"},"content":{"rendered":"<p><strong>Als een kind autisme (ASS) heeft zijn er verschillende behandelvormen mogelijk. Je moet de behandeling altijd aanpassen aan de problemen van het kind. Maar je kijkt bijvoorbeeld ook waar het gezin baat bij heeft.\u00a0<\/strong><\/p>\n<p>De mogelijkheden voor behandelvormen bij autisme zijn:<\/p>\n<ul>\n<li aria-level=\"1\"><a href=\"https:\/\/www.autismejongekind.nl\/tr\/professionals\/interventie-bij-een-vermoeden-van-autisme\/persoonlijk-interventieplan\/behandelvormen-voor-jonge-kinderen-met-ass\/psikoegitim\/\">Psycho-educatie: (meer) leren over autisme en\/of ervaringen delen;<\/a><\/li>\n<li aria-level=\"1\"><a href=\"https:\/\/www.autismejongekind.nl\/tr\/professionals\/interventie-bij-een-vermoeden-van-autisme\/persoonlijk-interventieplan\/behandelvormen-voor-jonge-kinderen-met-ass\/behandelingen-gericht-op-de-ontwikkeling-van-het-kind\/\">Behandelingen gericht op de ontwikkeling van het kind<\/a>;<\/li>\n<li aria-level=\"1\"><a href=\"https:\/\/www.autismejongekind.nl\/tr\/professionals\/interventie-bij-een-vermoeden-van-autisme\/persoonlijk-interventieplan\/behandelvormen-voor-jonge-kinderen-met-ass\/behandeling-van-overige-problemen\/\">Otizmin yan\u0131 s\u0131ra di\u011fer sorunlar\u0131n tedavisi<\/a>;<\/li>\n<li aria-level=\"1\"><a href=\"https:\/\/www.autismejongekind.nl\/tr\/cocuklarda-otizm-ebeveynler-icin-bilgilendirme\/otizmli-kucuk-cocuklar-icin-tedavi-yontemleri-2\/begeleiding-voor-het-gezin\/\">Aile dan\u0131\u015fmanl\u0131\u011f\u0131<\/a>;<\/li>\n<li aria-level=\"1\"><a href=\"https:\/\/www.autismejongekind.nl\/tr\/cocuklarda-otizm-ebeveynler-icin-bilgilendirme\/otizmli-kucuk-cocuklar-icin-tedavi-yontemleri-2\/begeleiding-op-school-of-kinderdagverblijf\/\">Begeleiding op school of kinderdagverblijf.<\/a><\/li>\n<\/ul>\n<p>A\u015fa\u011f\u0131daki tedavi y\u00f6ntemleri listesi kesinlikle kapsaml\u0131 de\u011fildir. Ancak, en az\u0131ndan otizm spektrum bozuklu\u011fu (OSB) olan bir \u00e7ocu\u011fun tedavi se\u00e7enekleri hakk\u0131nda iyi bir fikir sunar.<\/p>\n<p style=\"text-align: left;\"><a style=\"box-shadow: inset 0px 0px 0px 0px #fce2c1; background: -moz-linear-gradient( center top, #ffc477 5%, #fb9e25 100% ); filter: progid; background-color: #027977; border-radius: 6px; border: 2px solid #027977; display: inline-block; margin-top: 0.5em; color: #ffffff; font-family: arial; font-size: 15px; font-weight: bold; padding: 6px 24px; text-decoration: none;\" href=\"https:\/\/www.autismejongekind.nl\/tr\/professionals\/training-en-scholing\/\">Lees meer over scholing bij deze behandelvormen &gt;<\/a><\/p>","protected":false},"excerpt":{"rendered":"<p>Als een kind autisme (ASS) heeft zijn er verschillende behandelvormen mogelijk. Je moet de behandeling altijd aanpassen aan de problemen van het kind. Maar je kijkt bijvoorbeeld ook waar het gezin baat bij heeft.\u00a0 De mogelijkheden voor behandelvormen bij autisme zijn: Psycho-educatie: (meer) leren over autisme en\/of ervaringen delen; Behandelingen gericht op de ontwikkeling van [&hellip;]<\/p>\n","protected":false},"author":27,"featured_media":6156,"parent":4194,"menu_order":0,"comment_status":"closed","ping_status":"closed","template":"template-page-full-width-image.php","meta":{"_acf_changed":false,"footnotes":""},"class_list":["post-6743","page","type-page","status-publish","has-post-thumbnail","hentry"],"acf":[],"yoast_head":"<!-- This site is optimized with the Yoast SEO plugin v27.3 - https:\/\/yoast.com\/product\/yoast-seo-wordpress\/ -->\n<title>Behandelvormen voor jonge kinderen met autisme<\/title>\n<meta name=\"description\" content=\"Er zijn verschillende behandelingen voor jonge kinderen met autisme. Denk aan psycho-educatie, behandeling gericht op de ontwikkeling van het kind, behandeling van bijkomende problemen en ook begeleiding voor gezin en omgeving.\" \/>\n<meta name=\"robots\" content=\"index, follow, max-snippet:-1, max-image-preview:large, max-video-preview:-1\" \/>\n<link rel=\"canonical\" href=\"https:\/\/www.autismejongekind.nl\/tr\/professionals\/interventie-bij-een-vermoeden-van-autisme\/persoonlijk-interventieplan\/behandelvormen-voor-jonge-kinderen-met-ass\/\" \/>\n<meta property=\"og:locale\" content=\"tr_TR\" \/>\n<meta property=\"og:type\" content=\"article\" \/>\n<meta property=\"og:title\" content=\"Behandelvormen voor jonge kinderen met autisme\" \/>\n<meta property=\"og:description\" content=\"Er zijn verschillende behandelingen voor jonge kinderen met autisme. Denk aan psycho-educatie, behandeling gericht op de ontwikkeling van het kind, behandeling van bijkomende problemen en ook begeleiding voor gezin en omgeving.\" \/>\n<meta property=\"og:url\" content=\"https:\/\/www.autismejongekind.nl\/tr\/professionals\/interventie-bij-een-vermoeden-van-autisme\/persoonlijk-interventieplan\/behandelvormen-voor-jonge-kinderen-met-ass\/\" \/>\n<meta property=\"og:site_name\" content=\"Autisme Jonge Kind\" \/>\n<meta property=\"article:modified_time\" content=\"2025-09-10T17:38:28+00:00\" \/>\n<meta property=\"og:image\" content=\"https:\/\/www.autismejongekind.nl\/wp-content\/uploads\/2023\/04\/Behandelvormen-autisme.jpg\" \/>\n\t<meta property=\"og:image:width\" content=\"1920\" \/>\n\t<meta property=\"og:image:height\" content=\"1280\" \/>\n\t<meta property=\"og:image:type\" content=\"image\/jpeg\" \/>\n<meta name=\"twitter:card\" content=\"summary_large_image\" \/>\n<meta name=\"twitter:label1\" content=\"Tahmini okuma s\u00fcresi\" \/>\n\t<meta name=\"twitter:data1\" content=\"1 dakika\" \/>\n<script type=\"application\/ld+json\" class=\"yoast-schema-graph\">{\"@context\":\"https:\\\/\\\/schema.org\",\"@graph\":[{\"@type\":\"WebPage\",\"@id\":\"https:\\\/\\\/www.autismejongekind.nl\\\/professionals\\\/interventie-bij-een-vermoeden-van-autisme\\\/persoonlijk-interventieplan\\\/behandelvormen-voor-jonge-kinderen-met-ass\\\/\",\"url\":\"https:\\\/\\\/www.autismejongekind.nl\\\/professionals\\\/interventie-bij-een-vermoeden-van-autisme\\\/persoonlijk-interventieplan\\\/behandelvormen-voor-jonge-kinderen-met-ass\\\/\",\"name\":\"Behandelvormen voor jonge kinderen met autisme\",\"isPartOf\":{\"@id\":\"https:\\\/\\\/www.autismejongekind.nl\\\/#website\"},\"primaryImageOfPage\":{\"@id\":\"https:\\\/\\\/www.autismejongekind.nl\\\/professionals\\\/interventie-bij-een-vermoeden-van-autisme\\\/persoonlijk-interventieplan\\\/behandelvormen-voor-jonge-kinderen-met-ass\\\/#primaryimage\"},\"image\":{\"@id\":\"https:\\\/\\\/www.autismejongekind.nl\\\/professionals\\\/interventie-bij-een-vermoeden-van-autisme\\\/persoonlijk-interventieplan\\\/behandelvormen-voor-jonge-kinderen-met-ass\\\/#primaryimage\"},\"thumbnailUrl\":\"https:\\\/\\\/www.autismejongekind.nl\\\/wp-content\\\/uploads\\\/2023\\\/04\\\/Behandelvormen-autisme.jpg\",\"datePublished\":\"2023-06-30T20:03:53+00:00\",\"dateModified\":\"2025-09-10T17:38:28+00:00\",\"description\":\"Er zijn verschillende behandelingen voor jonge kinderen met autisme. Denk aan psycho-educatie, behandeling gericht op de ontwikkeling van het kind, behandeling van bijkomende problemen en ook begeleiding voor gezin en omgeving.\",\"breadcrumb\":{\"@id\":\"https:\\\/\\\/www.autismejongekind.nl\\\/professionals\\\/interventie-bij-een-vermoeden-van-autisme\\\/persoonlijk-interventieplan\\\/behandelvormen-voor-jonge-kinderen-met-ass\\\/#breadcrumb\"},\"inLanguage\":\"tr\",\"potentialAction\":[{\"@type\":\"ReadAction\",\"target\":[\"https:\\\/\\\/www.autismejongekind.nl\\\/professionals\\\/interventie-bij-een-vermoeden-van-autisme\\\/persoonlijk-interventieplan\\\/behandelvormen-voor-jonge-kinderen-met-ass\\\/\"]}]},{\"@type\":\"ImageObject\",\"inLanguage\":\"tr\",\"@id\":\"https:\\\/\\\/www.autismejongekind.nl\\\/professionals\\\/interventie-bij-een-vermoeden-van-autisme\\\/persoonlijk-interventieplan\\\/behandelvormen-voor-jonge-kinderen-met-ass\\\/#primaryimage\",\"url\":\"https:\\\/\\\/www.autismejongekind.nl\\\/wp-content\\\/uploads\\\/2023\\\/04\\\/Behandelvormen-autisme.jpg\",\"contentUrl\":\"https:\\\/\\\/www.autismejongekind.nl\\\/wp-content\\\/uploads\\\/2023\\\/04\\\/Behandelvormen-autisme.jpg\",\"width\":1920,\"height\":1280,\"caption\":\"behandeling autisme kind\"},{\"@type\":\"BreadcrumbList\",\"@id\":\"https:\\\/\\\/www.autismejongekind.nl\\\/professionals\\\/interventie-bij-een-vermoeden-van-autisme\\\/persoonlijk-interventieplan\\\/behandelvormen-voor-jonge-kinderen-met-ass\\\/#breadcrumb\",\"itemListElement\":[{\"@type\":\"ListItem\",\"position\":1,\"name\":\"Home\",\"item\":\"https:\\\/\\\/www.autismejongekind.nl\\\/\"},{\"@type\":\"ListItem\",\"position\":2,\"name\":\"Professionals\",\"item\":\"https:\\\/\\\/www.autismejongekind.nl\\\/professionals\\\/\"},{\"@type\":\"ListItem\",\"position\":3,\"name\":\"Interventie bij (een vermoeden van) autisme\",\"item\":\"https:\\\/\\\/www.autismejongekind.nl\\\/professionals\\\/interventie-bij-een-vermoeden-van-autisme\\\/\"},{\"@type\":\"ListItem\",\"position\":4,\"name\":\"Een persoonlijk interventieplan maken\",\"item\":\"https:\\\/\\\/www.autismejongekind.nl\\\/professionals\\\/interventie-bij-een-vermoeden-van-autisme\\\/persoonlijk-interventieplan\\\/\"},{\"@type\":\"ListItem\",\"position\":5,\"name\":\"Behandelvormen voor jonge kinderen met ASS\"}]},{\"@type\":\"WebSite\",\"@id\":\"https:\\\/\\\/www.autismejongekind.nl\\\/#website\",\"url\":\"https:\\\/\\\/www.autismejongekind.nl\\\/\",\"name\":\"Autisme Jonge Kind\",\"description\":\"\",\"potentialAction\":[{\"@type\":\"SearchAction\",\"target\":{\"@type\":\"EntryPoint\",\"urlTemplate\":\"https:\\\/\\\/www.autismejongekind.nl\\\/?s={search_term_string}\"},\"query-input\":{\"@type\":\"PropertyValueSpecification\",\"valueRequired\":true,\"valueName\":\"search_term_string\"}}],\"inLanguage\":\"tr\"}]}<\/script>\n<!-- \/ Yoast SEO plugin. -->","yoast_head_json":{"title":"Otizmli (k\u00fc\u00e7\u00fck) \u00e7ocuklar i\u00e7in tedavi y\u00f6ntemleri","description":"Er zijn verschillende behandelingen voor jonge kinderen met autisme. Denk aan psycho-educatie, behandeling gericht op de ontwikkeling van het kind, behandeling van bijkomende problemen en ook begeleiding voor gezin en omgeving.","robots":{"index":"index","follow":"follow","max-snippet":"max-snippet:-1","max-image-preview":"max-image-preview:large","max-video-preview":"max-video-preview:-1"},"canonical":"https:\/\/www.autismejongekind.nl\/tr\/professionals\/interventie-bij-een-vermoeden-van-autisme\/persoonlijk-interventieplan\/behandelvormen-voor-jonge-kinderen-met-ass\/","og_locale":"tr_TR","og_type":"article","og_title":"Behandelvormen voor jonge kinderen met autisme","og_description":"Er zijn verschillende behandelingen voor jonge kinderen met autisme. Denk aan psycho-educatie, behandeling gericht op de ontwikkeling van het kind, behandeling van bijkomende problemen en ook begeleiding voor gezin en omgeving.","og_url":"https:\/\/www.autismejongekind.nl\/tr\/professionals\/interventie-bij-een-vermoeden-van-autisme\/persoonlijk-interventieplan\/behandelvormen-voor-jonge-kinderen-met-ass\/","og_site_name":"Autisme Jonge Kind","article_modified_time":"2025-09-10T17:38:28+00:00","og_image":[{"width":1920,"height":1280,"url":"https:\/\/www.autismejongekind.nl\/wp-content\/uploads\/2023\/04\/Behandelvormen-autisme.jpg","type":"image\/jpeg"}],"twitter_card":"summary_large_image","twitter_misc":{"Tahmini okuma s\u00fcresi":"1 dakika"},"schema":{"@context":"https:\/\/schema.org","@graph":[{"@type":"WebPage","@id":"https:\/\/www.autismejongekind.nl\/professionals\/interventie-bij-een-vermoeden-van-autisme\/persoonlijk-interventieplan\/behandelvormen-voor-jonge-kinderen-met-ass\/","url":"https:\/\/www.autismejongekind.nl\/professionals\/interventie-bij-een-vermoeden-van-autisme\/persoonlijk-interventieplan\/behandelvormen-voor-jonge-kinderen-met-ass\/","name":"Otizmli (k\u00fc\u00e7\u00fck) \u00e7ocuklar i\u00e7in tedavi y\u00f6ntemleri","isPartOf":{"@id":"https:\/\/www.autismejongekind.nl\/#website"},"primaryImageOfPage":{"@id":"https:\/\/www.autismejongekind.nl\/professionals\/interventie-bij-een-vermoeden-van-autisme\/persoonlijk-interventieplan\/behandelvormen-voor-jonge-kinderen-met-ass\/#primaryimage"},"image":{"@id":"https:\/\/www.autismejongekind.nl\/professionals\/interventie-bij-een-vermoeden-van-autisme\/persoonlijk-interventieplan\/behandelvormen-voor-jonge-kinderen-met-ass\/#primaryimage"},"thumbnailUrl":"https:\/\/www.autismejongekind.nl\/wp-content\/uploads\/2023\/04\/Behandelvormen-autisme.jpg","datePublished":"2023-06-30T20:03:53+00:00","dateModified":"2025-09-10T17:38:28+00:00","description":"Er zijn verschillende behandelingen voor jonge kinderen met autisme. Denk aan psycho-educatie, behandeling gericht op de ontwikkeling van het kind, behandeling van bijkomende problemen en ook begeleiding voor gezin en omgeving.","breadcrumb":{"@id":"https:\/\/www.autismejongekind.nl\/professionals\/interventie-bij-een-vermoeden-van-autisme\/persoonlijk-interventieplan\/behandelvormen-voor-jonge-kinderen-met-ass\/#breadcrumb"},"inLanguage":"tr","potentialAction":[{"@type":"ReadAction","target":["https:\/\/www.autismejongekind.nl\/professionals\/interventie-bij-een-vermoeden-van-autisme\/persoonlijk-interventieplan\/behandelvormen-voor-jonge-kinderen-met-ass\/"]}]},{"@type":"ImageObject","inLanguage":"tr","@id":"https:\/\/www.autismejongekind.nl\/professionals\/interventie-bij-een-vermoeden-van-autisme\/persoonlijk-interventieplan\/behandelvormen-voor-jonge-kinderen-met-ass\/#primaryimage","url":"https:\/\/www.autismejongekind.nl\/wp-content\/uploads\/2023\/04\/Behandelvormen-autisme.jpg","contentUrl":"https:\/\/www.autismejongekind.nl\/wp-content\/uploads\/2023\/04\/Behandelvormen-autisme.jpg","width":1920,"height":1280,"caption":"behandeling autisme kind"},{"@type":"BreadcrumbList","@id":"https:\/\/www.autismejongekind.nl\/professionals\/interventie-bij-een-vermoeden-van-autisme\/persoonlijk-interventieplan\/behandelvormen-voor-jonge-kinderen-met-ass\/#breadcrumb","itemListElement":[{"@type":"ListItem","position":1,"name":"Home","item":"https:\/\/www.autismejongekind.nl\/"},{"@type":"ListItem","position":2,"name":"Professionals","item":"https:\/\/www.autismejongekind.nl\/professionals\/"},{"@type":"ListItem","position":3,"name":"Interventie bij (een vermoeden van) autisme","item":"https:\/\/www.autismejongekind.nl\/professionals\/interventie-bij-een-vermoeden-van-autisme\/"},{"@type":"ListItem","position":4,"name":"Een persoonlijk interventieplan maken","item":"https:\/\/www.autismejongekind.nl\/professionals\/interventie-bij-een-vermoeden-van-autisme\/persoonlijk-interventieplan\/"},{"@type":"ListItem","position":5,"name":"Behandelvormen voor jonge kinderen met ASS"}]},{"@type":"WebSite","@id":"https:\/\/www.autismejongekind.nl\/#website","url":"https:\/\/www.autismejongekind.nl\/","name":"Autisme Jonge Kind","description":"","potentialAction":[{"@type":"SearchAction","target":{"@type":"EntryPoint","urlTemplate":"https:\/\/www.autismejongekind.nl\/?s={search_term_string}"},"query-input":{"@type":"PropertyValueSpecification","valueRequired":true,"valueName":"search_term_string"}}],"inLanguage":"tr"}]}},"_links":{"self":[{"href":"https:\/\/www.autismejongekind.nl\/tr\/wp-json\/wp\/v2\/pages\/6743","targetHints":{"allow":["GET"]}}],"collection":[{"href":"https:\/\/www.autismejongekind.nl\/tr\/wp-json\/wp\/v2\/pages"}],"about":[{"href":"https:\/\/www.autismejongekind.nl\/tr\/wp-json\/wp\/v2\/types\/page"}],"author":[{"embeddable":true,"href":"https:\/\/www.autismejongekind.nl\/tr\/wp-json\/wp\/v2\/users\/27"}],"replies":[{"embeddable":true,"href":"https:\/\/www.autismejongekind.nl\/tr\/wp-json\/wp\/v2\/comments?post=6743"}],"version-history":[{"count":12,"href":"https:\/\/www.autismejongekind.nl\/tr\/wp-json\/wp\/v2\/pages\/6743\/revisions"}],"predecessor-version":[{"id":8895,"href":"https:\/\/www.autismejongekind.nl\/tr\/wp-json\/wp\/v2\/pages\/6743\/revisions\/8895"}],"up":[{"embeddable":true,"href":"https:\/\/www.autismejongekind.nl\/tr\/wp-json\/wp\/v2\/pages\/4194"}],"wp:featuredmedia":[{"embeddable":true,"href":"https:\/\/www.autismejongekind.nl\/tr\/wp-json\/wp\/v2\/media\/6156"}],"wp:attachment":[{"href":"https:\/\/www.autismejongekind.nl\/tr\/wp-json\/wp\/v2\/media?parent=6743"}],"curies":[{"name":"wp","href":"https:\/\/api.w.org\/{rel}","templated":true}]}}