{"id":673,"date":"2023-03-26T10:03:01","date_gmt":"2023-03-26T08:03:01","guid":{"rendered":"http:\/\/nlautis-gadamael.savviihq.com\/?page_id=673"},"modified":"2023-07-07T13:56:58","modified_gmt":"2023-07-07T11:56:58","slug":"ilk-endiselerinizi-tartismak","status":"publish","type":"page","link":"https:\/\/www.autismejongekind.nl\/tr\/autisme-bij-kinderen-informatie-voor-ouders\/stappenplan-bij-een-vermoeden-van-autisme\/de-eerste-zorgen-over-je-kind-bespreken\/","title":{"rendered":"\u0130lk endi\u015felerinizi tart\u0131\u015fmak"},"content":{"rendered":"<p>\u00c7ocu\u011funuzla ilgili ilk endi\u015felerinizi tart\u0131\u015fmak isterseniz, ba\u015flang\u0131\u00e7ta \u015funlarla yapabilirsiniz:<\/p>\n<ol>\n<li><a href=\"#eigennetwerk\"><span style=\"font-size: 12pt;\">Kendi a\u011f\u0131n\u0131zdaki insanlar<\/span><\/a><\/li>\n<li><a href=\"#dagverblijfofschool\"><span style=\"font-size: 12pt;\">G\u00fcnd\u00fcz bak\u0131m\u0131 veya okuldaki liderler\/\u00f6\u011fretmenler<\/span><\/a><\/li>\n<li><span style=\"font-size: 12pt;\"><a href=\"#eerstelijnszorg\">Birinci basamak sa\u011fl\u0131k hizmeti sa\u011flay\u0131c\u0131lar\u0131<\/a><\/span><\/li>\n<\/ol>\n<h2 id=\"eigennetwerk\">Kendi a\u011f\u0131n\u0131zdaki insanlar<\/h2>\n<p>Toplulu\u011funuzdaki insanlara ula\u015fmak genellikle kolayd\u0131r. Aile \u00fcyeleri, arkada\u015flar ve tan\u0131d\u0131klar gibi d\u00fc\u015f\u00fcnebilirsiniz. \u0130lk endi\u015felerinizde \u00f6nemli, d\u00fc\u015f\u00fck e\u015flikli destek kayna\u011f\u0131 olabilirler.<\/p>\n<p>Belki \u00f6zel bilgi sahibi de\u011filler ama sizinle birlikte d\u00fc\u015f\u00fcnebilirler. Ancak baz\u0131 ebeveynler, yak\u0131nlar\u0131ndan az destek hissederler. 'O kadar da k\u00f6t\u00fc de\u011fil' veya 'benim \u00e7ocu\u011fum da \u00f6yle yap\u0131yor' gibi yorumlarla anlay\u0131\u015f eksikli\u011fiyle kar\u015f\u0131la\u015f\u0131rlar. Kendi \u00e7ocu\u011funuzda bir \u015feylerin yanl\u0131\u015f oldu\u011funu hissediyorsan\u0131z, kendi hislerinize g\u00fcvenmeye \u00e7al\u0131\u015f\u0131n.<br \/>\n<a id=\"dagverblijfofschool\"><\/a><\/p>\n<h2 id=\"structuurbieden\">G\u00fcnd\u00fcz bak\u0131m\u0131 veya okuldaki liderler\/\u00f6\u011fretmenler<\/h2>\n<p>Belki \u00e7ocu\u011funuz bir kre\u015fe, okul \u00f6ncesi e\u011fitim kurumuna veya okula gidiyor. \u00c7ocu\u011funuzun davran\u0131\u015flar\u0131yla ilgili endi\u015feleriniz varsa, lider\/\u00f6\u011fretmenle konu\u015fabilirsiniz. G\u00fcn boyunca birka\u00e7 saat boyunca, birka\u00e7 g\u00fcn boyunca \u00e7ocu\u011funuzu g\u00f6r\u00fcyor. Grup i\u00e7indeki \u00e7ocu\u011funuzun davran\u0131\u015f\u0131 hakk\u0131nda iyi bilgi verebilir.<\/p>\n<p>Lider\/\u00f6\u011fretmen ayr\u0131ca referans materyallerine de sahiptir: s\u0131n\u0131ftaki di\u011fer \u00e7ocuklar nas\u0131l davran\u0131yor? \u00c7ocu\u011funuzun davran\u0131\u015f\u0131 fark ediliyor mu? \u00c7ocuklar birbirleriyle nas\u0131l etkile\u015fime giriyorlar? Grup i\u00e7inde dikkat \u00e7eken davran\u0131\u015flar\u0131n, evde fark etti\u011finizle \u00f6rt\u00fc\u015fmeyebilece\u011fi durumlar olabilir. Bunun birka\u00e7 sebebi olabilir:<\/p>\n<ul>\n<li>Farkl\u0131 bir ortam farkl\u0131 davran\u0131\u015flar sergiletebilir. \u00d6rne\u011fin: ortamda daha fazla \u00e7ocuk ve daha fazla uyaran olmas\u0131, \u00e7ocu\u011funuzun davran\u0131\u015f\u0131n\u0131 etkileyebilir.<\/li>\n<li aria-level=\"1\">\u00c7ocu\u011funuzun davran\u0131\u015f\u0131 g\u00fcn i\u00e7inde farkl\u0131 olabilir.<\/li>\n<li aria-level=\"1\">Lider\/\u00f6\u011fretmen, sizin \u00e7ocu\u011funuzun belirli bir davran\u0131\u015f\u0131n\u0131z\u0131 nas\u0131l deneyimledi\u011finizden farkl\u0131 bir \u015fekilde deneyimleyebilir. \u00d6rne\u011fin, farkl\u0131 bilgiye ya da \u00e7ocu\u011funuzla farkl\u0131 bir ba\u011fa sahip olmalar\u0131ndan dolay\u0131.<\/li>\n<\/ul>\n<table style=\"width: 100%; border-collapse: collapse; border-style: dotted;\" border=\"1\">\n<tbody>\n<tr style=\"border-style: dotted;\">\n<td style=\"width: 100%; border-style: dotted;\"><strong>Liderle ya da \u00f6\u011fretmenle yapaca\u011f\u0131n\u0131z konu\u015fma i\u00e7in ipu\u00e7lar\u0131:<\/strong><\/p>\n<ul>\n<li>Evde g\u00f6zlemledi\u011finiz endi\u015fe verici ya da problemli oldu\u011funu d\u00fc\u015f\u00fcnd\u00fc\u011f\u00fcn\u00fcz davran\u0131\u015flar i\u00e7in somut \u00f6rnekler d\u00fc\u015f\u00fcn\u00fcn.<\/li>\n<li>S\u0131n\u0131fta ya da grupta olas\u0131 problemli davran\u0131\u015flara ili\u015fkin somut \u00f6rnekler isteyin (davran\u0131\u015f nas\u0131l g\u00f6r\u00fcn\u00fcyor, \u00f6ncesinde ne oluyor, genellikle ne zaman ortaya \u00e7\u0131k\u0131yor, vb.).<\/li>\n<li>\u00d6\u011fretmenin g\u00f6r\u00fc\u015f\u00fcn\u00fc sorun; \u00e7ocu\u011funuz hakk\u0131nda endi\u015feli mi, neden veya neden de\u011fil?<\/li>\n<li>Gerekti\u011finde, problemli davran\u0131\u015flar i\u00e7in grup i\u00e7inde \u00e7\u00f6z\u00fcmler \u00fczerinde \u00f6\u011fretmenle birlikte d\u00fc\u015f\u00fcn\u00fcn.<\/li>\n<li>\u00d6\u011fretmen, e\u011fitim profesyonelidir, siz ise bir deneyim uzman\u0131 ve kendi \u00e7ocu\u011funuzun uzman\u0131s\u0131n\u0131z.<\/li>\n<\/ul>\n<p><span style=\"font-size: 10pt;\">Kaynak: Pameijer, 2013, BOSK, 2013<\/span><\/td>\n<\/tr>\n<\/tbody>\n<\/table>\n<p>Bir kre\u015f veya okulda, \u00e7ocu\u011funuzun geli\u015fimini izlemek i\u00e7in genellikle yollar vard\u0131r. \u00d6rne\u011fin, g\u00f6zlem listeleri veya \u00f6\u011frenci izleme sistemi arac\u0131l\u0131\u011f\u0131yla yap\u0131labilir. Lider veya \u00f6\u011fretmen, \u00e7ocu\u011funuzun geli\u015fimini kaydetmek i\u00e7in bunlar\u0131 kullanabilir. Kre\u015f veya okul, pedagojik bir \u00e7al\u0131\u015fan veya i\u00e7 denet\u00e7i fikirler sunabilir. \u00d6rne\u011fin, \u00e7ocu\u011funuz i\u00e7in olas\u0131 destek se\u00e7enekleri \u00fczerinde beyin f\u0131rt\u0131nas\u0131 yapabilir ve endi\u015feler devam ederse ne yapabilece\u011finiz konusunda size yard\u0131mc\u0131 olabilir.<\/p>\n<p>E\u011fer kre\u015f\/okul \u00e7ocu\u011funuzla ilgili endi\u015felerinizi payla\u015fm\u0131yorsa, bu bir \u015feylerin yanl\u0131\u015f olmad\u0131\u011f\u0131 anlam\u0131na gelmez. Kendi hislerinize dikkatle kulak verin ve gerekiyorsa, size daha fazla yard\u0131mc\u0131 olabilecek bir birinci basamak sa\u011fl\u0131k hizmeti sa\u011flay\u0131c\u0131s\u0131yla ileti\u015fime ge\u00e7in.<\/p>\n<h2 id=\"eerstelijnszorg\">Birinci basamak sa\u011fl\u0131k hizmeti sa\u011flay\u0131c\u0131lar\u0131<\/h2>\n<p>Birincil sa\u011fl\u0131k hizmetleri, y\u00f6nlendirme olmadan eri\u015febilece\u011finiz sa\u011fl\u0131k hizmetleridir. Burada d\u00fc\u015f\u00fck e\u015flikli tavsiye isteyebilirsiniz. Birincil sa\u011fl\u0131k hizmeti uzmanlar\u0131, \u00e7ocu\u011funuzun yeti\u015ftirilmesi, davran\u0131\u015flar\u0131 veya geli\u015fimiyle ilgili sorular\u0131n\u0131z varsa sizinle birlikte d\u00fc\u015f\u00fcnebilirler. Ayr\u0131ca bulundu\u011funuz b\u00f6lgedeki sa\u011fl\u0131k hizmeti se\u00e7enekleri konusunda da size yard\u0131mc\u0131 olabilirler.<\/p>\n<p>Birincil sa\u011fl\u0131k hizmeti sa\u011flay\u0131c\u0131lar\u0131 \u015funlar olabilir:<\/p>\n<ul>\n<li aria-level=\"1\"><strong>aile hekiminiz.<\/strong>;<\/li>\n<li aria-level=\"1\"><strong>kons\u00fcltasyon b\u00fcrosu<\/strong> (JGZ olarak da bilinen)<\/li>\n<li aria-level=\"1\"><strong>(Sosyal) mahalle sa\u011fl\u0131k ekibi\/toplum sa\u011fl\u0131\u011f\u0131.<\/strong>;<\/li>\n<li aria-level=\"1\" class=\"translation-block\">Mahallenizdeki <strong>\u00c7ocuk ve Aile Merkezi (CJG) <\/strong>veya <a href=\"https:\/\/centrumvoorjeugdengezin.nl\/\" target=\"_blank\" rel=\"noopener\">\u2018Centre for Children and Families\u2019.<\/a> \u00a0<a href=\"https:\/\/www.opvoeden.nl\/cjg\/\" target=\"_blank\" rel=\"noopener\">Opvoeden.nl<\/a> web sitesinde, mahallenizdeki CJG'nin hangisi oldu\u011funu bulabilirsiniz. Ebeveynlik ve b\u00fcy\u00fcme ile ilgili t\u00fcm sorular\u0131n\u0131z i\u00e7in CJG'ye gidebilirsiniz. K\u00fc\u00e7\u00fck sorulardan karma\u015f\u0131k olanlara kadar.<\/li>\n<li aria-level=\"1\"><strong>\u0130ntegrale Vroeghulp<\/strong>\u00a0(ya da 'T\u00fcmle\u015fik Erken M\u00fcdahale' - IVH), d\u00fc\u015f\u00fck e\u015fikli yard\u0131m i\u00e7in ba\u015fvurabilece\u011finiz bir kurulu\u015ftur. \u00d6rne\u011fin, \u00e7ocu\u011funuzun geli\u015fimi veya davran\u0131\u015f\u0131 konusunda endi\u015feleriniz varsa.\u00a0<a href=\"https:\/\/integralevroeghulp.nl\/\" target=\"_blank\" rel=\"noopener\">\u0130ntegrale Vroeghulp<\/a>\u00a0web sitesinde gidebilece\u011finiz konumu bulabilirsiniz.<\/li>\n<\/ul>\n<p>Birincil sa\u011fl\u0131k hizmetleri her belediyede ayn\u0131 \u015fekilde d\u00fczenlenmemektedir ve bazen farkl\u0131 \u015fekilde adland\u0131r\u0131lmaktad\u0131r. S\u0131k s\u0131k belediye birincil sa\u011fl\u0131k hizmetlerinin maliyetini kar\u015f\u0131lamaktad\u0131r ve hi\u00e7bir maliyeti yoktu<\/p>\n<p>Ayr\u0131ca bak\u0131n\u0131z: <a href=\"https:\/\/www.autismejongekind.nl\/tr\/cocuklarda-otizm-ebeveynler-icin-bilgilendirme\/otizm-suphesi-durumunda-adim-adim-plan\/ek-yardim-saglamak\/\">Ek yard\u0131m\u0131 aray\u0131n<\/a><\/p>","protected":false},"excerpt":{"rendered":"<p>Als je je eerste zorgen over je kind wil bespreken, kan je dat in eerste instantie doen met: Mensen in je eigen netwerk De leidster van het dagverblijf of de leerkracht van school Zorgverleners in de eerstelijnszorg Mensen in je eigen netwerk Mensen in je omgeving zijn vaak goed bereikbaar. Denk aan familieleden, vrienden en [&hellip;]<\/p>\n","protected":false},"author":27,"featured_media":5934,"parent":1893,"menu_order":0,"comment_status":"closed","ping_status":"closed","template":"template-page-full-width-image.php","meta":{"_acf_changed":false,"footnotes":""},"class_list":["post-673","page","type-page","status-publish","has-post-thumbnail","hentry"],"acf":[],"yoast_head":"<!-- This site is optimized with the Yoast SEO plugin v27.3 - https:\/\/yoast.com\/product\/yoast-seo-wordpress\/ -->\n<title>Heeft mijn kind misschien autisme?<\/title>\n<meta name=\"description\" content=\"Je maakt je zorgen om de ontwikkeling van je kind. Heeft het misschien autisme? Bespreek jouw zorgen! Op deze plekken kan je terecht.\" \/>\n<meta name=\"robots\" content=\"index, follow, max-snippet:-1, max-image-preview:large, max-video-preview:-1\" \/>\n<link rel=\"canonical\" href=\"https:\/\/www.autismejongekind.nl\/tr\/cocuklarda-otizm-ebeveynler-icin-bilgilendirme\/otizm-suphesi-durumunda-adim-adim-plan\/ilk-endiselerinizi-tartismak\/\" \/>\n<meta property=\"og:locale\" content=\"tr_TR\" \/>\n<meta property=\"og:type\" content=\"article\" \/>\n<meta property=\"og:title\" content=\"Heeft mijn kind misschien autisme?\" \/>\n<meta property=\"og:description\" content=\"Je maakt je zorgen om de ontwikkeling van je kind. Heeft het misschien autisme? Bespreek jouw zorgen! Op deze plekken kan je terecht.\" \/>\n<meta property=\"og:url\" content=\"https:\/\/www.autismejongekind.nl\/tr\/cocuklarda-otizm-ebeveynler-icin-bilgilendirme\/otizm-suphesi-durumunda-adim-adim-plan\/ilk-endiselerinizi-tartismak\/\" \/>\n<meta property=\"og:site_name\" content=\"Autisme Jonge Kind\" \/>\n<meta property=\"article:modified_time\" content=\"2023-07-07T11:56:58+00:00\" \/>\n<meta property=\"og:image\" content=\"https:\/\/www.autismejongekind.nl\/wp-content\/uploads\/2023\/03\/zorgen-over-je-kind-bespreken-scaled.jpg\" \/>\n\t<meta property=\"og:image:width\" content=\"2560\" \/>\n\t<meta property=\"og:image:height\" content=\"2356\" \/>\n\t<meta property=\"og:image:type\" content=\"image\/jpeg\" \/>\n<meta name=\"twitter:card\" content=\"summary_large_image\" \/>\n<meta name=\"twitter:label1\" content=\"Tahmini okuma s\u00fcresi\" \/>\n\t<meta name=\"twitter:data1\" content=\"4 dakika\" \/>\n<script type=\"application\/ld+json\" class=\"yoast-schema-graph\">{\"@context\":\"https:\\\/\\\/schema.org\",\"@graph\":[{\"@type\":\"WebPage\",\"@id\":\"https:\\\/\\\/www.autismejongekind.nl\\\/autisme-bij-kinderen-informatie-voor-ouders\\\/stappenplan-bij-een-vermoeden-van-autisme\\\/de-eerste-zorgen-over-je-kind-bespreken\\\/\",\"url\":\"https:\\\/\\\/www.autismejongekind.nl\\\/autisme-bij-kinderen-informatie-voor-ouders\\\/stappenplan-bij-een-vermoeden-van-autisme\\\/de-eerste-zorgen-over-je-kind-bespreken\\\/\",\"name\":\"Heeft mijn kind misschien autisme?\",\"isPartOf\":{\"@id\":\"https:\\\/\\\/www.autismejongekind.nl\\\/#website\"},\"primaryImageOfPage\":{\"@id\":\"https:\\\/\\\/www.autismejongekind.nl\\\/autisme-bij-kinderen-informatie-voor-ouders\\\/stappenplan-bij-een-vermoeden-van-autisme\\\/de-eerste-zorgen-over-je-kind-bespreken\\\/#primaryimage\"},\"image\":{\"@id\":\"https:\\\/\\\/www.autismejongekind.nl\\\/autisme-bij-kinderen-informatie-voor-ouders\\\/stappenplan-bij-een-vermoeden-van-autisme\\\/de-eerste-zorgen-over-je-kind-bespreken\\\/#primaryimage\"},\"thumbnailUrl\":\"https:\\\/\\\/www.autismejongekind.nl\\\/wp-content\\\/uploads\\\/2023\\\/03\\\/zorgen-over-je-kind-bespreken-scaled.jpg\",\"datePublished\":\"2023-03-26T08:03:01+00:00\",\"dateModified\":\"2023-07-07T11:56:58+00:00\",\"description\":\"Je maakt je zorgen om de ontwikkeling van je kind. Heeft het misschien autisme? Bespreek jouw zorgen! Op deze plekken kan je terecht.\",\"breadcrumb\":{\"@id\":\"https:\\\/\\\/www.autismejongekind.nl\\\/autisme-bij-kinderen-informatie-voor-ouders\\\/stappenplan-bij-een-vermoeden-van-autisme\\\/de-eerste-zorgen-over-je-kind-bespreken\\\/#breadcrumb\"},\"inLanguage\":\"tr\",\"potentialAction\":[{\"@type\":\"ReadAction\",\"target\":[\"https:\\\/\\\/www.autismejongekind.nl\\\/autisme-bij-kinderen-informatie-voor-ouders\\\/stappenplan-bij-een-vermoeden-van-autisme\\\/de-eerste-zorgen-over-je-kind-bespreken\\\/\"]}]},{\"@type\":\"ImageObject\",\"inLanguage\":\"tr\",\"@id\":\"https:\\\/\\\/www.autismejongekind.nl\\\/autisme-bij-kinderen-informatie-voor-ouders\\\/stappenplan-bij-een-vermoeden-van-autisme\\\/de-eerste-zorgen-over-je-kind-bespreken\\\/#primaryimage\",\"url\":\"https:\\\/\\\/www.autismejongekind.nl\\\/wp-content\\\/uploads\\\/2023\\\/03\\\/zorgen-over-je-kind-bespreken-scaled.jpg\",\"contentUrl\":\"https:\\\/\\\/www.autismejongekind.nl\\\/wp-content\\\/uploads\\\/2023\\\/03\\\/zorgen-over-je-kind-bespreken-scaled.jpg\",\"width\":2560,\"height\":2356,\"caption\":\"autisme ontwikkeling\"},{\"@type\":\"BreadcrumbList\",\"@id\":\"https:\\\/\\\/www.autismejongekind.nl\\\/autisme-bij-kinderen-informatie-voor-ouders\\\/stappenplan-bij-een-vermoeden-van-autisme\\\/de-eerste-zorgen-over-je-kind-bespreken\\\/#breadcrumb\",\"itemListElement\":[{\"@type\":\"ListItem\",\"position\":1,\"name\":\"Home\",\"item\":\"https:\\\/\\\/www.autismejongekind.nl\\\/\"},{\"@type\":\"ListItem\",\"position\":2,\"name\":\"Autisme bij kinderen: informatie voor ouders\",\"item\":\"https:\\\/\\\/www.autismejongekind.nl\\\/autisme-bij-kinderen-informatie-voor-ouders\\\/\"},{\"@type\":\"ListItem\",\"position\":3,\"name\":\"Stappenplan bij een vermoeden van autisme\",\"item\":\"https:\\\/\\\/www.autismejongekind.nl\\\/autisme-bij-kinderen-informatie-voor-ouders\\\/stappenplan-bij-een-vermoeden-van-autisme\\\/\"},{\"@type\":\"ListItem\",\"position\":4,\"name\":\"De eerste zorgen over je kind bespreken\"}]},{\"@type\":\"WebSite\",\"@id\":\"https:\\\/\\\/www.autismejongekind.nl\\\/#website\",\"url\":\"https:\\\/\\\/www.autismejongekind.nl\\\/\",\"name\":\"Autisme Jonge Kind\",\"description\":\"\",\"potentialAction\":[{\"@type\":\"SearchAction\",\"target\":{\"@type\":\"EntryPoint\",\"urlTemplate\":\"https:\\\/\\\/www.autismejongekind.nl\\\/?s={search_term_string}\"},\"query-input\":{\"@type\":\"PropertyValueSpecification\",\"valueRequired\":true,\"valueName\":\"search_term_string\"}}],\"inLanguage\":\"tr\"}]}<\/script>\n<!-- \/ Yoast SEO plugin. -->","yoast_head_json":{"title":"\u00c7ocu\u011fum otizmli olabilir mi?","description":"\u00c7ocu\u011funuzun geli\u015fimi hakk\u0131nda endi\u015feleniyorsunuz. Otizmli olabilir mi? Endi\u015felerinizi tart\u0131\u015f\u0131n! Ba\u015fvurabilece\u011finiz birka\u00e7 yer var.","robots":{"index":"index","follow":"follow","max-snippet":"max-snippet:-1","max-image-preview":"max-image-preview:large","max-video-preview":"max-video-preview:-1"},"canonical":"https:\/\/www.autismejongekind.nl\/tr\/cocuklarda-otizm-ebeveynler-icin-bilgilendirme\/otizm-suphesi-durumunda-adim-adim-plan\/ilk-endiselerinizi-tartismak\/","og_locale":"tr_TR","og_type":"article","og_title":"Heeft mijn kind misschien autisme?","og_description":"Je maakt je zorgen om de ontwikkeling van je kind. Heeft het misschien autisme? Bespreek jouw zorgen! Op deze plekken kan je terecht.","og_url":"https:\/\/www.autismejongekind.nl\/tr\/cocuklarda-otizm-ebeveynler-icin-bilgilendirme\/otizm-suphesi-durumunda-adim-adim-plan\/ilk-endiselerinizi-tartismak\/","og_site_name":"Autisme Jonge Kind","article_modified_time":"2023-07-07T11:56:58+00:00","og_image":[{"width":2560,"height":2356,"url":"https:\/\/www.autismejongekind.nl\/wp-content\/uploads\/2023\/03\/zorgen-over-je-kind-bespreken-scaled.jpg","type":"image\/jpeg"}],"twitter_card":"summary_large_image","twitter_misc":{"Tahmini okuma s\u00fcresi":"4 dakika"},"schema":{"@context":"https:\/\/schema.org","@graph":[{"@type":"WebPage","@id":"https:\/\/www.autismejongekind.nl\/autisme-bij-kinderen-informatie-voor-ouders\/stappenplan-bij-een-vermoeden-van-autisme\/de-eerste-zorgen-over-je-kind-bespreken\/","url":"https:\/\/www.autismejongekind.nl\/autisme-bij-kinderen-informatie-voor-ouders\/stappenplan-bij-een-vermoeden-van-autisme\/de-eerste-zorgen-over-je-kind-bespreken\/","name":"\u00c7ocu\u011fum otizmli olabilir mi?","isPartOf":{"@id":"https:\/\/www.autismejongekind.nl\/#website"},"primaryImageOfPage":{"@id":"https:\/\/www.autismejongekind.nl\/autisme-bij-kinderen-informatie-voor-ouders\/stappenplan-bij-een-vermoeden-van-autisme\/de-eerste-zorgen-over-je-kind-bespreken\/#primaryimage"},"image":{"@id":"https:\/\/www.autismejongekind.nl\/autisme-bij-kinderen-informatie-voor-ouders\/stappenplan-bij-een-vermoeden-van-autisme\/de-eerste-zorgen-over-je-kind-bespreken\/#primaryimage"},"thumbnailUrl":"https:\/\/www.autismejongekind.nl\/wp-content\/uploads\/2023\/03\/zorgen-over-je-kind-bespreken-scaled.jpg","datePublished":"2023-03-26T08:03:01+00:00","dateModified":"2023-07-07T11:56:58+00:00","description":"\u00c7ocu\u011funuzun geli\u015fimi hakk\u0131nda endi\u015feleniyorsunuz. Otizmli olabilir mi? Endi\u015felerinizi tart\u0131\u015f\u0131n! Ba\u015fvurabilece\u011finiz birka\u00e7 yer var.","breadcrumb":{"@id":"https:\/\/www.autismejongekind.nl\/autisme-bij-kinderen-informatie-voor-ouders\/stappenplan-bij-een-vermoeden-van-autisme\/de-eerste-zorgen-over-je-kind-bespreken\/#breadcrumb"},"inLanguage":"tr","potentialAction":[{"@type":"ReadAction","target":["https:\/\/www.autismejongekind.nl\/autisme-bij-kinderen-informatie-voor-ouders\/stappenplan-bij-een-vermoeden-van-autisme\/de-eerste-zorgen-over-je-kind-bespreken\/"]}]},{"@type":"ImageObject","inLanguage":"tr","@id":"https:\/\/www.autismejongekind.nl\/autisme-bij-kinderen-informatie-voor-ouders\/stappenplan-bij-een-vermoeden-van-autisme\/de-eerste-zorgen-over-je-kind-bespreken\/#primaryimage","url":"https:\/\/www.autismejongekind.nl\/wp-content\/uploads\/2023\/03\/zorgen-over-je-kind-bespreken-scaled.jpg","contentUrl":"https:\/\/www.autismejongekind.nl\/wp-content\/uploads\/2023\/03\/zorgen-over-je-kind-bespreken-scaled.jpg","width":2560,"height":2356,"caption":"autisme ontwikkeling"},{"@type":"BreadcrumbList","@id":"https:\/\/www.autismejongekind.nl\/autisme-bij-kinderen-informatie-voor-ouders\/stappenplan-bij-een-vermoeden-van-autisme\/de-eerste-zorgen-over-je-kind-bespreken\/#breadcrumb","itemListElement":[{"@type":"ListItem","position":1,"name":"Home","item":"https:\/\/www.autismejongekind.nl\/"},{"@type":"ListItem","position":2,"name":"Autisme bij kinderen: informatie voor ouders","item":"https:\/\/www.autismejongekind.nl\/autisme-bij-kinderen-informatie-voor-ouders\/"},{"@type":"ListItem","position":3,"name":"Stappenplan bij een vermoeden van autisme","item":"https:\/\/www.autismejongekind.nl\/autisme-bij-kinderen-informatie-voor-ouders\/stappenplan-bij-een-vermoeden-van-autisme\/"},{"@type":"ListItem","position":4,"name":"De eerste zorgen over je kind bespreken"}]},{"@type":"WebSite","@id":"https:\/\/www.autismejongekind.nl\/#website","url":"https:\/\/www.autismejongekind.nl\/","name":"Autisme Jonge Kind","description":"","potentialAction":[{"@type":"SearchAction","target":{"@type":"EntryPoint","urlTemplate":"https:\/\/www.autismejongekind.nl\/?s={search_term_string}"},"query-input":{"@type":"PropertyValueSpecification","valueRequired":true,"valueName":"search_term_string"}}],"inLanguage":"tr"}]}},"_links":{"self":[{"href":"https:\/\/www.autismejongekind.nl\/tr\/wp-json\/wp\/v2\/pages\/673","targetHints":{"allow":["GET"]}}],"collection":[{"href":"https:\/\/www.autismejongekind.nl\/tr\/wp-json\/wp\/v2\/pages"}],"about":[{"href":"https:\/\/www.autismejongekind.nl\/tr\/wp-json\/wp\/v2\/types\/page"}],"author":[{"embeddable":true,"href":"https:\/\/www.autismejongekind.nl\/tr\/wp-json\/wp\/v2\/users\/27"}],"replies":[{"embeddable":true,"href":"https:\/\/www.autismejongekind.nl\/tr\/wp-json\/wp\/v2\/comments?post=673"}],"version-history":[{"count":81,"href":"https:\/\/www.autismejongekind.nl\/tr\/wp-json\/wp\/v2\/pages\/673\/revisions"}],"predecessor-version":[{"id":6975,"href":"https:\/\/www.autismejongekind.nl\/tr\/wp-json\/wp\/v2\/pages\/673\/revisions\/6975"}],"up":[{"embeddable":true,"href":"https:\/\/www.autismejongekind.nl\/tr\/wp-json\/wp\/v2\/pages\/1893"}],"wp:featuredmedia":[{"embeddable":true,"href":"https:\/\/www.autismejongekind.nl\/tr\/wp-json\/wp\/v2\/media\/5934"}],"wp:attachment":[{"href":"https:\/\/www.autismejongekind.nl\/tr\/wp-json\/wp\/v2\/media?parent=673"}],"curies":[{"name":"wp","href":"https:\/\/api.w.org\/{rel}","templated":true}]}}