{"id":6595,"date":"2023-06-21T16:50:21","date_gmt":"2023-06-21T14:50:21","guid":{"rendered":"https:\/\/www.autismejongekind.nl\/?page_id=6595"},"modified":"2023-06-21T16:50:21","modified_gmt":"2023-06-21T14:50:21","slug":"beklemek-mi-yoksa-harekete-gecmek-mi-2","status":"publish","type":"page","link":"https:\/\/www.autismejongekind.nl\/tr\/professionals\/van-vroegherkenning-tot-diagnostiek\/afwachten-of-actie-ondernemen\/","title":{"rendered":"Beklemek mi, yoksa harekete ge\u00e7mek mi?"},"content":{"rendered":"<p><strong>Ouders van kinderen met autisme (ASS) geven regelmatig aan: \u201cIk had al vanaf dat hij een baby was het gevoel dat er iets niet klopte, dat hij anders was, maar iedereen zei dat het vanzelf wel goed zou komen.\u201d Toch krijgen deze kinderen en hun ouders niet altijd op tijd hulp.<\/strong><\/p>\n<h2>Professionals die willen afwachten<\/h2>\n<p>Professionals in de nulde en eerste lijn (zoals een jeugdarts of huisarts) wachten vaak af bij ontwikkelingsproblemen bij jonge kinderen. Bij de meeste kinderen die zij zien zijn de problemen namelijk van voorbijgaande aard.<\/p>\n<p>Soms blijken de problemen serieuzer te zijn of niet weg te gaan. De volgende stap is dan laagdrempelige hulp. Als deze hulp niet (genoeg) werkt, kan je intensievere of meer gespecialiseerde hulp aanbieden. In sommige gevallen is deze werkwijze passend. Maar in het geval van autisme kan dit onnodig vertraging opleveren. Hierdoor raken ouders en kind gefrustreerd, omdat de geboden hulp onvoldoende aansluit.<\/p>\n<h2>Ouders die willen afwachten<\/h2>\n<p>Soms zijn ouders nog niet toe aan een stap richting de specialistische GGZ (s-GGZ). Veel ouders van jonge kinderen twijfelen of onderzoek al nodig is. Zij wachten liever de ontwikkeling van hun kind af. Zeker als zij zelf geen grote problemen ervaren in de opvoeding van hun kind.<\/p>\n<h2>Redenen om actie te ondernemen<\/h2>\n<p>Het is geen makkelijke keuze of een heel jong kind met mogelijk autisme specialistische hulp nodig heeft. Niet voor ouders en niet voor professionals. Toch zijn er goede redenen om w\u00e9l actie te ondernemen:<\/p>\n<ul>\n<li><strong>K\u00fc\u00e7\u00fck \u00e7ocuklar h\u0131zl\u0131 \u00f6\u011frenir<\/strong><br \/>\nK\u00fc\u00e7\u00fck \u00e7ocuklar\u0131n beyinleri (\u00f6zellikle 3 ya\u015f\u0131n alt\u0131ndakiler) daha b\u00fcy\u00fck \u00e7ocuklar\u0131n veya yeti\u015fkinlerin beyinlerinden daha esnektir. Bu nedenle k\u00fc\u00e7\u00fck \u00e7ocuklar yeni becerileri daha kolay \u00f6\u011frenirler.\nK\u00fc\u00e7\u00fck \u00e7ocuklar\u0131n beyinleri (\u00f6zellikle 3 ya\u015f\u0131n alt\u0131ndakiler), daha b\u00fcy\u00fck \u00e7ocuklar\u0131n veya yeti\u015fkinlerin beyinlerinden daha esnektir. Bu nedenle k\u00fc\u00e7\u00fck \u00e7ocuklar yeni becerileri daha kolay \u00f6\u011frenirler.<\/li>\n<li><strong>Voorkomen dat ouders en kind gefrustreerd raken<\/strong><br \/>\nSoms blijken de problemen van het kind serieuzer te zijn of niet weg te gaan. De volgende stap is dan laagdrempelige hulp. Als deze hulp niet (genoeg) werkt, kan je intensievere of meer gespecialiseerde hulp aanbieden. In sommige gevallen is deze werkwijze passend. Maar in het geval van autisme kan dit onnodig vertraging opleveren. Hierdoor raken ouders en kind gefrustreerd, omdat de geboden hulp onvoldoende aansluit.<\/li>\n<li><strong>Andere ontwikkelingsproblemen voorkomen<\/strong><br \/>\nIn de eerste vier levensjaren groeien kinderen snel en op verschillende gebieden tegelijk. Ze ontwikkelen zich motorisch, emotioneel, cognitief, sociaal en ook op taal- en spraakgebied. Deze ontwikkelingsgebieden zijn sterk met elkaar verweven. Nieuwe dingen leren op het ene gebied be\u00efnvloeden ook de ontwikkeling van een ander gebied. Leren lopen is bijvoorbeeld een ontwikkeling op motorisch gebied. Maar het heeft ook invloed op de ontwikkeling van het begrijpen van dingen (cognitie). De wereld van het kindje wordt namelijk groter en daardoor kan het meer ontdekken. Omgekeerd kan een probleem op het ene gebied ook een negatief effect hebben op andere gebieden.<\/li>\n<\/ul>","protected":false},"excerpt":{"rendered":"<p>Ouders van kinderen met autisme (ASS) geven regelmatig aan: \u201cIk had al vanaf dat hij een baby was het gevoel dat er iets niet klopte, dat hij anders was, maar iedereen zei dat het vanzelf wel goed zou komen.\u201d Toch krijgen deze kinderen en hun ouders niet altijd op tijd hulp. Professionals die willen afwachten [&hellip;]<\/p>\n","protected":false},"author":27,"featured_media":5842,"parent":1140,"menu_order":0,"comment_status":"closed","ping_status":"closed","template":"template-page-full-width-image.php","meta":{"_acf_changed":false,"footnotes":""},"class_list":["post-6595","page","type-page","status-publish","has-post-thumbnail","hentry"],"acf":[],"yoast_head":"<!-- This site is optimized with the Yoast SEO plugin v27.3 - https:\/\/yoast.com\/product\/yoast-seo-wordpress\/ -->\n<title>Kenmerken van autisme: afwachten of actie ondernemen?<\/title>\n<meta name=\"description\" content=\"Jonge kinderen met autisme geef je het liefst zo snel mogelijk hulp. Maar wat als je nog niet zeker bent of het wel om autisme gaat?\" \/>\n<meta name=\"robots\" content=\"index, follow, max-snippet:-1, max-image-preview:large, max-video-preview:-1\" \/>\n<link rel=\"canonical\" href=\"https:\/\/www.autismejongekind.nl\/tr\/professionals\/van-vroegherkenning-tot-diagnostiek\/beklemek-mi-yoksa-harekete-gecmek-mi-2\/\" \/>\n<meta property=\"og:locale\" content=\"tr_TR\" \/>\n<meta property=\"og:type\" content=\"article\" \/>\n<meta property=\"og:title\" content=\"Kenmerken van autisme: afwachten of actie ondernemen?\" \/>\n<meta property=\"og:description\" content=\"Jonge kinderen met autisme geef je het liefst zo snel mogelijk hulp. Maar wat als je nog niet zeker bent of het wel om autisme gaat?\" \/>\n<meta property=\"og:url\" content=\"https:\/\/www.autismejongekind.nl\/tr\/professionals\/van-vroegherkenning-tot-diagnostiek\/beklemek-mi-yoksa-harekete-gecmek-mi-2\/\" \/>\n<meta property=\"og:site_name\" content=\"Autisme Jonge Kind\" \/>\n<meta property=\"og:image\" content=\"https:\/\/www.autismejongekind.nl\/wp-content\/uploads\/2023\/03\/afwachten-of-actie-ondernemen-bij-autisme-scaled.jpg\" \/>\n\t<meta property=\"og:image:width\" content=\"2560\" \/>\n\t<meta property=\"og:image:height\" content=\"1707\" \/>\n\t<meta property=\"og:image:type\" content=\"image\/jpeg\" \/>\n<meta name=\"twitter:card\" content=\"summary_large_image\" \/>\n<meta name=\"twitter:label1\" content=\"Tahmini okuma s\u00fcresi\" \/>\n\t<meta name=\"twitter:data1\" content=\"3 dakika\" \/>\n<script type=\"application\/ld+json\" class=\"yoast-schema-graph\">{\"@context\":\"https:\\\/\\\/schema.org\",\"@graph\":[{\"@type\":\"WebPage\",\"@id\":\"https:\\\/\\\/www.autismejongekind.nl\\\/professionals\\\/van-vroegherkenning-tot-diagnostiek\\\/afwachten-of-actie-ondernemen\\\/\",\"url\":\"https:\\\/\\\/www.autismejongekind.nl\\\/professionals\\\/van-vroegherkenning-tot-diagnostiek\\\/afwachten-of-actie-ondernemen\\\/\",\"name\":\"Kenmerken van autisme: afwachten of actie ondernemen?\",\"isPartOf\":{\"@id\":\"https:\\\/\\\/www.autismejongekind.nl\\\/#website\"},\"primaryImageOfPage\":{\"@id\":\"https:\\\/\\\/www.autismejongekind.nl\\\/professionals\\\/van-vroegherkenning-tot-diagnostiek\\\/afwachten-of-actie-ondernemen\\\/#primaryimage\"},\"image\":{\"@id\":\"https:\\\/\\\/www.autismejongekind.nl\\\/professionals\\\/van-vroegherkenning-tot-diagnostiek\\\/afwachten-of-actie-ondernemen\\\/#primaryimage\"},\"thumbnailUrl\":\"https:\\\/\\\/www.autismejongekind.nl\\\/wp-content\\\/uploads\\\/2023\\\/03\\\/afwachten-of-actie-ondernemen-bij-autisme-scaled.jpg\",\"datePublished\":\"2023-06-21T14:50:21+00:00\",\"description\":\"Jonge kinderen met autisme geef je het liefst zo snel mogelijk hulp. Maar wat als je nog niet zeker bent of het wel om autisme gaat?\",\"breadcrumb\":{\"@id\":\"https:\\\/\\\/www.autismejongekind.nl\\\/professionals\\\/van-vroegherkenning-tot-diagnostiek\\\/afwachten-of-actie-ondernemen\\\/#breadcrumb\"},\"inLanguage\":\"tr\",\"potentialAction\":[{\"@type\":\"ReadAction\",\"target\":[\"https:\\\/\\\/www.autismejongekind.nl\\\/professionals\\\/van-vroegherkenning-tot-diagnostiek\\\/afwachten-of-actie-ondernemen\\\/\"]}]},{\"@type\":\"ImageObject\",\"inLanguage\":\"tr\",\"@id\":\"https:\\\/\\\/www.autismejongekind.nl\\\/professionals\\\/van-vroegherkenning-tot-diagnostiek\\\/afwachten-of-actie-ondernemen\\\/#primaryimage\",\"url\":\"https:\\\/\\\/www.autismejongekind.nl\\\/wp-content\\\/uploads\\\/2023\\\/03\\\/afwachten-of-actie-ondernemen-bij-autisme-scaled.jpg\",\"contentUrl\":\"https:\\\/\\\/www.autismejongekind.nl\\\/wp-content\\\/uploads\\\/2023\\\/03\\\/afwachten-of-actie-ondernemen-bij-autisme-scaled.jpg\",\"width\":2560,\"height\":1707,\"caption\":\"afwachten of actie ondernemen bij autisme\"},{\"@type\":\"BreadcrumbList\",\"@id\":\"https:\\\/\\\/www.autismejongekind.nl\\\/professionals\\\/van-vroegherkenning-tot-diagnostiek\\\/afwachten-of-actie-ondernemen\\\/#breadcrumb\",\"itemListElement\":[{\"@type\":\"ListItem\",\"position\":1,\"name\":\"Home\",\"item\":\"https:\\\/\\\/www.autismejongekind.nl\\\/\"},{\"@type\":\"ListItem\",\"position\":2,\"name\":\"Professionals\",\"item\":\"https:\\\/\\\/www.autismejongekind.nl\\\/professionals\\\/\"},{\"@type\":\"ListItem\",\"position\":3,\"name\":\"Van vroegherkenning tot diagnostiek\",\"item\":\"https:\\\/\\\/www.autismejongekind.nl\\\/professionals\\\/van-vroegherkenning-tot-diagnostiek\\\/\"},{\"@type\":\"ListItem\",\"position\":4,\"name\":\"Afwachten of actie ondernemen\"}]},{\"@type\":\"WebSite\",\"@id\":\"https:\\\/\\\/www.autismejongekind.nl\\\/#website\",\"url\":\"https:\\\/\\\/www.autismejongekind.nl\\\/\",\"name\":\"Autisme Jonge Kind\",\"description\":\"\",\"potentialAction\":[{\"@type\":\"SearchAction\",\"target\":{\"@type\":\"EntryPoint\",\"urlTemplate\":\"https:\\\/\\\/www.autismejongekind.nl\\\/?s={search_term_string}\"},\"query-input\":{\"@type\":\"PropertyValueSpecification\",\"valueRequired\":true,\"valueName\":\"search_term_string\"}}],\"inLanguage\":\"tr\"}]}<\/script>\n<!-- \/ Yoast SEO plugin. -->","yoast_head_json":{"title":"Kenmerken van autisme: afwachten of actie ondernemen?","description":"Jonge kinderen met autisme geef je het liefst zo snel mogelijk hulp. Maar wat als je nog niet zeker bent of het wel om autisme gaat?","robots":{"index":"index","follow":"follow","max-snippet":"max-snippet:-1","max-image-preview":"max-image-preview:large","max-video-preview":"max-video-preview:-1"},"canonical":"https:\/\/www.autismejongekind.nl\/tr\/professionals\/van-vroegherkenning-tot-diagnostiek\/beklemek-mi-yoksa-harekete-gecmek-mi-2\/","og_locale":"tr_TR","og_type":"article","og_title":"Kenmerken van autisme: afwachten of actie ondernemen?","og_description":"Jonge kinderen met autisme geef je het liefst zo snel mogelijk hulp. Maar wat als je nog niet zeker bent of het wel om autisme gaat?","og_url":"https:\/\/www.autismejongekind.nl\/tr\/professionals\/van-vroegherkenning-tot-diagnostiek\/beklemek-mi-yoksa-harekete-gecmek-mi-2\/","og_site_name":"Autisme Jonge Kind","og_image":[{"width":2560,"height":1707,"url":"https:\/\/www.autismejongekind.nl\/wp-content\/uploads\/2023\/03\/afwachten-of-actie-ondernemen-bij-autisme-scaled.jpg","type":"image\/jpeg"}],"twitter_card":"summary_large_image","twitter_misc":{"Tahmini okuma s\u00fcresi":"3 dakika"},"schema":{"@context":"https:\/\/schema.org","@graph":[{"@type":"WebPage","@id":"https:\/\/www.autismejongekind.nl\/professionals\/van-vroegherkenning-tot-diagnostiek\/afwachten-of-actie-ondernemen\/","url":"https:\/\/www.autismejongekind.nl\/professionals\/van-vroegherkenning-tot-diagnostiek\/afwachten-of-actie-ondernemen\/","name":"Kenmerken van autisme: afwachten of actie ondernemen?","isPartOf":{"@id":"https:\/\/www.autismejongekind.nl\/#website"},"primaryImageOfPage":{"@id":"https:\/\/www.autismejongekind.nl\/professionals\/van-vroegherkenning-tot-diagnostiek\/afwachten-of-actie-ondernemen\/#primaryimage"},"image":{"@id":"https:\/\/www.autismejongekind.nl\/professionals\/van-vroegherkenning-tot-diagnostiek\/afwachten-of-actie-ondernemen\/#primaryimage"},"thumbnailUrl":"https:\/\/www.autismejongekind.nl\/wp-content\/uploads\/2023\/03\/afwachten-of-actie-ondernemen-bij-autisme-scaled.jpg","datePublished":"2023-06-21T14:50:21+00:00","description":"Jonge kinderen met autisme geef je het liefst zo snel mogelijk hulp. Maar wat als je nog niet zeker bent of het wel om autisme gaat?","breadcrumb":{"@id":"https:\/\/www.autismejongekind.nl\/professionals\/van-vroegherkenning-tot-diagnostiek\/afwachten-of-actie-ondernemen\/#breadcrumb"},"inLanguage":"tr","potentialAction":[{"@type":"ReadAction","target":["https:\/\/www.autismejongekind.nl\/professionals\/van-vroegherkenning-tot-diagnostiek\/afwachten-of-actie-ondernemen\/"]}]},{"@type":"ImageObject","inLanguage":"tr","@id":"https:\/\/www.autismejongekind.nl\/professionals\/van-vroegherkenning-tot-diagnostiek\/afwachten-of-actie-ondernemen\/#primaryimage","url":"https:\/\/www.autismejongekind.nl\/wp-content\/uploads\/2023\/03\/afwachten-of-actie-ondernemen-bij-autisme-scaled.jpg","contentUrl":"https:\/\/www.autismejongekind.nl\/wp-content\/uploads\/2023\/03\/afwachten-of-actie-ondernemen-bij-autisme-scaled.jpg","width":2560,"height":1707,"caption":"afwachten of actie ondernemen bij autisme"},{"@type":"BreadcrumbList","@id":"https:\/\/www.autismejongekind.nl\/professionals\/van-vroegherkenning-tot-diagnostiek\/afwachten-of-actie-ondernemen\/#breadcrumb","itemListElement":[{"@type":"ListItem","position":1,"name":"Home","item":"https:\/\/www.autismejongekind.nl\/"},{"@type":"ListItem","position":2,"name":"Professionals","item":"https:\/\/www.autismejongekind.nl\/professionals\/"},{"@type":"ListItem","position":3,"name":"Van vroegherkenning tot diagnostiek","item":"https:\/\/www.autismejongekind.nl\/professionals\/van-vroegherkenning-tot-diagnostiek\/"},{"@type":"ListItem","position":4,"name":"Afwachten of actie ondernemen"}]},{"@type":"WebSite","@id":"https:\/\/www.autismejongekind.nl\/#website","url":"https:\/\/www.autismejongekind.nl\/","name":"Autisme Jonge Kind","description":"","potentialAction":[{"@type":"SearchAction","target":{"@type":"EntryPoint","urlTemplate":"https:\/\/www.autismejongekind.nl\/?s={search_term_string}"},"query-input":{"@type":"PropertyValueSpecification","valueRequired":true,"valueName":"search_term_string"}}],"inLanguage":"tr"}]}},"_links":{"self":[{"href":"https:\/\/www.autismejongekind.nl\/tr\/wp-json\/wp\/v2\/pages\/6595","targetHints":{"allow":["GET"]}}],"collection":[{"href":"https:\/\/www.autismejongekind.nl\/tr\/wp-json\/wp\/v2\/pages"}],"about":[{"href":"https:\/\/www.autismejongekind.nl\/tr\/wp-json\/wp\/v2\/types\/page"}],"author":[{"embeddable":true,"href":"https:\/\/www.autismejongekind.nl\/tr\/wp-json\/wp\/v2\/users\/27"}],"replies":[{"embeddable":true,"href":"https:\/\/www.autismejongekind.nl\/tr\/wp-json\/wp\/v2\/comments?post=6595"}],"version-history":[{"count":2,"href":"https:\/\/www.autismejongekind.nl\/tr\/wp-json\/wp\/v2\/pages\/6595\/revisions"}],"predecessor-version":[{"id":6597,"href":"https:\/\/www.autismejongekind.nl\/tr\/wp-json\/wp\/v2\/pages\/6595\/revisions\/6597"}],"up":[{"embeddable":true,"href":"https:\/\/www.autismejongekind.nl\/tr\/wp-json\/wp\/v2\/pages\/1140"}],"wp:featuredmedia":[{"embeddable":true,"href":"https:\/\/www.autismejongekind.nl\/tr\/wp-json\/wp\/v2\/media\/5842"}],"wp:attachment":[{"href":"https:\/\/www.autismejongekind.nl\/tr\/wp-json\/wp\/v2\/media?parent=6595"}],"curies":[{"name":"wp","href":"https:\/\/api.w.org\/{rel}","templated":true}]}}