{"id":6355,"date":"2023-04-30T23:22:25","date_gmt":"2023-04-30T21:22:25","guid":{"rendered":"https:\/\/www.autismejongekind.nl\/?page_id=6355"},"modified":"2023-07-07T10:38:47","modified_gmt":"2023-07-07T08:38:47","slug":"otizm-kizlarda-erkeklerden-farkli-midir","status":"publish","type":"page","link":"https:\/\/www.autismejongekind.nl\/tr\/autisme-bij-kinderen-informatie-voor-ouders\/wat-is-autisme\/is-autisme-bij-meisjes-anders-dan-bij-jongens\/","title":{"rendered":"Otizm k\u0131z ve erkek \u00e7ocuklarda farkl\u0131l\u0131k g\u00f6sterir mi?"},"content":{"rendered":"<p><strong>Bununla birlikte, bazen farkl\u0131 g\u00f6r\u00fcnebilir veya fark edilmesi daha zor olabilir. Bu her zaman b\u00f6yle de\u011fildir: baz\u0131 k\u0131zlar daha belirgin otizm belirtileri g\u00f6sterebilir. Di\u011fer yandan, fark edilmesi daha zor otizmi olan erkekler de vard\u0131r.<\/strong><\/p>\n<h2>Neden bazen otizm k\u0131zlarda daha az fark edilir?<\/h2>\n<ul>\n<li><strong>Otizmli k\u0131zlar genellikle sosyal ilgi ve motivasyon g\u00f6sterirler.<\/strong> \u00d6rne\u011fin, uygun bir \u015fekilde g\u00f6z temas\u0131 kurarlar ve jest ve y\u00fcz ifadelerini do\u011fru bir \u015fekilde kullan\u0131rlar. Otizm belirtileri etkile\u015fimlerinde daha k\u00fc\u00e7\u00fck \u015fekillerde daha belirgin hale gelir. \u00d6rne\u011fin, \u00e7ok kontrolc\u00fc olmalar\u0131, takip etmeleri, \u00f6zg\u00fcr olmalar\u0131 ya da di\u011fer yandan \u00e7ekingen\/kayg\u0131l\u0131 olmalar\u0131 gibi.<\/li>\n<li><strong>K\u0131zlar genellikle oyun oynarm\u0131\u015f gibi g\u00f6r\u00fcn\u00fcr, <\/strong>ancak yak\u0131ndan incelendi\u011finde bunun genellikle taklit veya s\u0131ralama (\u015feyleri de\u011fi\u015ftirmeden) i\u00e7erdi\u011fi ortaya \u00e7\u0131kar. Bu durum, otizmle ili\u015fkilendirilebilir olabilir.<\/li>\n<li><strong>Otizmli k\u0131zlar genellikle \"normal\" k\u0131z konular\u0131na yo\u011fun ilgi g\u00f6sterirler. <\/strong>\u00d6rne\u011fin, hayvanlar, resim \u00e7izme, prensesler veya pembe renk gibi. Bu, bu \u00e7ok g\u00fc\u00e7l\u00fc ilgilerin (ki bu otizmi i\u015faret edebilir) fark edilmesini zorla\u015ft\u0131r\u0131r.<\/li>\n<li><strong>K\u0131zlar son derece uyum sa\u011flayabilen olabilirler. \u00d6zellikle ev d\u0131\u015f\u0131ndaki ortamlarda.<\/strong> Otizme \u00f6zg\u00fc de\u011fi\u015fiklikler ve ge\u00e7i\u015flerle m\u00fccadele etmek (otizmin bir \u00f6zelli\u011fi) daha az fark edilir. \u00d6rne\u011fin, genellikle okulda iyi uyum sa\u011flayabilirler, bu da okulun sorunlar ya\u015famamas\u0131na neden olabilir. Bu uyumlu davran\u0131\u015f \u00e7ok enerji gerektirir, bu da evde \u00f6fke n\u00f6betleri veya yorgunluk \u015feklinde ortaya \u00e7\u0131kabilir.<\/li>\n<li><strong>\u00c7evre, k\u0131zlarda otizm belirtilerine daha az dikkat eder. <\/strong>K\u0131zlarda otizmden bahsetti\u011fimizde h\u0131zl\u0131ca akla gelmeyiz. \u00d6rne\u011fin, k\u0131zlar g\u00f6z temas\u0131 kurmad\u0131\u011f\u0131nda, \u00e7ekingenlikten ziyade otizmi d\u00fc\u015f\u00fcnme olas\u0131l\u0131\u011f\u0131m\u0131z daha d\u00fc\u015f\u00fckt\u00fcr.<\/li>\n<\/ul>\n<p><strong>Not: Cinsiyet, otizmin nas\u0131l ortaya \u00e7\u0131kt\u0131\u011f\u0131n\u0131 etkileyen tek fakt\u00f6r de\u011fildir.<\/strong> Zeka ve ya\u015f gibi fakt\u00f6rler de \u00f6nemlidir. Daha \u00f6nce de belirtildi\u011fi gibi, otizmi daha az fark edilen erkekler ve daha net otizm belirtileri g\u00f6steren k\u0131zlar vard\u0131r. Otizm, genellikle ortalama veya daha y\u00fcksek zeka seviyesine sahip olan ve iyi dil becerilerine sahip olan k\u0131zlar ve erkeklerde daha az fark edilir.<\/p>\n<h2>Otizm daha az fark edilirse ne olur?<\/h2>\n<p>Otizm \u00e7ocukta daha az fark edilirse, genellikle daha sonra tan\u0131nmaz. Bu nedenle, bu \u00e7ocuklar ihtiya\u00e7lar\u0131na uygun yard\u0131m\u0131 daha sonra alamazlar. Bu genellikle ek problemlere yol a\u00e7ar. Otizm belirtileri onlarda daha az fark ediliyor diye, onlar\u0131n (ve ailelerinin) daha az sorun ya\u015fad\u0131\u011f\u0131 anlam\u0131na gelmez. Otizmin do\u011frudan neden olabilece\u011fi problemlerin yan\u0131 s\u0131ra, dolayl\u0131 problemler de ya\u015farlar. Bunlar \u015funlar\u0131 i\u00e7erebilir:<\/p>\n<ul>\n<li><strong>\u00c7evrenin anlay\u0131\u015fs\u0131zl\u0131\u011f\u0131<\/strong> (sonu\u00e7ta d\u0131\u015far\u0131dan daha az fark ediliyor)<\/li>\n<li><strong>A\u015f\u0131r\u0131 beklenti<\/strong> (\u00e7evre \u00e7ocuktan fazlas\u0131n\u0131 bekler).<\/li>\n<\/ul>\n<p>Bu da daha fazla soruna yol a\u00e7abilir.<\/p>","protected":false},"excerpt":{"rendered":"<p>Autisme is bij meisjes niet anders dan bij jongens. W\u00e9l kan het er soms anders uitzien of valt het minder op. Dit is niet altijd zo: er zijn ook meisjes waarbij de autismekenmerken duidelijker zichtbaar zijn. Omgekeerd zijn er ook jongens waarbij autisme minder opvalt. Hoe komt het dat autisme bij meisjes soms minder opvalt? [&hellip;]<\/p>\n","protected":false},"author":27,"featured_media":6359,"parent":6077,"menu_order":0,"comment_status":"closed","ping_status":"closed","template":"template-page-full-width-image.php","meta":{"_acf_changed":false,"footnotes":""},"class_list":["post-6355","page","type-page","status-publish","has-post-thumbnail","hentry"],"acf":[],"yoast_head":"<!-- This site is optimized with the Yoast SEO plugin v27.1.1 - https:\/\/yoast.com\/product\/yoast-seo-wordpress\/ -->\n<title>Is autisme bij meisjes anders dan bij jongens? - Autisme Jonge Kind<\/title>\n<meta name=\"description\" content=\"Autisme is bij meisjes niet anders dan bij jongens. W\u00e9l kan het er soms anders uitzien of valt het minder op. Maar dat is niet altijd zo.\" \/>\n<meta name=\"robots\" content=\"index, follow, max-snippet:-1, max-image-preview:large, max-video-preview:-1\" \/>\n<link rel=\"canonical\" href=\"https:\/\/www.autismejongekind.nl\/tr\/cocuklarda-otizm-ebeveynler-icin-bilgilendirme\/otizm-nedir\/otizm-kizlarda-erkeklerden-farkli-midir\/\" \/>\n<meta property=\"og:locale\" content=\"tr_TR\" \/>\n<meta property=\"og:type\" content=\"article\" \/>\n<meta property=\"og:title\" content=\"Is autisme bij meisjes anders dan bij jongens? - Autisme Jonge Kind\" \/>\n<meta property=\"og:description\" content=\"Autisme is bij meisjes niet anders dan bij jongens. W\u00e9l kan het er soms anders uitzien of valt het minder op. Maar dat is niet altijd zo.\" \/>\n<meta property=\"og:url\" content=\"https:\/\/www.autismejongekind.nl\/tr\/cocuklarda-otizm-ebeveynler-icin-bilgilendirme\/otizm-nedir\/otizm-kizlarda-erkeklerden-farkli-midir\/\" \/>\n<meta property=\"og:site_name\" content=\"Autisme Jonge Kind\" \/>\n<meta property=\"article:modified_time\" content=\"2023-07-07T08:38:47+00:00\" \/>\n<meta property=\"og:image\" content=\"https:\/\/www.autismejongekind.nl\/wp-content\/uploads\/2023\/04\/autisme-bij-jongens-en-meisjes-1-scaled.jpg\" \/>\n\t<meta property=\"og:image:width\" content=\"2560\" \/>\n\t<meta property=\"og:image:height\" content=\"1666\" \/>\n\t<meta property=\"og:image:type\" content=\"image\/jpeg\" \/>\n<meta name=\"twitter:card\" content=\"summary_large_image\" \/>\n<meta name=\"twitter:label1\" content=\"Tahmini okuma s\u00fcresi\" \/>\n\t<meta name=\"twitter:data1\" content=\"3 dakika\" \/>\n<script type=\"application\/ld+json\" class=\"yoast-schema-graph\">{\"@context\":\"https:\/\/schema.org\",\"@graph\":[{\"@type\":\"WebPage\",\"@id\":\"https:\/\/www.autismejongekind.nl\/autisme-bij-kinderen-informatie-voor-ouders\/wat-is-autisme\/is-autisme-bij-meisjes-anders-dan-bij-jongens\/\",\"url\":\"https:\/\/www.autismejongekind.nl\/autisme-bij-kinderen-informatie-voor-ouders\/wat-is-autisme\/is-autisme-bij-meisjes-anders-dan-bij-jongens\/\",\"name\":\"Is autisme bij meisjes anders dan bij jongens? - Autisme Jonge Kind\",\"isPartOf\":{\"@id\":\"https:\/\/www.autismejongekind.nl\/#website\"},\"primaryImageOfPage\":{\"@id\":\"https:\/\/www.autismejongekind.nl\/autisme-bij-kinderen-informatie-voor-ouders\/wat-is-autisme\/is-autisme-bij-meisjes-anders-dan-bij-jongens\/#primaryimage\"},\"image\":{\"@id\":\"https:\/\/www.autismejongekind.nl\/autisme-bij-kinderen-informatie-voor-ouders\/wat-is-autisme\/is-autisme-bij-meisjes-anders-dan-bij-jongens\/#primaryimage\"},\"thumbnailUrl\":\"https:\/\/www.autismejongekind.nl\/wp-content\/uploads\/2023\/04\/autisme-bij-jongens-en-meisjes-1-scaled.jpg\",\"datePublished\":\"2023-04-30T21:22:25+00:00\",\"dateModified\":\"2023-07-07T08:38:47+00:00\",\"description\":\"Autisme is bij meisjes niet anders dan bij jongens. W\u00e9l kan het er soms anders uitzien of valt het minder op. Maar dat is niet altijd zo.\",\"breadcrumb\":{\"@id\":\"https:\/\/www.autismejongekind.nl\/autisme-bij-kinderen-informatie-voor-ouders\/wat-is-autisme\/is-autisme-bij-meisjes-anders-dan-bij-jongens\/#breadcrumb\"},\"inLanguage\":\"tr\",\"potentialAction\":[{\"@type\":\"ReadAction\",\"target\":[\"https:\/\/www.autismejongekind.nl\/autisme-bij-kinderen-informatie-voor-ouders\/wat-is-autisme\/is-autisme-bij-meisjes-anders-dan-bij-jongens\/\"]}]},{\"@type\":\"ImageObject\",\"inLanguage\":\"tr\",\"@id\":\"https:\/\/www.autismejongekind.nl\/autisme-bij-kinderen-informatie-voor-ouders\/wat-is-autisme\/is-autisme-bij-meisjes-anders-dan-bij-jongens\/#primaryimage\",\"url\":\"https:\/\/www.autismejongekind.nl\/wp-content\/uploads\/2023\/04\/autisme-bij-jongens-en-meisjes-1-scaled.jpg\",\"contentUrl\":\"https:\/\/www.autismejongekind.nl\/wp-content\/uploads\/2023\/04\/autisme-bij-jongens-en-meisjes-1-scaled.jpg\",\"width\":2560,\"height\":1666,\"caption\":\"autisme bij meisjes jongens\"},{\"@type\":\"BreadcrumbList\",\"@id\":\"https:\/\/www.autismejongekind.nl\/autisme-bij-kinderen-informatie-voor-ouders\/wat-is-autisme\/is-autisme-bij-meisjes-anders-dan-bij-jongens\/#breadcrumb\",\"itemListElement\":[{\"@type\":\"ListItem\",\"position\":1,\"name\":\"Home\",\"item\":\"https:\/\/www.autismejongekind.nl\/\"},{\"@type\":\"ListItem\",\"position\":2,\"name\":\"Autisme bij kinderen: informatie voor ouders\",\"item\":\"https:\/\/www.autismejongekind.nl\/autisme-bij-kinderen-informatie-voor-ouders\/\"},{\"@type\":\"ListItem\",\"position\":3,\"name\":\"Wat is autisme?\",\"item\":\"https:\/\/www.autismejongekind.nl\/autisme-bij-kinderen-informatie-voor-ouders\/wat-is-autisme\/\"},{\"@type\":\"ListItem\",\"position\":4,\"name\":\"Is autisme bij meisjes anders dan bij jongens?\"}]},{\"@type\":\"WebSite\",\"@id\":\"https:\/\/www.autismejongekind.nl\/#website\",\"url\":\"https:\/\/www.autismejongekind.nl\/\",\"name\":\"Autisme Jonge Kind\",\"description\":\"\",\"potentialAction\":[{\"@type\":\"SearchAction\",\"target\":{\"@type\":\"EntryPoint\",\"urlTemplate\":\"https:\/\/www.autismejongekind.nl\/?s={search_term_string}\"},\"query-input\":{\"@type\":\"PropertyValueSpecification\",\"valueRequired\":true,\"valueName\":\"search_term_string\"}}],\"inLanguage\":\"tr\"}]}<\/script>\n<!-- \/ Yoast SEO plugin. -->","yoast_head_json":{"title":"Otizm k\u0131z ve erkek \u00e7ocuklarda farkl\u0131l\u0131k g\u00f6sterir mi?","description":"Bununla birlikte, bazen farkl\u0131 g\u00f6r\u00fcnebilir veya fark edilmesi daha zor olabilir. Bu her zaman b\u00f6yle de\u011fildi.","robots":{"index":"index","follow":"follow","max-snippet":"max-snippet:-1","max-image-preview":"max-image-preview:large","max-video-preview":"max-video-preview:-1"},"canonical":"https:\/\/www.autismejongekind.nl\/tr\/cocuklarda-otizm-ebeveynler-icin-bilgilendirme\/otizm-nedir\/otizm-kizlarda-erkeklerden-farkli-midir\/","og_locale":"tr_TR","og_type":"article","og_title":"Is autisme bij meisjes anders dan bij jongens? - Autisme Jonge Kind","og_description":"Autisme is bij meisjes niet anders dan bij jongens. W\u00e9l kan het er soms anders uitzien of valt het minder op. Maar dat is niet altijd zo.","og_url":"https:\/\/www.autismejongekind.nl\/tr\/cocuklarda-otizm-ebeveynler-icin-bilgilendirme\/otizm-nedir\/otizm-kizlarda-erkeklerden-farkli-midir\/","og_site_name":"Autisme Jonge Kind","article_modified_time":"2023-07-07T08:38:47+00:00","og_image":[{"width":2560,"height":1666,"url":"https:\/\/www.autismejongekind.nl\/wp-content\/uploads\/2023\/04\/autisme-bij-jongens-en-meisjes-1-scaled.jpg","type":"image\/jpeg"}],"twitter_card":"summary_large_image","twitter_misc":{"Tahmini okuma s\u00fcresi":"3 dakika"},"schema":{"@context":"https:\/\/schema.org","@graph":[{"@type":"WebPage","@id":"https:\/\/www.autismejongekind.nl\/autisme-bij-kinderen-informatie-voor-ouders\/wat-is-autisme\/is-autisme-bij-meisjes-anders-dan-bij-jongens\/","url":"https:\/\/www.autismejongekind.nl\/autisme-bij-kinderen-informatie-voor-ouders\/wat-is-autisme\/is-autisme-bij-meisjes-anders-dan-bij-jongens\/","name":"Otizm k\u0131z ve erkek \u00e7ocuklarda farkl\u0131l\u0131k g\u00f6sterir mi?","isPartOf":{"@id":"https:\/\/www.autismejongekind.nl\/#website"},"primaryImageOfPage":{"@id":"https:\/\/www.autismejongekind.nl\/autisme-bij-kinderen-informatie-voor-ouders\/wat-is-autisme\/is-autisme-bij-meisjes-anders-dan-bij-jongens\/#primaryimage"},"image":{"@id":"https:\/\/www.autismejongekind.nl\/autisme-bij-kinderen-informatie-voor-ouders\/wat-is-autisme\/is-autisme-bij-meisjes-anders-dan-bij-jongens\/#primaryimage"},"thumbnailUrl":"https:\/\/www.autismejongekind.nl\/wp-content\/uploads\/2023\/04\/autisme-bij-jongens-en-meisjes-1-scaled.jpg","datePublished":"2023-04-30T21:22:25+00:00","dateModified":"2023-07-07T08:38:47+00:00","description":"Bununla birlikte, bazen farkl\u0131 g\u00f6r\u00fcnebilir veya fark edilmesi daha zor olabilir. Bu her zaman b\u00f6yle de\u011fildi.","breadcrumb":{"@id":"https:\/\/www.autismejongekind.nl\/autisme-bij-kinderen-informatie-voor-ouders\/wat-is-autisme\/is-autisme-bij-meisjes-anders-dan-bij-jongens\/#breadcrumb"},"inLanguage":"tr","potentialAction":[{"@type":"ReadAction","target":["https:\/\/www.autismejongekind.nl\/autisme-bij-kinderen-informatie-voor-ouders\/wat-is-autisme\/is-autisme-bij-meisjes-anders-dan-bij-jongens\/"]}]},{"@type":"ImageObject","inLanguage":"tr","@id":"https:\/\/www.autismejongekind.nl\/autisme-bij-kinderen-informatie-voor-ouders\/wat-is-autisme\/is-autisme-bij-meisjes-anders-dan-bij-jongens\/#primaryimage","url":"https:\/\/www.autismejongekind.nl\/wp-content\/uploads\/2023\/04\/autisme-bij-jongens-en-meisjes-1-scaled.jpg","contentUrl":"https:\/\/www.autismejongekind.nl\/wp-content\/uploads\/2023\/04\/autisme-bij-jongens-en-meisjes-1-scaled.jpg","width":2560,"height":1666,"caption":"autisme bij meisjes jongens"},{"@type":"BreadcrumbList","@id":"https:\/\/www.autismejongekind.nl\/autisme-bij-kinderen-informatie-voor-ouders\/wat-is-autisme\/is-autisme-bij-meisjes-anders-dan-bij-jongens\/#breadcrumb","itemListElement":[{"@type":"ListItem","position":1,"name":"Home","item":"https:\/\/www.autismejongekind.nl\/"},{"@type":"ListItem","position":2,"name":"Autisme bij kinderen: informatie voor ouders","item":"https:\/\/www.autismejongekind.nl\/autisme-bij-kinderen-informatie-voor-ouders\/"},{"@type":"ListItem","position":3,"name":"Wat is autisme?","item":"https:\/\/www.autismejongekind.nl\/autisme-bij-kinderen-informatie-voor-ouders\/wat-is-autisme\/"},{"@type":"ListItem","position":4,"name":"Is autisme bij meisjes anders dan bij jongens?"}]},{"@type":"WebSite","@id":"https:\/\/www.autismejongekind.nl\/#website","url":"https:\/\/www.autismejongekind.nl\/","name":"Autisme Jonge Kind","description":"","potentialAction":[{"@type":"SearchAction","target":{"@type":"EntryPoint","urlTemplate":"https:\/\/www.autismejongekind.nl\/?s={search_term_string}"},"query-input":{"@type":"PropertyValueSpecification","valueRequired":true,"valueName":"search_term_string"}}],"inLanguage":"tr"}]}},"_links":{"self":[{"href":"https:\/\/www.autismejongekind.nl\/tr\/wp-json\/wp\/v2\/pages\/6355","targetHints":{"allow":["GET"]}}],"collection":[{"href":"https:\/\/www.autismejongekind.nl\/tr\/wp-json\/wp\/v2\/pages"}],"about":[{"href":"https:\/\/www.autismejongekind.nl\/tr\/wp-json\/wp\/v2\/types\/page"}],"author":[{"embeddable":true,"href":"https:\/\/www.autismejongekind.nl\/tr\/wp-json\/wp\/v2\/users\/27"}],"replies":[{"embeddable":true,"href":"https:\/\/www.autismejongekind.nl\/tr\/wp-json\/wp\/v2\/comments?post=6355"}],"version-history":[{"count":12,"href":"https:\/\/www.autismejongekind.nl\/tr\/wp-json\/wp\/v2\/pages\/6355\/revisions"}],"predecessor-version":[{"id":6957,"href":"https:\/\/www.autismejongekind.nl\/tr\/wp-json\/wp\/v2\/pages\/6355\/revisions\/6957"}],"up":[{"embeddable":true,"href":"https:\/\/www.autismejongekind.nl\/tr\/wp-json\/wp\/v2\/pages\/6077"}],"wp:featuredmedia":[{"embeddable":true,"href":"https:\/\/www.autismejongekind.nl\/tr\/wp-json\/wp\/v2\/media\/6359"}],"wp:attachment":[{"href":"https:\/\/www.autismejongekind.nl\/tr\/wp-json\/wp\/v2\/media?parent=6355"}],"curies":[{"name":"wp","href":"https:\/\/api.w.org\/{rel}","templated":true}]}}