{"id":6311,"date":"2023-04-26T11:59:07","date_gmt":"2023-04-26T09:59:07","guid":{"rendered":"https:\/\/www.autismejongekind.nl\/?page_id=6311"},"modified":"2023-07-07T14:48:37","modified_gmt":"2023-07-07T12:48:37","slug":"okul-veya-kreste-yardim","status":"publish","type":"page","link":"https:\/\/www.autismejongekind.nl\/tr\/autisme-bij-kinderen-informatie-voor-ouders\/overzicht-van-behandelvormen-voor-jonge-kinderen\/hulp-op-school-of-dagverblijf-bij-autisme\/","title":{"rendered":"Okul veya kre\u015fte yard\u0131m"},"content":{"rendered":"<p><strong>\u00c7ocu\u011funuzun okul veya kre\u015finde d\u00fczenlemeler yap\u0131lmas\u0131 m\u00fcmk\u00fcnd\u00fcr veya yap\u0131lmas\u0131na izin verilebilir. \u00d6rne\u011fin, \u00e7ocu\u011funuzun geli\u015fimini te\u015fvik etmek veya davran\u0131\u015f sorunlar\u0131n\u0131 gidermek i\u00e7in ek dan\u0131\u015fmanl\u0131k hizmetlerinden yararlanmak d\u00fc\u015f\u00fcn\u00fclebilir. Yap\u0131land\u0131rma sa\u011flamak ve \u00e7ocu\u011funuzun duyusal profiline dikkat etmek de yard\u0131mc\u0131 olabilir.<\/strong><\/p>\n<p>Baz\u0131 durumlarda, \u00e7ocu\u011funuzun farkl\u0131 bir okul veya kre\u015fe gitmesi faydal\u0131 olabilir. \u00c7ocu\u011funuza daha uygun olan bir yer se\u00e7mek i\u00e7in do\u011frudan \u00e7evrenizde nelerin m\u00fcmk\u00fcn oldu\u011funa ve \u00e7ocu\u011funuzun ihtiya\u00e7lar\u0131na uygun olan\u0131n ne oldu\u011funa dikkatlice bak\u0131n.<\/p>\n<p class=\"translation-block\">Otizm ve okul dan\u0131\u015fmanl\u0131\u011f\u0131 hakk\u0131nda daha fazla bilgi i\u00e7in, <a href=\"http:\/\/www.autisme.nl\/tips-links\/autisme-en-onderwijs.aspx\" target=\"_blank\" rel=\"noopener\">Hollanda Otizm Derne\u011fi (NVA) web sitesini<\/a> ziyaret edebilirsiniz.<\/p>","protected":false},"excerpt":{"rendered":"<p>Het is mogelijk om binnen de school of het dagverblijf van je kind aanpassingen te (laten) doen. Denk bijvoorbeeld aan het inzetten van extra begeleiding om je kind te stimuleren in zijn of haar ontwikkeling of om gedragsproblemen te verhelpen. Structuur bieden en rekening houden met het prikkelprofiel van je kind kan ook helpen. Soms [&hellip;]<\/p>\n","protected":false},"author":27,"featured_media":6312,"parent":1917,"menu_order":0,"comment_status":"closed","ping_status":"closed","template":"template-page-full-width-image.php","meta":{"_acf_changed":false,"footnotes":""},"class_list":["post-6311","page","type-page","status-publish","has-post-thumbnail","hentry"],"acf":[],"yoast_head":"<!-- This site is optimized with the Yoast SEO plugin v27.3 - https:\/\/yoast.com\/product\/yoast-seo-wordpress\/ -->\n<title>Hulp op school of dagverblijf bij autisme<\/title>\n<meta name=\"description\" content=\"Structuur bieden op het kinderdagverblijf of school en rekening houden met het prikkelprofiel van je kind kan helpen bij autisme.\" \/>\n<meta name=\"robots\" content=\"index, follow, max-snippet:-1, max-image-preview:large, max-video-preview:-1\" \/>\n<link rel=\"canonical\" href=\"https:\/\/www.autismejongekind.nl\/tr\/cocuklarda-otizm-ebeveynler-icin-bilgilendirme\/otizmli-kucuk-cocuklar-icin-tedavi-yontemleri-2\/okul-veya-kreste-yardim\/\" \/>\n<meta property=\"og:locale\" content=\"tr_TR\" \/>\n<meta property=\"og:type\" content=\"article\" \/>\n<meta property=\"og:title\" content=\"Hulp op school of dagverblijf bij autisme\" \/>\n<meta property=\"og:description\" content=\"Structuur bieden op het kinderdagverblijf of school en rekening houden met het prikkelprofiel van je kind kan helpen bij autisme.\" \/>\n<meta property=\"og:url\" content=\"https:\/\/www.autismejongekind.nl\/tr\/cocuklarda-otizm-ebeveynler-icin-bilgilendirme\/otizmli-kucuk-cocuklar-icin-tedavi-yontemleri-2\/okul-veya-kreste-yardim\/\" \/>\n<meta property=\"og:site_name\" content=\"Autisme Jonge Kind\" \/>\n<meta property=\"article:modified_time\" content=\"2023-07-07T12:48:37+00:00\" \/>\n<meta property=\"og:image\" content=\"https:\/\/www.autismejongekind.nl\/wp-content\/uploads\/2023\/04\/kind-autisme-school-scaled.jpg\" \/>\n\t<meta property=\"og:image:width\" content=\"2560\" \/>\n\t<meta property=\"og:image:height\" content=\"1704\" \/>\n\t<meta property=\"og:image:type\" content=\"image\/jpeg\" \/>\n<meta name=\"twitter:card\" content=\"summary_large_image\" \/>\n<meta name=\"twitter:label1\" content=\"Tahmini okuma s\u00fcresi\" \/>\n\t<meta name=\"twitter:data1\" content=\"1 dakika\" \/>\n<script type=\"application\/ld+json\" class=\"yoast-schema-graph\">{\"@context\":\"https:\\\/\\\/schema.org\",\"@graph\":[{\"@type\":\"WebPage\",\"@id\":\"https:\\\/\\\/www.autismejongekind.nl\\\/autisme-bij-kinderen-informatie-voor-ouders\\\/overzicht-van-behandelvormen-voor-jonge-kinderen\\\/hulp-op-school-of-dagverblijf-bij-autisme\\\/\",\"url\":\"https:\\\/\\\/www.autismejongekind.nl\\\/autisme-bij-kinderen-informatie-voor-ouders\\\/overzicht-van-behandelvormen-voor-jonge-kinderen\\\/hulp-op-school-of-dagverblijf-bij-autisme\\\/\",\"name\":\"Hulp op school of dagverblijf bij autisme\",\"isPartOf\":{\"@id\":\"https:\\\/\\\/www.autismejongekind.nl\\\/#website\"},\"primaryImageOfPage\":{\"@id\":\"https:\\\/\\\/www.autismejongekind.nl\\\/autisme-bij-kinderen-informatie-voor-ouders\\\/overzicht-van-behandelvormen-voor-jonge-kinderen\\\/hulp-op-school-of-dagverblijf-bij-autisme\\\/#primaryimage\"},\"image\":{\"@id\":\"https:\\\/\\\/www.autismejongekind.nl\\\/autisme-bij-kinderen-informatie-voor-ouders\\\/overzicht-van-behandelvormen-voor-jonge-kinderen\\\/hulp-op-school-of-dagverblijf-bij-autisme\\\/#primaryimage\"},\"thumbnailUrl\":\"https:\\\/\\\/www.autismejongekind.nl\\\/wp-content\\\/uploads\\\/2023\\\/04\\\/kind-autisme-school-scaled.jpg\",\"datePublished\":\"2023-04-26T09:59:07+00:00\",\"dateModified\":\"2023-07-07T12:48:37+00:00\",\"description\":\"Structuur bieden op het kinderdagverblijf of school en rekening houden met het prikkelprofiel van je kind kan helpen bij autisme.\",\"breadcrumb\":{\"@id\":\"https:\\\/\\\/www.autismejongekind.nl\\\/autisme-bij-kinderen-informatie-voor-ouders\\\/overzicht-van-behandelvormen-voor-jonge-kinderen\\\/hulp-op-school-of-dagverblijf-bij-autisme\\\/#breadcrumb\"},\"inLanguage\":\"tr\",\"potentialAction\":[{\"@type\":\"ReadAction\",\"target\":[\"https:\\\/\\\/www.autismejongekind.nl\\\/autisme-bij-kinderen-informatie-voor-ouders\\\/overzicht-van-behandelvormen-voor-jonge-kinderen\\\/hulp-op-school-of-dagverblijf-bij-autisme\\\/\"]}]},{\"@type\":\"ImageObject\",\"inLanguage\":\"tr\",\"@id\":\"https:\\\/\\\/www.autismejongekind.nl\\\/autisme-bij-kinderen-informatie-voor-ouders\\\/overzicht-van-behandelvormen-voor-jonge-kinderen\\\/hulp-op-school-of-dagverblijf-bij-autisme\\\/#primaryimage\",\"url\":\"https:\\\/\\\/www.autismejongekind.nl\\\/wp-content\\\/uploads\\\/2023\\\/04\\\/kind-autisme-school-scaled.jpg\",\"contentUrl\":\"https:\\\/\\\/www.autismejongekind.nl\\\/wp-content\\\/uploads\\\/2023\\\/04\\\/kind-autisme-school-scaled.jpg\",\"width\":2560,\"height\":1704,\"caption\":\"kind autisme hulp school\"},{\"@type\":\"BreadcrumbList\",\"@id\":\"https:\\\/\\\/www.autismejongekind.nl\\\/autisme-bij-kinderen-informatie-voor-ouders\\\/overzicht-van-behandelvormen-voor-jonge-kinderen\\\/hulp-op-school-of-dagverblijf-bij-autisme\\\/#breadcrumb\",\"itemListElement\":[{\"@type\":\"ListItem\",\"position\":1,\"name\":\"Home\",\"item\":\"https:\\\/\\\/www.autismejongekind.nl\\\/\"},{\"@type\":\"ListItem\",\"position\":2,\"name\":\"Autisme bij kinderen: informatie voor ouders\",\"item\":\"https:\\\/\\\/www.autismejongekind.nl\\\/autisme-bij-kinderen-informatie-voor-ouders\\\/\"},{\"@type\":\"ListItem\",\"position\":3,\"name\":\"Behandelvormen voor jonge kinderen met autisme\",\"item\":\"https:\\\/\\\/www.autismejongekind.nl\\\/autisme-bij-kinderen-informatie-voor-ouders\\\/overzicht-van-behandelvormen-voor-jonge-kinderen\\\/\"},{\"@type\":\"ListItem\",\"position\":4,\"name\":\"Hulp op school of dagverblijf bij autisme\"}]},{\"@type\":\"WebSite\",\"@id\":\"https:\\\/\\\/www.autismejongekind.nl\\\/#website\",\"url\":\"https:\\\/\\\/www.autismejongekind.nl\\\/\",\"name\":\"Autisme Jonge Kind\",\"description\":\"\",\"potentialAction\":[{\"@type\":\"SearchAction\",\"target\":{\"@type\":\"EntryPoint\",\"urlTemplate\":\"https:\\\/\\\/www.autismejongekind.nl\\\/?s={search_term_string}\"},\"query-input\":{\"@type\":\"PropertyValueSpecification\",\"valueRequired\":true,\"valueName\":\"search_term_string\"}}],\"inLanguage\":\"tr\"}]}<\/script>\n<!-- \/ Yoast SEO plugin. -->","yoast_head_json":{"title":"Okul veya kre\u015fte yard\u0131m","description":"Structuur bieden op het kinderdagverblijf of school en rekening houden met het prikkelprofiel van je kind kan helpen bij autisme.","robots":{"index":"index","follow":"follow","max-snippet":"max-snippet:-1","max-image-preview":"max-image-preview:large","max-video-preview":"max-video-preview:-1"},"canonical":"https:\/\/www.autismejongekind.nl\/tr\/cocuklarda-otizm-ebeveynler-icin-bilgilendirme\/otizmli-kucuk-cocuklar-icin-tedavi-yontemleri-2\/okul-veya-kreste-yardim\/","og_locale":"tr_TR","og_type":"article","og_title":"Hulp op school of dagverblijf bij autisme","og_description":"Structuur bieden op het kinderdagverblijf of school en rekening houden met het prikkelprofiel van je kind kan helpen bij autisme.","og_url":"https:\/\/www.autismejongekind.nl\/tr\/cocuklarda-otizm-ebeveynler-icin-bilgilendirme\/otizmli-kucuk-cocuklar-icin-tedavi-yontemleri-2\/okul-veya-kreste-yardim\/","og_site_name":"Autisme Jonge Kind","article_modified_time":"2023-07-07T12:48:37+00:00","og_image":[{"width":2560,"height":1704,"url":"https:\/\/www.autismejongekind.nl\/wp-content\/uploads\/2023\/04\/kind-autisme-school-scaled.jpg","type":"image\/jpeg"}],"twitter_card":"summary_large_image","twitter_misc":{"Tahmini okuma s\u00fcresi":"1 dakika"},"schema":{"@context":"https:\/\/schema.org","@graph":[{"@type":"WebPage","@id":"https:\/\/www.autismejongekind.nl\/autisme-bij-kinderen-informatie-voor-ouders\/overzicht-van-behandelvormen-voor-jonge-kinderen\/hulp-op-school-of-dagverblijf-bij-autisme\/","url":"https:\/\/www.autismejongekind.nl\/autisme-bij-kinderen-informatie-voor-ouders\/overzicht-van-behandelvormen-voor-jonge-kinderen\/hulp-op-school-of-dagverblijf-bij-autisme\/","name":"Okul veya kre\u015fte yard\u0131m","isPartOf":{"@id":"https:\/\/www.autismejongekind.nl\/#website"},"primaryImageOfPage":{"@id":"https:\/\/www.autismejongekind.nl\/autisme-bij-kinderen-informatie-voor-ouders\/overzicht-van-behandelvormen-voor-jonge-kinderen\/hulp-op-school-of-dagverblijf-bij-autisme\/#primaryimage"},"image":{"@id":"https:\/\/www.autismejongekind.nl\/autisme-bij-kinderen-informatie-voor-ouders\/overzicht-van-behandelvormen-voor-jonge-kinderen\/hulp-op-school-of-dagverblijf-bij-autisme\/#primaryimage"},"thumbnailUrl":"https:\/\/www.autismejongekind.nl\/wp-content\/uploads\/2023\/04\/kind-autisme-school-scaled.jpg","datePublished":"2023-04-26T09:59:07+00:00","dateModified":"2023-07-07T12:48:37+00:00","description":"Structuur bieden op het kinderdagverblijf of school en rekening houden met het prikkelprofiel van je kind kan helpen bij autisme.","breadcrumb":{"@id":"https:\/\/www.autismejongekind.nl\/autisme-bij-kinderen-informatie-voor-ouders\/overzicht-van-behandelvormen-voor-jonge-kinderen\/hulp-op-school-of-dagverblijf-bij-autisme\/#breadcrumb"},"inLanguage":"tr","potentialAction":[{"@type":"ReadAction","target":["https:\/\/www.autismejongekind.nl\/autisme-bij-kinderen-informatie-voor-ouders\/overzicht-van-behandelvormen-voor-jonge-kinderen\/hulp-op-school-of-dagverblijf-bij-autisme\/"]}]},{"@type":"ImageObject","inLanguage":"tr","@id":"https:\/\/www.autismejongekind.nl\/autisme-bij-kinderen-informatie-voor-ouders\/overzicht-van-behandelvormen-voor-jonge-kinderen\/hulp-op-school-of-dagverblijf-bij-autisme\/#primaryimage","url":"https:\/\/www.autismejongekind.nl\/wp-content\/uploads\/2023\/04\/kind-autisme-school-scaled.jpg","contentUrl":"https:\/\/www.autismejongekind.nl\/wp-content\/uploads\/2023\/04\/kind-autisme-school-scaled.jpg","width":2560,"height":1704,"caption":"kind autisme hulp school"},{"@type":"BreadcrumbList","@id":"https:\/\/www.autismejongekind.nl\/autisme-bij-kinderen-informatie-voor-ouders\/overzicht-van-behandelvormen-voor-jonge-kinderen\/hulp-op-school-of-dagverblijf-bij-autisme\/#breadcrumb","itemListElement":[{"@type":"ListItem","position":1,"name":"Home","item":"https:\/\/www.autismejongekind.nl\/"},{"@type":"ListItem","position":2,"name":"Autisme bij kinderen: informatie voor ouders","item":"https:\/\/www.autismejongekind.nl\/autisme-bij-kinderen-informatie-voor-ouders\/"},{"@type":"ListItem","position":3,"name":"Behandelvormen voor jonge kinderen met autisme","item":"https:\/\/www.autismejongekind.nl\/autisme-bij-kinderen-informatie-voor-ouders\/overzicht-van-behandelvormen-voor-jonge-kinderen\/"},{"@type":"ListItem","position":4,"name":"Hulp op school of dagverblijf bij autisme"}]},{"@type":"WebSite","@id":"https:\/\/www.autismejongekind.nl\/#website","url":"https:\/\/www.autismejongekind.nl\/","name":"Autisme Jonge Kind","description":"","potentialAction":[{"@type":"SearchAction","target":{"@type":"EntryPoint","urlTemplate":"https:\/\/www.autismejongekind.nl\/?s={search_term_string}"},"query-input":{"@type":"PropertyValueSpecification","valueRequired":true,"valueName":"search_term_string"}}],"inLanguage":"tr"}]}},"_links":{"self":[{"href":"https:\/\/www.autismejongekind.nl\/tr\/wp-json\/wp\/v2\/pages\/6311","targetHints":{"allow":["GET"]}}],"collection":[{"href":"https:\/\/www.autismejongekind.nl\/tr\/wp-json\/wp\/v2\/pages"}],"about":[{"href":"https:\/\/www.autismejongekind.nl\/tr\/wp-json\/wp\/v2\/types\/page"}],"author":[{"embeddable":true,"href":"https:\/\/www.autismejongekind.nl\/tr\/wp-json\/wp\/v2\/users\/27"}],"replies":[{"embeddable":true,"href":"https:\/\/www.autismejongekind.nl\/tr\/wp-json\/wp\/v2\/comments?post=6311"}],"version-history":[{"count":2,"href":"https:\/\/www.autismejongekind.nl\/tr\/wp-json\/wp\/v2\/pages\/6311\/revisions"}],"predecessor-version":[{"id":6990,"href":"https:\/\/www.autismejongekind.nl\/tr\/wp-json\/wp\/v2\/pages\/6311\/revisions\/6990"}],"up":[{"embeddable":true,"href":"https:\/\/www.autismejongekind.nl\/tr\/wp-json\/wp\/v2\/pages\/1917"}],"wp:featuredmedia":[{"embeddable":true,"href":"https:\/\/www.autismejongekind.nl\/tr\/wp-json\/wp\/v2\/media\/6312"}],"wp:attachment":[{"href":"https:\/\/www.autismejongekind.nl\/tr\/wp-json\/wp\/v2\/media?parent=6311"}],"curies":[{"name":"wp","href":"https:\/\/api.w.org\/{rel}","templated":true}]}}