{"id":6292,"date":"2023-04-26T11:38:22","date_gmt":"2023-04-26T09:38:22","guid":{"rendered":"https:\/\/www.autismejongekind.nl\/?page_id=6292"},"modified":"2023-07-07T14:46:59","modified_gmt":"2023-07-07T12:46:59","slug":"otizmin-yani-sira-diger-problemlerin-tedavisi","status":"publish","type":"page","link":"https:\/\/www.autismejongekind.nl\/tr\/autisme-bij-kinderen-informatie-voor-ouders\/overzicht-van-behandelvormen-voor-jonge-kinderen\/behandeling-van-overige-problemen-naast-autisme\/","title":{"rendered":"Otizmin yan\u0131 s\u0131ra di\u011fer sorunlar\u0131n tedavisi"},"content":{"rendered":"<p><strong>\u00c7ok say\u0131da otizmli \u00e7ocu\u011fun birden fazla geli\u015fim alan\u0131nda sorunlar\u0131 vard\u0131r. Bu sorunlar\u0131n tedavisi genellikle farkl\u0131 uzmanlar taraf\u0131ndan y\u00fcr\u00fct\u00fcl\u00fcr. Her uzman\u0131n \u00e7ocu\u011funuzun (otizm \u00f6zelliklerinin) oldu\u011funu bilmesi \u00f6nemlidir. B\u00f6ylece, bu durumu dikkate alabilirler. \u00c7ocu\u011funuzu tedavi eden farkl\u0131 sa\u011fl\u0131k hizmeti sa\u011flay\u0131c\u0131lar\u0131n\u0131n birbiriyle iyi dan\u0131\u015fmalar\u0131 da \u00f6nemlidir.<\/strong><\/p>\n<p>Sorunlar\u0131n ve ilgili tedavilerin \u00f6rnekleri \u015funlard\u0131r:<\/p>\n<ul>\n<li aria-level=\"1\"><strong>Duyusal i\u015fleme problemleri<\/strong> duyusal i\u015fleme\/entegrasyonunda uzmanla\u015fm\u0131\u015f bir i\u015f terapisti veya fizyoterapist taraf\u0131ndan tespit edilip tedavi edilebilir.<\/li>\n<li aria-level=\"1\"><strong>Ola\u011fand\u0131\u015f\u0131 veya yetersiz geli\u015fmi\u015f motor becerileri,<\/strong> bir fizyoterapist taraf\u0131ndan tedavi edilebilir.<\/li>\n<li aria-level=\"1\" class=\"translation-block\"><strong>Dil ve konu\u015fma problemleri ile yeme problemleri<\/strong> ya\u015fayan ki\u015filer, konu\u015fma terapistine ba\u015fvurabilirler. Otizmli \u00e7ocuklarda yeme problemleri <a href=\"https:\/\/www.autisme.nl\/over-autisme\/autisme-in-combinatie-met\/autisme-en-eetproblemen\/\" target=\"_blank\" rel=\"noopener\">i\u00e7in \u00f6zel tedaviler de bulunmaktad\u0131r.<\/a><\/li>\n<li aria-level=\"1\"><strong>Davran\u0131\u015f problemleri\u00a0<\/strong>(\u015fiddetli \u00f6fke n\u00f6betleri, sald\u0131rganl\u0131k, sayg\u0131s\u0131zl\u0131k ve dinleme sorunlar\u0131 gibi) ebeveyn dan\u0131\u015fmanl\u0131\u011f\u0131 veya evde e\u011fitim dan\u0131\u015fmanl\u0131\u011f\u0131 yoluyla etkilenebilir (bak\u0131n\u0131z: ebeveynlik yard\u0131m\u0131). \u015eiddetli davran\u0131\u015f problemleri i\u00e7in, bir psikiyatristin g\u00f6zetiminde ila\u00e7 tedavisi de uygulanabilir.<\/li>\n<li aria-level=\"1\"><strong>Geli\u015fimsel gecikmeler.<\/strong>\u00a0Geli\u015fimsel gecikmeleri olan \u00e7ocuklar \u00f6\u011frenmede ekstra rehberli\u011fe ihtiya\u00e7 duyacaklard\u0131r. \u00d6rne\u011fin, \u00f6zel \u00f6\u011frenme g\u00fc\u00e7l\u00fc\u011f\u00fc olan \u00e7ocuklar i\u00e7in e\u011fitim veren bir \u00f6zel bak\u0131m merkezi (KDC), bir \u00f6zel \u00f6\u011fretim okulu (ZMLK) veya \u00f6zel ihtiya\u00e7lar\u0131 olan \u00f6\u011frencilerin e\u011fitim ald\u0131\u011f\u0131 bir okulda fayda sa\u011flayabilirler.<\/li>\n<li aria-level=\"1\">\u00c7ocu\u011funuzun\u00a0<strong>epilepsi gibi ek t\u0131bbi durumlar\u0131 veya belirli sendromlar\u0131 var m\u0131?<\/strong>O zaman \u00e7ocu\u011funuz da bir pediatrisin tedavisi alt\u0131nda kalacakt\u0131r.<\/li>\n<\/ul>","protected":false},"excerpt":{"rendered":"<p>Veel kinderen met autisme hebben problemen op meerdere ontwikkelingsgebieden. Behandeling van die problemen wordt vaak door verschillende professionals gedaan. Het is belangrijk dat elke professional weet dat je kind (kenmerken van) autisme heeft. Dan kunnen zij daar rekening mee houden.\u00a0 Ook is het belangrijk dat de verschillende zorgverleners die jouw kind behandelen goed met elkaar [&hellip;]<\/p>\n","protected":false},"author":27,"featured_media":6293,"parent":1917,"menu_order":0,"comment_status":"closed","ping_status":"closed","template":"template-page-full-width-image.php","meta":{"_acf_changed":false,"footnotes":""},"class_list":["post-6292","page","type-page","status-publish","has-post-thumbnail","hentry"],"acf":[],"yoast_head":"<!-- This site is optimized with the Yoast SEO plugin v27.3 - https:\/\/yoast.com\/product\/yoast-seo-wordpress\/ -->\n<title>behandeling-van-overige-problemen<\/title>\n<meta name=\"description\" content=\"Veel kinderen met autisme hebben problemen op meerdere ontwikkelingsgebieden. Het is belangrijk dat een professional weet dat je kind (kenmerken van) autisme heeft.\" \/>\n<meta name=\"robots\" content=\"index, follow, max-snippet:-1, max-image-preview:large, max-video-preview:-1\" \/>\n<link rel=\"canonical\" href=\"https:\/\/www.autismejongekind.nl\/tr\/cocuklarda-otizm-ebeveynler-icin-bilgilendirme\/otizmli-kucuk-cocuklar-icin-tedavi-yontemleri-2\/otizmin-yani-sira-diger-problemlerin-tedavisi\/\" \/>\n<meta property=\"og:locale\" content=\"tr_TR\" \/>\n<meta property=\"og:type\" content=\"article\" \/>\n<meta property=\"og:title\" content=\"behandeling-van-overige-problemen\" \/>\n<meta property=\"og:description\" content=\"Veel kinderen met autisme hebben problemen op meerdere ontwikkelingsgebieden. Het is belangrijk dat een professional weet dat je kind (kenmerken van) autisme heeft.\" \/>\n<meta property=\"og:url\" content=\"https:\/\/www.autismejongekind.nl\/tr\/cocuklarda-otizm-ebeveynler-icin-bilgilendirme\/otizmli-kucuk-cocuklar-icin-tedavi-yontemleri-2\/otizmin-yani-sira-diger-problemlerin-tedavisi\/\" \/>\n<meta property=\"og:site_name\" content=\"Autisme Jonge Kind\" \/>\n<meta property=\"article:modified_time\" content=\"2023-07-07T12:46:59+00:00\" \/>\n<meta property=\"og:image\" content=\"https:\/\/www.autismejongekind.nl\/wp-content\/uploads\/2023\/04\/andere-problemen-naast-autisme.jpg\" \/>\n\t<meta property=\"og:image:width\" content=\"1920\" \/>\n\t<meta property=\"og:image:height\" content=\"1272\" \/>\n\t<meta property=\"og:image:type\" content=\"image\/jpeg\" \/>\n<meta name=\"twitter:card\" content=\"summary_large_image\" \/>\n<meta name=\"twitter:label1\" content=\"Tahmini okuma s\u00fcresi\" \/>\n\t<meta name=\"twitter:data1\" content=\"2 dakika\" \/>\n<script type=\"application\/ld+json\" class=\"yoast-schema-graph\">{\"@context\":\"https:\\\/\\\/schema.org\",\"@graph\":[{\"@type\":\"WebPage\",\"@id\":\"https:\\\/\\\/www.autismejongekind.nl\\\/autisme-bij-kinderen-informatie-voor-ouders\\\/overzicht-van-behandelvormen-voor-jonge-kinderen\\\/behandeling-van-overige-problemen-naast-autisme\\\/\",\"url\":\"https:\\\/\\\/www.autismejongekind.nl\\\/autisme-bij-kinderen-informatie-voor-ouders\\\/overzicht-van-behandelvormen-voor-jonge-kinderen\\\/behandeling-van-overige-problemen-naast-autisme\\\/\",\"name\":\"behandeling-van-overige-problemen\",\"isPartOf\":{\"@id\":\"https:\\\/\\\/www.autismejongekind.nl\\\/#website\"},\"primaryImageOfPage\":{\"@id\":\"https:\\\/\\\/www.autismejongekind.nl\\\/autisme-bij-kinderen-informatie-voor-ouders\\\/overzicht-van-behandelvormen-voor-jonge-kinderen\\\/behandeling-van-overige-problemen-naast-autisme\\\/#primaryimage\"},\"image\":{\"@id\":\"https:\\\/\\\/www.autismejongekind.nl\\\/autisme-bij-kinderen-informatie-voor-ouders\\\/overzicht-van-behandelvormen-voor-jonge-kinderen\\\/behandeling-van-overige-problemen-naast-autisme\\\/#primaryimage\"},\"thumbnailUrl\":\"https:\\\/\\\/www.autismejongekind.nl\\\/wp-content\\\/uploads\\\/2023\\\/04\\\/andere-problemen-naast-autisme.jpg\",\"datePublished\":\"2023-04-26T09:38:22+00:00\",\"dateModified\":\"2023-07-07T12:46:59+00:00\",\"description\":\"Veel kinderen met autisme hebben problemen op meerdere ontwikkelingsgebieden. Het is belangrijk dat een professional weet dat je kind (kenmerken van) autisme heeft.\",\"breadcrumb\":{\"@id\":\"https:\\\/\\\/www.autismejongekind.nl\\\/autisme-bij-kinderen-informatie-voor-ouders\\\/overzicht-van-behandelvormen-voor-jonge-kinderen\\\/behandeling-van-overige-problemen-naast-autisme\\\/#breadcrumb\"},\"inLanguage\":\"tr\",\"potentialAction\":[{\"@type\":\"ReadAction\",\"target\":[\"https:\\\/\\\/www.autismejongekind.nl\\\/autisme-bij-kinderen-informatie-voor-ouders\\\/overzicht-van-behandelvormen-voor-jonge-kinderen\\\/behandeling-van-overige-problemen-naast-autisme\\\/\"]}]},{\"@type\":\"ImageObject\",\"inLanguage\":\"tr\",\"@id\":\"https:\\\/\\\/www.autismejongekind.nl\\\/autisme-bij-kinderen-informatie-voor-ouders\\\/overzicht-van-behandelvormen-voor-jonge-kinderen\\\/behandeling-van-overige-problemen-naast-autisme\\\/#primaryimage\",\"url\":\"https:\\\/\\\/www.autismejongekind.nl\\\/wp-content\\\/uploads\\\/2023\\\/04\\\/andere-problemen-naast-autisme.jpg\",\"contentUrl\":\"https:\\\/\\\/www.autismejongekind.nl\\\/wp-content\\\/uploads\\\/2023\\\/04\\\/andere-problemen-naast-autisme.jpg\",\"width\":1920,\"height\":1272,\"caption\":\"andere problemen autisme\"},{\"@type\":\"BreadcrumbList\",\"@id\":\"https:\\\/\\\/www.autismejongekind.nl\\\/autisme-bij-kinderen-informatie-voor-ouders\\\/overzicht-van-behandelvormen-voor-jonge-kinderen\\\/behandeling-van-overige-problemen-naast-autisme\\\/#breadcrumb\",\"itemListElement\":[{\"@type\":\"ListItem\",\"position\":1,\"name\":\"Home\",\"item\":\"https:\\\/\\\/www.autismejongekind.nl\\\/\"},{\"@type\":\"ListItem\",\"position\":2,\"name\":\"Autisme bij kinderen: informatie voor ouders\",\"item\":\"https:\\\/\\\/www.autismejongekind.nl\\\/autisme-bij-kinderen-informatie-voor-ouders\\\/\"},{\"@type\":\"ListItem\",\"position\":3,\"name\":\"Behandelvormen voor jonge kinderen met autisme\",\"item\":\"https:\\\/\\\/www.autismejongekind.nl\\\/autisme-bij-kinderen-informatie-voor-ouders\\\/overzicht-van-behandelvormen-voor-jonge-kinderen\\\/\"},{\"@type\":\"ListItem\",\"position\":4,\"name\":\"Behandeling van overige problemen, naast autisme\"}]},{\"@type\":\"WebSite\",\"@id\":\"https:\\\/\\\/www.autismejongekind.nl\\\/#website\",\"url\":\"https:\\\/\\\/www.autismejongekind.nl\\\/\",\"name\":\"Autisme Jonge Kind\",\"description\":\"\",\"potentialAction\":[{\"@type\":\"SearchAction\",\"target\":{\"@type\":\"EntryPoint\",\"urlTemplate\":\"https:\\\/\\\/www.autismejongekind.nl\\\/?s={search_term_string}\"},\"query-input\":{\"@type\":\"PropertyValueSpecification\",\"valueRequired\":true,\"valueName\":\"search_term_string\"}}],\"inLanguage\":\"tr\"}]}<\/script>\n<!-- \/ Yoast SEO plugin. -->","yoast_head_json":{"title":"behandeling-van-overige-problemen","description":"Veel kinderen met autisme hebben problemen op meerdere ontwikkelingsgebieden. Het is belangrijk dat een professional weet dat je kind (kenmerken van) autisme heeft.","robots":{"index":"index","follow":"follow","max-snippet":"max-snippet:-1","max-image-preview":"max-image-preview:large","max-video-preview":"max-video-preview:-1"},"canonical":"https:\/\/www.autismejongekind.nl\/tr\/cocuklarda-otizm-ebeveynler-icin-bilgilendirme\/otizmli-kucuk-cocuklar-icin-tedavi-yontemleri-2\/otizmin-yani-sira-diger-problemlerin-tedavisi\/","og_locale":"tr_TR","og_type":"article","og_title":"behandeling-van-overige-problemen","og_description":"Veel kinderen met autisme hebben problemen op meerdere ontwikkelingsgebieden. Het is belangrijk dat een professional weet dat je kind (kenmerken van) autisme heeft.","og_url":"https:\/\/www.autismejongekind.nl\/tr\/cocuklarda-otizm-ebeveynler-icin-bilgilendirme\/otizmli-kucuk-cocuklar-icin-tedavi-yontemleri-2\/otizmin-yani-sira-diger-problemlerin-tedavisi\/","og_site_name":"Autisme Jonge Kind","article_modified_time":"2023-07-07T12:46:59+00:00","og_image":[{"width":1920,"height":1272,"url":"https:\/\/www.autismejongekind.nl\/wp-content\/uploads\/2023\/04\/andere-problemen-naast-autisme.jpg","type":"image\/jpeg"}],"twitter_card":"summary_large_image","twitter_misc":{"Tahmini okuma s\u00fcresi":"2 dakika"},"schema":{"@context":"https:\/\/schema.org","@graph":[{"@type":"WebPage","@id":"https:\/\/www.autismejongekind.nl\/autisme-bij-kinderen-informatie-voor-ouders\/overzicht-van-behandelvormen-voor-jonge-kinderen\/behandeling-van-overige-problemen-naast-autisme\/","url":"https:\/\/www.autismejongekind.nl\/autisme-bij-kinderen-informatie-voor-ouders\/overzicht-van-behandelvormen-voor-jonge-kinderen\/behandeling-van-overige-problemen-naast-autisme\/","name":"behandeling-van-overige-problemen","isPartOf":{"@id":"https:\/\/www.autismejongekind.nl\/#website"},"primaryImageOfPage":{"@id":"https:\/\/www.autismejongekind.nl\/autisme-bij-kinderen-informatie-voor-ouders\/overzicht-van-behandelvormen-voor-jonge-kinderen\/behandeling-van-overige-problemen-naast-autisme\/#primaryimage"},"image":{"@id":"https:\/\/www.autismejongekind.nl\/autisme-bij-kinderen-informatie-voor-ouders\/overzicht-van-behandelvormen-voor-jonge-kinderen\/behandeling-van-overige-problemen-naast-autisme\/#primaryimage"},"thumbnailUrl":"https:\/\/www.autismejongekind.nl\/wp-content\/uploads\/2023\/04\/andere-problemen-naast-autisme.jpg","datePublished":"2023-04-26T09:38:22+00:00","dateModified":"2023-07-07T12:46:59+00:00","description":"Veel kinderen met autisme hebben problemen op meerdere ontwikkelingsgebieden. Het is belangrijk dat een professional weet dat je kind (kenmerken van) autisme heeft.","breadcrumb":{"@id":"https:\/\/www.autismejongekind.nl\/autisme-bij-kinderen-informatie-voor-ouders\/overzicht-van-behandelvormen-voor-jonge-kinderen\/behandeling-van-overige-problemen-naast-autisme\/#breadcrumb"},"inLanguage":"tr","potentialAction":[{"@type":"ReadAction","target":["https:\/\/www.autismejongekind.nl\/autisme-bij-kinderen-informatie-voor-ouders\/overzicht-van-behandelvormen-voor-jonge-kinderen\/behandeling-van-overige-problemen-naast-autisme\/"]}]},{"@type":"ImageObject","inLanguage":"tr","@id":"https:\/\/www.autismejongekind.nl\/autisme-bij-kinderen-informatie-voor-ouders\/overzicht-van-behandelvormen-voor-jonge-kinderen\/behandeling-van-overige-problemen-naast-autisme\/#primaryimage","url":"https:\/\/www.autismejongekind.nl\/wp-content\/uploads\/2023\/04\/andere-problemen-naast-autisme.jpg","contentUrl":"https:\/\/www.autismejongekind.nl\/wp-content\/uploads\/2023\/04\/andere-problemen-naast-autisme.jpg","width":1920,"height":1272,"caption":"andere problemen autisme"},{"@type":"BreadcrumbList","@id":"https:\/\/www.autismejongekind.nl\/autisme-bij-kinderen-informatie-voor-ouders\/overzicht-van-behandelvormen-voor-jonge-kinderen\/behandeling-van-overige-problemen-naast-autisme\/#breadcrumb","itemListElement":[{"@type":"ListItem","position":1,"name":"Home","item":"https:\/\/www.autismejongekind.nl\/"},{"@type":"ListItem","position":2,"name":"Autisme bij kinderen: informatie voor ouders","item":"https:\/\/www.autismejongekind.nl\/autisme-bij-kinderen-informatie-voor-ouders\/"},{"@type":"ListItem","position":3,"name":"Behandelvormen voor jonge kinderen met autisme","item":"https:\/\/www.autismejongekind.nl\/autisme-bij-kinderen-informatie-voor-ouders\/overzicht-van-behandelvormen-voor-jonge-kinderen\/"},{"@type":"ListItem","position":4,"name":"Behandeling van overige problemen, naast autisme"}]},{"@type":"WebSite","@id":"https:\/\/www.autismejongekind.nl\/#website","url":"https:\/\/www.autismejongekind.nl\/","name":"Autisme Jonge Kind","description":"","potentialAction":[{"@type":"SearchAction","target":{"@type":"EntryPoint","urlTemplate":"https:\/\/www.autismejongekind.nl\/?s={search_term_string}"},"query-input":{"@type":"PropertyValueSpecification","valueRequired":true,"valueName":"search_term_string"}}],"inLanguage":"tr"}]}},"_links":{"self":[{"href":"https:\/\/www.autismejongekind.nl\/tr\/wp-json\/wp\/v2\/pages\/6292","targetHints":{"allow":["GET"]}}],"collection":[{"href":"https:\/\/www.autismejongekind.nl\/tr\/wp-json\/wp\/v2\/pages"}],"about":[{"href":"https:\/\/www.autismejongekind.nl\/tr\/wp-json\/wp\/v2\/types\/page"}],"author":[{"embeddable":true,"href":"https:\/\/www.autismejongekind.nl\/tr\/wp-json\/wp\/v2\/users\/27"}],"replies":[{"embeddable":true,"href":"https:\/\/www.autismejongekind.nl\/tr\/wp-json\/wp\/v2\/comments?post=6292"}],"version-history":[{"count":6,"href":"https:\/\/www.autismejongekind.nl\/tr\/wp-json\/wp\/v2\/pages\/6292\/revisions"}],"predecessor-version":[{"id":6988,"href":"https:\/\/www.autismejongekind.nl\/tr\/wp-json\/wp\/v2\/pages\/6292\/revisions\/6988"}],"up":[{"embeddable":true,"href":"https:\/\/www.autismejongekind.nl\/tr\/wp-json\/wp\/v2\/pages\/1917"}],"wp:featuredmedia":[{"embeddable":true,"href":"https:\/\/www.autismejongekind.nl\/tr\/wp-json\/wp\/v2\/media\/6293"}],"wp:attachment":[{"href":"https:\/\/www.autismejongekind.nl\/tr\/wp-json\/wp\/v2\/media?parent=6292"}],"curies":[{"name":"wp","href":"https:\/\/api.w.org\/{rel}","templated":true}]}}