{"id":4205,"date":"2021-09-22T16:17:26","date_gmt":"2021-09-22T14:17:26","guid":{"rendered":"https:\/\/www.autismejongekind.nl\/?page_id=4205"},"modified":"2023-06-30T21:35:09","modified_gmt":"2023-06-30T19:35:09","slug":"mogelijke-onderdelen-van-interventie","status":"publish","type":"page","link":"https:\/\/www.autismejongekind.nl\/tr\/professionals\/interventie-bij-een-vermoeden-van-autisme\/mogelijke-onderdelen-van-interventie\/","title":{"rendered":"Mogelijke onderdelen van interventie"},"content":{"rendered":"<p><span style=\"font-weight: 400;\">Nadat er is gekeken naar de specifieke situatie van het kind en het gezin kun je een persoonlijk interventieplan maken. Mogelijke onderdelen van dit plan zijn:<br \/>\n<\/span><\/p>\n<ul>\n<li><a href=\"#voorlichtingvoordeouders\">Voorlichting voor de ouders<\/a><\/li>\n<li><a href=\"#bijkomendeproblemen\">Behandelen van bijkomende problemen<\/a><\/li>\n<li><a href=\"#bevorderenontwikkeling\">Bevorderen van de algehele ontwikkeling van het kind<\/a><\/li>\n<li><a href=\"#optimaliserenomgeving\">Verbeteren van de omgeving van het kind.<\/a><\/li>\n<\/ul>\n<h2><a id=\"voorlichtingvoordeouders\"><\/a>Voorlichting voor de ouders<\/h2>\n<p>Meestal hebben ouders (meer) uitleg over autisme nodig. Het is goed om met hen te bespreken wat autisme voor de ontwikkeling van hun kind kan betekenen, nu en in de toekomst. Ook is uitleg nodig over het profiel van het kind. Binnen zijn\/haar ontwikkeling: wat zijn dan de sterke kanten en de aandachtspunten? En binnen de omgeving (gezin en school of dagopvang)?<\/p>\n<p>De voorlichting (psycho-educatie) kan \u00e9\u00e9n-op-\u00e9\u00e9n of in een groep gegeven worden. De kennis die de ouders opdoen helpt vaak al. Zij gaan (of de bredere omgeving) anders kijken en handelen naar hun kind. Vaak ontstaan zo al idee\u00ebn over waar de volgende stappen van interventie zich bij voorkeur op zouden kunnen richten.<\/p>\n<h2><a id=\"bijkomendeproblemen\"><\/a>Behandelen van bijkomende problemen<\/h2>\n<p>Regelmatig gaat autisme samen met \u00e9\u00e9n of meerdere andere problemen. Vaak zijn deze \u2018bijkomende\u2019 problemen erg storend in hoe het gaat met het kind en het gezin. Behandel deze problemen dan eerst. Het is hierbij belangrijk dat dit bijkomende probleem niet als een los probleem wordt gezien. Maar dat in de behandeling aandacht is voor de samenhang met autisme. En met hoe het met het kind en het gezin gaat.<\/p>\n<h2><a id=\"bevorderenontwikkeling\"><\/a>Bevorderen van de algehele ontwikkeling van het kind<\/h2>\n<p>Een belangrijk doel van interventie is dat het kind zo veel mogelijk toekomt aan de \u2018normale\u2019 ontwikkeling, zoals elk ander kind.<\/p>\n<h2><a id=\"optimaliserenomgeving\"><\/a>Verbeteren van de omgeving van het kind<\/h2>\n<p>De omgeving van het kind speelt een belangrijke rol bij het behandelen van (gedrags)problemen. Het is daarom goed te kijken hoe deze omgeving verbeterd kan worden. Welke aanpassingen thuis en op de opvang of school zijn er mogelijk om overprikkeling en stress af te laten nemen? Of is de omgeving juist te beschermend en komt het kind daardoor te weinig in ontwikkeling? Het aanpassen van de omgeving kan eraan bijdragen dat het kind weer toe kan komen aan de \u2018normale\u2019 ontwikkeling.<\/p>","protected":false},"excerpt":{"rendered":"<p>Nadat er is gekeken naar de specifieke situatie van het kind en het gezin kun je een persoonlijk interventieplan maken. Mogelijke onderdelen van dit plan zijn: Voorlichting voor de ouders Behandelen van bijkomende problemen Bevorderen van de algehele ontwikkeling van het kind Verbeteren van de omgeving van het kind. Voorlichting voor de ouders Meestal hebben [&hellip;]<\/p>\n","protected":false},"author":27,"featured_media":4428,"parent":4019,"menu_order":0,"comment_status":"closed","ping_status":"closed","template":"template-page-full-width-image.php","meta":{"_acf_changed":false,"footnotes":""},"class_list":["post-4205","page","type-page","status-publish","has-post-thumbnail","hentry"],"acf":[],"yoast_head":"<!-- This site is optimized with the Yoast SEO plugin v27.3 - https:\/\/yoast.com\/product\/yoast-seo-wordpress\/ -->\n<title>Autisme: mogelijke onderdelen van interventie<\/title>\n<meta name=\"description\" content=\"Een kind met autisme helpen vraagt om een persoonlijk interventieplan. Lees hier wat de mogelijke onderdelen daarvan zijn.\" \/>\n<meta name=\"robots\" content=\"index, follow, max-snippet:-1, max-image-preview:large, max-video-preview:-1\" \/>\n<link rel=\"canonical\" href=\"https:\/\/www.autismejongekind.nl\/tr\/professionals\/interventie-bij-een-vermoeden-van-autisme\/mogelijke-onderdelen-van-interventie\/\" \/>\n<meta property=\"og:locale\" content=\"tr_TR\" \/>\n<meta property=\"og:type\" content=\"article\" \/>\n<meta property=\"og:title\" content=\"Autisme: mogelijke onderdelen van interventie\" \/>\n<meta property=\"og:description\" content=\"Een kind met autisme helpen vraagt om een persoonlijk interventieplan. Lees hier wat de mogelijke onderdelen daarvan zijn.\" \/>\n<meta property=\"og:url\" content=\"https:\/\/www.autismejongekind.nl\/tr\/professionals\/interventie-bij-een-vermoeden-van-autisme\/mogelijke-onderdelen-van-interventie\/\" \/>\n<meta property=\"og:site_name\" content=\"Autisme Jonge Kind\" \/>\n<meta property=\"article:modified_time\" content=\"2023-06-30T19:35:09+00:00\" \/>\n<meta property=\"og:image\" content=\"https:\/\/www.autismejongekind.nl\/wp-content\/uploads\/2021\/10\/mogelijke-onderdelen-interventie-1-scaled.jpg\" \/>\n\t<meta property=\"og:image:width\" content=\"2560\" \/>\n\t<meta property=\"og:image:height\" content=\"2009\" \/>\n\t<meta property=\"og:image:type\" content=\"image\/jpeg\" \/>\n<meta name=\"twitter:card\" content=\"summary_large_image\" \/>\n<meta name=\"twitter:label1\" content=\"Tahmini okuma s\u00fcresi\" \/>\n\t<meta name=\"twitter:data1\" content=\"2 dakika\" \/>\n<script type=\"application\/ld+json\" class=\"yoast-schema-graph\">{\"@context\":\"https:\\\/\\\/schema.org\",\"@graph\":[{\"@type\":\"WebPage\",\"@id\":\"https:\\\/\\\/www.autismejongekind.nl\\\/professionals\\\/interventie-bij-een-vermoeden-van-autisme\\\/mogelijke-onderdelen-van-interventie\\\/\",\"url\":\"https:\\\/\\\/www.autismejongekind.nl\\\/professionals\\\/interventie-bij-een-vermoeden-van-autisme\\\/mogelijke-onderdelen-van-interventie\\\/\",\"name\":\"Autisme: mogelijke onderdelen van interventie\",\"isPartOf\":{\"@id\":\"https:\\\/\\\/www.autismejongekind.nl\\\/#website\"},\"primaryImageOfPage\":{\"@id\":\"https:\\\/\\\/www.autismejongekind.nl\\\/professionals\\\/interventie-bij-een-vermoeden-van-autisme\\\/mogelijke-onderdelen-van-interventie\\\/#primaryimage\"},\"image\":{\"@id\":\"https:\\\/\\\/www.autismejongekind.nl\\\/professionals\\\/interventie-bij-een-vermoeden-van-autisme\\\/mogelijke-onderdelen-van-interventie\\\/#primaryimage\"},\"thumbnailUrl\":\"https:\\\/\\\/www.autismejongekind.nl\\\/wp-content\\\/uploads\\\/2021\\\/10\\\/mogelijke-onderdelen-interventie-1-scaled.jpg\",\"datePublished\":\"2021-09-22T14:17:26+00:00\",\"dateModified\":\"2023-06-30T19:35:09+00:00\",\"description\":\"Een kind met autisme helpen vraagt om een persoonlijk interventieplan. Lees hier wat de mogelijke onderdelen daarvan zijn.\",\"breadcrumb\":{\"@id\":\"https:\\\/\\\/www.autismejongekind.nl\\\/professionals\\\/interventie-bij-een-vermoeden-van-autisme\\\/mogelijke-onderdelen-van-interventie\\\/#breadcrumb\"},\"inLanguage\":\"tr\",\"potentialAction\":[{\"@type\":\"ReadAction\",\"target\":[\"https:\\\/\\\/www.autismejongekind.nl\\\/professionals\\\/interventie-bij-een-vermoeden-van-autisme\\\/mogelijke-onderdelen-van-interventie\\\/\"]}]},{\"@type\":\"ImageObject\",\"inLanguage\":\"tr\",\"@id\":\"https:\\\/\\\/www.autismejongekind.nl\\\/professionals\\\/interventie-bij-een-vermoeden-van-autisme\\\/mogelijke-onderdelen-van-interventie\\\/#primaryimage\",\"url\":\"https:\\\/\\\/www.autismejongekind.nl\\\/wp-content\\\/uploads\\\/2021\\\/10\\\/mogelijke-onderdelen-interventie-1-scaled.jpg\",\"contentUrl\":\"https:\\\/\\\/www.autismejongekind.nl\\\/wp-content\\\/uploads\\\/2021\\\/10\\\/mogelijke-onderdelen-interventie-1-scaled.jpg\",\"width\":2560,\"height\":2009,\"caption\":\"mogelijke onderdelen interventie autisme\"},{\"@type\":\"BreadcrumbList\",\"@id\":\"https:\\\/\\\/www.autismejongekind.nl\\\/professionals\\\/interventie-bij-een-vermoeden-van-autisme\\\/mogelijke-onderdelen-van-interventie\\\/#breadcrumb\",\"itemListElement\":[{\"@type\":\"ListItem\",\"position\":1,\"name\":\"Home\",\"item\":\"https:\\\/\\\/www.autismejongekind.nl\\\/\"},{\"@type\":\"ListItem\",\"position\":2,\"name\":\"Professionals\",\"item\":\"https:\\\/\\\/www.autismejongekind.nl\\\/professionals\\\/\"},{\"@type\":\"ListItem\",\"position\":3,\"name\":\"Interventie bij (een vermoeden van) autisme\",\"item\":\"https:\\\/\\\/www.autismejongekind.nl\\\/professionals\\\/interventie-bij-een-vermoeden-van-autisme\\\/\"},{\"@type\":\"ListItem\",\"position\":4,\"name\":\"Mogelijke onderdelen van interventie\"}]},{\"@type\":\"WebSite\",\"@id\":\"https:\\\/\\\/www.autismejongekind.nl\\\/#website\",\"url\":\"https:\\\/\\\/www.autismejongekind.nl\\\/\",\"name\":\"Autisme Jonge Kind\",\"description\":\"\",\"potentialAction\":[{\"@type\":\"SearchAction\",\"target\":{\"@type\":\"EntryPoint\",\"urlTemplate\":\"https:\\\/\\\/www.autismejongekind.nl\\\/?s={search_term_string}\"},\"query-input\":{\"@type\":\"PropertyValueSpecification\",\"valueRequired\":true,\"valueName\":\"search_term_string\"}}],\"inLanguage\":\"tr\"}]}<\/script>\n<!-- \/ Yoast SEO plugin. -->","yoast_head_json":{"title":"Autisme: mogelijke onderdelen van interventie","description":"Een kind met autisme helpen vraagt om een persoonlijk interventieplan. Lees hier wat de mogelijke onderdelen daarvan zijn.","robots":{"index":"index","follow":"follow","max-snippet":"max-snippet:-1","max-image-preview":"max-image-preview:large","max-video-preview":"max-video-preview:-1"},"canonical":"https:\/\/www.autismejongekind.nl\/tr\/professionals\/interventie-bij-een-vermoeden-van-autisme\/mogelijke-onderdelen-van-interventie\/","og_locale":"tr_TR","og_type":"article","og_title":"Autisme: mogelijke onderdelen van interventie","og_description":"Een kind met autisme helpen vraagt om een persoonlijk interventieplan. Lees hier wat de mogelijke onderdelen daarvan zijn.","og_url":"https:\/\/www.autismejongekind.nl\/tr\/professionals\/interventie-bij-een-vermoeden-van-autisme\/mogelijke-onderdelen-van-interventie\/","og_site_name":"Autisme Jonge Kind","article_modified_time":"2023-06-30T19:35:09+00:00","og_image":[{"width":2560,"height":2009,"url":"https:\/\/www.autismejongekind.nl\/wp-content\/uploads\/2021\/10\/mogelijke-onderdelen-interventie-1-scaled.jpg","type":"image\/jpeg"}],"twitter_card":"summary_large_image","twitter_misc":{"Tahmini okuma s\u00fcresi":"2 dakika"},"schema":{"@context":"https:\/\/schema.org","@graph":[{"@type":"WebPage","@id":"https:\/\/www.autismejongekind.nl\/professionals\/interventie-bij-een-vermoeden-van-autisme\/mogelijke-onderdelen-van-interventie\/","url":"https:\/\/www.autismejongekind.nl\/professionals\/interventie-bij-een-vermoeden-van-autisme\/mogelijke-onderdelen-van-interventie\/","name":"Autisme: mogelijke onderdelen van interventie","isPartOf":{"@id":"https:\/\/www.autismejongekind.nl\/#website"},"primaryImageOfPage":{"@id":"https:\/\/www.autismejongekind.nl\/professionals\/interventie-bij-een-vermoeden-van-autisme\/mogelijke-onderdelen-van-interventie\/#primaryimage"},"image":{"@id":"https:\/\/www.autismejongekind.nl\/professionals\/interventie-bij-een-vermoeden-van-autisme\/mogelijke-onderdelen-van-interventie\/#primaryimage"},"thumbnailUrl":"https:\/\/www.autismejongekind.nl\/wp-content\/uploads\/2021\/10\/mogelijke-onderdelen-interventie-1-scaled.jpg","datePublished":"2021-09-22T14:17:26+00:00","dateModified":"2023-06-30T19:35:09+00:00","description":"Een kind met autisme helpen vraagt om een persoonlijk interventieplan. Lees hier wat de mogelijke onderdelen daarvan zijn.","breadcrumb":{"@id":"https:\/\/www.autismejongekind.nl\/professionals\/interventie-bij-een-vermoeden-van-autisme\/mogelijke-onderdelen-van-interventie\/#breadcrumb"},"inLanguage":"tr","potentialAction":[{"@type":"ReadAction","target":["https:\/\/www.autismejongekind.nl\/professionals\/interventie-bij-een-vermoeden-van-autisme\/mogelijke-onderdelen-van-interventie\/"]}]},{"@type":"ImageObject","inLanguage":"tr","@id":"https:\/\/www.autismejongekind.nl\/professionals\/interventie-bij-een-vermoeden-van-autisme\/mogelijke-onderdelen-van-interventie\/#primaryimage","url":"https:\/\/www.autismejongekind.nl\/wp-content\/uploads\/2021\/10\/mogelijke-onderdelen-interventie-1-scaled.jpg","contentUrl":"https:\/\/www.autismejongekind.nl\/wp-content\/uploads\/2021\/10\/mogelijke-onderdelen-interventie-1-scaled.jpg","width":2560,"height":2009,"caption":"mogelijke onderdelen interventie autisme"},{"@type":"BreadcrumbList","@id":"https:\/\/www.autismejongekind.nl\/professionals\/interventie-bij-een-vermoeden-van-autisme\/mogelijke-onderdelen-van-interventie\/#breadcrumb","itemListElement":[{"@type":"ListItem","position":1,"name":"Home","item":"https:\/\/www.autismejongekind.nl\/"},{"@type":"ListItem","position":2,"name":"Professionals","item":"https:\/\/www.autismejongekind.nl\/professionals\/"},{"@type":"ListItem","position":3,"name":"Interventie bij (een vermoeden van) autisme","item":"https:\/\/www.autismejongekind.nl\/professionals\/interventie-bij-een-vermoeden-van-autisme\/"},{"@type":"ListItem","position":4,"name":"Mogelijke onderdelen van interventie"}]},{"@type":"WebSite","@id":"https:\/\/www.autismejongekind.nl\/#website","url":"https:\/\/www.autismejongekind.nl\/","name":"Autisme Jonge Kind","description":"","potentialAction":[{"@type":"SearchAction","target":{"@type":"EntryPoint","urlTemplate":"https:\/\/www.autismejongekind.nl\/?s={search_term_string}"},"query-input":{"@type":"PropertyValueSpecification","valueRequired":true,"valueName":"search_term_string"}}],"inLanguage":"tr"}]}},"_links":{"self":[{"href":"https:\/\/www.autismejongekind.nl\/tr\/wp-json\/wp\/v2\/pages\/4205","targetHints":{"allow":["GET"]}}],"collection":[{"href":"https:\/\/www.autismejongekind.nl\/tr\/wp-json\/wp\/v2\/pages"}],"about":[{"href":"https:\/\/www.autismejongekind.nl\/tr\/wp-json\/wp\/v2\/types\/page"}],"author":[{"embeddable":true,"href":"https:\/\/www.autismejongekind.nl\/tr\/wp-json\/wp\/v2\/users\/27"}],"replies":[{"embeddable":true,"href":"https:\/\/www.autismejongekind.nl\/tr\/wp-json\/wp\/v2\/comments?post=4205"}],"version-history":[{"count":9,"href":"https:\/\/www.autismejongekind.nl\/tr\/wp-json\/wp\/v2\/pages\/4205\/revisions"}],"predecessor-version":[{"id":6737,"href":"https:\/\/www.autismejongekind.nl\/tr\/wp-json\/wp\/v2\/pages\/4205\/revisions\/6737"}],"up":[{"embeddable":true,"href":"https:\/\/www.autismejongekind.nl\/tr\/wp-json\/wp\/v2\/pages\/4019"}],"wp:featuredmedia":[{"embeddable":true,"href":"https:\/\/www.autismejongekind.nl\/tr\/wp-json\/wp\/v2\/media\/4428"}],"wp:attachment":[{"href":"https:\/\/www.autismejongekind.nl\/tr\/wp-json\/wp\/v2\/media?parent=4205"}],"curies":[{"name":"wp","href":"https:\/\/api.w.org\/{rel}","templated":true}]}}