{"id":4178,"date":"2021-09-22T15:42:14","date_gmt":"2021-09-22T13:42:14","guid":{"rendered":"https:\/\/www.autismejongekind.nl\/?page_id=4178"},"modified":"2023-07-03T13:12:56","modified_gmt":"2023-07-03T11:12:56","slug":"wat-is-het-doel-van-vroeginterventie","status":"publish","type":"page","link":"https:\/\/www.autismejongekind.nl\/tr\/professionals\/interventie-bij-een-vermoeden-van-autisme\/wat-is-het-doel-van-vroeginterventie\/","title":{"rendered":"Wat is het doel van vroeginterventie?"},"content":{"rendered":"<p>Juist als een kind nog jong is blijkt interventie bij problemen in de ontwikkeling goed te werken. De belangrijkste doelen van vroeginterventie zijn:<\/p>\n<ul>\n<li>Het voorkomen dat er (grotere) problemen ontstaan.<\/li>\n<li>Het stimuleren van de ontwikkeling op het gebied van spel, contact en communicatie, die minder vanzelfsprekend verlopen.<\/li>\n<\/ul>\n<h2>Wat levert vroeginterventie op?<\/h2>\n<p>Vroeginterventie kan ouders inzicht geven in sterke en minder sterke kanten binnen de ontwikkeling van hun kind. Ook kan vroeginterventie handvatten bieden om beter aan te kunnen sluiten bij de ontwikkelingsbehoeften van het kind.<\/p>\n<p>Daarnaast helpt de interventie te ontdekken wat het kind vanuit de omgeving nodig heeft om zich zo goed mogelijk te kunnen ontwikkelen. Soms kan vroeginterventie een eerste stap zijn naar verdere diagnostiek en interventie.<\/p>\n<p>Lees meer over:<\/p>\n<ul>\n<li><a href=\"https:\/\/www.autismejongekind.nl\/tr\/professionals\/interventie-bij-een-vermoeden-van-autisme\/beer-oudertraining\/\">Otizm de\u011ferlendirmesi olmadan da yard\u0131m edebilirsiniz: BEER e\u011fitimi<\/a><\/li>\n<li><a href=\"https:\/\/www.autismejongekind.nl\/tr\/professionals\/interventie-bij-een-vermoeden-van-autisme\/breed-diagnostisch-onderzoek-voorwaarde-voor-een-persoonlijk-interventieplan\/\">Breed diagnostisch onderzoek doen<\/a><\/li>\n<li><a href=\"https:\/\/www.autismejongekind.nl\/tr\/professionals\/interventie-bij-een-vermoeden-van-autisme\/persoonlijk-interventieplan\/\">Een persoonlijk interventieplan maken<\/a><\/li>\n<li aria-level=\"1\"><a href=\"https:\/\/www.autismejongekind.nl\/tr\/professionals\/interventie-bij-een-vermoeden-van-autisme\/mogelijke-onderdelen-van-interventie\/\">Mogelijke onderdelen van interventie<\/a><\/li>\n<li aria-level=\"1\"><a href=\"https:\/\/www.autismejongekind.nl\/tr\/professionals\/interventie-bij-een-vermoeden-van-autisme\/persoonlijk-interventieplan\/behandelvormen-voor-jonge-kinderen-met-ass\/\">Behandelvormen voor jonge kinderen met autisme (ASS)<\/a><\/li>\n<\/ul>","protected":false},"excerpt":{"rendered":"<p>Juist als een kind nog jong is blijkt interventie bij problemen in de ontwikkeling goed te werken. De belangrijkste doelen van vroeginterventie zijn: Het voorkomen dat er (grotere) problemen ontstaan. Het stimuleren van de ontwikkeling op het gebied van spel, contact en communicatie, die minder vanzelfsprekend verlopen. Wat levert vroeginterventie op? Vroeginterventie kan ouders inzicht [&hellip;]<\/p>\n","protected":false},"author":27,"featured_media":4172,"parent":4019,"menu_order":0,"comment_status":"closed","ping_status":"closed","template":"template-page-full-width-image.php","meta":{"_acf_changed":false,"footnotes":""},"class_list":["post-4178","page","type-page","status-publish","has-post-thumbnail","hentry"],"acf":[],"yoast_head":"<!-- This site is optimized with the Yoast SEO plugin v27.3 - https:\/\/yoast.com\/product\/yoast-seo-wordpress\/ -->\n<title>Waarom vroeginterventie bij autisme?<\/title>\n<meta name=\"description\" content=\"Vroeginterventie heeft grote waarde bij het aanpakken van problemen in de ontwikkeling van een jong kind. Verken de doelen ervan, inclusief het voorkomen van toekomstige moeilijkheden en het bevorderen van groei op het gebied van spel, sociale interactie en communicatie\" \/>\n<meta name=\"robots\" content=\"index, follow, max-snippet:-1, max-image-preview:large, max-video-preview:-1\" \/>\n<link rel=\"canonical\" href=\"https:\/\/www.autismejongekind.nl\/tr\/professionals\/interventie-bij-een-vermoeden-van-autisme\/wat-is-het-doel-van-vroeginterventie\/\" \/>\n<meta property=\"og:locale\" content=\"tr_TR\" \/>\n<meta property=\"og:type\" content=\"article\" \/>\n<meta property=\"og:title\" content=\"Waarom vroeginterventie bij autisme?\" \/>\n<meta property=\"og:description\" content=\"Vroeginterventie heeft grote waarde bij het aanpakken van problemen in de ontwikkeling van een jong kind. Verken de doelen ervan, inclusief het voorkomen van toekomstige moeilijkheden en het bevorderen van groei op het gebied van spel, sociale interactie en communicatie\" \/>\n<meta property=\"og:url\" content=\"https:\/\/www.autismejongekind.nl\/tr\/professionals\/interventie-bij-een-vermoeden-van-autisme\/wat-is-het-doel-van-vroeginterventie\/\" \/>\n<meta property=\"og:site_name\" content=\"Autisme Jonge Kind\" \/>\n<meta property=\"article:modified_time\" content=\"2023-07-03T11:12:56+00:00\" \/>\n<meta property=\"og:image\" content=\"https:\/\/www.autismejongekind.nl\/wp-content\/uploads\/2021\/09\/vroeginterventie-scaled.jpg\" \/>\n\t<meta property=\"og:image:width\" content=\"2560\" \/>\n\t<meta property=\"og:image:height\" content=\"1920\" \/>\n\t<meta property=\"og:image:type\" content=\"image\/jpeg\" \/>\n<meta name=\"twitter:card\" content=\"summary_large_image\" \/>\n<meta name=\"twitter:label1\" content=\"Tahmini okuma s\u00fcresi\" \/>\n\t<meta name=\"twitter:data1\" content=\"1 dakika\" \/>\n<script type=\"application\/ld+json\" class=\"yoast-schema-graph\">{\"@context\":\"https:\\\/\\\/schema.org\",\"@graph\":[{\"@type\":\"WebPage\",\"@id\":\"https:\\\/\\\/www.autismejongekind.nl\\\/professionals\\\/interventie-bij-een-vermoeden-van-autisme\\\/wat-is-het-doel-van-vroeginterventie\\\/\",\"url\":\"https:\\\/\\\/www.autismejongekind.nl\\\/professionals\\\/interventie-bij-een-vermoeden-van-autisme\\\/wat-is-het-doel-van-vroeginterventie\\\/\",\"name\":\"Waarom vroeginterventie bij autisme?\",\"isPartOf\":{\"@id\":\"https:\\\/\\\/www.autismejongekind.nl\\\/#website\"},\"primaryImageOfPage\":{\"@id\":\"https:\\\/\\\/www.autismejongekind.nl\\\/professionals\\\/interventie-bij-een-vermoeden-van-autisme\\\/wat-is-het-doel-van-vroeginterventie\\\/#primaryimage\"},\"image\":{\"@id\":\"https:\\\/\\\/www.autismejongekind.nl\\\/professionals\\\/interventie-bij-een-vermoeden-van-autisme\\\/wat-is-het-doel-van-vroeginterventie\\\/#primaryimage\"},\"thumbnailUrl\":\"https:\\\/\\\/www.autismejongekind.nl\\\/wp-content\\\/uploads\\\/2021\\\/09\\\/vroeginterventie-scaled.jpg\",\"datePublished\":\"2021-09-22T13:42:14+00:00\",\"dateModified\":\"2023-07-03T11:12:56+00:00\",\"description\":\"Vroeginterventie heeft grote waarde bij het aanpakken van problemen in de ontwikkeling van een jong kind. Verken de doelen ervan, inclusief het voorkomen van toekomstige moeilijkheden en het bevorderen van groei op het gebied van spel, sociale interactie en communicatie\",\"breadcrumb\":{\"@id\":\"https:\\\/\\\/www.autismejongekind.nl\\\/professionals\\\/interventie-bij-een-vermoeden-van-autisme\\\/wat-is-het-doel-van-vroeginterventie\\\/#breadcrumb\"},\"inLanguage\":\"tr\",\"potentialAction\":[{\"@type\":\"ReadAction\",\"target\":[\"https:\\\/\\\/www.autismejongekind.nl\\\/professionals\\\/interventie-bij-een-vermoeden-van-autisme\\\/wat-is-het-doel-van-vroeginterventie\\\/\"]}]},{\"@type\":\"ImageObject\",\"inLanguage\":\"tr\",\"@id\":\"https:\\\/\\\/www.autismejongekind.nl\\\/professionals\\\/interventie-bij-een-vermoeden-van-autisme\\\/wat-is-het-doel-van-vroeginterventie\\\/#primaryimage\",\"url\":\"https:\\\/\\\/www.autismejongekind.nl\\\/wp-content\\\/uploads\\\/2021\\\/09\\\/vroeginterventie-scaled.jpg\",\"contentUrl\":\"https:\\\/\\\/www.autismejongekind.nl\\\/wp-content\\\/uploads\\\/2021\\\/09\\\/vroeginterventie-scaled.jpg\",\"width\":2560,\"height\":1920,\"caption\":\"vroeginterventie autisme\"},{\"@type\":\"BreadcrumbList\",\"@id\":\"https:\\\/\\\/www.autismejongekind.nl\\\/professionals\\\/interventie-bij-een-vermoeden-van-autisme\\\/wat-is-het-doel-van-vroeginterventie\\\/#breadcrumb\",\"itemListElement\":[{\"@type\":\"ListItem\",\"position\":1,\"name\":\"Home\",\"item\":\"https:\\\/\\\/www.autismejongekind.nl\\\/\"},{\"@type\":\"ListItem\",\"position\":2,\"name\":\"Professionals\",\"item\":\"https:\\\/\\\/www.autismejongekind.nl\\\/professionals\\\/\"},{\"@type\":\"ListItem\",\"position\":3,\"name\":\"Interventie bij (een vermoeden van) autisme\",\"item\":\"https:\\\/\\\/www.autismejongekind.nl\\\/professionals\\\/interventie-bij-een-vermoeden-van-autisme\\\/\"},{\"@type\":\"ListItem\",\"position\":4,\"name\":\"Wat is het doel van vroeginterventie?\"}]},{\"@type\":\"WebSite\",\"@id\":\"https:\\\/\\\/www.autismejongekind.nl\\\/#website\",\"url\":\"https:\\\/\\\/www.autismejongekind.nl\\\/\",\"name\":\"Autisme Jonge Kind\",\"description\":\"\",\"potentialAction\":[{\"@type\":\"SearchAction\",\"target\":{\"@type\":\"EntryPoint\",\"urlTemplate\":\"https:\\\/\\\/www.autismejongekind.nl\\\/?s={search_term_string}\"},\"query-input\":{\"@type\":\"PropertyValueSpecification\",\"valueRequired\":true,\"valueName\":\"search_term_string\"}}],\"inLanguage\":\"tr\"}]}<\/script>\n<!-- \/ Yoast SEO plugin. -->","yoast_head_json":{"title":"Waarom vroeginterventie bij autisme?","description":"Vroeginterventie heeft grote waarde bij het aanpakken van problemen in de ontwikkeling van een jong kind. Verken de doelen ervan, inclusief het voorkomen van toekomstige moeilijkheden en het bevorderen van groei op het gebied van spel, sociale interactie en communicatie","robots":{"index":"index","follow":"follow","max-snippet":"max-snippet:-1","max-image-preview":"max-image-preview:large","max-video-preview":"max-video-preview:-1"},"canonical":"https:\/\/www.autismejongekind.nl\/tr\/professionals\/interventie-bij-een-vermoeden-van-autisme\/wat-is-het-doel-van-vroeginterventie\/","og_locale":"tr_TR","og_type":"article","og_title":"Waarom vroeginterventie bij autisme?","og_description":"Vroeginterventie heeft grote waarde bij het aanpakken van problemen in de ontwikkeling van een jong kind. Verken de doelen ervan, inclusief het voorkomen van toekomstige moeilijkheden en het bevorderen van groei op het gebied van spel, sociale interactie en communicatie","og_url":"https:\/\/www.autismejongekind.nl\/tr\/professionals\/interventie-bij-een-vermoeden-van-autisme\/wat-is-het-doel-van-vroeginterventie\/","og_site_name":"Autisme Jonge Kind","article_modified_time":"2023-07-03T11:12:56+00:00","og_image":[{"width":2560,"height":1920,"url":"https:\/\/www.autismejongekind.nl\/wp-content\/uploads\/2021\/09\/vroeginterventie-scaled.jpg","type":"image\/jpeg"}],"twitter_card":"summary_large_image","twitter_misc":{"Tahmini okuma s\u00fcresi":"1 dakika"},"schema":{"@context":"https:\/\/schema.org","@graph":[{"@type":"WebPage","@id":"https:\/\/www.autismejongekind.nl\/professionals\/interventie-bij-een-vermoeden-van-autisme\/wat-is-het-doel-van-vroeginterventie\/","url":"https:\/\/www.autismejongekind.nl\/professionals\/interventie-bij-een-vermoeden-van-autisme\/wat-is-het-doel-van-vroeginterventie\/","name":"Waarom vroeginterventie bij autisme?","isPartOf":{"@id":"https:\/\/www.autismejongekind.nl\/#website"},"primaryImageOfPage":{"@id":"https:\/\/www.autismejongekind.nl\/professionals\/interventie-bij-een-vermoeden-van-autisme\/wat-is-het-doel-van-vroeginterventie\/#primaryimage"},"image":{"@id":"https:\/\/www.autismejongekind.nl\/professionals\/interventie-bij-een-vermoeden-van-autisme\/wat-is-het-doel-van-vroeginterventie\/#primaryimage"},"thumbnailUrl":"https:\/\/www.autismejongekind.nl\/wp-content\/uploads\/2021\/09\/vroeginterventie-scaled.jpg","datePublished":"2021-09-22T13:42:14+00:00","dateModified":"2023-07-03T11:12:56+00:00","description":"Vroeginterventie heeft grote waarde bij het aanpakken van problemen in de ontwikkeling van een jong kind. Verken de doelen ervan, inclusief het voorkomen van toekomstige moeilijkheden en het bevorderen van groei op het gebied van spel, sociale interactie en communicatie","breadcrumb":{"@id":"https:\/\/www.autismejongekind.nl\/professionals\/interventie-bij-een-vermoeden-van-autisme\/wat-is-het-doel-van-vroeginterventie\/#breadcrumb"},"inLanguage":"tr","potentialAction":[{"@type":"ReadAction","target":["https:\/\/www.autismejongekind.nl\/professionals\/interventie-bij-een-vermoeden-van-autisme\/wat-is-het-doel-van-vroeginterventie\/"]}]},{"@type":"ImageObject","inLanguage":"tr","@id":"https:\/\/www.autismejongekind.nl\/professionals\/interventie-bij-een-vermoeden-van-autisme\/wat-is-het-doel-van-vroeginterventie\/#primaryimage","url":"https:\/\/www.autismejongekind.nl\/wp-content\/uploads\/2021\/09\/vroeginterventie-scaled.jpg","contentUrl":"https:\/\/www.autismejongekind.nl\/wp-content\/uploads\/2021\/09\/vroeginterventie-scaled.jpg","width":2560,"height":1920,"caption":"vroeginterventie autisme"},{"@type":"BreadcrumbList","@id":"https:\/\/www.autismejongekind.nl\/professionals\/interventie-bij-een-vermoeden-van-autisme\/wat-is-het-doel-van-vroeginterventie\/#breadcrumb","itemListElement":[{"@type":"ListItem","position":1,"name":"Home","item":"https:\/\/www.autismejongekind.nl\/"},{"@type":"ListItem","position":2,"name":"Professionals","item":"https:\/\/www.autismejongekind.nl\/professionals\/"},{"@type":"ListItem","position":3,"name":"Interventie bij (een vermoeden van) autisme","item":"https:\/\/www.autismejongekind.nl\/professionals\/interventie-bij-een-vermoeden-van-autisme\/"},{"@type":"ListItem","position":4,"name":"Wat is het doel van vroeginterventie?"}]},{"@type":"WebSite","@id":"https:\/\/www.autismejongekind.nl\/#website","url":"https:\/\/www.autismejongekind.nl\/","name":"Autisme Jonge Kind","description":"","potentialAction":[{"@type":"SearchAction","target":{"@type":"EntryPoint","urlTemplate":"https:\/\/www.autismejongekind.nl\/?s={search_term_string}"},"query-input":{"@type":"PropertyValueSpecification","valueRequired":true,"valueName":"search_term_string"}}],"inLanguage":"tr"}]}},"_links":{"self":[{"href":"https:\/\/www.autismejongekind.nl\/tr\/wp-json\/wp\/v2\/pages\/4178","targetHints":{"allow":["GET"]}}],"collection":[{"href":"https:\/\/www.autismejongekind.nl\/tr\/wp-json\/wp\/v2\/pages"}],"about":[{"href":"https:\/\/www.autismejongekind.nl\/tr\/wp-json\/wp\/v2\/types\/page"}],"author":[{"embeddable":true,"href":"https:\/\/www.autismejongekind.nl\/tr\/wp-json\/wp\/v2\/users\/27"}],"replies":[{"embeddable":true,"href":"https:\/\/www.autismejongekind.nl\/tr\/wp-json\/wp\/v2\/comments?post=4178"}],"version-history":[{"count":7,"href":"https:\/\/www.autismejongekind.nl\/tr\/wp-json\/wp\/v2\/pages\/4178\/revisions"}],"predecessor-version":[{"id":6926,"href":"https:\/\/www.autismejongekind.nl\/tr\/wp-json\/wp\/v2\/pages\/4178\/revisions\/6926"}],"up":[{"embeddable":true,"href":"https:\/\/www.autismejongekind.nl\/tr\/wp-json\/wp\/v2\/pages\/4019"}],"wp:featuredmedia":[{"embeddable":true,"href":"https:\/\/www.autismejongekind.nl\/tr\/wp-json\/wp\/v2\/media\/4172"}],"wp:attachment":[{"href":"https:\/\/www.autismejongekind.nl\/tr\/wp-json\/wp\/v2\/media?parent=4178"}],"curies":[{"name":"wp","href":"https:\/\/api.w.org\/{rel}","templated":true}]}}