{"id":3703,"date":"2021-03-31T14:01:45","date_gmt":"2021-03-31T12:01:45","guid":{"rendered":"https:\/\/www.autismejongekind.nl\/?page_id=3703"},"modified":"2025-10-09T15:14:40","modified_gmt":"2025-10-09T13:14:40","slug":"vipp-auti","status":"publish","type":"page","link":"https:\/\/www.autismejongekind.nl\/tr\/autisme-bij-kinderen-informatie-voor-ouders\/overzicht-van-behandelvormen-voor-jonge-kinderen\/behandelingen-ontwikkeling-kind\/vipp-auti\/","title":{"rendered":"VIPP-AUTI"},"content":{"rendered":"<p><strong>VIPP-AUTI*, (\u015f\u00fcpheli) otizm (OSB) tan\u0131s\u0131 konulmu\u015f 0-5 ya\u015f aras\u0131 k\u00fc\u00e7\u00fck \u00e7ocuklar\u0131n aileleri i\u00e7in bir programd\u0131r. \u00c7ocu\u011funuzun neden b\u00f6yle davrand\u0131\u011f\u0131n\u0131 \u00f6\u011frenirsiniz. Ayr\u0131ca \u00e7ocu\u011funuzu olumlu y\u00f6nde etkilemek i\u00e7in verebilece\u011finiz tepkileri de \u00f6\u011frenirsiniz. VIPP-AUTI s\u00fcreci, be\u015f ev ziyaretinden olu\u015fur.<\/strong><\/p>\n<p>Ev ziyaretleri s\u0131ras\u0131nda, g\u00fcnl\u00fck durumlarda ve oyun durumlar\u0131nda sizin ve \u00e7ocu\u011funuzun birbirine nas\u0131l tepki verdi\u011fi videolar kaydedilir. Bu videolar\u0131 ev dan\u0131\u015fman\u0131 ile tart\u0131\u015f\u0131rs\u0131n\u0131z. Dan\u0131\u015fman, videolar hakk\u0131nda size geri bildirim verir. Hedef, \u00e7ocu\u011funuzun (genellikle s\u0131rad\u0131\u015f\u0131) sinyallerini daha iyi tan\u0131may\u0131 \u00f6\u011frenmenizdir.<\/p>\n<p>Program, \u00fc\u00e7 ayl\u0131k bir s\u00fcre i\u00e7inde be\u015f ev ziyaretinden olu\u015fur. Her ev ziyareti, k\u00fc\u00e7\u00fck \u00e7ocuklarda otizmin \u00f6nemli bir \u00f6zelli\u011fine odaklan\u0131r. \u00c7ocu\u011funuzun bireysel otizm \u00f6zellikleri de ele al\u0131n\u0131r.<\/p>\n<p><a href=\"https:\/\/www.karakter.com\/behandelingen\/vipp-auti\" target=\"_blank\" rel=\"noopener\">Lees meer over VIPP-AUTI &gt;<\/a><\/p>\n<p class=\"translation-block\">*VIPP-AUTI: Otizme Uyarlanm\u0131\u015f Olumlu Ebeveynlik Te\u015fvik Etmek i\u00e7in Video Geri Bildirim M\u00fcdahalesi<\/p>\n<p><iframe loading=\"lazy\" title=\"YouTube video player\" src=\"https:\/\/www.youtube.com\/embed\/Cda-Y8svw3A?si=oh5dl3IzNor2b64R\" width=\"560\" height=\"315\" frameborder=\"0\" allowfullscreen=\"allowfullscreen\"><\/iframe><\/p>","protected":false},"excerpt":{"rendered":"<p>VIPP-AUTI* is een traject voor gezinnen met jonge kinderen (0 tot 5 jaar) met (een vermoeden van) een autisme (ASS). Je leert waarom je kind zich gedraagt zoals het zich gedraagt. En je leert welke reactie je kan geven om je kind positief te be\u00efnvloeden. Het traject van VIPP-AUTI bestaat uit vijf huisbezoeken. Tijdens de [&hellip;]<\/p>\n","protected":false},"author":27,"featured_media":3706,"parent":6285,"menu_order":0,"comment_status":"closed","ping_status":"closed","template":"template-page-full-width-image.php","meta":{"_acf_changed":false,"footnotes":""},"class_list":["post-3703","page","type-page","status-publish","has-post-thumbnail","hentry"],"acf":[],"yoast_head":"<!-- This site is optimized with the Yoast SEO plugin v27.5 - https:\/\/yoast.com\/product\/yoast-seo-wordpress\/ -->\n<title>Gezinsbegeleiding bij autisme: VIPP-AUTI<\/title>\n<meta name=\"description\" content=\"VIPP-AUTI is een programma voor gezinnen met jonge kinderen met autisme. Ouders krijgen feedback met videobeelden in de thuissituatie.\" \/>\n<meta name=\"robots\" content=\"index, follow, max-snippet:-1, max-image-preview:large, max-video-preview:-1\" \/>\n<link rel=\"canonical\" href=\"https:\/\/www.autismejongekind.nl\/tr\/cocuklarda-otizm-ebeveynler-icin-bilgilendirme\/otizmli-kucuk-cocuklar-icin-tedavi-yontemleri-2\/cocugunuzun-gelisimine-odaklanan-tedaviler\/vipp-auti\/\" \/>\n<meta property=\"og:locale\" content=\"tr_TR\" \/>\n<meta property=\"og:type\" content=\"article\" \/>\n<meta property=\"og:title\" content=\"Gezinsbegeleiding bij autisme: VIPP-AUTI\" \/>\n<meta property=\"og:description\" content=\"VIPP-AUTI is een programma voor gezinnen met jonge kinderen met autisme. Ouders krijgen feedback met videobeelden in de thuissituatie.\" \/>\n<meta property=\"og:url\" content=\"https:\/\/www.autismejongekind.nl\/tr\/cocuklarda-otizm-ebeveynler-icin-bilgilendirme\/otizmli-kucuk-cocuklar-icin-tedavi-yontemleri-2\/cocugunuzun-gelisimine-odaklanan-tedaviler\/vipp-auti\/\" \/>\n<meta property=\"og:site_name\" content=\"Autisme Jonge Kind\" \/>\n<meta property=\"article:modified_time\" content=\"2025-10-09T13:14:40+00:00\" \/>\n<meta property=\"og:image\" content=\"https:\/\/www.autismejongekind.nl\/wp-content\/uploads\/2021\/03\/VIPP-Auti-scaled.jpg\" \/>\n\t<meta property=\"og:image:width\" content=\"2560\" \/>\n\t<meta property=\"og:image:height\" content=\"1707\" \/>\n\t<meta property=\"og:image:type\" content=\"image\/jpeg\" \/>\n<meta name=\"twitter:card\" content=\"summary_large_image\" \/>\n<meta name=\"twitter:label1\" content=\"Tahmini okuma s\u00fcresi\" \/>\n\t<meta name=\"twitter:data1\" content=\"1 dakika\" \/>\n<script type=\"application\/ld+json\" class=\"yoast-schema-graph\">{\"@context\":\"https:\\\/\\\/schema.org\",\"@graph\":[{\"@type\":\"WebPage\",\"@id\":\"https:\\\/\\\/www.autismejongekind.nl\\\/autisme-bij-kinderen-informatie-voor-ouders\\\/overzicht-van-behandelvormen-voor-jonge-kinderen\\\/behandelingen-ontwikkeling-kind\\\/vipp-auti\\\/\",\"url\":\"https:\\\/\\\/www.autismejongekind.nl\\\/autisme-bij-kinderen-informatie-voor-ouders\\\/overzicht-van-behandelvormen-voor-jonge-kinderen\\\/behandelingen-ontwikkeling-kind\\\/vipp-auti\\\/\",\"name\":\"Gezinsbegeleiding bij autisme: VIPP-AUTI\",\"isPartOf\":{\"@id\":\"https:\\\/\\\/www.autismejongekind.nl\\\/#website\"},\"primaryImageOfPage\":{\"@id\":\"https:\\\/\\\/www.autismejongekind.nl\\\/autisme-bij-kinderen-informatie-voor-ouders\\\/overzicht-van-behandelvormen-voor-jonge-kinderen\\\/behandelingen-ontwikkeling-kind\\\/vipp-auti\\\/#primaryimage\"},\"image\":{\"@id\":\"https:\\\/\\\/www.autismejongekind.nl\\\/autisme-bij-kinderen-informatie-voor-ouders\\\/overzicht-van-behandelvormen-voor-jonge-kinderen\\\/behandelingen-ontwikkeling-kind\\\/vipp-auti\\\/#primaryimage\"},\"thumbnailUrl\":\"https:\\\/\\\/www.autismejongekind.nl\\\/wp-content\\\/uploads\\\/2021\\\/03\\\/VIPP-Auti-scaled.jpg\",\"datePublished\":\"2021-03-31T12:01:45+00:00\",\"dateModified\":\"2025-10-09T13:14:40+00:00\",\"description\":\"VIPP-AUTI is een programma voor gezinnen met jonge kinderen met autisme. Ouders krijgen feedback met videobeelden in de thuissituatie.\",\"breadcrumb\":{\"@id\":\"https:\\\/\\\/www.autismejongekind.nl\\\/autisme-bij-kinderen-informatie-voor-ouders\\\/overzicht-van-behandelvormen-voor-jonge-kinderen\\\/behandelingen-ontwikkeling-kind\\\/vipp-auti\\\/#breadcrumb\"},\"inLanguage\":\"tr\",\"potentialAction\":[{\"@type\":\"ReadAction\",\"target\":[\"https:\\\/\\\/www.autismejongekind.nl\\\/autisme-bij-kinderen-informatie-voor-ouders\\\/overzicht-van-behandelvormen-voor-jonge-kinderen\\\/behandelingen-ontwikkeling-kind\\\/vipp-auti\\\/\"]}]},{\"@type\":\"ImageObject\",\"inLanguage\":\"tr\",\"@id\":\"https:\\\/\\\/www.autismejongekind.nl\\\/autisme-bij-kinderen-informatie-voor-ouders\\\/overzicht-van-behandelvormen-voor-jonge-kinderen\\\/behandelingen-ontwikkeling-kind\\\/vipp-auti\\\/#primaryimage\",\"url\":\"https:\\\/\\\/www.autismejongekind.nl\\\/wp-content\\\/uploads\\\/2021\\\/03\\\/VIPP-Auti-scaled.jpg\",\"contentUrl\":\"https:\\\/\\\/www.autismejongekind.nl\\\/wp-content\\\/uploads\\\/2021\\\/03\\\/VIPP-Auti-scaled.jpg\",\"width\":2560,\"height\":1707},{\"@type\":\"BreadcrumbList\",\"@id\":\"https:\\\/\\\/www.autismejongekind.nl\\\/autisme-bij-kinderen-informatie-voor-ouders\\\/overzicht-van-behandelvormen-voor-jonge-kinderen\\\/behandelingen-ontwikkeling-kind\\\/vipp-auti\\\/#breadcrumb\",\"itemListElement\":[{\"@type\":\"ListItem\",\"position\":1,\"name\":\"Home\",\"item\":\"https:\\\/\\\/www.autismejongekind.nl\\\/\"},{\"@type\":\"ListItem\",\"position\":2,\"name\":\"Autisme bij kinderen: informatie voor ouders\",\"item\":\"https:\\\/\\\/www.autismejongekind.nl\\\/autisme-bij-kinderen-informatie-voor-ouders\\\/\"},{\"@type\":\"ListItem\",\"position\":3,\"name\":\"Behandelvormen voor jonge kinderen met autisme\",\"item\":\"https:\\\/\\\/www.autismejongekind.nl\\\/autisme-bij-kinderen-informatie-voor-ouders\\\/overzicht-van-behandelvormen-voor-jonge-kinderen\\\/\"},{\"@type\":\"ListItem\",\"position\":4,\"name\":\"Behandelingen gericht op de ontwikkeling van je kind\",\"item\":\"https:\\\/\\\/www.autismejongekind.nl\\\/autisme-bij-kinderen-informatie-voor-ouders\\\/overzicht-van-behandelvormen-voor-jonge-kinderen\\\/behandelingen-ontwikkeling-kind\\\/\"},{\"@type\":\"ListItem\",\"position\":5,\"name\":\"VIPP-AUTI\"}]},{\"@type\":\"WebSite\",\"@id\":\"https:\\\/\\\/www.autismejongekind.nl\\\/#website\",\"url\":\"https:\\\/\\\/www.autismejongekind.nl\\\/\",\"name\":\"Autisme Jonge Kind\",\"description\":\"\",\"potentialAction\":[{\"@type\":\"SearchAction\",\"target\":{\"@type\":\"EntryPoint\",\"urlTemplate\":\"https:\\\/\\\/www.autismejongekind.nl\\\/?s={search_term_string}\"},\"query-input\":{\"@type\":\"PropertyValueSpecification\",\"valueRequired\":true,\"valueName\":\"search_term_string\"}}],\"inLanguage\":\"tr\"}]}<\/script>\n<!-- \/ Yoast SEO plugin. -->","yoast_head_json":{"title":"Otizm i\u00e7in aile dan\u0131\u015fmanl\u0131\u011f\u0131: VIPP-AUTI","description":"VIPP-AUTI, (\u015f\u00fcpheli) otizm te\u015fhisi konulmu\u015f k\u00fc\u00e7\u00fck \u00e7ocuklar\u0131n aileleri i\u00e7in bir programd\u0131r. Ev ortam\u0131nda (oyun) anlar\u0131 video g\u00f6r\u00fcnt\u00fclerine dayanarak, ebeveynler geri bildirim al\u0131rlar.","robots":{"index":"index","follow":"follow","max-snippet":"max-snippet:-1","max-image-preview":"max-image-preview:large","max-video-preview":"max-video-preview:-1"},"canonical":"https:\/\/www.autismejongekind.nl\/tr\/cocuklarda-otizm-ebeveynler-icin-bilgilendirme\/otizmli-kucuk-cocuklar-icin-tedavi-yontemleri-2\/cocugunuzun-gelisimine-odaklanan-tedaviler\/vipp-auti\/","og_locale":"tr_TR","og_type":"article","og_title":"Gezinsbegeleiding bij autisme: VIPP-AUTI","og_description":"VIPP-AUTI is een programma voor gezinnen met jonge kinderen met autisme. Ouders krijgen feedback met videobeelden in de thuissituatie.","og_url":"https:\/\/www.autismejongekind.nl\/tr\/cocuklarda-otizm-ebeveynler-icin-bilgilendirme\/otizmli-kucuk-cocuklar-icin-tedavi-yontemleri-2\/cocugunuzun-gelisimine-odaklanan-tedaviler\/vipp-auti\/","og_site_name":"Autisme Jonge Kind","article_modified_time":"2025-10-09T13:14:40+00:00","og_image":[{"width":2560,"height":1707,"url":"https:\/\/www.autismejongekind.nl\/wp-content\/uploads\/2021\/03\/VIPP-Auti-scaled.jpg","type":"image\/jpeg"}],"twitter_card":"summary_large_image","twitter_misc":{"Tahmini okuma s\u00fcresi":"1 dakika"},"schema":{"@context":"https:\/\/schema.org","@graph":[{"@type":"WebPage","@id":"https:\/\/www.autismejongekind.nl\/autisme-bij-kinderen-informatie-voor-ouders\/overzicht-van-behandelvormen-voor-jonge-kinderen\/behandelingen-ontwikkeling-kind\/vipp-auti\/","url":"https:\/\/www.autismejongekind.nl\/autisme-bij-kinderen-informatie-voor-ouders\/overzicht-van-behandelvormen-voor-jonge-kinderen\/behandelingen-ontwikkeling-kind\/vipp-auti\/","name":"Otizm i\u00e7in aile dan\u0131\u015fmanl\u0131\u011f\u0131: VIPP-AUTI","isPartOf":{"@id":"https:\/\/www.autismejongekind.nl\/#website"},"primaryImageOfPage":{"@id":"https:\/\/www.autismejongekind.nl\/autisme-bij-kinderen-informatie-voor-ouders\/overzicht-van-behandelvormen-voor-jonge-kinderen\/behandelingen-ontwikkeling-kind\/vipp-auti\/#primaryimage"},"image":{"@id":"https:\/\/www.autismejongekind.nl\/autisme-bij-kinderen-informatie-voor-ouders\/overzicht-van-behandelvormen-voor-jonge-kinderen\/behandelingen-ontwikkeling-kind\/vipp-auti\/#primaryimage"},"thumbnailUrl":"https:\/\/www.autismejongekind.nl\/wp-content\/uploads\/2021\/03\/VIPP-Auti-scaled.jpg","datePublished":"2021-03-31T12:01:45+00:00","dateModified":"2025-10-09T13:14:40+00:00","description":"VIPP-AUTI, (\u015f\u00fcpheli) otizm te\u015fhisi konulmu\u015f k\u00fc\u00e7\u00fck \u00e7ocuklar\u0131n aileleri i\u00e7in bir programd\u0131r. Ev ortam\u0131nda (oyun) anlar\u0131 video g\u00f6r\u00fcnt\u00fclerine dayanarak, ebeveynler geri bildirim al\u0131rlar.","breadcrumb":{"@id":"https:\/\/www.autismejongekind.nl\/autisme-bij-kinderen-informatie-voor-ouders\/overzicht-van-behandelvormen-voor-jonge-kinderen\/behandelingen-ontwikkeling-kind\/vipp-auti\/#breadcrumb"},"inLanguage":"tr","potentialAction":[{"@type":"ReadAction","target":["https:\/\/www.autismejongekind.nl\/autisme-bij-kinderen-informatie-voor-ouders\/overzicht-van-behandelvormen-voor-jonge-kinderen\/behandelingen-ontwikkeling-kind\/vipp-auti\/"]}]},{"@type":"ImageObject","inLanguage":"tr","@id":"https:\/\/www.autismejongekind.nl\/autisme-bij-kinderen-informatie-voor-ouders\/overzicht-van-behandelvormen-voor-jonge-kinderen\/behandelingen-ontwikkeling-kind\/vipp-auti\/#primaryimage","url":"https:\/\/www.autismejongekind.nl\/wp-content\/uploads\/2021\/03\/VIPP-Auti-scaled.jpg","contentUrl":"https:\/\/www.autismejongekind.nl\/wp-content\/uploads\/2021\/03\/VIPP-Auti-scaled.jpg","width":2560,"height":1707},{"@type":"BreadcrumbList","@id":"https:\/\/www.autismejongekind.nl\/autisme-bij-kinderen-informatie-voor-ouders\/overzicht-van-behandelvormen-voor-jonge-kinderen\/behandelingen-ontwikkeling-kind\/vipp-auti\/#breadcrumb","itemListElement":[{"@type":"ListItem","position":1,"name":"Home","item":"https:\/\/www.autismejongekind.nl\/"},{"@type":"ListItem","position":2,"name":"Autisme bij kinderen: informatie voor ouders","item":"https:\/\/www.autismejongekind.nl\/autisme-bij-kinderen-informatie-voor-ouders\/"},{"@type":"ListItem","position":3,"name":"Behandelvormen voor jonge kinderen met autisme","item":"https:\/\/www.autismejongekind.nl\/autisme-bij-kinderen-informatie-voor-ouders\/overzicht-van-behandelvormen-voor-jonge-kinderen\/"},{"@type":"ListItem","position":4,"name":"Behandelingen gericht op de ontwikkeling van je kind","item":"https:\/\/www.autismejongekind.nl\/autisme-bij-kinderen-informatie-voor-ouders\/overzicht-van-behandelvormen-voor-jonge-kinderen\/behandelingen-ontwikkeling-kind\/"},{"@type":"ListItem","position":5,"name":"VIPP-AUTI"}]},{"@type":"WebSite","@id":"https:\/\/www.autismejongekind.nl\/#website","url":"https:\/\/www.autismejongekind.nl\/","name":"Autisme Jonge Kind","description":"","potentialAction":[{"@type":"SearchAction","target":{"@type":"EntryPoint","urlTemplate":"https:\/\/www.autismejongekind.nl\/?s={search_term_string}"},"query-input":{"@type":"PropertyValueSpecification","valueRequired":true,"valueName":"search_term_string"}}],"inLanguage":"tr"}]}},"_links":{"self":[{"href":"https:\/\/www.autismejongekind.nl\/tr\/wp-json\/wp\/v2\/pages\/3703","targetHints":{"allow":["GET"]}}],"collection":[{"href":"https:\/\/www.autismejongekind.nl\/tr\/wp-json\/wp\/v2\/pages"}],"about":[{"href":"https:\/\/www.autismejongekind.nl\/tr\/wp-json\/wp\/v2\/types\/page"}],"author":[{"embeddable":true,"href":"https:\/\/www.autismejongekind.nl\/tr\/wp-json\/wp\/v2\/users\/27"}],"replies":[{"embeddable":true,"href":"https:\/\/www.autismejongekind.nl\/tr\/wp-json\/wp\/v2\/comments?post=3703"}],"version-history":[{"count":18,"href":"https:\/\/www.autismejongekind.nl\/tr\/wp-json\/wp\/v2\/pages\/3703\/revisions"}],"predecessor-version":[{"id":8956,"href":"https:\/\/www.autismejongekind.nl\/tr\/wp-json\/wp\/v2\/pages\/3703\/revisions\/8956"}],"up":[{"embeddable":true,"href":"https:\/\/www.autismejongekind.nl\/tr\/wp-json\/wp\/v2\/pages\/6285"}],"wp:featuredmedia":[{"embeddable":true,"href":"https:\/\/www.autismejongekind.nl\/tr\/wp-json\/wp\/v2\/media\/3706"}],"wp:attachment":[{"href":"https:\/\/www.autismejongekind.nl\/tr\/wp-json\/wp\/v2\/media?parent=3703"}],"curies":[{"name":"wp","href":"https:\/\/api.w.org\/{rel}","templated":true}]}}