{"id":3404,"date":"2021-02-12T20:51:34","date_gmt":"2021-02-12T19:51:34","guid":{"rendered":"https:\/\/www.autismejongekind.nl\/?page_id=3404"},"modified":"2023-07-07T14:50:06","modified_gmt":"2023-07-07T12:50:06","slug":"otizm-tedavisinde-floorplay","status":"publish","type":"page","link":"https:\/\/www.autismejongekind.nl\/tr\/autisme-bij-kinderen-informatie-voor-ouders\/overzicht-van-behandelvormen-voor-jonge-kinderen\/behandelingen-ontwikkeling-kind\/floorplay\/","title":{"rendered":"Floorplay"},"content":{"rendered":"<p><strong>FloorPlay, daha do\u011frudan bir geli\u015fime sahip olmayan k\u00fc\u00e7\u00fck \u00e7ocuklar (0-7 ya\u015f) i\u00e7in oyun terapisidir. Amac\u0131, \u00e7ocu\u011funuzun \u00e7evresine ilgisini ve odaklanmas\u0131n\u0131 g\u00fc\u00e7lendirmektir. Ebeveyn-\u00e7ocuk ili\u015fkisi FloorPlay i\u00e7in merkezidir. Bu, ebeveyn olarak bu terapi t\u00fcr\u00fcnde \u00f6nemli bir rol oynad\u0131\u011f\u0131n\u0131z anlam\u0131na gelir.<\/strong><\/p>\n<p>\u00c7ocu\u011funuz oynarken, siz de takip edersiniz. \u00c7ocu\u011funuzun ilgi alanlar\u0131na ba\u011flan\u0131rs\u0131n\u0131z. \u00d6rne\u011fin:\n\u00c7ocu\u011funuz bir bebekle oynuyor ve tamamen ona konsantre oluyor. Siz de bir bebek al\u0131rs\u0131n\u0131z. Bebeklerin arkada\u015f olup birlikte oynamas\u0131n\u0131 \u00f6nerirsiniz. \u00c7ocu\u011funuz bu \u00f6neriye cevap vermez. Bunun yerine bebekle odaya do\u011fru ilerler. Siz de kendi bebeklerinizi o tarafa do\u011fru y\u00f6nlendirirsiniz ve ge\u00e7i\u015fi 'engellersiniz'. B\u00f6ylece, \u00e7ocu\u011funuzu sizinle etkile\u015fime girme konusunda zorlars\u0131n\u0131z.<\/p>\n<p>Bu \u015fekilde, Floorplay ile \u00e7ocu\u011funuza oyun yoluyla yeni deneyimler kazand\u0131rmay\u0131 \u00f6\u011frenirsiniz. Oyun, etkile\u015fim ve ileti\u015fim alanlar\u0131nda deneyimler kazanmas\u0131na yard\u0131mc\u0131 olursunuz. Floorplay'de kullan\u0131lan hedefler ve oyun teknikleri her \u00e7ocuk i\u00e7in farkl\u0131d\u0131r.<\/p>","protected":false},"excerpt":{"rendered":"<p>FloorPlay is speltherapie voor jonge kinderen (0-7 jaar) bij wie de ontwikkeling niet verloopt zoals je verwacht. Het doel van deze therapie is de betrokkenheid en gerichtheid van je kind op zijn\/haar omgeving te versterken. De ouder-kind relatie staat bij FloorPlay centraal. Dat betekent dat je als ouder een belangrijke rol speelt in deze therapie. [&hellip;]<\/p>\n","protected":false},"author":27,"featured_media":3409,"parent":6285,"menu_order":0,"comment_status":"closed","ping_status":"closed","template":"template-page-full-width-image.php","meta":{"_acf_changed":false,"footnotes":""},"class_list":["post-3404","page","type-page","status-publish","has-post-thumbnail","hentry"],"acf":[],"yoast_head":"<!-- This site is optimized with the Yoast SEO plugin v27.3 - https:\/\/yoast.com\/product\/yoast-seo-wordpress\/ -->\n<title>Floorplay bij behandeling van autisme<\/title>\n<meta name=\"description\" content=\"FloorPlay is speltherapie voor jonge kinderen (0-7 jaar) met autisme. Deze therapie versterkt de betrokkenheid van het kind op de omgeving.\" \/>\n<meta name=\"robots\" content=\"index, follow, max-snippet:-1, max-image-preview:large, max-video-preview:-1\" \/>\n<link rel=\"canonical\" href=\"https:\/\/www.autismejongekind.nl\/tr\/cocuklarda-otizm-ebeveynler-icin-bilgilendirme\/otizmli-kucuk-cocuklar-icin-tedavi-yontemleri-2\/cocugunuzun-gelisimine-odaklanan-tedaviler\/otizm-tedavisinde-floorplay\/\" \/>\n<meta property=\"og:locale\" content=\"tr_TR\" \/>\n<meta property=\"og:type\" content=\"article\" \/>\n<meta property=\"og:title\" content=\"Floorplay bij behandeling van autisme\" \/>\n<meta property=\"og:description\" content=\"FloorPlay is speltherapie voor jonge kinderen (0-7 jaar) met autisme. Deze therapie versterkt de betrokkenheid van het kind op de omgeving.\" \/>\n<meta property=\"og:url\" content=\"https:\/\/www.autismejongekind.nl\/tr\/cocuklarda-otizm-ebeveynler-icin-bilgilendirme\/otizmli-kucuk-cocuklar-icin-tedavi-yontemleri-2\/cocugunuzun-gelisimine-odaklanan-tedaviler\/otizm-tedavisinde-floorplay\/\" \/>\n<meta property=\"og:site_name\" content=\"Autisme Jonge Kind\" \/>\n<meta property=\"article:modified_time\" content=\"2023-07-07T12:50:06+00:00\" \/>\n<meta property=\"og:image\" content=\"https:\/\/www.autismejongekind.nl\/wp-content\/uploads\/2021\/02\/Floorplay-scaled-e1613160281620.jpg\" \/>\n\t<meta property=\"og:image:width\" content=\"1707\" \/>\n\t<meta property=\"og:image:height\" content=\"1280\" \/>\n\t<meta property=\"og:image:type\" content=\"image\/jpeg\" \/>\n<meta name=\"twitter:card\" content=\"summary_large_image\" \/>\n<meta name=\"twitter:label1\" content=\"Tahmini okuma s\u00fcresi\" \/>\n\t<meta name=\"twitter:data1\" content=\"2 dakika\" \/>\n<script type=\"application\/ld+json\" class=\"yoast-schema-graph\">{\"@context\":\"https:\\\/\\\/schema.org\",\"@graph\":[{\"@type\":\"WebPage\",\"@id\":\"https:\\\/\\\/www.autismejongekind.nl\\\/autisme-bij-kinderen-informatie-voor-ouders\\\/overzicht-van-behandelvormen-voor-jonge-kinderen\\\/behandelingen-ontwikkeling-kind\\\/floorplay\\\/\",\"url\":\"https:\\\/\\\/www.autismejongekind.nl\\\/autisme-bij-kinderen-informatie-voor-ouders\\\/overzicht-van-behandelvormen-voor-jonge-kinderen\\\/behandelingen-ontwikkeling-kind\\\/floorplay\\\/\",\"name\":\"Floorplay bij behandeling van autisme\",\"isPartOf\":{\"@id\":\"https:\\\/\\\/www.autismejongekind.nl\\\/#website\"},\"primaryImageOfPage\":{\"@id\":\"https:\\\/\\\/www.autismejongekind.nl\\\/autisme-bij-kinderen-informatie-voor-ouders\\\/overzicht-van-behandelvormen-voor-jonge-kinderen\\\/behandelingen-ontwikkeling-kind\\\/floorplay\\\/#primaryimage\"},\"image\":{\"@id\":\"https:\\\/\\\/www.autismejongekind.nl\\\/autisme-bij-kinderen-informatie-voor-ouders\\\/overzicht-van-behandelvormen-voor-jonge-kinderen\\\/behandelingen-ontwikkeling-kind\\\/floorplay\\\/#primaryimage\"},\"thumbnailUrl\":\"https:\\\/\\\/www.autismejongekind.nl\\\/wp-content\\\/uploads\\\/2021\\\/02\\\/Floorplay-scaled-e1613160281620.jpg\",\"datePublished\":\"2021-02-12T19:51:34+00:00\",\"dateModified\":\"2023-07-07T12:50:06+00:00\",\"description\":\"FloorPlay is speltherapie voor jonge kinderen (0-7 jaar) met autisme. Deze therapie versterkt de betrokkenheid van het kind op de omgeving.\",\"breadcrumb\":{\"@id\":\"https:\\\/\\\/www.autismejongekind.nl\\\/autisme-bij-kinderen-informatie-voor-ouders\\\/overzicht-van-behandelvormen-voor-jonge-kinderen\\\/behandelingen-ontwikkeling-kind\\\/floorplay\\\/#breadcrumb\"},\"inLanguage\":\"tr\",\"potentialAction\":[{\"@type\":\"ReadAction\",\"target\":[\"https:\\\/\\\/www.autismejongekind.nl\\\/autisme-bij-kinderen-informatie-voor-ouders\\\/overzicht-van-behandelvormen-voor-jonge-kinderen\\\/behandelingen-ontwikkeling-kind\\\/floorplay\\\/\"]}]},{\"@type\":\"ImageObject\",\"inLanguage\":\"tr\",\"@id\":\"https:\\\/\\\/www.autismejongekind.nl\\\/autisme-bij-kinderen-informatie-voor-ouders\\\/overzicht-van-behandelvormen-voor-jonge-kinderen\\\/behandelingen-ontwikkeling-kind\\\/floorplay\\\/#primaryimage\",\"url\":\"https:\\\/\\\/www.autismejongekind.nl\\\/wp-content\\\/uploads\\\/2021\\\/02\\\/Floorplay-scaled-e1613160281620.jpg\",\"contentUrl\":\"https:\\\/\\\/www.autismejongekind.nl\\\/wp-content\\\/uploads\\\/2021\\\/02\\\/Floorplay-scaled-e1613160281620.jpg\",\"width\":1707,\"height\":1280},{\"@type\":\"BreadcrumbList\",\"@id\":\"https:\\\/\\\/www.autismejongekind.nl\\\/autisme-bij-kinderen-informatie-voor-ouders\\\/overzicht-van-behandelvormen-voor-jonge-kinderen\\\/behandelingen-ontwikkeling-kind\\\/floorplay\\\/#breadcrumb\",\"itemListElement\":[{\"@type\":\"ListItem\",\"position\":1,\"name\":\"Home\",\"item\":\"https:\\\/\\\/www.autismejongekind.nl\\\/\"},{\"@type\":\"ListItem\",\"position\":2,\"name\":\"Autisme bij kinderen: informatie voor ouders\",\"item\":\"https:\\\/\\\/www.autismejongekind.nl\\\/autisme-bij-kinderen-informatie-voor-ouders\\\/\"},{\"@type\":\"ListItem\",\"position\":3,\"name\":\"Behandelvormen voor jonge kinderen met autisme\",\"item\":\"https:\\\/\\\/www.autismejongekind.nl\\\/autisme-bij-kinderen-informatie-voor-ouders\\\/overzicht-van-behandelvormen-voor-jonge-kinderen\\\/\"},{\"@type\":\"ListItem\",\"position\":4,\"name\":\"Behandelingen gericht op de ontwikkeling van je kind\",\"item\":\"https:\\\/\\\/www.autismejongekind.nl\\\/autisme-bij-kinderen-informatie-voor-ouders\\\/overzicht-van-behandelvormen-voor-jonge-kinderen\\\/behandelingen-ontwikkeling-kind\\\/\"},{\"@type\":\"ListItem\",\"position\":5,\"name\":\"Floorplay\"}]},{\"@type\":\"WebSite\",\"@id\":\"https:\\\/\\\/www.autismejongekind.nl\\\/#website\",\"url\":\"https:\\\/\\\/www.autismejongekind.nl\\\/\",\"name\":\"Autisme Jonge Kind\",\"description\":\"\",\"potentialAction\":[{\"@type\":\"SearchAction\",\"target\":{\"@type\":\"EntryPoint\",\"urlTemplate\":\"https:\\\/\\\/www.autismejongekind.nl\\\/?s={search_term_string}\"},\"query-input\":{\"@type\":\"PropertyValueSpecification\",\"valueRequired\":true,\"valueName\":\"search_term_string\"}}],\"inLanguage\":\"tr\"}]}<\/script>\n<!-- \/ Yoast SEO plugin. -->","yoast_head_json":{"title":"Otizm tedavisinde Floorplay","description":"FloorPlay, (\u015f\u00fcpheli) otizm olan k\u00fc\u00e7\u00fck \u00e7ocuklar (0-7 ya\u015f) i\u00e7in oyun terapisidir. Amac\u0131, \u00e7ocu\u011funuzun \u00e7evresine ilgisini ve odaklanmas\u0131n\u0131 g\u00fc\u00e7lendirmektir.","robots":{"index":"index","follow":"follow","max-snippet":"max-snippet:-1","max-image-preview":"max-image-preview:large","max-video-preview":"max-video-preview:-1"},"canonical":"https:\/\/www.autismejongekind.nl\/tr\/cocuklarda-otizm-ebeveynler-icin-bilgilendirme\/otizmli-kucuk-cocuklar-icin-tedavi-yontemleri-2\/cocugunuzun-gelisimine-odaklanan-tedaviler\/otizm-tedavisinde-floorplay\/","og_locale":"tr_TR","og_type":"article","og_title":"Floorplay bij behandeling van autisme","og_description":"FloorPlay is speltherapie voor jonge kinderen (0-7 jaar) met autisme. Deze therapie versterkt de betrokkenheid van het kind op de omgeving.","og_url":"https:\/\/www.autismejongekind.nl\/tr\/cocuklarda-otizm-ebeveynler-icin-bilgilendirme\/otizmli-kucuk-cocuklar-icin-tedavi-yontemleri-2\/cocugunuzun-gelisimine-odaklanan-tedaviler\/otizm-tedavisinde-floorplay\/","og_site_name":"Autisme Jonge Kind","article_modified_time":"2023-07-07T12:50:06+00:00","og_image":[{"width":1707,"height":1280,"url":"https:\/\/www.autismejongekind.nl\/wp-content\/uploads\/2021\/02\/Floorplay-scaled-e1613160281620.jpg","type":"image\/jpeg"}],"twitter_card":"summary_large_image","twitter_misc":{"Tahmini okuma s\u00fcresi":"2 dakika"},"schema":{"@context":"https:\/\/schema.org","@graph":[{"@type":"WebPage","@id":"https:\/\/www.autismejongekind.nl\/autisme-bij-kinderen-informatie-voor-ouders\/overzicht-van-behandelvormen-voor-jonge-kinderen\/behandelingen-ontwikkeling-kind\/floorplay\/","url":"https:\/\/www.autismejongekind.nl\/autisme-bij-kinderen-informatie-voor-ouders\/overzicht-van-behandelvormen-voor-jonge-kinderen\/behandelingen-ontwikkeling-kind\/floorplay\/","name":"Otizm tedavisinde Floorplay","isPartOf":{"@id":"https:\/\/www.autismejongekind.nl\/#website"},"primaryImageOfPage":{"@id":"https:\/\/www.autismejongekind.nl\/autisme-bij-kinderen-informatie-voor-ouders\/overzicht-van-behandelvormen-voor-jonge-kinderen\/behandelingen-ontwikkeling-kind\/floorplay\/#primaryimage"},"image":{"@id":"https:\/\/www.autismejongekind.nl\/autisme-bij-kinderen-informatie-voor-ouders\/overzicht-van-behandelvormen-voor-jonge-kinderen\/behandelingen-ontwikkeling-kind\/floorplay\/#primaryimage"},"thumbnailUrl":"https:\/\/www.autismejongekind.nl\/wp-content\/uploads\/2021\/02\/Floorplay-scaled-e1613160281620.jpg","datePublished":"2021-02-12T19:51:34+00:00","dateModified":"2023-07-07T12:50:06+00:00","description":"FloorPlay, (\u015f\u00fcpheli) otizm olan k\u00fc\u00e7\u00fck \u00e7ocuklar (0-7 ya\u015f) i\u00e7in oyun terapisidir. Amac\u0131, \u00e7ocu\u011funuzun \u00e7evresine ilgisini ve odaklanmas\u0131n\u0131 g\u00fc\u00e7lendirmektir.","breadcrumb":{"@id":"https:\/\/www.autismejongekind.nl\/autisme-bij-kinderen-informatie-voor-ouders\/overzicht-van-behandelvormen-voor-jonge-kinderen\/behandelingen-ontwikkeling-kind\/floorplay\/#breadcrumb"},"inLanguage":"tr","potentialAction":[{"@type":"ReadAction","target":["https:\/\/www.autismejongekind.nl\/autisme-bij-kinderen-informatie-voor-ouders\/overzicht-van-behandelvormen-voor-jonge-kinderen\/behandelingen-ontwikkeling-kind\/floorplay\/"]}]},{"@type":"ImageObject","inLanguage":"tr","@id":"https:\/\/www.autismejongekind.nl\/autisme-bij-kinderen-informatie-voor-ouders\/overzicht-van-behandelvormen-voor-jonge-kinderen\/behandelingen-ontwikkeling-kind\/floorplay\/#primaryimage","url":"https:\/\/www.autismejongekind.nl\/wp-content\/uploads\/2021\/02\/Floorplay-scaled-e1613160281620.jpg","contentUrl":"https:\/\/www.autismejongekind.nl\/wp-content\/uploads\/2021\/02\/Floorplay-scaled-e1613160281620.jpg","width":1707,"height":1280},{"@type":"BreadcrumbList","@id":"https:\/\/www.autismejongekind.nl\/autisme-bij-kinderen-informatie-voor-ouders\/overzicht-van-behandelvormen-voor-jonge-kinderen\/behandelingen-ontwikkeling-kind\/floorplay\/#breadcrumb","itemListElement":[{"@type":"ListItem","position":1,"name":"Home","item":"https:\/\/www.autismejongekind.nl\/"},{"@type":"ListItem","position":2,"name":"Autisme bij kinderen: informatie voor ouders","item":"https:\/\/www.autismejongekind.nl\/autisme-bij-kinderen-informatie-voor-ouders\/"},{"@type":"ListItem","position":3,"name":"Behandelvormen voor jonge kinderen met autisme","item":"https:\/\/www.autismejongekind.nl\/autisme-bij-kinderen-informatie-voor-ouders\/overzicht-van-behandelvormen-voor-jonge-kinderen\/"},{"@type":"ListItem","position":4,"name":"Behandelingen gericht op de ontwikkeling van je kind","item":"https:\/\/www.autismejongekind.nl\/autisme-bij-kinderen-informatie-voor-ouders\/overzicht-van-behandelvormen-voor-jonge-kinderen\/behandelingen-ontwikkeling-kind\/"},{"@type":"ListItem","position":5,"name":"Floorplay"}]},{"@type":"WebSite","@id":"https:\/\/www.autismejongekind.nl\/#website","url":"https:\/\/www.autismejongekind.nl\/","name":"Autisme Jonge Kind","description":"","potentialAction":[{"@type":"SearchAction","target":{"@type":"EntryPoint","urlTemplate":"https:\/\/www.autismejongekind.nl\/?s={search_term_string}"},"query-input":{"@type":"PropertyValueSpecification","valueRequired":true,"valueName":"search_term_string"}}],"inLanguage":"tr"}]}},"_links":{"self":[{"href":"https:\/\/www.autismejongekind.nl\/tr\/wp-json\/wp\/v2\/pages\/3404","targetHints":{"allow":["GET"]}}],"collection":[{"href":"https:\/\/www.autismejongekind.nl\/tr\/wp-json\/wp\/v2\/pages"}],"about":[{"href":"https:\/\/www.autismejongekind.nl\/tr\/wp-json\/wp\/v2\/types\/page"}],"author":[{"embeddable":true,"href":"https:\/\/www.autismejongekind.nl\/tr\/wp-json\/wp\/v2\/users\/27"}],"replies":[{"embeddable":true,"href":"https:\/\/www.autismejongekind.nl\/tr\/wp-json\/wp\/v2\/comments?post=3404"}],"version-history":[{"count":6,"href":"https:\/\/www.autismejongekind.nl\/tr\/wp-json\/wp\/v2\/pages\/3404\/revisions"}],"predecessor-version":[{"id":6991,"href":"https:\/\/www.autismejongekind.nl\/tr\/wp-json\/wp\/v2\/pages\/3404\/revisions\/6991"}],"up":[{"embeddable":true,"href":"https:\/\/www.autismejongekind.nl\/tr\/wp-json\/wp\/v2\/pages\/6285"}],"wp:featuredmedia":[{"embeddable":true,"href":"https:\/\/www.autismejongekind.nl\/tr\/wp-json\/wp\/v2\/media\/3409"}],"wp:attachment":[{"href":"https:\/\/www.autismejongekind.nl\/tr\/wp-json\/wp\/v2\/media?parent=3404"}],"curies":[{"name":"wp","href":"https:\/\/api.w.org\/{rel}","templated":true}]}}