{"id":2964,"date":"2020-09-16T22:42:04","date_gmt":"2020-09-16T20:42:04","guid":{"rendered":"https:\/\/www.autismejongekind.nl\/?page_id=2964"},"modified":"2026-02-12T15:00:00","modified_gmt":"2026-02-12T14:00:00","slug":"prt-privotal-response-tedavisi","status":"publish","type":"page","link":"https:\/\/www.autismejongekind.nl\/tr\/autisme-bij-kinderen-informatie-voor-ouders\/overzicht-van-behandelvormen-voor-jonge-kinderen\/behandelingen-ontwikkeling-kind\/prt-pivotal-response-treatment\/","title":{"rendered":"PRT (Pivotal Response Treatment)"},"content":{"rendered":"<p><strong>PRT, \u00e7ocu\u011funuzun sosyal ileti\u015fim becerilerini geli\u015ftirmeyi te\u015fvik eden bir tedavi y\u00f6ntemidir. Bu beceriler aras\u0131nda soru sorma, yorum yapma ve konu\u015fmaya di\u011ferlerini dahil etme gibi beceriler bulunur.<\/strong><\/p>\n<p>\u00c7ocuklar, erken ya\u015flardan itibaren do\u011fal olarak ba\u015fkalar\u0131yla etkile\u015fim kurmak i\u00e7in bir\u00e7ok giri\u015fimde bulunurlar.  Sonu\u00e7 olarak, \u015faka yollu becerileri \u00f6\u011frenirler, \u00f6rne\u011fin:<\/p>\n<ul>\n<li aria-level=\"1\">g\u00f6z temas\u0131 kurmak<\/li>\n<li aria-level=\"1\">s\u0131rayla konu\u015fmak<\/li>\n<li aria-level=\"1\">dil kullan\u0131m\u0131<\/li>\n<li aria-level=\"1\">taklit etmek<\/li>\n<li aria-level=\"1\">konu\u015fma becerileri<\/li>\n<li aria-level=\"1\">duygular\u0131 tan\u0131ma<\/li>\n<li aria-level=\"1\">sosyal kurallar<\/li>\n<li aria-level=\"1\">ve benzeri \u015feyler.<\/li>\n<\/ul>\n<p>Baz\u0131 \u00e7ocuklar, \u00f6zellikle otizmli \u00e7ocuklar, bu giri\u015fimi almayabilir veya di\u011fer \u00e7ocuklar kadar s\u0131k yapmazlar. Sonu\u00e7 olarak, di\u011fer \u00e7ocuklar\u0131n deneyimledi\u011fi bir\u00e7ok do\u011fal \u00f6\u011frenme an\u0131n\u0131 ka\u00e7\u0131r\u0131rlar.<\/p>\n<p>PRT teknikleri arac\u0131l\u0131\u011f\u0131yla, \u00e7ocu\u011funuz di\u011fer bir ki\u015fiyle etkile\u015fimde bulunmak i\u00e7in giri\u015fimde bulunmay\u0131 \u00f6\u011frenir. PRT teknikleri g\u00fcnl\u00fck rutinde kolayca uygulanabilir: do\u011fal bir \u00f6\u011frenme yoludur. Tedavi \u00e7ocu\u011funuzun ilgi alanlar\u0131na odaklan\u0131r. Becerileri \u00f6\u011frenmede e\u011flence en \u00f6nemli fakt\u00f6rd\u00fcr.<\/p>\n<p>PRT davran\u0131\u015fsal bir m\u00fcdahaledir ve bilimsel olarak kan\u0131tlanm\u0131\u015f bir tedavidir. PRT tedavisi 2005 y\u0131l\u0131nda Amerika\u2019dan geldi. Hollanda'da y\u00fczlerce bak\u0131m sa\u011flay\u0131c\u0131 art\u0131k PRT konusunda e\u011fitim ald\u0131.<\/p>\n<p style=\"text-align: left;\"><a style=\"box-shadow: inset 0px 0px 0px 0px #fce2c1; background: -moz-linear-gradient( center top, #ffc477 5%, #fb9e25 100% ); filter: progid; background-color: #71cc98; border-radius: 6px; border: 2px solid #71CC98; display: inline-block; color: #ffffff; font-family: arial; font-size: 15px; font-weight: bold; padding: 6px 24px; text-decoration: none;\" href=\"https:\/\/www.autismejongekind.nl\/wp-content\/uploads\/2026\/02\/Instellingen-met-gecertificeerde-PRT-trainers-2026.pdf\" target=\"_blank\" rel=\"noopener\">Bekijk de lijst met gecertificeerde PRT Trainers &gt;<\/a><\/p>","protected":false},"excerpt":{"rendered":"<p>PRT is een behandeling die de sociaal-communicatieve vaardigheden van je kind stimuleert. Bijvoorbeeld vaardigheden als het stellen van vragen, het maken van opmerkingen en weten hoe je het gesprek met anderen aangaat. Van nature nemen kinderen al op jonge leeftijd veel initiatieven om contact met anderen te maken. Hierdoor leren ze spelenderwijs vaardigheden zoals: oogcontact [&hellip;]<\/p>\n","protected":false},"author":27,"featured_media":2966,"parent":6285,"menu_order":0,"comment_status":"closed","ping_status":"closed","template":"template-page-full-width-image.php","meta":{"_acf_changed":false,"footnotes":""},"class_list":["post-2964","page","type-page","status-publish","has-post-thumbnail","hentry"],"acf":[],"yoast_head":"<!-- This site is optimized with the Yoast SEO plugin v27.3 - https:\/\/yoast.com\/product\/yoast-seo-wordpress\/ -->\n<title>PRT bij behandeling van autisme<\/title>\n<meta name=\"description\" content=\"PRT is een behandeling voor kinderen met autisme. Het stimuleert de sociaal-communicatieve vaardigheden van je kind.\" \/>\n<meta name=\"robots\" content=\"index, follow, max-snippet:-1, max-image-preview:large, max-video-preview:-1\" \/>\n<link rel=\"canonical\" href=\"https:\/\/www.autismejongekind.nl\/tr\/cocuklarda-otizm-ebeveynler-icin-bilgilendirme\/otizmli-kucuk-cocuklar-icin-tedavi-yontemleri-2\/cocugunuzun-gelisimine-odaklanan-tedaviler\/prt-privotal-response-tedavisi\/\" \/>\n<meta property=\"og:locale\" content=\"tr_TR\" \/>\n<meta property=\"og:type\" content=\"article\" \/>\n<meta property=\"og:title\" content=\"PRT bij behandeling van autisme\" \/>\n<meta property=\"og:description\" content=\"PRT is een behandeling voor kinderen met autisme. Het stimuleert de sociaal-communicatieve vaardigheden van je kind.\" \/>\n<meta property=\"og:url\" content=\"https:\/\/www.autismejongekind.nl\/tr\/cocuklarda-otizm-ebeveynler-icin-bilgilendirme\/otizmli-kucuk-cocuklar-icin-tedavi-yontemleri-2\/cocugunuzun-gelisimine-odaklanan-tedaviler\/prt-privotal-response-tedavisi\/\" \/>\n<meta property=\"og:site_name\" content=\"Autisme Jonge Kind\" \/>\n<meta property=\"article:modified_time\" content=\"2026-02-12T14:00:00+00:00\" \/>\n<meta property=\"og:image\" content=\"https:\/\/www.autismejongekind.nl\/wp-content\/uploads\/2020\/09\/marisa-howenstine-Cq9slNxV8YU-unsplash-scaled.jpg\" \/>\n\t<meta property=\"og:image:width\" content=\"2560\" \/>\n\t<meta property=\"og:image:height\" content=\"1707\" \/>\n\t<meta property=\"og:image:type\" content=\"image\/jpeg\" \/>\n<meta name=\"twitter:card\" content=\"summary_large_image\" \/>\n<meta name=\"twitter:label1\" content=\"Tahmini okuma s\u00fcresi\" \/>\n\t<meta name=\"twitter:data1\" content=\"2 dakika\" \/>\n<script type=\"application\/ld+json\" class=\"yoast-schema-graph\">{\"@context\":\"https:\\\/\\\/schema.org\",\"@graph\":[{\"@type\":\"WebPage\",\"@id\":\"https:\\\/\\\/www.autismejongekind.nl\\\/autisme-bij-kinderen-informatie-voor-ouders\\\/overzicht-van-behandelvormen-voor-jonge-kinderen\\\/behandelingen-ontwikkeling-kind\\\/prt-pivotal-response-treatment\\\/\",\"url\":\"https:\\\/\\\/www.autismejongekind.nl\\\/autisme-bij-kinderen-informatie-voor-ouders\\\/overzicht-van-behandelvormen-voor-jonge-kinderen\\\/behandelingen-ontwikkeling-kind\\\/prt-pivotal-response-treatment\\\/\",\"name\":\"PRT bij behandeling van autisme\",\"isPartOf\":{\"@id\":\"https:\\\/\\\/www.autismejongekind.nl\\\/#website\"},\"primaryImageOfPage\":{\"@id\":\"https:\\\/\\\/www.autismejongekind.nl\\\/autisme-bij-kinderen-informatie-voor-ouders\\\/overzicht-van-behandelvormen-voor-jonge-kinderen\\\/behandelingen-ontwikkeling-kind\\\/prt-pivotal-response-treatment\\\/#primaryimage\"},\"image\":{\"@id\":\"https:\\\/\\\/www.autismejongekind.nl\\\/autisme-bij-kinderen-informatie-voor-ouders\\\/overzicht-van-behandelvormen-voor-jonge-kinderen\\\/behandelingen-ontwikkeling-kind\\\/prt-pivotal-response-treatment\\\/#primaryimage\"},\"thumbnailUrl\":\"https:\\\/\\\/www.autismejongekind.nl\\\/wp-content\\\/uploads\\\/2020\\\/09\\\/marisa-howenstine-Cq9slNxV8YU-unsplash-scaled.jpg\",\"datePublished\":\"2020-09-16T20:42:04+00:00\",\"dateModified\":\"2026-02-12T14:00:00+00:00\",\"description\":\"PRT is een behandeling voor kinderen met autisme. Het stimuleert de sociaal-communicatieve vaardigheden van je kind.\",\"breadcrumb\":{\"@id\":\"https:\\\/\\\/www.autismejongekind.nl\\\/autisme-bij-kinderen-informatie-voor-ouders\\\/overzicht-van-behandelvormen-voor-jonge-kinderen\\\/behandelingen-ontwikkeling-kind\\\/prt-pivotal-response-treatment\\\/#breadcrumb\"},\"inLanguage\":\"tr\",\"potentialAction\":[{\"@type\":\"ReadAction\",\"target\":[\"https:\\\/\\\/www.autismejongekind.nl\\\/autisme-bij-kinderen-informatie-voor-ouders\\\/overzicht-van-behandelvormen-voor-jonge-kinderen\\\/behandelingen-ontwikkeling-kind\\\/prt-pivotal-response-treatment\\\/\"]}]},{\"@type\":\"ImageObject\",\"inLanguage\":\"tr\",\"@id\":\"https:\\\/\\\/www.autismejongekind.nl\\\/autisme-bij-kinderen-informatie-voor-ouders\\\/overzicht-van-behandelvormen-voor-jonge-kinderen\\\/behandelingen-ontwikkeling-kind\\\/prt-pivotal-response-treatment\\\/#primaryimage\",\"url\":\"https:\\\/\\\/www.autismejongekind.nl\\\/wp-content\\\/uploads\\\/2020\\\/09\\\/marisa-howenstine-Cq9slNxV8YU-unsplash-scaled.jpg\",\"contentUrl\":\"https:\\\/\\\/www.autismejongekind.nl\\\/wp-content\\\/uploads\\\/2020\\\/09\\\/marisa-howenstine-Cq9slNxV8YU-unsplash-scaled.jpg\",\"width\":2560,\"height\":1707},{\"@type\":\"BreadcrumbList\",\"@id\":\"https:\\\/\\\/www.autismejongekind.nl\\\/autisme-bij-kinderen-informatie-voor-ouders\\\/overzicht-van-behandelvormen-voor-jonge-kinderen\\\/behandelingen-ontwikkeling-kind\\\/prt-pivotal-response-treatment\\\/#breadcrumb\",\"itemListElement\":[{\"@type\":\"ListItem\",\"position\":1,\"name\":\"Home\",\"item\":\"https:\\\/\\\/www.autismejongekind.nl\\\/\"},{\"@type\":\"ListItem\",\"position\":2,\"name\":\"Autisme bij kinderen: informatie voor ouders\",\"item\":\"https:\\\/\\\/www.autismejongekind.nl\\\/autisme-bij-kinderen-informatie-voor-ouders\\\/\"},{\"@type\":\"ListItem\",\"position\":3,\"name\":\"Behandelvormen voor jonge kinderen met autisme\",\"item\":\"https:\\\/\\\/www.autismejongekind.nl\\\/autisme-bij-kinderen-informatie-voor-ouders\\\/overzicht-van-behandelvormen-voor-jonge-kinderen\\\/\"},{\"@type\":\"ListItem\",\"position\":4,\"name\":\"Behandelingen gericht op de ontwikkeling van je kind\",\"item\":\"https:\\\/\\\/www.autismejongekind.nl\\\/autisme-bij-kinderen-informatie-voor-ouders\\\/overzicht-van-behandelvormen-voor-jonge-kinderen\\\/behandelingen-ontwikkeling-kind\\\/\"},{\"@type\":\"ListItem\",\"position\":5,\"name\":\"PRT (Pivotal Response Treatment)\"}]},{\"@type\":\"WebSite\",\"@id\":\"https:\\\/\\\/www.autismejongekind.nl\\\/#website\",\"url\":\"https:\\\/\\\/www.autismejongekind.nl\\\/\",\"name\":\"Autisme Jonge Kind\",\"description\":\"\",\"potentialAction\":[{\"@type\":\"SearchAction\",\"target\":{\"@type\":\"EntryPoint\",\"urlTemplate\":\"https:\\\/\\\/www.autismejongekind.nl\\\/?s={search_term_string}\"},\"query-input\":{\"@type\":\"PropertyValueSpecification\",\"valueRequired\":true,\"valueName\":\"search_term_string\"}}],\"inLanguage\":\"tr\"}]}<\/script>\n<!-- \/ Yoast SEO plugin. -->","yoast_head_json":{"title":"Otizm Tedavisinde PRT","description":"PRT, otizmli \u00e7ocuklar i\u00e7in bir tedavi y\u00f6ntemidir. Amac\u0131, \u00e7ocu\u011funuzun sosyal ileti\u015fim becerilerini geli\u015ftirmektir.","robots":{"index":"index","follow":"follow","max-snippet":"max-snippet:-1","max-image-preview":"max-image-preview:large","max-video-preview":"max-video-preview:-1"},"canonical":"https:\/\/www.autismejongekind.nl\/tr\/cocuklarda-otizm-ebeveynler-icin-bilgilendirme\/otizmli-kucuk-cocuklar-icin-tedavi-yontemleri-2\/cocugunuzun-gelisimine-odaklanan-tedaviler\/prt-privotal-response-tedavisi\/","og_locale":"tr_TR","og_type":"article","og_title":"PRT bij behandeling van autisme","og_description":"PRT is een behandeling voor kinderen met autisme. Het stimuleert de sociaal-communicatieve vaardigheden van je kind.","og_url":"https:\/\/www.autismejongekind.nl\/tr\/cocuklarda-otizm-ebeveynler-icin-bilgilendirme\/otizmli-kucuk-cocuklar-icin-tedavi-yontemleri-2\/cocugunuzun-gelisimine-odaklanan-tedaviler\/prt-privotal-response-tedavisi\/","og_site_name":"Autisme Jonge Kind","article_modified_time":"2026-02-12T14:00:00+00:00","og_image":[{"width":2560,"height":1707,"url":"https:\/\/www.autismejongekind.nl\/wp-content\/uploads\/2020\/09\/marisa-howenstine-Cq9slNxV8YU-unsplash-scaled.jpg","type":"image\/jpeg"}],"twitter_card":"summary_large_image","twitter_misc":{"Tahmini okuma s\u00fcresi":"2 dakika"},"schema":{"@context":"https:\/\/schema.org","@graph":[{"@type":"WebPage","@id":"https:\/\/www.autismejongekind.nl\/autisme-bij-kinderen-informatie-voor-ouders\/overzicht-van-behandelvormen-voor-jonge-kinderen\/behandelingen-ontwikkeling-kind\/prt-pivotal-response-treatment\/","url":"https:\/\/www.autismejongekind.nl\/autisme-bij-kinderen-informatie-voor-ouders\/overzicht-van-behandelvormen-voor-jonge-kinderen\/behandelingen-ontwikkeling-kind\/prt-pivotal-response-treatment\/","name":"Otizm Tedavisinde PRT","isPartOf":{"@id":"https:\/\/www.autismejongekind.nl\/#website"},"primaryImageOfPage":{"@id":"https:\/\/www.autismejongekind.nl\/autisme-bij-kinderen-informatie-voor-ouders\/overzicht-van-behandelvormen-voor-jonge-kinderen\/behandelingen-ontwikkeling-kind\/prt-pivotal-response-treatment\/#primaryimage"},"image":{"@id":"https:\/\/www.autismejongekind.nl\/autisme-bij-kinderen-informatie-voor-ouders\/overzicht-van-behandelvormen-voor-jonge-kinderen\/behandelingen-ontwikkeling-kind\/prt-pivotal-response-treatment\/#primaryimage"},"thumbnailUrl":"https:\/\/www.autismejongekind.nl\/wp-content\/uploads\/2020\/09\/marisa-howenstine-Cq9slNxV8YU-unsplash-scaled.jpg","datePublished":"2020-09-16T20:42:04+00:00","dateModified":"2026-02-12T14:00:00+00:00","description":"PRT, otizmli \u00e7ocuklar i\u00e7in bir tedavi y\u00f6ntemidir. Amac\u0131, \u00e7ocu\u011funuzun sosyal ileti\u015fim becerilerini geli\u015ftirmektir.","breadcrumb":{"@id":"https:\/\/www.autismejongekind.nl\/autisme-bij-kinderen-informatie-voor-ouders\/overzicht-van-behandelvormen-voor-jonge-kinderen\/behandelingen-ontwikkeling-kind\/prt-pivotal-response-treatment\/#breadcrumb"},"inLanguage":"tr","potentialAction":[{"@type":"ReadAction","target":["https:\/\/www.autismejongekind.nl\/autisme-bij-kinderen-informatie-voor-ouders\/overzicht-van-behandelvormen-voor-jonge-kinderen\/behandelingen-ontwikkeling-kind\/prt-pivotal-response-treatment\/"]}]},{"@type":"ImageObject","inLanguage":"tr","@id":"https:\/\/www.autismejongekind.nl\/autisme-bij-kinderen-informatie-voor-ouders\/overzicht-van-behandelvormen-voor-jonge-kinderen\/behandelingen-ontwikkeling-kind\/prt-pivotal-response-treatment\/#primaryimage","url":"https:\/\/www.autismejongekind.nl\/wp-content\/uploads\/2020\/09\/marisa-howenstine-Cq9slNxV8YU-unsplash-scaled.jpg","contentUrl":"https:\/\/www.autismejongekind.nl\/wp-content\/uploads\/2020\/09\/marisa-howenstine-Cq9slNxV8YU-unsplash-scaled.jpg","width":2560,"height":1707},{"@type":"BreadcrumbList","@id":"https:\/\/www.autismejongekind.nl\/autisme-bij-kinderen-informatie-voor-ouders\/overzicht-van-behandelvormen-voor-jonge-kinderen\/behandelingen-ontwikkeling-kind\/prt-pivotal-response-treatment\/#breadcrumb","itemListElement":[{"@type":"ListItem","position":1,"name":"Home","item":"https:\/\/www.autismejongekind.nl\/"},{"@type":"ListItem","position":2,"name":"Autisme bij kinderen: informatie voor ouders","item":"https:\/\/www.autismejongekind.nl\/autisme-bij-kinderen-informatie-voor-ouders\/"},{"@type":"ListItem","position":3,"name":"Behandelvormen voor jonge kinderen met autisme","item":"https:\/\/www.autismejongekind.nl\/autisme-bij-kinderen-informatie-voor-ouders\/overzicht-van-behandelvormen-voor-jonge-kinderen\/"},{"@type":"ListItem","position":4,"name":"Behandelingen gericht op de ontwikkeling van je kind","item":"https:\/\/www.autismejongekind.nl\/autisme-bij-kinderen-informatie-voor-ouders\/overzicht-van-behandelvormen-voor-jonge-kinderen\/behandelingen-ontwikkeling-kind\/"},{"@type":"ListItem","position":5,"name":"PRT (Pivotal Response Treatment)"}]},{"@type":"WebSite","@id":"https:\/\/www.autismejongekind.nl\/#website","url":"https:\/\/www.autismejongekind.nl\/","name":"Autisme Jonge Kind","description":"","potentialAction":[{"@type":"SearchAction","target":{"@type":"EntryPoint","urlTemplate":"https:\/\/www.autismejongekind.nl\/?s={search_term_string}"},"query-input":{"@type":"PropertyValueSpecification","valueRequired":true,"valueName":"search_term_string"}}],"inLanguage":"tr"}]}},"_links":{"self":[{"href":"https:\/\/www.autismejongekind.nl\/tr\/wp-json\/wp\/v2\/pages\/2964","targetHints":{"allow":["GET"]}}],"collection":[{"href":"https:\/\/www.autismejongekind.nl\/tr\/wp-json\/wp\/v2\/pages"}],"about":[{"href":"https:\/\/www.autismejongekind.nl\/tr\/wp-json\/wp\/v2\/types\/page"}],"author":[{"embeddable":true,"href":"https:\/\/www.autismejongekind.nl\/tr\/wp-json\/wp\/v2\/users\/27"}],"replies":[{"embeddable":true,"href":"https:\/\/www.autismejongekind.nl\/tr\/wp-json\/wp\/v2\/comments?post=2964"}],"version-history":[{"count":29,"href":"https:\/\/www.autismejongekind.nl\/tr\/wp-json\/wp\/v2\/pages\/2964\/revisions"}],"predecessor-version":[{"id":9180,"href":"https:\/\/www.autismejongekind.nl\/tr\/wp-json\/wp\/v2\/pages\/2964\/revisions\/9180"}],"up":[{"embeddable":true,"href":"https:\/\/www.autismejongekind.nl\/tr\/wp-json\/wp\/v2\/pages\/6285"}],"wp:featuredmedia":[{"embeddable":true,"href":"https:\/\/www.autismejongekind.nl\/tr\/wp-json\/wp\/v2\/media\/2966"}],"wp:attachment":[{"href":"https:\/\/www.autismejongekind.nl\/tr\/wp-json\/wp\/v2\/media?parent=2964"}],"curies":[{"name":"wp","href":"https:\/\/api.w.org\/{rel}","templated":true}]}}