{"id":2719,"date":"2020-06-05T12:36:47","date_gmt":"2020-06-05T10:36:47","guid":{"rendered":"https:\/\/www.autismejongekind.nl\/?page_id=2719"},"modified":"2025-01-29T16:22:26","modified_gmt":"2025-01-29T15:22:26","slug":"beer-oudertraining","status":"publish","type":"page","link":"https:\/\/www.autismejongekind.nl\/tr\/professionals\/interventie-bij-een-vermoeden-van-autisme\/beer-oudertraining\/","title":{"rendered":"Otizm de\u011ferlendirmesi olmadan da yard\u0131m edebilirsiniz: BEER e\u011fitimi"},"content":{"rendered":"<p><strong>Soms is bij een kind nog geen autisme vastgesteld en zijn ouders er ook niet aan toe om onderzoek te laten doen. Maar er zijn w\u00e9l zorgen over de ontwikkeling van het kind. Ook dan is hulp mogelijk: de BEER-interventie.<\/strong><\/p>\n<h2>BEER e\u011fitimi nedir?<\/h2>\n<p>BEER staat voor: <strong>B<\/strong>lended <strong>E<\/strong>-health for children at <strong>E<\/strong>arly <strong>R<\/strong>isk. Het is een training voor ouders van jonge kinderen (12 tot ongeveer 36 maanden) bij wie de ontwikkeling anders verloopt dan verwacht. Bijvoorbeeld op het gebied van:<\/p>\n<ul>\n<li>oyun oynama<\/li>\n<li>etkile\u015fim kurma<\/li>\n<li>ileti\u015fim kurma<\/li>\n<li>flexibel gedrag laten ervaren.<\/li>\n<\/ul>\n<p>BEER is een manier van hulp (interventie) voor jonge kinderen, zonder dat nog precies duidelijk is wat er aan de hand is met het kind. Oftewel: zonder dat er een diagnose is gesteld.<\/p>\n<h2>Waarom de BEER-interventie?<\/h2>\n<p>De BEER-interventie is bedoeld om jonge kinderen met ontwikkelingsproblemen te helpen. Juist ook zonder dat precies duidelijk is wat er aan de hand is. Zo krijgen meer kinderen op tijd de juiste hulp.<\/p>\n<p>Soms heeft een kindje ontwikkelingsproblemen, maar is het (nog) niet duidelijk waar die problemen door komen. Oftewel: de diagnose is niet gesteld. Dat kan verschillende redenen hebben. Wat die reden ook is: het is in het zorgsysteem in Nederland dan vaak lastig om speciale hulp te krijgen. Want voor speciale hulp heb je <a href=\"https:\/\/www.autismejongekind.nl\/tr\/cocuklarda-otizm-ebeveynler-icin-bilgilendirme\/cocugumda-otizm-teshisi-konulmasi\/\">\u00c7\u00fcnk\u00fc bunun i\u00e7in bir tan\u0131ya ihtiyac\u0131n\u0131z<\/a> vard\u0131r.<\/p>\n<p>Ook kan het zijn dat de ouder van het kind er nog niet aan toe is om het kind te laten onderzoeken. Het vaststellen van bijvoorbeeld autisme zou <a href=\"https:\/\/www.autismejongekind.nl\/tr\/cocuklarda-otizm-ebeveynler-icin-bilgilendirme\/otizmi-degerlendirme-yoluyla-teshis-etmek\/otizm-etiketi-cocugum-icin-ne-ise-yarar\/\">als een \u2018stempel\u2019<\/a> voelen. Ook kan het zijn dat het <a href=\"https:\/\/www.autismejongekind.nl\/tr\/kicin-erken-ozellikleri\/\">\u00e7ocu\u011funuz otizmin (OSB)<\/a> laat zien, maar nog niet heel duidelijk. De zorgverlener vindt het dan misschien te vroeg om het kind te laten onderzoeken. Er wordt dan afgewacht hoe het kind zich ontwikkelt. Of het kind krijgt wel hulp, maar dan blijkt die hulp niet (voldoende) te werken. Dat komt dan vaak omdat het echte probleem niet is herkend: autisme (ASS).<\/p>\n<p>De BEER-interventie is laagdrempelig en maakt de zorg voor een kind toegankelijk. Zo krijgen meer kinderen op tijd de juiste hulp.<\/p>\n<h2>BEER e\u011fitimi nas\u0131l \u00e7al\u0131\u015f\u0131r: E-\u00f6\u011frenme mod\u00fcl\u00fc ve ev ziyaretleri<\/h2>\n<p>De BEER-interventie bestaat uit online opdrachten voor de ouders (e-learning) en zeven huisbezoeken. Een professional uit de nulde- of eerstelijn voert de huisbezoeken uit. Deze professional werkt nauw samen met een professional vanuit de gespecialiseerde geestelijke gezondheidszorg (GGZ) en\/of de kinder- en jeugdpsychiatrie.<\/p>\n<h2>Meer zicht op de mogelijkheden en beperkingen van het kind<\/h2>\n<p>Door de BEER-interventie krijgen ouders meer zicht op de mogelijkheden en beperkingen van hun kind. Ze krijgen tips over hoe zij de ontwikkeling van het kind kunnen stimuleren. De BEER-professional denkt mee over welke vorm van behandeling of begeleiding het kind kan helpen.<\/p>\n<h2>BEER-professional worden?<\/h2>\n<p>Wil je ook jonge kinderen met ontwikkelingsproblemen helpen en BEER-professional worden? Lees <a href=\"https:\/\/www.autismejongekind.nl\/tr\/cursus-beer-interventie-voor-professionals\/\">hier alles over de actuele cursus BEER interventie<\/a>.<\/p>\n<ul>\n<li><a href=\"https:\/\/www.autismejongekind.nl\/wp-content\/uploads\/2025\/01\/Folder-BEER-interventie-voor-organisaties.pdf\" target=\"_blank\" rel=\"noopener\">Download de folder BEER voor organisaties<\/a><\/li>\n<li><a href=\"https:\/\/www.autismejongekind.nl\/wp-content\/uploads\/2024\/10\/Folder-BEER-voor-professionals-verwijzers.pdf\" target=\"_blank\" rel=\"noopener\">Download de folder BEER voor professionals\/verwijzers<\/a><\/li>\n<li><a href=\"https:\/\/www.autismejongekind.nl\/wp-content\/uploads\/2024\/10\/Folder-BEER-voor-ouders-oktober-2024.pdf\" target=\"_blank\" rel=\"noopener\">Download de folder BEER voor ouders<\/a><\/li>\n<li>In <a href=\"https:\/\/www.autismejongekind.nl\/tr\/cocuklarda-otizm-ebeveynler-icin-bilgilendirme\/otizm-degerlendirmesi-olmadanda-yardim-beer-egitimi\/otizmli-kucuk-cocuklar-icin-tedavi-yontemleri\/\" target=\"_blank\" rel=\"noopener\">dit overzicht vind je alle geschoolde BEER-professionals<\/a>.<\/li>\n<li><a href=\"https:\/\/www.autismejongekind.nl\/wp-content\/uploads\/2025\/01\/Vakblad-Vroeg-Concrete-ondersteuning-bij-vermoeden-van-autisme-werkt.pdf\" target=\"_blank\" rel=\"noopener\">Lees ook: Concrete ondersteuning bij vermoeden van autisme werkt<\/a><\/li>\n<li><a href=\"https:\/\/app.beer-online.nl\" target=\"_blank\" rel=\"noopener\">Ga naar BEER-online<\/a> (voor geschoolde professionals en professionals in opleiding).<\/li>\n<\/ul>","protected":false},"excerpt":{"rendered":"<p>Soms is bij een kind nog geen autisme vastgesteld en zijn ouders er ook niet aan toe om onderzoek te laten doen. Maar er zijn w\u00e9l zorgen over de ontwikkeling van het kind. Ook dan is hulp mogelijk: de BEER-interventie. Wat is BEER? BEER staat voor: Blended E-health for children at Early Risk. Het is [&hellip;]<\/p>\n","protected":false},"author":27,"featured_media":5616,"parent":4019,"menu_order":0,"comment_status":"closed","ping_status":"closed","template":"template-page-full-width-image.php","meta":{"_acf_changed":false,"footnotes":""},"class_list":["post-2719","page","type-page","status-publish","has-post-thumbnail","hentry"],"acf":[],"yoast_head":"<!-- This site is optimized with the Yoast SEO plugin v27.3 - https:\/\/yoast.com\/product\/yoast-seo-wordpress\/ -->\n<title>Geen autismeonderzoek, wel hulp: BEER<\/title>\n<meta name=\"description\" content=\"Soms zijn er zorgen over de ontwikkeling van een kind, maar er is nog geen autisme vastgesteld. Als ouders nog niet klaar zijn voor onderzoek, is er toch hulp beschikbaar: de BEER-interventie. Ontdek wat BEER inhoudt en hoe het ouders van jonge kinderen (12 tot ongeveer 36 maanden) met een afwijkende ontwikkeling ondersteunt.\" \/>\n<meta name=\"robots\" content=\"index, follow, max-snippet:-1, max-image-preview:large, max-video-preview:-1\" \/>\n<link rel=\"canonical\" href=\"https:\/\/www.autismejongekind.nl\/tr\/professionals\/interventie-bij-een-vermoeden-van-autisme\/beer-oudertraining\/\" \/>\n<meta property=\"og:locale\" content=\"tr_TR\" \/>\n<meta property=\"og:type\" content=\"article\" \/>\n<meta property=\"og:title\" content=\"Geen autismeonderzoek, wel hulp: BEER\" \/>\n<meta property=\"og:description\" content=\"Soms zijn er zorgen over de ontwikkeling van een kind, maar er is nog geen autisme vastgesteld. Als ouders nog niet klaar zijn voor onderzoek, is er toch hulp beschikbaar: de BEER-interventie. Ontdek wat BEER inhoudt en hoe het ouders van jonge kinderen (12 tot ongeveer 36 maanden) met een afwijkende ontwikkeling ondersteunt.\" \/>\n<meta property=\"og:url\" content=\"https:\/\/www.autismejongekind.nl\/tr\/professionals\/interventie-bij-een-vermoeden-van-autisme\/beer-oudertraining\/\" \/>\n<meta property=\"og:site_name\" content=\"Autisme Jonge Kind\" \/>\n<meta property=\"article:modified_time\" content=\"2025-01-29T15:22:26+00:00\" \/>\n<meta property=\"og:image\" content=\"https:\/\/www.autismejongekind.nl\/wp-content\/uploads\/2023\/03\/BEER-interventie-2.jpg\" \/>\n\t<meta property=\"og:image:width\" content=\"1280\" \/>\n\t<meta property=\"og:image:height\" content=\"960\" \/>\n\t<meta property=\"og:image:type\" content=\"image\/jpeg\" \/>\n<meta name=\"twitter:card\" content=\"summary_large_image\" \/>\n<meta name=\"twitter:label1\" content=\"Tahmini okuma s\u00fcresi\" \/>\n\t<meta name=\"twitter:data1\" content=\"3 dakika\" \/>\n<script type=\"application\/ld+json\" class=\"yoast-schema-graph\">{\"@context\":\"https:\\\/\\\/schema.org\",\"@graph\":[{\"@type\":\"WebPage\",\"@id\":\"https:\\\/\\\/www.autismejongekind.nl\\\/professionals\\\/interventie-bij-een-vermoeden-van-autisme\\\/beer-oudertraining\\\/\",\"url\":\"https:\\\/\\\/www.autismejongekind.nl\\\/professionals\\\/interventie-bij-een-vermoeden-van-autisme\\\/beer-oudertraining\\\/\",\"name\":\"Geen autismeonderzoek, wel hulp: BEER\",\"isPartOf\":{\"@id\":\"https:\\\/\\\/www.autismejongekind.nl\\\/#website\"},\"primaryImageOfPage\":{\"@id\":\"https:\\\/\\\/www.autismejongekind.nl\\\/professionals\\\/interventie-bij-een-vermoeden-van-autisme\\\/beer-oudertraining\\\/#primaryimage\"},\"image\":{\"@id\":\"https:\\\/\\\/www.autismejongekind.nl\\\/professionals\\\/interventie-bij-een-vermoeden-van-autisme\\\/beer-oudertraining\\\/#primaryimage\"},\"thumbnailUrl\":\"https:\\\/\\\/www.autismejongekind.nl\\\/wp-content\\\/uploads\\\/2023\\\/03\\\/BEER-interventie-2.jpg\",\"datePublished\":\"2020-06-05T10:36:47+00:00\",\"dateModified\":\"2025-01-29T15:22:26+00:00\",\"description\":\"Soms zijn er zorgen over de ontwikkeling van een kind, maar er is nog geen autisme vastgesteld. Als ouders nog niet klaar zijn voor onderzoek, is er toch hulp beschikbaar: de BEER-interventie. Ontdek wat BEER inhoudt en hoe het ouders van jonge kinderen (12 tot ongeveer 36 maanden) met een afwijkende ontwikkeling ondersteunt.\",\"breadcrumb\":{\"@id\":\"https:\\\/\\\/www.autismejongekind.nl\\\/professionals\\\/interventie-bij-een-vermoeden-van-autisme\\\/beer-oudertraining\\\/#breadcrumb\"},\"inLanguage\":\"tr\",\"potentialAction\":[{\"@type\":\"ReadAction\",\"target\":[\"https:\\\/\\\/www.autismejongekind.nl\\\/professionals\\\/interventie-bij-een-vermoeden-van-autisme\\\/beer-oudertraining\\\/\"]}]},{\"@type\":\"ImageObject\",\"inLanguage\":\"tr\",\"@id\":\"https:\\\/\\\/www.autismejongekind.nl\\\/professionals\\\/interventie-bij-een-vermoeden-van-autisme\\\/beer-oudertraining\\\/#primaryimage\",\"url\":\"https:\\\/\\\/www.autismejongekind.nl\\\/wp-content\\\/uploads\\\/2023\\\/03\\\/BEER-interventie-2.jpg\",\"contentUrl\":\"https:\\\/\\\/www.autismejongekind.nl\\\/wp-content\\\/uploads\\\/2023\\\/03\\\/BEER-interventie-2.jpg\",\"width\":1280,\"height\":960,\"caption\":\"Geen autisme-onderzoek, wel hulp: BEER\"},{\"@type\":\"BreadcrumbList\",\"@id\":\"https:\\\/\\\/www.autismejongekind.nl\\\/professionals\\\/interventie-bij-een-vermoeden-van-autisme\\\/beer-oudertraining\\\/#breadcrumb\",\"itemListElement\":[{\"@type\":\"ListItem\",\"position\":1,\"name\":\"Home\",\"item\":\"https:\\\/\\\/www.autismejongekind.nl\\\/\"},{\"@type\":\"ListItem\",\"position\":2,\"name\":\"Professionals\",\"item\":\"https:\\\/\\\/www.autismejongekind.nl\\\/professionals\\\/\"},{\"@type\":\"ListItem\",\"position\":3,\"name\":\"Interventie bij (een vermoeden van) autisme\",\"item\":\"https:\\\/\\\/www.autismejongekind.nl\\\/professionals\\\/interventie-bij-een-vermoeden-van-autisme\\\/\"},{\"@type\":\"ListItem\",\"position\":4,\"name\":\"Geen autisme-onderzoek, wel hulp: BEER\"}]},{\"@type\":\"WebSite\",\"@id\":\"https:\\\/\\\/www.autismejongekind.nl\\\/#website\",\"url\":\"https:\\\/\\\/www.autismejongekind.nl\\\/\",\"name\":\"Autisme Jonge Kind\",\"description\":\"\",\"potentialAction\":[{\"@type\":\"SearchAction\",\"target\":{\"@type\":\"EntryPoint\",\"urlTemplate\":\"https:\\\/\\\/www.autismejongekind.nl\\\/?s={search_term_string}\"},\"query-input\":{\"@type\":\"PropertyValueSpecification\",\"valueRequired\":true,\"valueName\":\"search_term_string\"}}],\"inLanguage\":\"tr\"}]}<\/script>\n<!-- \/ Yoast SEO plugin. -->","yoast_head_json":{"title":"Geen autismeonderzoek, wel hulp: BEER","description":"Soms zijn er zorgen over de ontwikkeling van een kind, maar er is nog geen autisme vastgesteld. Als ouders nog niet klaar zijn voor onderzoek, is er toch hulp beschikbaar: de BEER-interventie. Ontdek wat BEER inhoudt en hoe het ouders van jonge kinderen (12 tot ongeveer 36 maanden) met een afwijkende ontwikkeling ondersteunt.","robots":{"index":"index","follow":"follow","max-snippet":"max-snippet:-1","max-image-preview":"max-image-preview:large","max-video-preview":"max-video-preview:-1"},"canonical":"https:\/\/www.autismejongekind.nl\/tr\/professionals\/interventie-bij-een-vermoeden-van-autisme\/beer-oudertraining\/","og_locale":"tr_TR","og_type":"article","og_title":"Geen autismeonderzoek, wel hulp: BEER","og_description":"Soms zijn er zorgen over de ontwikkeling van een kind, maar er is nog geen autisme vastgesteld. Als ouders nog niet klaar zijn voor onderzoek, is er toch hulp beschikbaar: de BEER-interventie. Ontdek wat BEER inhoudt en hoe het ouders van jonge kinderen (12 tot ongeveer 36 maanden) met een afwijkende ontwikkeling ondersteunt.","og_url":"https:\/\/www.autismejongekind.nl\/tr\/professionals\/interventie-bij-een-vermoeden-van-autisme\/beer-oudertraining\/","og_site_name":"Autisme Jonge Kind","article_modified_time":"2025-01-29T15:22:26+00:00","og_image":[{"width":1280,"height":960,"url":"https:\/\/www.autismejongekind.nl\/wp-content\/uploads\/2023\/03\/BEER-interventie-2.jpg","type":"image\/jpeg"}],"twitter_card":"summary_large_image","twitter_misc":{"Tahmini okuma s\u00fcresi":"3 dakika"},"schema":{"@context":"https:\/\/schema.org","@graph":[{"@type":"WebPage","@id":"https:\/\/www.autismejongekind.nl\/professionals\/interventie-bij-een-vermoeden-van-autisme\/beer-oudertraining\/","url":"https:\/\/www.autismejongekind.nl\/professionals\/interventie-bij-een-vermoeden-van-autisme\/beer-oudertraining\/","name":"Geen autismeonderzoek, wel hulp: BEER","isPartOf":{"@id":"https:\/\/www.autismejongekind.nl\/#website"},"primaryImageOfPage":{"@id":"https:\/\/www.autismejongekind.nl\/professionals\/interventie-bij-een-vermoeden-van-autisme\/beer-oudertraining\/#primaryimage"},"image":{"@id":"https:\/\/www.autismejongekind.nl\/professionals\/interventie-bij-een-vermoeden-van-autisme\/beer-oudertraining\/#primaryimage"},"thumbnailUrl":"https:\/\/www.autismejongekind.nl\/wp-content\/uploads\/2023\/03\/BEER-interventie-2.jpg","datePublished":"2020-06-05T10:36:47+00:00","dateModified":"2025-01-29T15:22:26+00:00","description":"Soms zijn er zorgen over de ontwikkeling van een kind, maar er is nog geen autisme vastgesteld. Als ouders nog niet klaar zijn voor onderzoek, is er toch hulp beschikbaar: de BEER-interventie. Ontdek wat BEER inhoudt en hoe het ouders van jonge kinderen (12 tot ongeveer 36 maanden) met een afwijkende ontwikkeling ondersteunt.","breadcrumb":{"@id":"https:\/\/www.autismejongekind.nl\/professionals\/interventie-bij-een-vermoeden-van-autisme\/beer-oudertraining\/#breadcrumb"},"inLanguage":"tr","potentialAction":[{"@type":"ReadAction","target":["https:\/\/www.autismejongekind.nl\/professionals\/interventie-bij-een-vermoeden-van-autisme\/beer-oudertraining\/"]}]},{"@type":"ImageObject","inLanguage":"tr","@id":"https:\/\/www.autismejongekind.nl\/professionals\/interventie-bij-een-vermoeden-van-autisme\/beer-oudertraining\/#primaryimage","url":"https:\/\/www.autismejongekind.nl\/wp-content\/uploads\/2023\/03\/BEER-interventie-2.jpg","contentUrl":"https:\/\/www.autismejongekind.nl\/wp-content\/uploads\/2023\/03\/BEER-interventie-2.jpg","width":1280,"height":960,"caption":"Geen autisme-onderzoek, wel hulp: BEER"},{"@type":"BreadcrumbList","@id":"https:\/\/www.autismejongekind.nl\/professionals\/interventie-bij-een-vermoeden-van-autisme\/beer-oudertraining\/#breadcrumb","itemListElement":[{"@type":"ListItem","position":1,"name":"Home","item":"https:\/\/www.autismejongekind.nl\/"},{"@type":"ListItem","position":2,"name":"Professionals","item":"https:\/\/www.autismejongekind.nl\/professionals\/"},{"@type":"ListItem","position":3,"name":"Interventie bij (een vermoeden van) autisme","item":"https:\/\/www.autismejongekind.nl\/professionals\/interventie-bij-een-vermoeden-van-autisme\/"},{"@type":"ListItem","position":4,"name":"Geen autisme-onderzoek, wel hulp: BEER"}]},{"@type":"WebSite","@id":"https:\/\/www.autismejongekind.nl\/#website","url":"https:\/\/www.autismejongekind.nl\/","name":"Autisme Jonge Kind","description":"","potentialAction":[{"@type":"SearchAction","target":{"@type":"EntryPoint","urlTemplate":"https:\/\/www.autismejongekind.nl\/?s={search_term_string}"},"query-input":{"@type":"PropertyValueSpecification","valueRequired":true,"valueName":"search_term_string"}}],"inLanguage":"tr"}]}},"_links":{"self":[{"href":"https:\/\/www.autismejongekind.nl\/tr\/wp-json\/wp\/v2\/pages\/2719","targetHints":{"allow":["GET"]}}],"collection":[{"href":"https:\/\/www.autismejongekind.nl\/tr\/wp-json\/wp\/v2\/pages"}],"about":[{"href":"https:\/\/www.autismejongekind.nl\/tr\/wp-json\/wp\/v2\/types\/page"}],"author":[{"embeddable":true,"href":"https:\/\/www.autismejongekind.nl\/tr\/wp-json\/wp\/v2\/users\/27"}],"replies":[{"embeddable":true,"href":"https:\/\/www.autismejongekind.nl\/tr\/wp-json\/wp\/v2\/comments?post=2719"}],"version-history":[{"count":43,"href":"https:\/\/www.autismejongekind.nl\/tr\/wp-json\/wp\/v2\/pages\/2719\/revisions"}],"predecessor-version":[{"id":8258,"href":"https:\/\/www.autismejongekind.nl\/tr\/wp-json\/wp\/v2\/pages\/2719\/revisions\/8258"}],"up":[{"embeddable":true,"href":"https:\/\/www.autismejongekind.nl\/tr\/wp-json\/wp\/v2\/pages\/4019"}],"wp:featuredmedia":[{"embeddable":true,"href":"https:\/\/www.autismejongekind.nl\/tr\/wp-json\/wp\/v2\/media\/5616"}],"wp:attachment":[{"href":"https:\/\/www.autismejongekind.nl\/tr\/wp-json\/wp\/v2\/media?parent=2719"}],"curies":[{"name":"wp","href":"https:\/\/api.w.org\/{rel}","templated":true}]}}