{"id":220,"date":"2023-03-20T07:05:30","date_gmt":"2023-03-20T06:05:30","guid":{"rendered":"http:\/\/nlautis-gadamael.savviihq.com\/?page_id=220"},"modified":"2025-08-18T16:45:57","modified_gmt":"2025-08-18T14:45:57","slug":"soru-listesi","status":"publish","type":"page","link":"https:\/\/www.autismejongekind.nl\/tr\/vragenlijst\/","title":{"rendered":"Otizm testini yap\u0131n: ESAT testi"},"content":{"rendered":"<p><strong>12 ile 48 ay aras\u0131ndaki \u00e7ocu\u011funuzun di\u011fer \u00e7ocuklardan farkl\u0131 bir \u015fekilde geli\u015fti\u011fi hissine kap\u0131l\u0131yor musunuz? \u00c7ocu\u011funuzun otizmli olup olmad\u0131\u011f\u0131n\u0131 \u00f6\u011frenmek ister misiniz? Ve yard\u0131m araman\u0131z gerekip gerekmedi\u011fini belirlemek zor mu geliyor? ESAT testi size bu sorular\u0131 cevaplaman\u0131za yard\u0131mc\u0131 olacakt\u0131r.\u00a0<\/strong><\/p>\n<p>ESAT 'Otistik \u00d6zellikleri Erken Tarama' anlam\u0131na gelir. Test, ebeveynlerin ve uzmanlar\u0131n etkile\u015fim, ileti\u015fim, oyun ve duyusal i\u015fleme alanlar\u0131nda sorunlar\u0131 tan\u0131mas\u0131na yard\u0131mc\u0131 olur.<\/p>\n<h2>ESAT otizm testi hakk\u0131nda bilmeniz gerekenler<\/h2>\n<ul>\n<li aria-level=\"1\">Test, yakla\u015f\u0131k 12 ila 48 ayl\u0131k \u00e7ocuklar i\u00e7in kullan\u0131labilir.<\/li>\n<li aria-level=\"1\">Test, 'evet' veya 'hay\u0131r' ile cevaplayabilece\u011finiz 14 sorudan olu\u015fur.<\/li>\n<li aria-level=\"1\">Test, ebeveynler veya uzmanlar taraf\u0131ndan tamamlanabilir. Ebeveynler ve uzmanlar birlikte de yapabilir.<\/li>\n<\/ul>\n<h2>ESAT otizm testinin sonu\u00e7lar\u0131yla neler yapabilirsiniz?<\/h2>\n<p>ESAT otizm testinin sonu\u00e7lar\u0131 size yard\u0131mc\u0131 olabilir. Sorular\u0131 yan\u0131tlad\u0131ktan sonra cevaplar\u0131n bir \u00f6zetini ve sonu\u00e7lar\u0131n ne anlama geldi\u011fine dair bir a\u00e7\u0131klama al\u0131rs\u0131n\u0131z.<\/p>\n<p>G\u00fcvenilir sonu\u00e7lar i\u00e7in testi, \u00f6rne\u011fin bir Bebek Sa\u011fl\u0131\u011f\u0131 Klini\u011findeki \u00e7ocuk doktoru veya hem\u015fireyle (veya \"kons\u00fcltasyon b\u00fcrosu\") tekrar g\u00f6zden ge\u00e7irmek iyidir.<\/p>\n<p><strong>L\u00dcTFEN D\u0130KKAT ED\u0130N:<\/strong> 12 aydan k\u00fc\u00e7\u00fck veya 48 aydan b\u00fcy\u00fck \u00e7ocuklar i\u00e7in sonu\u00e7lar g\u00fcvenilir de\u011fildir.<\/p>\n<p>Bir soruya \u00fc\u00e7 veya daha fazla kez \"hay\u0131r\" yan\u0131t\u0131 verdiyseniz, \u00e7ocu\u011funuzun geli\u015fimsel bir bozukluk riski daha y\u00fcksek olabilir. Bu, \u00e7ocu\u011funuzun otomatik olarak otizmli oldu\u011fu anlam\u0131na gelmez, ancak \u00e7ocu\u011funuzun neden farkl\u0131 geli\u015fti\u011fini daha ayr\u0131nt\u0131l\u0131 incelemenin mant\u0131kl\u0131 oldu\u011fu anlam\u0131na gelir.<\/p>\n<p><span style=\"font-size: 10pt;\"><em>Ontwikkeling CoSoS: Dr. C. Dietz en Dr. I. Servatius-Oosterling<\/em><\/span><br \/>\n<span style=\"font-size: 10pt;\"><em>Illustraties: Peter Brouwers<br \/>\n<\/em><\/span><\/p>\n<p style=\"font-weight: 400;\"><em>Uluslararas\u0131 literat\u00fcrde, CoSoS anketi ESAT olarak tan\u0131mlanmaktad\u0131r. CoSoS, ESAT i\u00e7in g\u00fcncellenmi\u015f bir adland\u0131rmad\u0131r. Ayn\u0131 sorular\u0131 i\u00e7erirler.<\/em><\/p>","protected":false},"excerpt":{"rendered":"<p>Heb je het gevoel dat jouw kindje van tussen de 12 en 48 maanden zich anders ontwikkelt dan andere kinderen? Wil je weten of jouw kindje misschien autisme heeft? En vind je het moeilijk om te bepalen of het nodig is hulp te zoeken? De CoSoS-vragenlijst helpt je om kenmerken te herkennen.\u00a0 CoSoS staat voor [&hellip;]<\/p>\n","protected":false},"author":27,"featured_media":5997,"parent":0,"menu_order":0,"comment_status":"closed","ping_status":"closed","template":"template-vragenlijst.php","meta":{"_acf_changed":false,"footnotes":""},"class_list":["post-220","page","type-page","status-publish","has-post-thumbnail","hentry"],"acf":[],"yoast_head":"<!-- This site is optimized with the Yoast SEO plugin v27.5 - https:\/\/yoast.com\/product\/yoast-seo-wordpress\/ -->\n<title>Ontdek of jouw kind mogelijk autisme heeft<\/title>\n<meta name=\"description\" content=\"Is jouw kind tussen de 12 en 48 maanden en ontwikkelt het zich anders dan andere kinderen? Doe de autismetest CoSoS, info@autismejongekind.nl\" \/>\n<meta name=\"robots\" content=\"index, follow, max-snippet:-1, max-image-preview:large, max-video-preview:-1\" \/>\n<link rel=\"canonical\" href=\"https:\/\/www.autismejongekind.nl\/tr\/soru-listesi\/\" \/>\n<meta property=\"og:locale\" content=\"tr_TR\" \/>\n<meta property=\"og:type\" content=\"article\" \/>\n<meta property=\"og:title\" content=\"Ontdek of jouw kind mogelijk autisme heeft\" \/>\n<meta property=\"og:description\" content=\"Is jouw kind tussen de 12 en 48 maanden en ontwikkelt het zich anders dan andere kinderen? Doe de autismetest CoSoS, info@autismejongekind.nl\" \/>\n<meta property=\"og:url\" content=\"https:\/\/www.autismejongekind.nl\/tr\/soru-listesi\/\" \/>\n<meta property=\"og:site_name\" content=\"Autisme Jonge Kind\" \/>\n<meta property=\"article:modified_time\" content=\"2025-08-18T14:45:57+00:00\" \/>\n<meta property=\"og:image\" content=\"https:\/\/www.autismejongekind.nl\/wp-content\/uploads\/2023\/03\/diagnose-traject.jpg\" \/>\n\t<meta property=\"og:image:width\" content=\"640\" \/>\n\t<meta property=\"og:image:height\" content=\"413\" \/>\n\t<meta property=\"og:image:type\" content=\"image\/jpeg\" \/>\n<meta name=\"twitter:card\" content=\"summary_large_image\" \/>\n<meta name=\"twitter:label1\" content=\"Tahmini okuma s\u00fcresi\" \/>\n\t<meta name=\"twitter:data1\" content=\"2 dakika\" \/>\n<script type=\"application\/ld+json\" class=\"yoast-schema-graph\">{\"@context\":\"https:\\\/\\\/schema.org\",\"@graph\":[{\"@type\":\"WebPage\",\"@id\":\"https:\\\/\\\/www.autismejongekind.nl\\\/vragenlijst\\\/\",\"url\":\"https:\\\/\\\/www.autismejongekind.nl\\\/vragenlijst\\\/\",\"name\":\"Ontdek of jouw kind mogelijk autisme heeft\",\"isPartOf\":{\"@id\":\"https:\\\/\\\/www.autismejongekind.nl\\\/#website\"},\"primaryImageOfPage\":{\"@id\":\"https:\\\/\\\/www.autismejongekind.nl\\\/vragenlijst\\\/#primaryimage\"},\"image\":{\"@id\":\"https:\\\/\\\/www.autismejongekind.nl\\\/vragenlijst\\\/#primaryimage\"},\"thumbnailUrl\":\"https:\\\/\\\/www.autismejongekind.nl\\\/wp-content\\\/uploads\\\/2023\\\/03\\\/diagnose-traject.jpg\",\"datePublished\":\"2023-03-20T06:05:30+00:00\",\"dateModified\":\"2025-08-18T14:45:57+00:00\",\"description\":\"Is jouw kind tussen de 12 en 48 maanden en ontwikkelt het zich anders dan andere kinderen? Doe de autismetest CoSoS, info@autismejongekind.nl\",\"breadcrumb\":{\"@id\":\"https:\\\/\\\/www.autismejongekind.nl\\\/vragenlijst\\\/#breadcrumb\"},\"inLanguage\":\"tr\",\"potentialAction\":[{\"@type\":\"ReadAction\",\"target\":[\"https:\\\/\\\/www.autismejongekind.nl\\\/vragenlijst\\\/\"]}]},{\"@type\":\"ImageObject\",\"inLanguage\":\"tr\",\"@id\":\"https:\\\/\\\/www.autismejongekind.nl\\\/vragenlijst\\\/#primaryimage\",\"url\":\"https:\\\/\\\/www.autismejongekind.nl\\\/wp-content\\\/uploads\\\/2023\\\/03\\\/diagnose-traject.jpg\",\"contentUrl\":\"https:\\\/\\\/www.autismejongekind.nl\\\/wp-content\\\/uploads\\\/2023\\\/03\\\/diagnose-traject.jpg\",\"width\":640,\"height\":413,\"caption\":\"diagnose traject autisme\"},{\"@type\":\"BreadcrumbList\",\"@id\":\"https:\\\/\\\/www.autismejongekind.nl\\\/vragenlijst\\\/#breadcrumb\",\"itemListElement\":[{\"@type\":\"ListItem\",\"position\":1,\"name\":\"Home\",\"item\":\"https:\\\/\\\/www.autismejongekind.nl\\\/\"},{\"@type\":\"ListItem\",\"position\":2,\"name\":\"Kenmerken herkennen met de CoSoS vragenlijst\"}]},{\"@type\":\"WebSite\",\"@id\":\"https:\\\/\\\/www.autismejongekind.nl\\\/#website\",\"url\":\"https:\\\/\\\/www.autismejongekind.nl\\\/\",\"name\":\"Autisme Jonge Kind\",\"description\":\"\",\"potentialAction\":[{\"@type\":\"SearchAction\",\"target\":{\"@type\":\"EntryPoint\",\"urlTemplate\":\"https:\\\/\\\/www.autismejongekind.nl\\\/?s={search_term_string}\"},\"query-input\":{\"@type\":\"PropertyValueSpecification\",\"valueRequired\":true,\"valueName\":\"search_term_string\"}}],\"inLanguage\":\"tr\"}]}<\/script>\n<!-- \/ Yoast SEO plugin. -->","yoast_head_json":{"title":"\u00c7ocu\u011funuzun otizmli olup olmad\u0131\u011f\u0131n\u0131 \u00f6\u011frenin.","description":"\u00c7ocu\u011funuz 12 ila 48 ay aras\u0131ndaysa ve di\u011fer \u00e7ocuklardan farkl\u0131 geli\u015fiyor mu? Otizmli olabilece\u011fini mi d\u00fc\u015f\u00fcn\u00fcyorsunuz? ESAT otizm testine kat\u0131l\u0131n ve endi\u015felerinizin gerekti\u011fi konusunda bilgi edinin.","robots":{"index":"index","follow":"follow","max-snippet":"max-snippet:-1","max-image-preview":"max-image-preview:large","max-video-preview":"max-video-preview:-1"},"canonical":"https:\/\/www.autismejongekind.nl\/tr\/soru-listesi\/","og_locale":"tr_TR","og_type":"article","og_title":"Ontdek of jouw kind mogelijk autisme heeft","og_description":"Is jouw kind tussen de 12 en 48 maanden en ontwikkelt het zich anders dan andere kinderen? Doe de autismetest CoSoS, info@autismejongekind.nl","og_url":"https:\/\/www.autismejongekind.nl\/tr\/soru-listesi\/","og_site_name":"Autisme Jonge Kind","article_modified_time":"2025-08-18T14:45:57+00:00","og_image":[{"width":640,"height":413,"url":"https:\/\/www.autismejongekind.nl\/wp-content\/uploads\/2023\/03\/diagnose-traject.jpg","type":"image\/jpeg"}],"twitter_card":"summary_large_image","twitter_misc":{"Tahmini okuma s\u00fcresi":"2 dakika"},"schema":{"@context":"https:\/\/schema.org","@graph":[{"@type":"WebPage","@id":"https:\/\/www.autismejongekind.nl\/vragenlijst\/","url":"https:\/\/www.autismejongekind.nl\/vragenlijst\/","name":"\u00c7ocu\u011funuzun otizmli olup olmad\u0131\u011f\u0131n\u0131 \u00f6\u011frenin.","isPartOf":{"@id":"https:\/\/www.autismejongekind.nl\/#website"},"primaryImageOfPage":{"@id":"https:\/\/www.autismejongekind.nl\/vragenlijst\/#primaryimage"},"image":{"@id":"https:\/\/www.autismejongekind.nl\/vragenlijst\/#primaryimage"},"thumbnailUrl":"https:\/\/www.autismejongekind.nl\/wp-content\/uploads\/2023\/03\/diagnose-traject.jpg","datePublished":"2023-03-20T06:05:30+00:00","dateModified":"2025-08-18T14:45:57+00:00","description":"\u00c7ocu\u011funuz 12 ila 48 ay aras\u0131ndaysa ve di\u011fer \u00e7ocuklardan farkl\u0131 geli\u015fiyor mu? Otizmli olabilece\u011fini mi d\u00fc\u015f\u00fcn\u00fcyorsunuz? ESAT otizm testine kat\u0131l\u0131n ve endi\u015felerinizin gerekti\u011fi konusunda bilgi edinin.","breadcrumb":{"@id":"https:\/\/www.autismejongekind.nl\/vragenlijst\/#breadcrumb"},"inLanguage":"tr","potentialAction":[{"@type":"ReadAction","target":["https:\/\/www.autismejongekind.nl\/vragenlijst\/"]}]},{"@type":"ImageObject","inLanguage":"tr","@id":"https:\/\/www.autismejongekind.nl\/vragenlijst\/#primaryimage","url":"https:\/\/www.autismejongekind.nl\/wp-content\/uploads\/2023\/03\/diagnose-traject.jpg","contentUrl":"https:\/\/www.autismejongekind.nl\/wp-content\/uploads\/2023\/03\/diagnose-traject.jpg","width":640,"height":413,"caption":"diagnose traject autisme"},{"@type":"BreadcrumbList","@id":"https:\/\/www.autismejongekind.nl\/vragenlijst\/#breadcrumb","itemListElement":[{"@type":"ListItem","position":1,"name":"Home","item":"https:\/\/www.autismejongekind.nl\/"},{"@type":"ListItem","position":2,"name":"Kenmerken herkennen met de CoSoS vragenlijst"}]},{"@type":"WebSite","@id":"https:\/\/www.autismejongekind.nl\/#website","url":"https:\/\/www.autismejongekind.nl\/","name":"Autisme Jonge Kind","description":"","potentialAction":[{"@type":"SearchAction","target":{"@type":"EntryPoint","urlTemplate":"https:\/\/www.autismejongekind.nl\/?s={search_term_string}"},"query-input":{"@type":"PropertyValueSpecification","valueRequired":true,"valueName":"search_term_string"}}],"inLanguage":"tr"}]}},"_links":{"self":[{"href":"https:\/\/www.autismejongekind.nl\/tr\/wp-json\/wp\/v2\/pages\/220","targetHints":{"allow":["GET"]}}],"collection":[{"href":"https:\/\/www.autismejongekind.nl\/tr\/wp-json\/wp\/v2\/pages"}],"about":[{"href":"https:\/\/www.autismejongekind.nl\/tr\/wp-json\/wp\/v2\/types\/page"}],"author":[{"embeddable":true,"href":"https:\/\/www.autismejongekind.nl\/tr\/wp-json\/wp\/v2\/users\/27"}],"replies":[{"embeddable":true,"href":"https:\/\/www.autismejongekind.nl\/tr\/wp-json\/wp\/v2\/comments?post=220"}],"version-history":[{"count":80,"href":"https:\/\/www.autismejongekind.nl\/tr\/wp-json\/wp\/v2\/pages\/220\/revisions"}],"predecessor-version":[{"id":8831,"href":"https:\/\/www.autismejongekind.nl\/tr\/wp-json\/wp\/v2\/pages\/220\/revisions\/8831"}],"wp:featuredmedia":[{"embeddable":true,"href":"https:\/\/www.autismejongekind.nl\/tr\/wp-json\/wp\/v2\/media\/5997"}],"wp:attachment":[{"href":"https:\/\/www.autismejongekind.nl\/tr\/wp-json\/wp\/v2\/media?parent=220"}],"curies":[{"name":"wp","href":"https:\/\/api.w.org\/{rel}","templated":true}]}}