{"id":1917,"date":"2018-11-09T00:57:08","date_gmt":"2018-11-08T23:57:08","guid":{"rendered":"https:\/\/www.autismejongekind.nl\/?page_id=1917"},"modified":"2023-07-07T14:41:58","modified_gmt":"2023-07-07T12:41:58","slug":"otizmli-kucuk-cocuklar-icin-tedavi-yontemleri-2","status":"publish","type":"page","link":"https:\/\/www.autismejongekind.nl\/tr\/autisme-bij-kinderen-informatie-voor-ouders\/overzicht-van-behandelvormen-voor-jonge-kinderen\/","title":{"rendered":"Otizmli (k\u00fc\u00e7\u00fck) \u00e7ocuklar i\u00e7in tedavi y\u00f6ntemleri"},"content":{"rendered":"<p><strong>E\u011fer (k\u00fc\u00e7\u00fck) \u00e7ocu\u011funuz otizmli ise, birka\u00e7 tedavi y\u00f6ntemi mevcuttur. Tedavi her zaman \u00f6zelle\u015ftirilir. \u00c7ocu\u011funuzun sorunlar\u0131na ve ayn\u0131 zamanda aileniz i\u00e7in faydal\u0131 olabileceklere g\u00f6re uyarlan\u0131r. Otizm (OSB) olan (k\u00fc\u00e7\u00fck) \u00e7ocuklarda olas\u0131 tedavi y\u00f6ntemleri hakk\u0131nda daha fazla bilgi i\u00e7in a\u015fa\u011f\u0131ya bak\u0131n.<\/strong><\/p>\n<p>Otizm tedavisinin farkl\u0131 y\u00f6ntemleri genellikle a\u015fa\u011f\u0131daki kategorilere ayr\u0131labilir:<\/p>\n<ul>\n<li><a href=\"https:\/\/www.autismejongekind.nl\/tr\/cocuklarda-otizm-ebeveynler-icin-bilgilendirme\/otizmli-kucuk-cocuklar-icin-tedavi-yontemleri-2\/psikoegitim\/\">Psikoe\u011fitim: Otizm hakk\u0131nda (daha fazla) \u00f6\u011frenme ve\/veya deneyimlerin payla\u015f\u0131m\u0131<\/a><\/li>\n<li><a href=\"https:\/\/www.autismejongekind.nl\/tr\/cocuklarda-otizm-ebeveynler-icin-bilgilendirme\/otizmli-kucuk-cocuklar-icin-tedavi-yontemleri-2\/cocugunuzun-gelisimine-odaklanan-tedaviler\/\">\u00c7ocu\u011funuzun geli\u015fimine odaklanan tedaviler<\/a><\/li>\n<li><a href=\"https:\/\/www.autismejongekind.nl\/tr\/cocuklarda-otizm-ebeveynler-icin-bilgilendirme\/otizmli-kucuk-cocuklar-icin-tedavi-yontemleri-2\/otizmin-yani-sira-diger-problemlerin-tedavisi\/\">Otizmin yan\u0131 s\u0131ra di\u011fer sorunlar\u0131n tedavisi<\/a><\/li>\n<li><a href=\"https:\/\/www.autismejongekind.nl\/tr\/cocuklarda-otizm-ebeveynler-icin-bilgilendirme\/otizmli-kucuk-cocuklar-icin-tedavi-yontemleri-2\/aile-danismanligi\/\">Aile dan\u0131\u015fmanl\u0131\u011f\u0131<\/a><\/li>\n<li><a href=\"https:\/\/www.autismejongekind.nl\/tr\/cocuklarda-otizm-ebeveynler-icin-bilgilendirme\/otizmli-kucuk-cocuklar-icin-tedavi-yontemleri-2\/okul-veya-kreste-yardim\/\">Okul veya kre\u015fte yard\u0131m<\/a><\/li>\n<\/ul>\n<p>A\u015fa\u011f\u0131daki tedavi y\u00f6ntemleri listesi kesinlikle kapsaml\u0131 de\u011fildir. Ancak, en az\u0131ndan otizm spektrum bozuklu\u011fu (OSB) olan bir \u00e7ocu\u011fun tedavi se\u00e7enekleri hakk\u0131nda iyi bir fikir sunar.<\/p>","protected":false},"excerpt":{"rendered":"<p>Als je jonge kind autisme heeft, zijn er verschillende behandelvormen mogelijk. De behandeling is altijd op maat. Het wordt aangepast aan de problemen van je kind, maar bijvoorbeeld ook aan waar je gezin baat bij kan hebben. Je leest hier meer over mogelijke behandelvormen van autisme (ASS) bij jonge kinderen. De verschillende behandelvormen van autisme [&hellip;]<\/p>\n","protected":false},"author":27,"featured_media":6156,"parent":349,"menu_order":0,"comment_status":"closed","ping_status":"closed","template":"template-page-full-width-image.php","meta":{"_acf_changed":false,"footnotes":""},"class_list":["post-1917","page","type-page","status-publish","has-post-thumbnail","hentry"],"acf":[],"yoast_head":"<!-- This site is optimized with the Yoast SEO plugin v27.3 - https:\/\/yoast.com\/product\/yoast-seo-wordpress\/ -->\n<title>Welke behandelingen zijn er voor mijn jonge kind met autisme?<\/title>\n<meta name=\"description\" content=\"Als je jonge kind autisme heeft zijn er verschillende behandelvormen mogelijk. Lees welke behandelingen en begeleidingen er beschikbaar zijn.\" \/>\n<meta name=\"robots\" content=\"index, follow, max-snippet:-1, max-image-preview:large, max-video-preview:-1\" \/>\n<link rel=\"canonical\" href=\"https:\/\/www.autismejongekind.nl\/tr\/cocuklarda-otizm-ebeveynler-icin-bilgilendirme\/otizmli-kucuk-cocuklar-icin-tedavi-yontemleri-2\/\" \/>\n<meta property=\"og:locale\" content=\"tr_TR\" \/>\n<meta property=\"og:type\" content=\"article\" \/>\n<meta property=\"og:title\" content=\"Welke behandelingen zijn er voor mijn jonge kind met autisme?\" \/>\n<meta property=\"og:description\" content=\"Als je jonge kind autisme heeft zijn er verschillende behandelvormen mogelijk. Lees welke behandelingen en begeleidingen er beschikbaar zijn.\" \/>\n<meta property=\"og:url\" content=\"https:\/\/www.autismejongekind.nl\/tr\/cocuklarda-otizm-ebeveynler-icin-bilgilendirme\/otizmli-kucuk-cocuklar-icin-tedavi-yontemleri-2\/\" \/>\n<meta property=\"og:site_name\" content=\"Autisme Jonge Kind\" \/>\n<meta property=\"article:modified_time\" content=\"2023-07-07T12:41:58+00:00\" \/>\n<meta property=\"og:image\" content=\"https:\/\/www.autismejongekind.nl\/wp-content\/uploads\/2023\/04\/Behandelvormen-autisme.jpg\" \/>\n\t<meta property=\"og:image:width\" content=\"1920\" \/>\n\t<meta property=\"og:image:height\" content=\"1280\" \/>\n\t<meta property=\"og:image:type\" content=\"image\/jpeg\" \/>\n<meta name=\"twitter:card\" content=\"summary_large_image\" \/>\n<meta name=\"twitter:label1\" content=\"Tahmini okuma s\u00fcresi\" \/>\n\t<meta name=\"twitter:data1\" content=\"1 dakika\" \/>\n<script type=\"application\/ld+json\" class=\"yoast-schema-graph\">{\"@context\":\"https:\\\/\\\/schema.org\",\"@graph\":[{\"@type\":\"WebPage\",\"@id\":\"https:\\\/\\\/www.autismejongekind.nl\\\/autisme-bij-kinderen-informatie-voor-ouders\\\/overzicht-van-behandelvormen-voor-jonge-kinderen\\\/\",\"url\":\"https:\\\/\\\/www.autismejongekind.nl\\\/autisme-bij-kinderen-informatie-voor-ouders\\\/overzicht-van-behandelvormen-voor-jonge-kinderen\\\/\",\"name\":\"Welke behandelingen zijn er voor mijn jonge kind met autisme?\",\"isPartOf\":{\"@id\":\"https:\\\/\\\/www.autismejongekind.nl\\\/#website\"},\"primaryImageOfPage\":{\"@id\":\"https:\\\/\\\/www.autismejongekind.nl\\\/autisme-bij-kinderen-informatie-voor-ouders\\\/overzicht-van-behandelvormen-voor-jonge-kinderen\\\/#primaryimage\"},\"image\":{\"@id\":\"https:\\\/\\\/www.autismejongekind.nl\\\/autisme-bij-kinderen-informatie-voor-ouders\\\/overzicht-van-behandelvormen-voor-jonge-kinderen\\\/#primaryimage\"},\"thumbnailUrl\":\"https:\\\/\\\/www.autismejongekind.nl\\\/wp-content\\\/uploads\\\/2023\\\/04\\\/Behandelvormen-autisme.jpg\",\"datePublished\":\"2018-11-08T23:57:08+00:00\",\"dateModified\":\"2023-07-07T12:41:58+00:00\",\"description\":\"Als je jonge kind autisme heeft zijn er verschillende behandelvormen mogelijk. Lees welke behandelingen en begeleidingen er beschikbaar zijn.\",\"breadcrumb\":{\"@id\":\"https:\\\/\\\/www.autismejongekind.nl\\\/autisme-bij-kinderen-informatie-voor-ouders\\\/overzicht-van-behandelvormen-voor-jonge-kinderen\\\/#breadcrumb\"},\"inLanguage\":\"tr\",\"potentialAction\":[{\"@type\":\"ReadAction\",\"target\":[\"https:\\\/\\\/www.autismejongekind.nl\\\/autisme-bij-kinderen-informatie-voor-ouders\\\/overzicht-van-behandelvormen-voor-jonge-kinderen\\\/\"]}]},{\"@type\":\"ImageObject\",\"inLanguage\":\"tr\",\"@id\":\"https:\\\/\\\/www.autismejongekind.nl\\\/autisme-bij-kinderen-informatie-voor-ouders\\\/overzicht-van-behandelvormen-voor-jonge-kinderen\\\/#primaryimage\",\"url\":\"https:\\\/\\\/www.autismejongekind.nl\\\/wp-content\\\/uploads\\\/2023\\\/04\\\/Behandelvormen-autisme.jpg\",\"contentUrl\":\"https:\\\/\\\/www.autismejongekind.nl\\\/wp-content\\\/uploads\\\/2023\\\/04\\\/Behandelvormen-autisme.jpg\",\"width\":1920,\"height\":1280,\"caption\":\"behandeling autisme kind\"},{\"@type\":\"BreadcrumbList\",\"@id\":\"https:\\\/\\\/www.autismejongekind.nl\\\/autisme-bij-kinderen-informatie-voor-ouders\\\/overzicht-van-behandelvormen-voor-jonge-kinderen\\\/#breadcrumb\",\"itemListElement\":[{\"@type\":\"ListItem\",\"position\":1,\"name\":\"Home\",\"item\":\"https:\\\/\\\/www.autismejongekind.nl\\\/\"},{\"@type\":\"ListItem\",\"position\":2,\"name\":\"Autisme bij kinderen: informatie voor ouders\",\"item\":\"https:\\\/\\\/www.autismejongekind.nl\\\/autisme-bij-kinderen-informatie-voor-ouders\\\/\"},{\"@type\":\"ListItem\",\"position\":3,\"name\":\"Behandelvormen voor jonge kinderen met autisme\"}]},{\"@type\":\"WebSite\",\"@id\":\"https:\\\/\\\/www.autismejongekind.nl\\\/#website\",\"url\":\"https:\\\/\\\/www.autismejongekind.nl\\\/\",\"name\":\"Autisme Jonge Kind\",\"description\":\"\",\"potentialAction\":[{\"@type\":\"SearchAction\",\"target\":{\"@type\":\"EntryPoint\",\"urlTemplate\":\"https:\\\/\\\/www.autismejongekind.nl\\\/?s={search_term_string}\"},\"query-input\":{\"@type\":\"PropertyValueSpecification\",\"valueRequired\":true,\"valueName\":\"search_term_string\"}}],\"inLanguage\":\"tr\"}]}<\/script>\n<!-- \/ Yoast SEO plugin. -->","yoast_head_json":{"title":"Otizmli (k\u00fc\u00e7\u00fck) \u00e7ocu\u011fum i\u00e7in hangi tedaviler mevcut?","description":"E\u011fer (k\u00fc\u00e7\u00fck) \u00e7ocu\u011funuz otizmli ise, bir\u00e7ok tedavi se\u00e7ene\u011fi mevcuttur. Hangi tedavi ve dan\u0131\u015fmanl\u0131k y\u00f6ntemlerinin mevcut oldu\u011fu hakk\u0131nda daha fazla bilgi i\u00e7in buray\u0131 okuyun.","robots":{"index":"index","follow":"follow","max-snippet":"max-snippet:-1","max-image-preview":"max-image-preview:large","max-video-preview":"max-video-preview:-1"},"canonical":"https:\/\/www.autismejongekind.nl\/tr\/cocuklarda-otizm-ebeveynler-icin-bilgilendirme\/otizmli-kucuk-cocuklar-icin-tedavi-yontemleri-2\/","og_locale":"tr_TR","og_type":"article","og_title":"Welke behandelingen zijn er voor mijn jonge kind met autisme?","og_description":"Als je jonge kind autisme heeft zijn er verschillende behandelvormen mogelijk. Lees welke behandelingen en begeleidingen er beschikbaar zijn.","og_url":"https:\/\/www.autismejongekind.nl\/tr\/cocuklarda-otizm-ebeveynler-icin-bilgilendirme\/otizmli-kucuk-cocuklar-icin-tedavi-yontemleri-2\/","og_site_name":"Autisme Jonge Kind","article_modified_time":"2023-07-07T12:41:58+00:00","og_image":[{"width":1920,"height":1280,"url":"https:\/\/www.autismejongekind.nl\/wp-content\/uploads\/2023\/04\/Behandelvormen-autisme.jpg","type":"image\/jpeg"}],"twitter_card":"summary_large_image","twitter_misc":{"Tahmini okuma s\u00fcresi":"1 dakika"},"schema":{"@context":"https:\/\/schema.org","@graph":[{"@type":"WebPage","@id":"https:\/\/www.autismejongekind.nl\/autisme-bij-kinderen-informatie-voor-ouders\/overzicht-van-behandelvormen-voor-jonge-kinderen\/","url":"https:\/\/www.autismejongekind.nl\/autisme-bij-kinderen-informatie-voor-ouders\/overzicht-van-behandelvormen-voor-jonge-kinderen\/","name":"Otizmli (k\u00fc\u00e7\u00fck) \u00e7ocu\u011fum i\u00e7in hangi tedaviler mevcut?","isPartOf":{"@id":"https:\/\/www.autismejongekind.nl\/#website"},"primaryImageOfPage":{"@id":"https:\/\/www.autismejongekind.nl\/autisme-bij-kinderen-informatie-voor-ouders\/overzicht-van-behandelvormen-voor-jonge-kinderen\/#primaryimage"},"image":{"@id":"https:\/\/www.autismejongekind.nl\/autisme-bij-kinderen-informatie-voor-ouders\/overzicht-van-behandelvormen-voor-jonge-kinderen\/#primaryimage"},"thumbnailUrl":"https:\/\/www.autismejongekind.nl\/wp-content\/uploads\/2023\/04\/Behandelvormen-autisme.jpg","datePublished":"2018-11-08T23:57:08+00:00","dateModified":"2023-07-07T12:41:58+00:00","description":"E\u011fer (k\u00fc\u00e7\u00fck) \u00e7ocu\u011funuz otizmli ise, bir\u00e7ok tedavi se\u00e7ene\u011fi mevcuttur. Hangi tedavi ve dan\u0131\u015fmanl\u0131k y\u00f6ntemlerinin mevcut oldu\u011fu hakk\u0131nda daha fazla bilgi i\u00e7in buray\u0131 okuyun.","breadcrumb":{"@id":"https:\/\/www.autismejongekind.nl\/autisme-bij-kinderen-informatie-voor-ouders\/overzicht-van-behandelvormen-voor-jonge-kinderen\/#breadcrumb"},"inLanguage":"tr","potentialAction":[{"@type":"ReadAction","target":["https:\/\/www.autismejongekind.nl\/autisme-bij-kinderen-informatie-voor-ouders\/overzicht-van-behandelvormen-voor-jonge-kinderen\/"]}]},{"@type":"ImageObject","inLanguage":"tr","@id":"https:\/\/www.autismejongekind.nl\/autisme-bij-kinderen-informatie-voor-ouders\/overzicht-van-behandelvormen-voor-jonge-kinderen\/#primaryimage","url":"https:\/\/www.autismejongekind.nl\/wp-content\/uploads\/2023\/04\/Behandelvormen-autisme.jpg","contentUrl":"https:\/\/www.autismejongekind.nl\/wp-content\/uploads\/2023\/04\/Behandelvormen-autisme.jpg","width":1920,"height":1280,"caption":"behandeling autisme kind"},{"@type":"BreadcrumbList","@id":"https:\/\/www.autismejongekind.nl\/autisme-bij-kinderen-informatie-voor-ouders\/overzicht-van-behandelvormen-voor-jonge-kinderen\/#breadcrumb","itemListElement":[{"@type":"ListItem","position":1,"name":"Home","item":"https:\/\/www.autismejongekind.nl\/"},{"@type":"ListItem","position":2,"name":"Autisme bij kinderen: informatie voor ouders","item":"https:\/\/www.autismejongekind.nl\/autisme-bij-kinderen-informatie-voor-ouders\/"},{"@type":"ListItem","position":3,"name":"Behandelvormen voor jonge kinderen met autisme"}]},{"@type":"WebSite","@id":"https:\/\/www.autismejongekind.nl\/#website","url":"https:\/\/www.autismejongekind.nl\/","name":"Autisme Jonge Kind","description":"","potentialAction":[{"@type":"SearchAction","target":{"@type":"EntryPoint","urlTemplate":"https:\/\/www.autismejongekind.nl\/?s={search_term_string}"},"query-input":{"@type":"PropertyValueSpecification","valueRequired":true,"valueName":"search_term_string"}}],"inLanguage":"tr"}]}},"_links":{"self":[{"href":"https:\/\/www.autismejongekind.nl\/tr\/wp-json\/wp\/v2\/pages\/1917","targetHints":{"allow":["GET"]}}],"collection":[{"href":"https:\/\/www.autismejongekind.nl\/tr\/wp-json\/wp\/v2\/pages"}],"about":[{"href":"https:\/\/www.autismejongekind.nl\/tr\/wp-json\/wp\/v2\/types\/page"}],"author":[{"embeddable":true,"href":"https:\/\/www.autismejongekind.nl\/tr\/wp-json\/wp\/v2\/users\/27"}],"replies":[{"embeddable":true,"href":"https:\/\/www.autismejongekind.nl\/tr\/wp-json\/wp\/v2\/comments?post=1917"}],"version-history":[{"count":76,"href":"https:\/\/www.autismejongekind.nl\/tr\/wp-json\/wp\/v2\/pages\/1917\/revisions"}],"predecessor-version":[{"id":6985,"href":"https:\/\/www.autismejongekind.nl\/tr\/wp-json\/wp\/v2\/pages\/1917\/revisions\/6985"}],"up":[{"embeddable":true,"href":"https:\/\/www.autismejongekind.nl\/tr\/wp-json\/wp\/v2\/pages\/349"}],"wp:featuredmedia":[{"embeddable":true,"href":"https:\/\/www.autismejongekind.nl\/tr\/wp-json\/wp\/v2\/media\/6156"}],"wp:attachment":[{"href":"https:\/\/www.autismejongekind.nl\/tr\/wp-json\/wp\/v2\/media?parent=1917"}],"curies":[{"name":"wp","href":"https:\/\/api.w.org\/{rel}","templated":true}]}}