{"id":1912,"date":"2023-03-28T00:49:48","date_gmt":"2023-03-27T22:49:48","guid":{"rendered":"https:\/\/www.autismejongekind.nl\/?page_id=1912"},"modified":"2023-07-07T15:16:28","modified_gmt":"2023-07-07T13:16:28","slug":"adim-4-profesyonel-yardim-alma","status":"publish","type":"page","link":"https:\/\/www.autismejongekind.nl\/tr\/autisme-bij-kinderen-informatie-voor-ouders\/stappenplan-bij-een-vermoeden-van-autisme\/stap-4-professionele-hulp-inzetten\/","title":{"rendered":"Ad\u0131m 4: (Profesyonel) yard\u0131m almak"},"content":{"rendered":"<p><strong>\u00c7ocu\u011funuzda otizm veya otizm belirtileri var. Her iki durumda da \u00e7ocu\u011funuzun geli\u015fimi konusunda endi\u015feleniyorsunuz. Bu nedenle \u015f\u00f6yle d\u00fc\u015f\u00fcn\u00fcyorsunuz: 'Endi\u015felerimle nereye ba\u015fvurabilirim?' \u00c7ocu\u011funuzla ilgili oldu\u011funuz evrede, konu\u015fabilece\u011finiz farkl\u0131 insanlar vard\u0131r.<\/strong><\/p>\n<p>A\u015fa\u011f\u0131daki \u015fekil, endi\u015felerinizi kimlerle tart\u0131\u015fabilece\u011finizi g\u00f6stermektedir. \u015eekil, 'geni\u015f \u2018ten 'dara do\u011fru giden bir piramittir. Ba\u015flang\u0131\u00e7ta endi\u015felerinizi geni\u015f bir grup insanla payla\u015fabilirsiniz. Endi\u015feleriniz devam eder veya g\u00fc\u00e7lenirse, hedeflenmi\u015f yard\u0131m i\u00e7in farkl\u0131 vasilerin yan\u0131na ba\u015fvurabilirsiniz. Ya da (uzmanla\u015fm\u0131\u015f) yard\u0131m talep edebilirsiniz.<\/p>\n<p><img loading=\"lazy\" decoding=\"async\" class=\"alignnone size-full wp-image-1640\" src=\"https:\/\/www.autismejongekind.nl\/wp-content\/uploads\/2018\/08\/figuur-Piramide-1.jpg\" alt=\"\" width=\"840\" height=\"650\" srcset=\"https:\/\/www.autismejongekind.nl\/wp-content\/uploads\/2018\/08\/figuur-Piramide-1.jpg 840w, https:\/\/www.autismejongekind.nl\/wp-content\/uploads\/2018\/08\/figuur-Piramide-1-300x232.jpg 300w, https:\/\/www.autismejongekind.nl\/wp-content\/uploads\/2018\/08\/figuur-Piramide-1-768x594.jpg 768w\" sizes=\"auto, (max-width: 840px) 100vw, 840px\" \/><\/p>\n<p>Yard\u0131m ve tavsiye i\u00e7in hangi a\u015famalarda kimlere ba\u015fvurabilece\u011finizi daha fazla okuyun:<\/p>\n<ul>\n<li aria-level=\"1\"><a href=\"https:\/\/www.autismejongekind.nl\/tr\/cocuklarda-otizm-ebeveynler-icin-bilgilendirme\/otizm-suphesi-durumunda-adim-adim-plan\/ilk-endiselerinizi-tartismak\/\">\u0130lk endi\u015felerinizi tart\u0131\u015fmak<\/a><\/li>\n<li aria-level=\"1\"><a href=\"https:\/\/www.autismejongekind.nl\/tr\/cocuklarda-otizm-ebeveynler-icin-bilgilendirme\/otizm-suphesi-durumunda-adim-adim-plan\/ek-yardim-saglamak\/\">Ek yard\u0131m\u0131 aray\u0131n<\/a><\/li>\n<li aria-level=\"1\"><a href=\"https:\/\/www.autismejongekind.nl\/tr\/cocuklarda-otizm-ebeveynler-icin-bilgilendirme\/waar-kan-ik-met-mijn-zorgen-terecht__trashed\/uzman-yardim-saglamak\/\">Uzman yard\u0131m\u0131 talep etmek<\/a><\/li>\n<\/ul>","protected":false},"excerpt":{"rendered":"<p>Je kind heeft autisme of kenmerken daarvan. In beide situaties maak je je zorgen om de ontwikkeling van je kind. Dus je vraagt je af: \u2018Waar kan ik met mijn zorgen terecht?\u2019. Afhankelijk van de fase waar je met je kind in zit, zijn er verschillende mensen waar je mee kan spreken. In onderstaande figuur [&hellip;]<\/p>\n","protected":false},"author":27,"featured_media":6229,"parent":1893,"menu_order":0,"comment_status":"closed","ping_status":"closed","template":"template-page-full-width-image.php","meta":{"_acf_changed":false,"footnotes":""},"class_list":["post-1912","page","type-page","status-publish","has-post-thumbnail","hentry"],"acf":[],"yoast_head":"<!-- This site is optimized with the Yoast SEO plugin v27.3 - https:\/\/yoast.com\/product\/yoast-seo-wordpress\/ -->\n<title>Professionele hulp inzetten als je kind autisme heeft<\/title>\n<meta name=\"description\" content=\"Je kind heeft (vermoedelijk) autisme en je wil weten waar je met je zorgen terecht kan. Lees hier welke hulp beschikbaar is.\" \/>\n<meta name=\"robots\" content=\"index, follow, max-snippet:-1, max-image-preview:large, max-video-preview:-1\" \/>\n<link rel=\"canonical\" href=\"https:\/\/www.autismejongekind.nl\/tr\/cocuklarda-otizm-ebeveynler-icin-bilgilendirme\/otizm-suphesi-durumunda-adim-adim-plan\/adim-4-profesyonel-yardim-alma\/\" \/>\n<meta property=\"og:locale\" content=\"tr_TR\" \/>\n<meta property=\"og:type\" content=\"article\" \/>\n<meta property=\"og:title\" content=\"Professionele hulp inzetten als je kind autisme heeft\" \/>\n<meta property=\"og:description\" content=\"Je kind heeft (vermoedelijk) autisme en je wil weten waar je met je zorgen terecht kan. Lees hier welke hulp beschikbaar is.\" \/>\n<meta property=\"og:url\" content=\"https:\/\/www.autismejongekind.nl\/tr\/cocuklarda-otizm-ebeveynler-icin-bilgilendirme\/otizm-suphesi-durumunda-adim-adim-plan\/adim-4-profesyonel-yardim-alma\/\" \/>\n<meta property=\"og:site_name\" content=\"Autisme Jonge Kind\" \/>\n<meta property=\"article:modified_time\" content=\"2023-07-07T13:16:28+00:00\" \/>\n<meta property=\"og:image\" content=\"https:\/\/www.autismejongekind.nl\/wp-content\/uploads\/2023\/04\/Professionele-hulp-inzetten.jpg\" \/>\n\t<meta property=\"og:image:width\" content=\"1920\" \/>\n\t<meta property=\"og:image:height\" content=\"1280\" \/>\n\t<meta property=\"og:image:type\" content=\"image\/jpeg\" \/>\n<meta name=\"twitter:card\" content=\"summary_large_image\" \/>\n<meta name=\"twitter:label1\" content=\"Tahmini okuma s\u00fcresi\" \/>\n\t<meta name=\"twitter:data1\" content=\"1 dakika\" \/>\n<script type=\"application\/ld+json\" class=\"yoast-schema-graph\">{\"@context\":\"https:\\\/\\\/schema.org\",\"@graph\":[{\"@type\":\"WebPage\",\"@id\":\"https:\\\/\\\/www.autismejongekind.nl\\\/autisme-bij-kinderen-informatie-voor-ouders\\\/stappenplan-bij-een-vermoeden-van-autisme\\\/stap-4-professionele-hulp-inzetten\\\/\",\"url\":\"https:\\\/\\\/www.autismejongekind.nl\\\/autisme-bij-kinderen-informatie-voor-ouders\\\/stappenplan-bij-een-vermoeden-van-autisme\\\/stap-4-professionele-hulp-inzetten\\\/\",\"name\":\"Professionele hulp inzetten als je kind autisme heeft\",\"isPartOf\":{\"@id\":\"https:\\\/\\\/www.autismejongekind.nl\\\/#website\"},\"primaryImageOfPage\":{\"@id\":\"https:\\\/\\\/www.autismejongekind.nl\\\/autisme-bij-kinderen-informatie-voor-ouders\\\/stappenplan-bij-een-vermoeden-van-autisme\\\/stap-4-professionele-hulp-inzetten\\\/#primaryimage\"},\"image\":{\"@id\":\"https:\\\/\\\/www.autismejongekind.nl\\\/autisme-bij-kinderen-informatie-voor-ouders\\\/stappenplan-bij-een-vermoeden-van-autisme\\\/stap-4-professionele-hulp-inzetten\\\/#primaryimage\"},\"thumbnailUrl\":\"https:\\\/\\\/www.autismejongekind.nl\\\/wp-content\\\/uploads\\\/2023\\\/04\\\/Professionele-hulp-inzetten.jpg\",\"datePublished\":\"2023-03-27T22:49:48+00:00\",\"dateModified\":\"2023-07-07T13:16:28+00:00\",\"description\":\"Je kind heeft (vermoedelijk) autisme en je wil weten waar je met je zorgen terecht kan. Lees hier welke hulp beschikbaar is.\",\"breadcrumb\":{\"@id\":\"https:\\\/\\\/www.autismejongekind.nl\\\/autisme-bij-kinderen-informatie-voor-ouders\\\/stappenplan-bij-een-vermoeden-van-autisme\\\/stap-4-professionele-hulp-inzetten\\\/#breadcrumb\"},\"inLanguage\":\"tr\",\"potentialAction\":[{\"@type\":\"ReadAction\",\"target\":[\"https:\\\/\\\/www.autismejongekind.nl\\\/autisme-bij-kinderen-informatie-voor-ouders\\\/stappenplan-bij-een-vermoeden-van-autisme\\\/stap-4-professionele-hulp-inzetten\\\/\"]}]},{\"@type\":\"ImageObject\",\"inLanguage\":\"tr\",\"@id\":\"https:\\\/\\\/www.autismejongekind.nl\\\/autisme-bij-kinderen-informatie-voor-ouders\\\/stappenplan-bij-een-vermoeden-van-autisme\\\/stap-4-professionele-hulp-inzetten\\\/#primaryimage\",\"url\":\"https:\\\/\\\/www.autismejongekind.nl\\\/wp-content\\\/uploads\\\/2023\\\/04\\\/Professionele-hulp-inzetten.jpg\",\"contentUrl\":\"https:\\\/\\\/www.autismejongekind.nl\\\/wp-content\\\/uploads\\\/2023\\\/04\\\/Professionele-hulp-inzetten.jpg\",\"width\":1920,\"height\":1280,\"caption\":\"professionele hulp inzetten autisme\"},{\"@type\":\"BreadcrumbList\",\"@id\":\"https:\\\/\\\/www.autismejongekind.nl\\\/autisme-bij-kinderen-informatie-voor-ouders\\\/stappenplan-bij-een-vermoeden-van-autisme\\\/stap-4-professionele-hulp-inzetten\\\/#breadcrumb\",\"itemListElement\":[{\"@type\":\"ListItem\",\"position\":1,\"name\":\"Home\",\"item\":\"https:\\\/\\\/www.autismejongekind.nl\\\/\"},{\"@type\":\"ListItem\",\"position\":2,\"name\":\"Autisme bij kinderen: informatie voor ouders\",\"item\":\"https:\\\/\\\/www.autismejongekind.nl\\\/autisme-bij-kinderen-informatie-voor-ouders\\\/\"},{\"@type\":\"ListItem\",\"position\":3,\"name\":\"Stappenplan bij een vermoeden van autisme\",\"item\":\"https:\\\/\\\/www.autismejongekind.nl\\\/autisme-bij-kinderen-informatie-voor-ouders\\\/stappenplan-bij-een-vermoeden-van-autisme\\\/\"},{\"@type\":\"ListItem\",\"position\":4,\"name\":\"Stap 4. (Professionele) hulp inzetten\"}]},{\"@type\":\"WebSite\",\"@id\":\"https:\\\/\\\/www.autismejongekind.nl\\\/#website\",\"url\":\"https:\\\/\\\/www.autismejongekind.nl\\\/\",\"name\":\"Autisme Jonge Kind\",\"description\":\"\",\"potentialAction\":[{\"@type\":\"SearchAction\",\"target\":{\"@type\":\"EntryPoint\",\"urlTemplate\":\"https:\\\/\\\/www.autismejongekind.nl\\\/?s={search_term_string}\"},\"query-input\":{\"@type\":\"PropertyValueSpecification\",\"valueRequired\":true,\"valueName\":\"search_term_string\"}}],\"inLanguage\":\"tr\"}]}<\/script>\n<!-- \/ Yoast SEO plugin. -->","yoast_head_json":{"title":"\u00c7ocu\u011funuzda otizm varsa profesyonel yard\u0131m almak.","description":"\u00c7ocu\u011funuzun (\u015f\u00fcpheli) otizmi var ve endi\u015feleriyle nereye ba\u015fvurabilece\u011finizi bilmek istiyorsunuz. Burada mevcut olan yard\u0131m se\u00e7eneklerini \u00f6\u011frenin.","robots":{"index":"index","follow":"follow","max-snippet":"max-snippet:-1","max-image-preview":"max-image-preview:large","max-video-preview":"max-video-preview:-1"},"canonical":"https:\/\/www.autismejongekind.nl\/tr\/cocuklarda-otizm-ebeveynler-icin-bilgilendirme\/otizm-suphesi-durumunda-adim-adim-plan\/adim-4-profesyonel-yardim-alma\/","og_locale":"tr_TR","og_type":"article","og_title":"Professionele hulp inzetten als je kind autisme heeft","og_description":"Je kind heeft (vermoedelijk) autisme en je wil weten waar je met je zorgen terecht kan. Lees hier welke hulp beschikbaar is.","og_url":"https:\/\/www.autismejongekind.nl\/tr\/cocuklarda-otizm-ebeveynler-icin-bilgilendirme\/otizm-suphesi-durumunda-adim-adim-plan\/adim-4-profesyonel-yardim-alma\/","og_site_name":"Autisme Jonge Kind","article_modified_time":"2023-07-07T13:16:28+00:00","og_image":[{"width":1920,"height":1280,"url":"https:\/\/www.autismejongekind.nl\/wp-content\/uploads\/2023\/04\/Professionele-hulp-inzetten.jpg","type":"image\/jpeg"}],"twitter_card":"summary_large_image","twitter_misc":{"Tahmini okuma s\u00fcresi":"1 dakika"},"schema":{"@context":"https:\/\/schema.org","@graph":[{"@type":"WebPage","@id":"https:\/\/www.autismejongekind.nl\/autisme-bij-kinderen-informatie-voor-ouders\/stappenplan-bij-een-vermoeden-van-autisme\/stap-4-professionele-hulp-inzetten\/","url":"https:\/\/www.autismejongekind.nl\/autisme-bij-kinderen-informatie-voor-ouders\/stappenplan-bij-een-vermoeden-van-autisme\/stap-4-professionele-hulp-inzetten\/","name":"\u00c7ocu\u011funuzda otizm varsa profesyonel yard\u0131m almak.","isPartOf":{"@id":"https:\/\/www.autismejongekind.nl\/#website"},"primaryImageOfPage":{"@id":"https:\/\/www.autismejongekind.nl\/autisme-bij-kinderen-informatie-voor-ouders\/stappenplan-bij-een-vermoeden-van-autisme\/stap-4-professionele-hulp-inzetten\/#primaryimage"},"image":{"@id":"https:\/\/www.autismejongekind.nl\/autisme-bij-kinderen-informatie-voor-ouders\/stappenplan-bij-een-vermoeden-van-autisme\/stap-4-professionele-hulp-inzetten\/#primaryimage"},"thumbnailUrl":"https:\/\/www.autismejongekind.nl\/wp-content\/uploads\/2023\/04\/Professionele-hulp-inzetten.jpg","datePublished":"2023-03-27T22:49:48+00:00","dateModified":"2023-07-07T13:16:28+00:00","description":"\u00c7ocu\u011funuzun (\u015f\u00fcpheli) otizmi var ve endi\u015feleriyle nereye ba\u015fvurabilece\u011finizi bilmek istiyorsunuz. Burada mevcut olan yard\u0131m se\u00e7eneklerini \u00f6\u011frenin.","breadcrumb":{"@id":"https:\/\/www.autismejongekind.nl\/autisme-bij-kinderen-informatie-voor-ouders\/stappenplan-bij-een-vermoeden-van-autisme\/stap-4-professionele-hulp-inzetten\/#breadcrumb"},"inLanguage":"tr","potentialAction":[{"@type":"ReadAction","target":["https:\/\/www.autismejongekind.nl\/autisme-bij-kinderen-informatie-voor-ouders\/stappenplan-bij-een-vermoeden-van-autisme\/stap-4-professionele-hulp-inzetten\/"]}]},{"@type":"ImageObject","inLanguage":"tr","@id":"https:\/\/www.autismejongekind.nl\/autisme-bij-kinderen-informatie-voor-ouders\/stappenplan-bij-een-vermoeden-van-autisme\/stap-4-professionele-hulp-inzetten\/#primaryimage","url":"https:\/\/www.autismejongekind.nl\/wp-content\/uploads\/2023\/04\/Professionele-hulp-inzetten.jpg","contentUrl":"https:\/\/www.autismejongekind.nl\/wp-content\/uploads\/2023\/04\/Professionele-hulp-inzetten.jpg","width":1920,"height":1280,"caption":"professionele hulp inzetten autisme"},{"@type":"BreadcrumbList","@id":"https:\/\/www.autismejongekind.nl\/autisme-bij-kinderen-informatie-voor-ouders\/stappenplan-bij-een-vermoeden-van-autisme\/stap-4-professionele-hulp-inzetten\/#breadcrumb","itemListElement":[{"@type":"ListItem","position":1,"name":"Home","item":"https:\/\/www.autismejongekind.nl\/"},{"@type":"ListItem","position":2,"name":"Autisme bij kinderen: informatie voor ouders","item":"https:\/\/www.autismejongekind.nl\/autisme-bij-kinderen-informatie-voor-ouders\/"},{"@type":"ListItem","position":3,"name":"Stappenplan bij een vermoeden van autisme","item":"https:\/\/www.autismejongekind.nl\/autisme-bij-kinderen-informatie-voor-ouders\/stappenplan-bij-een-vermoeden-van-autisme\/"},{"@type":"ListItem","position":4,"name":"Stap 4. (Professionele) hulp inzetten"}]},{"@type":"WebSite","@id":"https:\/\/www.autismejongekind.nl\/#website","url":"https:\/\/www.autismejongekind.nl\/","name":"Autisme Jonge Kind","description":"","potentialAction":[{"@type":"SearchAction","target":{"@type":"EntryPoint","urlTemplate":"https:\/\/www.autismejongekind.nl\/?s={search_term_string}"},"query-input":{"@type":"PropertyValueSpecification","valueRequired":true,"valueName":"search_term_string"}}],"inLanguage":"tr"}]}},"_links":{"self":[{"href":"https:\/\/www.autismejongekind.nl\/tr\/wp-json\/wp\/v2\/pages\/1912","targetHints":{"allow":["GET"]}}],"collection":[{"href":"https:\/\/www.autismejongekind.nl\/tr\/wp-json\/wp\/v2\/pages"}],"about":[{"href":"https:\/\/www.autismejongekind.nl\/tr\/wp-json\/wp\/v2\/types\/page"}],"author":[{"embeddable":true,"href":"https:\/\/www.autismejongekind.nl\/tr\/wp-json\/wp\/v2\/users\/27"}],"replies":[{"embeddable":true,"href":"https:\/\/www.autismejongekind.nl\/tr\/wp-json\/wp\/v2\/comments?post=1912"}],"version-history":[{"count":14,"href":"https:\/\/www.autismejongekind.nl\/tr\/wp-json\/wp\/v2\/pages\/1912\/revisions"}],"predecessor-version":[{"id":6996,"href":"https:\/\/www.autismejongekind.nl\/tr\/wp-json\/wp\/v2\/pages\/1912\/revisions\/6996"}],"up":[{"embeddable":true,"href":"https:\/\/www.autismejongekind.nl\/tr\/wp-json\/wp\/v2\/pages\/1893"}],"wp:featuredmedia":[{"embeddable":true,"href":"https:\/\/www.autismejongekind.nl\/tr\/wp-json\/wp\/v2\/media\/6229"}],"wp:attachment":[{"href":"https:\/\/www.autismejongekind.nl\/tr\/wp-json\/wp\/v2\/media?parent=1912"}],"curies":[{"name":"wp","href":"https:\/\/api.w.org\/{rel}","templated":true}]}}