{"id":1893,"date":"2023-03-21T00:21:45","date_gmt":"2023-03-20T23:21:45","guid":{"rendered":"https:\/\/www.autismejongekind.nl\/?page_id=1893"},"modified":"2023-07-07T13:29:56","modified_gmt":"2023-07-07T11:29:56","slug":"otizm-suphesi-durumunda-adim-adim-plan","status":"publish","type":"page","link":"https:\/\/www.autismejongekind.nl\/tr\/autisme-bij-kinderen-informatie-voor-ouders\/stappenplan-bij-een-vermoeden-van-autisme\/","title":{"rendered":"\u015e\u00fcpheli otizm i\u00e7in ad\u0131m ad\u0131m plan"},"content":{"rendered":"<p><b>\u0130lk kez \u00e7ocu\u011funuzun (\u015f\u00fcpheli) otizmli oldu\u011funu duymak, \u00e7e\u015fitli duygular\u0131 tetikleyebilir. Her ebeveyn farkl\u0131 deneyimler ya\u015far, ancak neredeyse her ebeveynin bir\u00e7ok sorusu vard\u0131r. \u00d6rne\u011fin, \u00e7ocu\u011funuzun geli\u015fimini te\u015fvik etmek veya davran\u0131\u015flar\u0131 olumlu y\u00f6nde etkilemek i\u00e7in sizin neler yapabilece\u011finiz hakk\u0131nda. A\u015fa\u011f\u0131daki ad\u0131m ad\u0131m plan, size bununla ilgili yard\u0131mc\u0131 olabilir.<\/b><\/p>\n<h2>Otizmli \u00e7ocuklar\u0131n ebeveynleri bir\u00e7ok soruya sahiptir<\/h2>\n<p>\u00c7ocu\u011funuzun (\u015f\u00fcpheli) otizm te\u015fhisi ald\u0131\u011f\u0131n\u0131z\u0131 ilk kez duymak, farkl\u0131 duygular\u0131 tetikleyebilir. Belki de kendi \u015f\u00fcphelerinizin do\u011fruland\u0131\u011f\u0131n\u0131 g\u00f6r\u00fcrs\u00fcn\u00fcz, yard\u0131m aray\u0131\u015f\u0131 sonras\u0131nda rahatlam\u0131\u015f hissedebilirsiniz. Ya da belki sadece \u015fok olmu\u015fsunuzdur. \u0130nanamama hissi de ya\u015fayabilirsiniz. Veya \u00f6fke, su\u00e7luluk ya da utan\u00e7 duyabilirsiniz. Ayr\u0131ca, sizin ve e\u015finizin farkl\u0131 bak\u0131\u015f a\u00e7\u0131lar\u0131na sahip olmas\u0131 da m\u00fcmk\u00fcnd\u00fcr. Her hal\u00fck\u00e2rda, neredeyse t\u00fcm otizm te\u015fhisi alm\u0131\u015f \u00e7ocuk sahibi ebeveynlerin bir\u00e7ok sorusu olur.<\/p>\n<h2>\u00c7ocu\u011funuzda (\u015f\u00fcpheli) otizm varsa ne yapabilirsiniz?<\/h2>\n<p>\u00c7ocu\u011funuzda ciddi bir otizm \u015f\u00fcphesi oldu\u011funu duydu\u011funuzda, merak etti\u011finiz konulardan biri de sizin neler yapabilece\u011finizdir. A\u015fa\u011f\u0131da, izleyebilece\u011finiz ad\u0131mlar hakk\u0131nda bilgi bulabilirsiniz. Her ad\u0131mda, \u00e7ocu\u011funuzun geli\u015fimini te\u015fvik etmek veya davran\u0131\u015flar\u0131n\u0131 olumlu y\u00f6nde etkilemek i\u00e7in kendinizin neler yapabilece\u011fi hakk\u0131nda bilgi edineceksiniz. Ayr\u0131ca, profesyonel yard\u0131m\u0131n bu konularda nas\u0131l katk\u0131 sa\u011flayabilece\u011fi konusunda da bilgi sahibi olacaks\u0131n\u0131z.<\/p>\n<h2>ad\u0131m plan<\/h2>\n<ul>\n<li><a href=\"https:\/\/www.autismejongekind.nl\/tr\/cocuklarda-otizm-ebeveynler-icin-bilgilendirme\/ik-maak-me-zorgen-is-dat-terecht\/beklemek-mi-yoksa-harekete-gecmek-mi-2\/\">Beklemek mi, yoksa harekete ge\u00e7mek mi?<\/a><\/li>\n<li><a href=\"https:\/\/www.autismejongekind.nl\/tr\/cocuklarda-otizm-ebeveynler-icin-bilgilendirme\/otizm-suphesi-durumunda-adim-adim-plan\/adim-1-otizmi-cocugunuzda-anlamak\/\">Ad\u0131m 1: \u00c7ocu\u011funuzun otizmini anlamak<\/a><\/li>\n<li><a href=\"https:\/\/www.autismejongekind.nl\/tr\/cocuklarda-otizm-ebeveynler-icin-bilgilendirme\/otizm-suphesi-durumunda-adim-adim-plan\/adim-2-gelisimi-ve-olumlu-davranislari-tesvik-etmek\/\">Ad\u0131m 2: Geli\u015fimi ve olumlu davran\u0131\u015f\u0131 te\u015fvik etmek<\/a><\/li>\n<li><a href=\"https:\/\/www.autismejongekind.nl\/tr\/cocuklarda-otizm-ebeveynler-icin-bilgilendirme\/mijn-kind-heeft-mogelijk-ass-wat-nu\/stap-3-de-omgeving-aanpassen\/\">Ad\u0131m 3: \u00c7ocu\u011funuza g\u00fcnl\u00fck durumlarda yard\u0131m etmek<\/a><\/li>\n<li><a href=\"https:\/\/www.autismejongekind.nl\/tr\/cocuklarda-otizm-ebeveynler-icin-bilgilendirme\/otizm-suphesi-durumunda-adim-adim-plan\/adim-4-profesyonel-yardim-alma\/\">Ad\u0131m 4: (Profesyonel) yard\u0131m almak<\/a><\/li>\n<\/ul>","protected":false},"excerpt":{"rendered":"<p>Als je voor het eerst hoort dat jouw kind (vermoedelijk) autisme heeft kan dat allerlei gevoelens losmaken. Iedere ouder beleeft het weer anders, maar vrijwel elke ouder heeft veel vragen. Bijvoorbeeld over wat je zelf kan doen om de ontwikkeling van je kind te stimuleren of gedrag positief te be\u00efnvloeden. Onderstaand stappenplan kan je hierbij [&hellip;]<\/p>\n","protected":false},"author":27,"featured_media":5799,"parent":349,"menu_order":0,"comment_status":"closed","ping_status":"closed","template":"template-page-full-width-image.php","meta":{"_acf_changed":false,"footnotes":""},"class_list":["post-1893","page","type-page","status-publish","has-post-thumbnail","hentry"],"acf":[],"yoast_head":"<!-- This site is optimized with the Yoast SEO plugin v27.5 - https:\/\/yoast.com\/product\/yoast-seo-wordpress\/ -->\n<title>Wat kan je zelf doen als jouw kind (vermoedelijk) autisme heeft?<\/title>\n<meta name=\"description\" content=\"Als je hoort dat jouw jonge kind autisme heeft, heb je veel vragen. Wat kun je zelf doen om de ontwikkeling van je kind te stimuleren?\" \/>\n<meta name=\"robots\" content=\"index, follow, max-snippet:-1, max-image-preview:large, max-video-preview:-1\" \/>\n<link rel=\"canonical\" href=\"https:\/\/www.autismejongekind.nl\/tr\/cocuklarda-otizm-ebeveynler-icin-bilgilendirme\/otizm-suphesi-durumunda-adim-adim-plan\/\" \/>\n<meta property=\"og:locale\" content=\"tr_TR\" \/>\n<meta property=\"og:type\" content=\"article\" \/>\n<meta property=\"og:title\" content=\"Wat kan je zelf doen als jouw kind (vermoedelijk) autisme heeft?\" \/>\n<meta property=\"og:description\" content=\"Als je hoort dat jouw jonge kind autisme heeft, heb je veel vragen. Wat kun je zelf doen om de ontwikkeling van je kind te stimuleren?\" \/>\n<meta property=\"og:url\" content=\"https:\/\/www.autismejongekind.nl\/tr\/cocuklarda-otizm-ebeveynler-icin-bilgilendirme\/otizm-suphesi-durumunda-adim-adim-plan\/\" \/>\n<meta property=\"og:site_name\" content=\"Autisme Jonge Kind\" \/>\n<meta property=\"article:modified_time\" content=\"2023-07-07T11:29:56+00:00\" \/>\n<meta property=\"og:image\" content=\"https:\/\/www.autismejongekind.nl\/wp-content\/uploads\/2023\/03\/stappenplan-bij-autisme.jpg\" \/>\n\t<meta property=\"og:image:width\" content=\"1280\" \/>\n\t<meta property=\"og:image:height\" content=\"820\" \/>\n\t<meta property=\"og:image:type\" content=\"image\/jpeg\" \/>\n<meta name=\"twitter:card\" content=\"summary_large_image\" \/>\n<meta name=\"twitter:label1\" content=\"Tahmini okuma s\u00fcresi\" \/>\n\t<meta name=\"twitter:data1\" content=\"2 dakika\" \/>\n<script type=\"application\/ld+json\" class=\"yoast-schema-graph\">{\"@context\":\"https:\\\/\\\/schema.org\",\"@graph\":[{\"@type\":\"WebPage\",\"@id\":\"https:\\\/\\\/www.autismejongekind.nl\\\/autisme-bij-kinderen-informatie-voor-ouders\\\/stappenplan-bij-een-vermoeden-van-autisme\\\/\",\"url\":\"https:\\\/\\\/www.autismejongekind.nl\\\/autisme-bij-kinderen-informatie-voor-ouders\\\/stappenplan-bij-een-vermoeden-van-autisme\\\/\",\"name\":\"Wat kan je zelf doen als jouw kind (vermoedelijk) autisme heeft?\",\"isPartOf\":{\"@id\":\"https:\\\/\\\/www.autismejongekind.nl\\\/#website\"},\"primaryImageOfPage\":{\"@id\":\"https:\\\/\\\/www.autismejongekind.nl\\\/autisme-bij-kinderen-informatie-voor-ouders\\\/stappenplan-bij-een-vermoeden-van-autisme\\\/#primaryimage\"},\"image\":{\"@id\":\"https:\\\/\\\/www.autismejongekind.nl\\\/autisme-bij-kinderen-informatie-voor-ouders\\\/stappenplan-bij-een-vermoeden-van-autisme\\\/#primaryimage\"},\"thumbnailUrl\":\"https:\\\/\\\/www.autismejongekind.nl\\\/wp-content\\\/uploads\\\/2023\\\/03\\\/stappenplan-bij-autisme.jpg\",\"datePublished\":\"2023-03-20T23:21:45+00:00\",\"dateModified\":\"2023-07-07T11:29:56+00:00\",\"description\":\"Als je hoort dat jouw jonge kind autisme heeft, heb je veel vragen. Wat kun je zelf doen om de ontwikkeling van je kind te stimuleren?\",\"breadcrumb\":{\"@id\":\"https:\\\/\\\/www.autismejongekind.nl\\\/autisme-bij-kinderen-informatie-voor-ouders\\\/stappenplan-bij-een-vermoeden-van-autisme\\\/#breadcrumb\"},\"inLanguage\":\"tr\",\"potentialAction\":[{\"@type\":\"ReadAction\",\"target\":[\"https:\\\/\\\/www.autismejongekind.nl\\\/autisme-bij-kinderen-informatie-voor-ouders\\\/stappenplan-bij-een-vermoeden-van-autisme\\\/\"]}]},{\"@type\":\"ImageObject\",\"inLanguage\":\"tr\",\"@id\":\"https:\\\/\\\/www.autismejongekind.nl\\\/autisme-bij-kinderen-informatie-voor-ouders\\\/stappenplan-bij-een-vermoeden-van-autisme\\\/#primaryimage\",\"url\":\"https:\\\/\\\/www.autismejongekind.nl\\\/wp-content\\\/uploads\\\/2023\\\/03\\\/stappenplan-bij-autisme.jpg\",\"contentUrl\":\"https:\\\/\\\/www.autismejongekind.nl\\\/wp-content\\\/uploads\\\/2023\\\/03\\\/stappenplan-bij-autisme.jpg\",\"width\":1280,\"height\":820,\"caption\":\"stappenplan bij autisme\"},{\"@type\":\"BreadcrumbList\",\"@id\":\"https:\\\/\\\/www.autismejongekind.nl\\\/autisme-bij-kinderen-informatie-voor-ouders\\\/stappenplan-bij-een-vermoeden-van-autisme\\\/#breadcrumb\",\"itemListElement\":[{\"@type\":\"ListItem\",\"position\":1,\"name\":\"Home\",\"item\":\"https:\\\/\\\/www.autismejongekind.nl\\\/\"},{\"@type\":\"ListItem\",\"position\":2,\"name\":\"Autisme bij kinderen: informatie voor ouders\",\"item\":\"https:\\\/\\\/www.autismejongekind.nl\\\/autisme-bij-kinderen-informatie-voor-ouders\\\/\"},{\"@type\":\"ListItem\",\"position\":3,\"name\":\"Stappenplan bij een vermoeden van autisme\"}]},{\"@type\":\"WebSite\",\"@id\":\"https:\\\/\\\/www.autismejongekind.nl\\\/#website\",\"url\":\"https:\\\/\\\/www.autismejongekind.nl\\\/\",\"name\":\"Autisme Jonge Kind\",\"description\":\"\",\"potentialAction\":[{\"@type\":\"SearchAction\",\"target\":{\"@type\":\"EntryPoint\",\"urlTemplate\":\"https:\\\/\\\/www.autismejongekind.nl\\\/?s={search_term_string}\"},\"query-input\":{\"@type\":\"PropertyValueSpecification\",\"valueRequired\":true,\"valueName\":\"search_term_string\"}}],\"inLanguage\":\"tr\"}]}<\/script>\n<!-- \/ Yoast SEO plugin. -->","yoast_head_json":{"title":"\u00c7ocu\u011funuzda (\u015f\u00fcpheli) otizm varsa kendiniz ne yapabilirsiniz?","description":"K\u00fc\u00e7\u00fck \u00e7ocu\u011funuzun otizmli oldu\u011funu duydu\u011funuzda, muhtemelen bir\u00e7ok sorunuz vard\u0131r. \u00c7ocu\u011funuzun geli\u015fimini desteklemek ve davran\u0131\u015flar\u0131n\u0131 olumlu y\u00f6nde etkilemek i\u00e7in kendiniz neler yapabilece\u011finizi \u00f6\u011frenin.","robots":{"index":"index","follow":"follow","max-snippet":"max-snippet:-1","max-image-preview":"max-image-preview:large","max-video-preview":"max-video-preview:-1"},"canonical":"https:\/\/www.autismejongekind.nl\/tr\/cocuklarda-otizm-ebeveynler-icin-bilgilendirme\/otizm-suphesi-durumunda-adim-adim-plan\/","og_locale":"tr_TR","og_type":"article","og_title":"Wat kan je zelf doen als jouw kind (vermoedelijk) autisme heeft?","og_description":"Als je hoort dat jouw jonge kind autisme heeft, heb je veel vragen. Wat kun je zelf doen om de ontwikkeling van je kind te stimuleren?","og_url":"https:\/\/www.autismejongekind.nl\/tr\/cocuklarda-otizm-ebeveynler-icin-bilgilendirme\/otizm-suphesi-durumunda-adim-adim-plan\/","og_site_name":"Autisme Jonge Kind","article_modified_time":"2023-07-07T11:29:56+00:00","og_image":[{"width":1280,"height":820,"url":"https:\/\/www.autismejongekind.nl\/wp-content\/uploads\/2023\/03\/stappenplan-bij-autisme.jpg","type":"image\/jpeg"}],"twitter_card":"summary_large_image","twitter_misc":{"Tahmini okuma s\u00fcresi":"2 dakika"},"schema":{"@context":"https:\/\/schema.org","@graph":[{"@type":"WebPage","@id":"https:\/\/www.autismejongekind.nl\/autisme-bij-kinderen-informatie-voor-ouders\/stappenplan-bij-een-vermoeden-van-autisme\/","url":"https:\/\/www.autismejongekind.nl\/autisme-bij-kinderen-informatie-voor-ouders\/stappenplan-bij-een-vermoeden-van-autisme\/","name":"\u00c7ocu\u011funuzda (\u015f\u00fcpheli) otizm varsa kendiniz ne yapabilirsiniz?","isPartOf":{"@id":"https:\/\/www.autismejongekind.nl\/#website"},"primaryImageOfPage":{"@id":"https:\/\/www.autismejongekind.nl\/autisme-bij-kinderen-informatie-voor-ouders\/stappenplan-bij-een-vermoeden-van-autisme\/#primaryimage"},"image":{"@id":"https:\/\/www.autismejongekind.nl\/autisme-bij-kinderen-informatie-voor-ouders\/stappenplan-bij-een-vermoeden-van-autisme\/#primaryimage"},"thumbnailUrl":"https:\/\/www.autismejongekind.nl\/wp-content\/uploads\/2023\/03\/stappenplan-bij-autisme.jpg","datePublished":"2023-03-20T23:21:45+00:00","dateModified":"2023-07-07T11:29:56+00:00","description":"K\u00fc\u00e7\u00fck \u00e7ocu\u011funuzun otizmli oldu\u011funu duydu\u011funuzda, muhtemelen bir\u00e7ok sorunuz vard\u0131r. \u00c7ocu\u011funuzun geli\u015fimini desteklemek ve davran\u0131\u015flar\u0131n\u0131 olumlu y\u00f6nde etkilemek i\u00e7in kendiniz neler yapabilece\u011finizi \u00f6\u011frenin.","breadcrumb":{"@id":"https:\/\/www.autismejongekind.nl\/autisme-bij-kinderen-informatie-voor-ouders\/stappenplan-bij-een-vermoeden-van-autisme\/#breadcrumb"},"inLanguage":"tr","potentialAction":[{"@type":"ReadAction","target":["https:\/\/www.autismejongekind.nl\/autisme-bij-kinderen-informatie-voor-ouders\/stappenplan-bij-een-vermoeden-van-autisme\/"]}]},{"@type":"ImageObject","inLanguage":"tr","@id":"https:\/\/www.autismejongekind.nl\/autisme-bij-kinderen-informatie-voor-ouders\/stappenplan-bij-een-vermoeden-van-autisme\/#primaryimage","url":"https:\/\/www.autismejongekind.nl\/wp-content\/uploads\/2023\/03\/stappenplan-bij-autisme.jpg","contentUrl":"https:\/\/www.autismejongekind.nl\/wp-content\/uploads\/2023\/03\/stappenplan-bij-autisme.jpg","width":1280,"height":820,"caption":"stappenplan bij autisme"},{"@type":"BreadcrumbList","@id":"https:\/\/www.autismejongekind.nl\/autisme-bij-kinderen-informatie-voor-ouders\/stappenplan-bij-een-vermoeden-van-autisme\/#breadcrumb","itemListElement":[{"@type":"ListItem","position":1,"name":"Home","item":"https:\/\/www.autismejongekind.nl\/"},{"@type":"ListItem","position":2,"name":"Autisme bij kinderen: informatie voor ouders","item":"https:\/\/www.autismejongekind.nl\/autisme-bij-kinderen-informatie-voor-ouders\/"},{"@type":"ListItem","position":3,"name":"Stappenplan bij een vermoeden van autisme"}]},{"@type":"WebSite","@id":"https:\/\/www.autismejongekind.nl\/#website","url":"https:\/\/www.autismejongekind.nl\/","name":"Autisme Jonge Kind","description":"","potentialAction":[{"@type":"SearchAction","target":{"@type":"EntryPoint","urlTemplate":"https:\/\/www.autismejongekind.nl\/?s={search_term_string}"},"query-input":{"@type":"PropertyValueSpecification","valueRequired":true,"valueName":"search_term_string"}}],"inLanguage":"tr"}]}},"_links":{"self":[{"href":"https:\/\/www.autismejongekind.nl\/tr\/wp-json\/wp\/v2\/pages\/1893","targetHints":{"allow":["GET"]}}],"collection":[{"href":"https:\/\/www.autismejongekind.nl\/tr\/wp-json\/wp\/v2\/pages"}],"about":[{"href":"https:\/\/www.autismejongekind.nl\/tr\/wp-json\/wp\/v2\/types\/page"}],"author":[{"embeddable":true,"href":"https:\/\/www.autismejongekind.nl\/tr\/wp-json\/wp\/v2\/users\/27"}],"replies":[{"embeddable":true,"href":"https:\/\/www.autismejongekind.nl\/tr\/wp-json\/wp\/v2\/comments?post=1893"}],"version-history":[{"count":33,"href":"https:\/\/www.autismejongekind.nl\/tr\/wp-json\/wp\/v2\/pages\/1893\/revisions"}],"predecessor-version":[{"id":6968,"href":"https:\/\/www.autismejongekind.nl\/tr\/wp-json\/wp\/v2\/pages\/1893\/revisions\/6968"}],"up":[{"embeddable":true,"href":"https:\/\/www.autismejongekind.nl\/tr\/wp-json\/wp\/v2\/pages\/349"}],"wp:featuredmedia":[{"embeddable":true,"href":"https:\/\/www.autismejongekind.nl\/tr\/wp-json\/wp\/v2\/media\/5799"}],"wp:attachment":[{"href":"https:\/\/www.autismejongekind.nl\/tr\/wp-json\/wp\/v2\/media?parent=1893"}],"curies":[{"name":"wp","href":"https:\/\/api.w.org\/{rel}","templated":true}]}}