{"id":1088,"date":"2018-07-07T14:58:56","date_gmt":"2018-07-07T12:58:56","guid":{"rendered":"http:\/\/nlautis-gadamael.savviihq.com\/?page_id=1088"},"modified":"2023-07-07T14:32:23","modified_gmt":"2023-07-07T12:32:23","slug":"otizm-etiketi-cocugum-icin-ne-ise-yarar","status":"publish","type":"page","link":"https:\/\/www.autismejongekind.nl\/tr\/autisme-bij-kinderen-informatie-voor-ouders\/autisme-vaststellen-door-onderzoek\/wat-heeft-mijn-kind-aan-een-etiket-autisme\/","title":{"rendered":"\u00c7ocu\u011fuma otizm 'tan\u0131s\u0131' koymak ne i\u015fe yarar?"},"content":{"rendered":"<p><strong>Belki de \u015f\u00f6yle d\u00fc\u015f\u00fcn\u00fcyorsunuz: \u00e7ocu\u011fum (veya biz ebeveynler olarak) otizm te\u015fhisiyle nas\u0131l faydalanabilir? \u00c7ocu\u011fum sadece etiketlenmeye mi mahk\u00fbm olacak? Otizm tan\u0131s\u0131 alm\u0131\u015f olman\u0131n asl\u0131nda \u00e7ocu\u011funuza yard\u0131mc\u0131 olabilece\u011fine inan\u0131yoruz.<\/strong><\/p>\n<blockquote><p>E\u011fer \u00e7ocu\u011funuz bir tan\u0131 al\u0131rsa, onun geli\u015fimine yard\u0131mc\u0131 olabilecek dan\u0131\u015fmanl\u0131k ve kaynaklar i\u00e7in ba\u015fvurabilirsiniz.<\/p><\/blockquote>\n<h2>\u00c7ocu\u011funuzun otizm tan\u0131s\u0131, bir ebeveyn olarak size yard\u0131mc\u0131 olur.<\/h2>\n<p>Bir otizm (\u00e7al\u0131\u015fma) tan\u0131s\u0131, bir ebeveyn olarak \u00e7ocu\u011funuzdan ne bekleyebilece\u011finize dair bir fikir verir. Bu, size \u015funlar gibi konularda yard\u0131mc\u0131 olur:<\/p>\n<ul>\n<li aria-level=\"1\">\u00e7ocu\u011funuzla olan ili\u015fkinizi tekrar g\u00f6zden ge\u00e7irmenize yard\u0131mc\u0131 olur.<\/li>\n<li aria-level=\"1\">ebeveynlik tarz\u0131n\u0131z\u0131 yeniden de\u011ferlendirmenize yard\u0131mc\u0131 olur.<\/li>\n<li aria-level=\"1\">beklentilerinizi ve taleplerinizi ayarlaman\u0131za yard\u0131mc\u0131 olur.<\/li>\n<li aria-level=\"1\">\u00e7ocu\u011funuzla farkl\u0131 bir \u015fekilde etkile\u015fim kurmay\u0131 \u00f6\u011frenmenize yard\u0131mc\u0131 olur.<\/li>\n<\/ul>\n<p>Bu \u015fekilde, \u00e7ocu\u011funuz daha iyi anla\u015f\u0131ld\u0131\u011f\u0131 i\u00e7in kendini daha iyi hissedebilir. Bu da \u00e7ocu\u011funuzun muhtemelen daha iyi davranmas\u0131na veya daha rahat hissetmesine neden olabilir.<\/p>\n<h2>\u00c7ocu\u011funuzun otizm te\u015fhisi almas\u0131, ona yard\u0131mc\u0131 olabilecek dan\u0131\u015fmanl\u0131k ve kaynaklara ba\u015fvurabilmenizi sa\u011flar<\/h2>\n<p>Bir otizm te\u015fhisi, \u00e7ocu\u011funuzun uygun yard\u0131m almas\u0131na yard\u0131mc\u0131 olabilir. Hem evde hem de okulda. Bu, \u00e7ocu\u011funuzun geli\u015fimine yard\u0131mc\u0131 olabilir. Bu nedenle, \u00e7ocu\u011funuzu 'etiketlemek' ile ilgisi yoktur. Ancak, ona yard\u0131mc\u0131 olmakla ilgilidir. Burada hangi <a href=\"https:\/\/www.autismejongekind.nl\/tr\/cocuklarda-otizm-ebeveynler-icin-bilgilendirme\/otizmli-kucuk-cocuklar-icin-tedavi-yontemleri-2\/\" target=\"_blank\" rel=\"noopener\">yard\u0131m ve tedavi se\u00e7eneklerinin bulundu\u011fu hakk\u0131nda daha fazla bilgi edinin.<\/a>.<\/p>\n<table border=\"1\">\n<tbody>\n<tr>\n<td><span style=\"font-size: 12pt;\"><strong>Bir OSB te\u015fhisi alm\u0131\u015f bir \u00e7ocu\u011fun annesi (from werkgroep Lucertis, 2016):<\/strong><br \/>\n<em>\"Baz\u0131 ebeveynler bir te\u015fhisi bir etiket olarak g\u00f6r\u00fcr, bir mahk\u00fbmiyet olarak g\u00f6r\u00fcrler. Tabii ki, \u00e7ocu\u011funuzun 'etiketlenmesi' ho\u015f bir \u015fey de\u011fildir, ancak farkl\u0131 bir \u015fekilde de d\u00fc\u015f\u00fcnebilirsiniz: \u00e7ocu\u011funuz te\u015fhis edildi\u011fi i\u00e7in \u00e7ocu\u011funuzun problemi art\u0131k bir 'ad\u0131' var. Ve bu nedenle, okulda ve\/veya evde dan\u0131\u015fmanl\u0131k almaya hak kazan\u0131rs\u0131n\u0131z. Bu \u00e7ocu\u011funuzun daha iyi geli\u015fmesine yard\u0131mc\u0131 olabilir ve daha sonra toplumda daha iyi i\u015flev g\u00f6rmesine izin verebilir. Ayr\u0131ca, bir te\u015fhis, \u00e7ocu\u011funuzun neden b\u00f6yle davrand\u0131\u011f\u0131n\u0131 ve tepki verdi\u011fini anlamaya ve d\u00fcnyay\u0131 nas\u0131l g\u00f6rd\u00fc\u011f\u00fcn\u00fc daha iyi anlaman\u0131za yard\u0131mc\u0131 olur.\"<\/em><\/span><\/td>\n<\/tr>\n<\/tbody>\n<\/table>\n<p>&nbsp;<\/p>","protected":false},"excerpt":{"rendered":"<p>Je vraagt je wellicht af: wat heeft mijn kind (of wat hebben wij als ouders) aan het vaststellen van autisme? Krijgt mijn kind dan niet gewoon een etiket opgeplakt? Maar het vaststellen van autisme bij je kind kan je kind juist helpen. Met een diagnose kun je begeleiding en hulpmiddelen aanvragen. Dat kan je kind [&hellip;]<\/p>\n","protected":false},"author":27,"featured_media":6128,"parent":1049,"menu_order":0,"comment_status":"closed","ping_status":"closed","template":"template-page-full-width-image.php","meta":{"_acf_changed":false,"footnotes":""},"class_list":["post-1088","page","type-page","status-publish","has-post-thumbnail","hentry"],"acf":[],"yoast_head":"<!-- This site is optimized with the Yoast SEO plugin v27.5 - https:\/\/yoast.com\/product\/yoast-seo-wordpress\/ -->\n<title>Wat heeft mijn kind aan de diagnose autisme?<\/title>\n<meta name=\"description\" content=\"Het vaststellen van autisme bij je kind zorgt ervoor dat je kind de juiste hulp kan krijgen. Het is dus niet sl\u00e9chts een \u2018etiket\u2019.\" \/>\n<meta name=\"robots\" content=\"index, follow, max-snippet:-1, max-image-preview:large, max-video-preview:-1\" \/>\n<link rel=\"canonical\" href=\"https:\/\/www.autismejongekind.nl\/tr\/cocuklarda-otizm-ebeveynler-icin-bilgilendirme\/otizmi-degerlendirme-yoluyla-teshis-etmek\/otizm-etiketi-cocugum-icin-ne-ise-yarar\/\" \/>\n<meta property=\"og:locale\" content=\"tr_TR\" \/>\n<meta property=\"og:type\" content=\"article\" \/>\n<meta property=\"og:title\" content=\"Wat heeft mijn kind aan de diagnose autisme?\" \/>\n<meta property=\"og:description\" content=\"Het vaststellen van autisme bij je kind zorgt ervoor dat je kind de juiste hulp kan krijgen. Het is dus niet sl\u00e9chts een \u2018etiket\u2019.\" \/>\n<meta property=\"og:url\" content=\"https:\/\/www.autismejongekind.nl\/tr\/cocuklarda-otizm-ebeveynler-icin-bilgilendirme\/otizmi-degerlendirme-yoluyla-teshis-etmek\/otizm-etiketi-cocugum-icin-ne-ise-yarar\/\" \/>\n<meta property=\"og:site_name\" content=\"Autisme Jonge Kind\" \/>\n<meta property=\"article:modified_time\" content=\"2023-07-07T12:32:23+00:00\" \/>\n<meta property=\"og:image\" content=\"https:\/\/www.autismejongekind.nl\/wp-content\/uploads\/2023\/04\/Diagnose-autisme.jpg\" \/>\n\t<meta property=\"og:image:width\" content=\"1920\" \/>\n\t<meta property=\"og:image:height\" content=\"1281\" \/>\n\t<meta property=\"og:image:type\" content=\"image\/jpeg\" \/>\n<meta name=\"twitter:card\" content=\"summary_large_image\" \/>\n<meta name=\"twitter:label1\" content=\"Tahmini okuma s\u00fcresi\" \/>\n\t<meta name=\"twitter:data1\" content=\"2 dakika\" \/>\n<script type=\"application\/ld+json\" class=\"yoast-schema-graph\">{\"@context\":\"https:\\\/\\\/schema.org\",\"@graph\":[{\"@type\":\"WebPage\",\"@id\":\"https:\\\/\\\/www.autismejongekind.nl\\\/autisme-bij-kinderen-informatie-voor-ouders\\\/autisme-vaststellen-door-onderzoek\\\/wat-heeft-mijn-kind-aan-een-etiket-autisme\\\/\",\"url\":\"https:\\\/\\\/www.autismejongekind.nl\\\/autisme-bij-kinderen-informatie-voor-ouders\\\/autisme-vaststellen-door-onderzoek\\\/wat-heeft-mijn-kind-aan-een-etiket-autisme\\\/\",\"name\":\"Wat heeft mijn kind aan de diagnose autisme?\",\"isPartOf\":{\"@id\":\"https:\\\/\\\/www.autismejongekind.nl\\\/#website\"},\"primaryImageOfPage\":{\"@id\":\"https:\\\/\\\/www.autismejongekind.nl\\\/autisme-bij-kinderen-informatie-voor-ouders\\\/autisme-vaststellen-door-onderzoek\\\/wat-heeft-mijn-kind-aan-een-etiket-autisme\\\/#primaryimage\"},\"image\":{\"@id\":\"https:\\\/\\\/www.autismejongekind.nl\\\/autisme-bij-kinderen-informatie-voor-ouders\\\/autisme-vaststellen-door-onderzoek\\\/wat-heeft-mijn-kind-aan-een-etiket-autisme\\\/#primaryimage\"},\"thumbnailUrl\":\"https:\\\/\\\/www.autismejongekind.nl\\\/wp-content\\\/uploads\\\/2023\\\/04\\\/Diagnose-autisme.jpg\",\"datePublished\":\"2018-07-07T12:58:56+00:00\",\"dateModified\":\"2023-07-07T12:32:23+00:00\",\"description\":\"Het vaststellen van autisme bij je kind zorgt ervoor dat je kind de juiste hulp kan krijgen. Het is dus niet sl\u00e9chts een \u2018etiket\u2019.\",\"breadcrumb\":{\"@id\":\"https:\\\/\\\/www.autismejongekind.nl\\\/autisme-bij-kinderen-informatie-voor-ouders\\\/autisme-vaststellen-door-onderzoek\\\/wat-heeft-mijn-kind-aan-een-etiket-autisme\\\/#breadcrumb\"},\"inLanguage\":\"tr\",\"potentialAction\":[{\"@type\":\"ReadAction\",\"target\":[\"https:\\\/\\\/www.autismejongekind.nl\\\/autisme-bij-kinderen-informatie-voor-ouders\\\/autisme-vaststellen-door-onderzoek\\\/wat-heeft-mijn-kind-aan-een-etiket-autisme\\\/\"]}]},{\"@type\":\"ImageObject\",\"inLanguage\":\"tr\",\"@id\":\"https:\\\/\\\/www.autismejongekind.nl\\\/autisme-bij-kinderen-informatie-voor-ouders\\\/autisme-vaststellen-door-onderzoek\\\/wat-heeft-mijn-kind-aan-een-etiket-autisme\\\/#primaryimage\",\"url\":\"https:\\\/\\\/www.autismejongekind.nl\\\/wp-content\\\/uploads\\\/2023\\\/04\\\/Diagnose-autisme.jpg\",\"contentUrl\":\"https:\\\/\\\/www.autismejongekind.nl\\\/wp-content\\\/uploads\\\/2023\\\/04\\\/Diagnose-autisme.jpg\",\"width\":1920,\"height\":1281,\"caption\":\"diagnose autisme kind\"},{\"@type\":\"BreadcrumbList\",\"@id\":\"https:\\\/\\\/www.autismejongekind.nl\\\/autisme-bij-kinderen-informatie-voor-ouders\\\/autisme-vaststellen-door-onderzoek\\\/wat-heeft-mijn-kind-aan-een-etiket-autisme\\\/#breadcrumb\",\"itemListElement\":[{\"@type\":\"ListItem\",\"position\":1,\"name\":\"Home\",\"item\":\"https:\\\/\\\/www.autismejongekind.nl\\\/\"},{\"@type\":\"ListItem\",\"position\":2,\"name\":\"Autisme bij kinderen: informatie voor ouders\",\"item\":\"https:\\\/\\\/www.autismejongekind.nl\\\/autisme-bij-kinderen-informatie-voor-ouders\\\/\"},{\"@type\":\"ListItem\",\"position\":3,\"name\":\"Autisme vaststellen door onderzoek\",\"item\":\"https:\\\/\\\/www.autismejongekind.nl\\\/autisme-bij-kinderen-informatie-voor-ouders\\\/autisme-vaststellen-door-onderzoek\\\/\"},{\"@type\":\"ListItem\",\"position\":4,\"name\":\"Wat heeft mijn kind aan een \u2018etiket\u2019 autisme?\"}]},{\"@type\":\"WebSite\",\"@id\":\"https:\\\/\\\/www.autismejongekind.nl\\\/#website\",\"url\":\"https:\\\/\\\/www.autismejongekind.nl\\\/\",\"name\":\"Autisme Jonge Kind\",\"description\":\"\",\"potentialAction\":[{\"@type\":\"SearchAction\",\"target\":{\"@type\":\"EntryPoint\",\"urlTemplate\":\"https:\\\/\\\/www.autismejongekind.nl\\\/?s={search_term_string}\"},\"query-input\":{\"@type\":\"PropertyValueSpecification\",\"valueRequired\":true,\"valueName\":\"search_term_string\"}}],\"inLanguage\":\"tr\"}]}<\/script>\n<!-- \/ Yoast SEO plugin. -->","yoast_head_json":{"title":"\u00c7ocu\u011fum otizm te\u015fhisi ile nas\u0131l faydalanabilir?","description":"Otizm te\u015fhisi, \u00e7ocu\u011funuzun do\u011fru t\u00fcrde yard\u0131m almas\u0131n\u0131 sa\u011flar. Bu nedenle sadece bir 'etiket' de\u011fildir.","robots":{"index":"index","follow":"follow","max-snippet":"max-snippet:-1","max-image-preview":"max-image-preview:large","max-video-preview":"max-video-preview:-1"},"canonical":"https:\/\/www.autismejongekind.nl\/tr\/cocuklarda-otizm-ebeveynler-icin-bilgilendirme\/otizmi-degerlendirme-yoluyla-teshis-etmek\/otizm-etiketi-cocugum-icin-ne-ise-yarar\/","og_locale":"tr_TR","og_type":"article","og_title":"Wat heeft mijn kind aan de diagnose autisme?","og_description":"Het vaststellen van autisme bij je kind zorgt ervoor dat je kind de juiste hulp kan krijgen. Het is dus niet sl\u00e9chts een \u2018etiket\u2019.","og_url":"https:\/\/www.autismejongekind.nl\/tr\/cocuklarda-otizm-ebeveynler-icin-bilgilendirme\/otizmi-degerlendirme-yoluyla-teshis-etmek\/otizm-etiketi-cocugum-icin-ne-ise-yarar\/","og_site_name":"Autisme Jonge Kind","article_modified_time":"2023-07-07T12:32:23+00:00","og_image":[{"width":1920,"height":1281,"url":"https:\/\/www.autismejongekind.nl\/wp-content\/uploads\/2023\/04\/Diagnose-autisme.jpg","type":"image\/jpeg"}],"twitter_card":"summary_large_image","twitter_misc":{"Tahmini okuma s\u00fcresi":"2 dakika"},"schema":{"@context":"https:\/\/schema.org","@graph":[{"@type":"WebPage","@id":"https:\/\/www.autismejongekind.nl\/autisme-bij-kinderen-informatie-voor-ouders\/autisme-vaststellen-door-onderzoek\/wat-heeft-mijn-kind-aan-een-etiket-autisme\/","url":"https:\/\/www.autismejongekind.nl\/autisme-bij-kinderen-informatie-voor-ouders\/autisme-vaststellen-door-onderzoek\/wat-heeft-mijn-kind-aan-een-etiket-autisme\/","name":"\u00c7ocu\u011fum otizm te\u015fhisi ile nas\u0131l faydalanabilir?","isPartOf":{"@id":"https:\/\/www.autismejongekind.nl\/#website"},"primaryImageOfPage":{"@id":"https:\/\/www.autismejongekind.nl\/autisme-bij-kinderen-informatie-voor-ouders\/autisme-vaststellen-door-onderzoek\/wat-heeft-mijn-kind-aan-een-etiket-autisme\/#primaryimage"},"image":{"@id":"https:\/\/www.autismejongekind.nl\/autisme-bij-kinderen-informatie-voor-ouders\/autisme-vaststellen-door-onderzoek\/wat-heeft-mijn-kind-aan-een-etiket-autisme\/#primaryimage"},"thumbnailUrl":"https:\/\/www.autismejongekind.nl\/wp-content\/uploads\/2023\/04\/Diagnose-autisme.jpg","datePublished":"2018-07-07T12:58:56+00:00","dateModified":"2023-07-07T12:32:23+00:00","description":"Otizm te\u015fhisi, \u00e7ocu\u011funuzun do\u011fru t\u00fcrde yard\u0131m almas\u0131n\u0131 sa\u011flar. Bu nedenle sadece bir 'etiket' de\u011fildir.","breadcrumb":{"@id":"https:\/\/www.autismejongekind.nl\/autisme-bij-kinderen-informatie-voor-ouders\/autisme-vaststellen-door-onderzoek\/wat-heeft-mijn-kind-aan-een-etiket-autisme\/#breadcrumb"},"inLanguage":"tr","potentialAction":[{"@type":"ReadAction","target":["https:\/\/www.autismejongekind.nl\/autisme-bij-kinderen-informatie-voor-ouders\/autisme-vaststellen-door-onderzoek\/wat-heeft-mijn-kind-aan-een-etiket-autisme\/"]}]},{"@type":"ImageObject","inLanguage":"tr","@id":"https:\/\/www.autismejongekind.nl\/autisme-bij-kinderen-informatie-voor-ouders\/autisme-vaststellen-door-onderzoek\/wat-heeft-mijn-kind-aan-een-etiket-autisme\/#primaryimage","url":"https:\/\/www.autismejongekind.nl\/wp-content\/uploads\/2023\/04\/Diagnose-autisme.jpg","contentUrl":"https:\/\/www.autismejongekind.nl\/wp-content\/uploads\/2023\/04\/Diagnose-autisme.jpg","width":1920,"height":1281,"caption":"diagnose autisme kind"},{"@type":"BreadcrumbList","@id":"https:\/\/www.autismejongekind.nl\/autisme-bij-kinderen-informatie-voor-ouders\/autisme-vaststellen-door-onderzoek\/wat-heeft-mijn-kind-aan-een-etiket-autisme\/#breadcrumb","itemListElement":[{"@type":"ListItem","position":1,"name":"Home","item":"https:\/\/www.autismejongekind.nl\/"},{"@type":"ListItem","position":2,"name":"Autisme bij kinderen: informatie voor ouders","item":"https:\/\/www.autismejongekind.nl\/autisme-bij-kinderen-informatie-voor-ouders\/"},{"@type":"ListItem","position":3,"name":"Autisme vaststellen door onderzoek","item":"https:\/\/www.autismejongekind.nl\/autisme-bij-kinderen-informatie-voor-ouders\/autisme-vaststellen-door-onderzoek\/"},{"@type":"ListItem","position":4,"name":"Wat heeft mijn kind aan een \u2018etiket\u2019 autisme?"}]},{"@type":"WebSite","@id":"https:\/\/www.autismejongekind.nl\/#website","url":"https:\/\/www.autismejongekind.nl\/","name":"Autisme Jonge Kind","description":"","potentialAction":[{"@type":"SearchAction","target":{"@type":"EntryPoint","urlTemplate":"https:\/\/www.autismejongekind.nl\/?s={search_term_string}"},"query-input":{"@type":"PropertyValueSpecification","valueRequired":true,"valueName":"search_term_string"}}],"inLanguage":"tr"}]}},"_links":{"self":[{"href":"https:\/\/www.autismejongekind.nl\/tr\/wp-json\/wp\/v2\/pages\/1088","targetHints":{"allow":["GET"]}}],"collection":[{"href":"https:\/\/www.autismejongekind.nl\/tr\/wp-json\/wp\/v2\/pages"}],"about":[{"href":"https:\/\/www.autismejongekind.nl\/tr\/wp-json\/wp\/v2\/types\/page"}],"author":[{"embeddable":true,"href":"https:\/\/www.autismejongekind.nl\/tr\/wp-json\/wp\/v2\/users\/27"}],"replies":[{"embeddable":true,"href":"https:\/\/www.autismejongekind.nl\/tr\/wp-json\/wp\/v2\/comments?post=1088"}],"version-history":[{"count":32,"href":"https:\/\/www.autismejongekind.nl\/tr\/wp-json\/wp\/v2\/pages\/1088\/revisions"}],"predecessor-version":[{"id":6981,"href":"https:\/\/www.autismejongekind.nl\/tr\/wp-json\/wp\/v2\/pages\/1088\/revisions\/6981"}],"up":[{"embeddable":true,"href":"https:\/\/www.autismejongekind.nl\/tr\/wp-json\/wp\/v2\/pages\/1049"}],"wp:featuredmedia":[{"embeddable":true,"href":"https:\/\/www.autismejongekind.nl\/tr\/wp-json\/wp\/v2\/media\/6128"}],"wp:attachment":[{"href":"https:\/\/www.autismejongekind.nl\/tr\/wp-json\/wp\/v2\/media?parent=1088"}],"curies":[{"name":"wp","href":"https:\/\/api.w.org\/{rel}","templated":true}]}}