{"id":1049,"date":"2023-03-15T12:04:09","date_gmt":"2023-03-15T11:04:09","guid":{"rendered":"http:\/\/nlautis-gadamael.savviihq.com\/?page_id=1049"},"modified":"2023-07-07T14:24:44","modified_gmt":"2023-07-07T12:24:44","slug":"otizmi-degerlendirme-yoluyla-teshis-etmek","status":"publish","type":"page","link":"https:\/\/www.autismejongekind.nl\/tr\/autisme-bij-kinderen-informatie-voor-ouders\/autisme-vaststellen-door-onderzoek\/","title":{"rendered":"Otizmi de\u011ferlendirme y\u00f6ntemiyle te\u015fhis etmek"},"content":{"rendered":"<p><strong>\u00c7ocu\u011funuz (muhtemelen) otizm de\u011ferlendirmesine, ayr\u0131ca tan\u0131ya (OSB) sahip olup olmad\u0131\u011f\u0131n\u0131 g\u00f6rmek i\u00e7in giriyor. Peki bunun i\u00e7in ne bekleyebilirsiniz?<\/strong><\/p>\n<p>A\u015fa\u011f\u0131da okuyacaklar\u0131n\u0131z:<\/p>\n<ul>\n<li aria-level=\"1\">tan\u0131n\u0131n ne oldu\u011fu;<\/li>\n<li aria-level=\"1\">bu s\u00fcre\u00e7te kimlerle u\u011fra\u015faca\u011f\u0131n\u0131z ve<\/li>\n<li aria-level=\"1\">\u00e7ocu\u011funuzu otizm de\u011ferlendirmesi i\u00e7in kaydettirdi\u011finizde bir ebeveyn olarak ne bekleyebilece\u011finiz.<\/li>\n<\/ul>\n<h2>Tan\u0131 de\u011ferlendirmesi nedir?<\/h2>\n<p>Tan\u0131 de\u011ferlendirmesi, \u00e7ocu\u011funuzun geli\u015fiminin daha g\u00fc\u00e7l\u00fc ve daha zay\u0131f alanlar\u0131n\u0131 belirleyebilir. Uzmanlarla konu\u015fmalar yap\u0131l\u0131r ve de\u011ferlendirmeler yap\u0131l\u0131r. Hedef, sonunda \u00e7ocu\u011funuza \u00f6zel bir tedavi plan\u0131 olu\u015fturmakt\u0131r.<\/p>\n<h2>De\u011ferlendirmede kimler yer al\u0131r?<\/h2>\n<p>\u00c7ocu\u011funuz otizm de\u011ferlendirmesi i\u00e7in geldi\u011finde, birka\u00e7 uzmanla tan\u0131\u015facaks\u0131n\u0131z. \u00d6rne\u011fin, \u015funlarla tan\u0131\u015facaks\u0131n\u0131z:<\/p>\n<ul>\n<li aria-level=\"1\">\u00e7ocuk ve ergen psikiyatristi veya klinik psikolog;<\/li>\n<li aria-level=\"1\">GZ psikolo\u011fu;<\/li>\n<li aria-level=\"1\">di\u011fer davran\u0131\u015f bilimcileri, \u00f6rne\u011fin d\u00fczeltici e\u011fitim uzman\u0131.<\/li>\n<\/ul>\n<p>Belki de ba\u015fka uzmanlarla da g\u00f6r\u00fc\u015febilirsiniz. O zaman bilgilerini payla\u015f\u0131rlar. \u00d6rne\u011fin, bir pediatrik uzman, pediatrik n\u00f6rolog, konu\u015fma terapisti veya fizyoterapist gibi d\u00fc\u015f\u00fcnebilirsiniz. Bu uzmanlar, gen\u00e7 \u00e7ocuklardaki geli\u015fimsel ve davran\u0131\u015fsal sorunlarla ilgili (\u00f6rne\u011fin OSB gibi) \u00e7ok \u015fey bilen organizasyonlarda bir ekip olarak \u00e7al\u0131\u015f\u0131rlar.<\/p>\n<p>S\u0131kl\u0131kla bu kurulu\u015flar, <a href=\"https:\/\/www.autismejongekind.nl\/tr\/\">Landelijk Expertisenetwerk Autisme Jonge Kind (AJK) ile ba\u011flant\u0131l\u0131d\u0131r<\/a>. Bu, hepsinin de\u011ferlendirmeyi ve dan\u0131\u015fmanl\u0131\u011f\u0131 \/ tedaviyi hemen hemen ayn\u0131 \u015fekilde y\u00fcr\u00fctt\u00fc\u011f\u00fc anlam\u0131na gelir. Son k\u0131lavuzlar ve bilimsel g\u00f6r\u00fc\u015fler temelinde \u00e7al\u0131\u015f\u0131rlar.<\/p>\n<p>AJK ile hen\u00fcz ba\u011flant\u0131l\u0131 olmayan kurulu\u015flar da vard\u0131r ve iyi te\u015fhis de\u011ferlendirmeleri yapabilir ve\/veya tedavi\/dan\u0131\u015fmanl\u0131k sunabilirler. \u0130yi bir te\u015fhis de\u011ferlendirmesinden tam olarak ne bekleyebilece\u011finiz ve beklemeniz gerekti\u011fi hakk\u0131nda daha fazla\u00a0<a href=\"https:\/\/www.autismejongekind.nl\/tr\/cocuklarda-otizm-ebeveynler-icin-bilgilendirme\/otizmi-degerlendirme-yoluyla-teshis-etmek\/otizm-degerlendirmesi-nasil-yapilir\/\">bilgi i\u00e7in okumaya devam edin.<\/a>.<\/p>\n<h2>K\u00fc\u00e7\u00fck \u00e7ocuklar i\u00e7in de\u011ferlendirme ad\u0131mlar\u0131<\/h2>\n<p>K\u00fc\u00e7\u00fck \u00e7ocuklar\u0131n (0-6 ya\u015f) iyi bir de\u011ferlendirmesinden ne bekleyebilirsiniz? Her zaman birka\u00e7 bile\u015fenden olu\u015fur. \u00c7ocu\u011funuzun aile i\u00e7indeki t\u00fcm geli\u015fimi incelenir. <a href=\"https:\/\/www.autismejongekind.nl\/wp-content\/uploads\/2023\/06\/Wat-mag-je-verwachten-van-autisme-onderzoek-bij-jonge-kinderen-0-6-jaar.pdf\" target=\"_blank\" rel=\"noopener\">Ad\u0131m ad\u0131m plan\u0131 buradan indirebilirsiniz<\/a>. Bu, \u00e7ocu\u011funuzu otizm de\u011ferlendirmesi i\u00e7in kaydettirdi\u011finizde bir ebeveyn olarak neler bekleyece\u011finize dair bir genel bak\u0131\u015f sa\u011flar.<\/p>","protected":false},"excerpt":{"rendered":"<p>Je kind gaat (mogelijk) een onderzoekstraject in. Dit noem je ook wel diagnostiek. Dit onderzoek laat je doen om te kijken of je kind misschien autisme (ASS) heeft. Wat houdt het onderzoekstraject in? Je leest hier: wat diagnostiek is; met wie je te maken krijgt gedurende dit traject; wat je als ouder mag verwachten als [&hellip;]<\/p>\n","protected":false},"author":27,"featured_media":5982,"parent":349,"menu_order":0,"comment_status":"closed","ping_status":"closed","template":"template-page-full-width-image.php","meta":{"_acf_changed":false,"footnotes":""},"class_list":["post-1049","page","type-page","status-publish","has-post-thumbnail","hentry"],"acf":[],"yoast_head":"<!-- This site is optimized with the Yoast SEO plugin v27.5 - https:\/\/yoast.com\/product\/yoast-seo-wordpress\/ -->\n<title>Autisme vaststellen bij je kind: hoe werkt dat?<\/title>\n<meta name=\"description\" content=\"Autisme vaststellen bij je kind wordt gedaan door diagnostiek. Wat is diagnostiek en wat is belangrijk om te weten bij autismediagnostiek?\" \/>\n<meta name=\"robots\" content=\"index, follow, max-snippet:-1, max-image-preview:large, max-video-preview:-1\" \/>\n<link rel=\"canonical\" href=\"https:\/\/www.autismejongekind.nl\/tr\/cocuklarda-otizm-ebeveynler-icin-bilgilendirme\/otizmi-degerlendirme-yoluyla-teshis-etmek\/\" \/>\n<meta property=\"og:locale\" content=\"tr_TR\" \/>\n<meta property=\"og:type\" content=\"article\" \/>\n<meta property=\"og:title\" content=\"Autisme vaststellen bij je kind: hoe werkt dat?\" \/>\n<meta property=\"og:description\" content=\"Autisme vaststellen bij je kind wordt gedaan door diagnostiek. Wat is diagnostiek en wat is belangrijk om te weten bij autismediagnostiek?\" \/>\n<meta property=\"og:url\" content=\"https:\/\/www.autismejongekind.nl\/tr\/cocuklarda-otizm-ebeveynler-icin-bilgilendirme\/otizmi-degerlendirme-yoluyla-teshis-etmek\/\" \/>\n<meta property=\"og:site_name\" content=\"Autisme Jonge Kind\" \/>\n<meta property=\"article:modified_time\" content=\"2023-07-07T12:24:44+00:00\" \/>\n<meta property=\"og:image\" content=\"https:\/\/www.autismejongekind.nl\/wp-content\/uploads\/2023\/03\/diagnose-door-onderzoek.jpg\" \/>\n\t<meta property=\"og:image:width\" content=\"640\" \/>\n\t<meta property=\"og:image:height\" content=\"427\" \/>\n\t<meta property=\"og:image:type\" content=\"image\/jpeg\" \/>\n<meta name=\"twitter:card\" content=\"summary_large_image\" \/>\n<meta name=\"twitter:label1\" content=\"Tahmini okuma s\u00fcresi\" \/>\n\t<meta name=\"twitter:data1\" content=\"2 dakika\" \/>\n<script type=\"application\/ld+json\" class=\"yoast-schema-graph\">{\"@context\":\"https:\\\/\\\/schema.org\",\"@graph\":[{\"@type\":\"WebPage\",\"@id\":\"https:\\\/\\\/www.autismejongekind.nl\\\/autisme-bij-kinderen-informatie-voor-ouders\\\/autisme-vaststellen-door-onderzoek\\\/\",\"url\":\"https:\\\/\\\/www.autismejongekind.nl\\\/autisme-bij-kinderen-informatie-voor-ouders\\\/autisme-vaststellen-door-onderzoek\\\/\",\"name\":\"Autisme vaststellen bij je kind: hoe werkt dat?\",\"isPartOf\":{\"@id\":\"https:\\\/\\\/www.autismejongekind.nl\\\/#website\"},\"primaryImageOfPage\":{\"@id\":\"https:\\\/\\\/www.autismejongekind.nl\\\/autisme-bij-kinderen-informatie-voor-ouders\\\/autisme-vaststellen-door-onderzoek\\\/#primaryimage\"},\"image\":{\"@id\":\"https:\\\/\\\/www.autismejongekind.nl\\\/autisme-bij-kinderen-informatie-voor-ouders\\\/autisme-vaststellen-door-onderzoek\\\/#primaryimage\"},\"thumbnailUrl\":\"https:\\\/\\\/www.autismejongekind.nl\\\/wp-content\\\/uploads\\\/2023\\\/03\\\/diagnose-door-onderzoek.jpg\",\"datePublished\":\"2023-03-15T11:04:09+00:00\",\"dateModified\":\"2023-07-07T12:24:44+00:00\",\"description\":\"Autisme vaststellen bij je kind wordt gedaan door diagnostiek. Wat is diagnostiek en wat is belangrijk om te weten bij autismediagnostiek?\",\"breadcrumb\":{\"@id\":\"https:\\\/\\\/www.autismejongekind.nl\\\/autisme-bij-kinderen-informatie-voor-ouders\\\/autisme-vaststellen-door-onderzoek\\\/#breadcrumb\"},\"inLanguage\":\"tr\",\"potentialAction\":[{\"@type\":\"ReadAction\",\"target\":[\"https:\\\/\\\/www.autismejongekind.nl\\\/autisme-bij-kinderen-informatie-voor-ouders\\\/autisme-vaststellen-door-onderzoek\\\/\"]}]},{\"@type\":\"ImageObject\",\"inLanguage\":\"tr\",\"@id\":\"https:\\\/\\\/www.autismejongekind.nl\\\/autisme-bij-kinderen-informatie-voor-ouders\\\/autisme-vaststellen-door-onderzoek\\\/#primaryimage\",\"url\":\"https:\\\/\\\/www.autismejongekind.nl\\\/wp-content\\\/uploads\\\/2023\\\/03\\\/diagnose-door-onderzoek.jpg\",\"contentUrl\":\"https:\\\/\\\/www.autismejongekind.nl\\\/wp-content\\\/uploads\\\/2023\\\/03\\\/diagnose-door-onderzoek.jpg\",\"width\":640,\"height\":427,\"caption\":\"diagnose autisme door onderzoek\"},{\"@type\":\"BreadcrumbList\",\"@id\":\"https:\\\/\\\/www.autismejongekind.nl\\\/autisme-bij-kinderen-informatie-voor-ouders\\\/autisme-vaststellen-door-onderzoek\\\/#breadcrumb\",\"itemListElement\":[{\"@type\":\"ListItem\",\"position\":1,\"name\":\"Home\",\"item\":\"https:\\\/\\\/www.autismejongekind.nl\\\/\"},{\"@type\":\"ListItem\",\"position\":2,\"name\":\"Autisme bij kinderen: informatie voor ouders\",\"item\":\"https:\\\/\\\/www.autismejongekind.nl\\\/autisme-bij-kinderen-informatie-voor-ouders\\\/\"},{\"@type\":\"ListItem\",\"position\":3,\"name\":\"Autisme vaststellen door onderzoek\"}]},{\"@type\":\"WebSite\",\"@id\":\"https:\\\/\\\/www.autismejongekind.nl\\\/#website\",\"url\":\"https:\\\/\\\/www.autismejongekind.nl\\\/\",\"name\":\"Autisme Jonge Kind\",\"description\":\"\",\"potentialAction\":[{\"@type\":\"SearchAction\",\"target\":{\"@type\":\"EntryPoint\",\"urlTemplate\":\"https:\\\/\\\/www.autismejongekind.nl\\\/?s={search_term_string}\"},\"query-input\":{\"@type\":\"PropertyValueSpecification\",\"valueRequired\":true,\"valueName\":\"search_term_string\"}}],\"inLanguage\":\"tr\"}]}<\/script>\n<!-- \/ Yoast SEO plugin. -->","yoast_head_json":{"title":"\u00c7ocu\u011funuzda otizm te\u015fhisi koymak: nas\u0131l i\u015fler?","description":"\u00c7ocu\u011funuzda otizm te\u015fhisi koymak, te\u015fhis de\u011ferlendirmeleri yoluyla yap\u0131l\u0131r. Burada, tan\u0131n\u0131n ne oldu\u011fu, kimlerle u\u011fra\u015faca\u011f\u0131n\u0131z ve \u00e7ocu\u011funuzu otizm de\u011ferlendirmesi i\u00e7in kaydettirdi\u011finizde bir ebeveyn olarak ne bekleyebilece\u011finiz hakk\u0131nda okuyabilirsiniz.","robots":{"index":"index","follow":"follow","max-snippet":"max-snippet:-1","max-image-preview":"max-image-preview:large","max-video-preview":"max-video-preview:-1"},"canonical":"https:\/\/www.autismejongekind.nl\/tr\/cocuklarda-otizm-ebeveynler-icin-bilgilendirme\/otizmi-degerlendirme-yoluyla-teshis-etmek\/","og_locale":"tr_TR","og_type":"article","og_title":"Autisme vaststellen bij je kind: hoe werkt dat?","og_description":"Autisme vaststellen bij je kind wordt gedaan door diagnostiek. Wat is diagnostiek en wat is belangrijk om te weten bij autismediagnostiek?","og_url":"https:\/\/www.autismejongekind.nl\/tr\/cocuklarda-otizm-ebeveynler-icin-bilgilendirme\/otizmi-degerlendirme-yoluyla-teshis-etmek\/","og_site_name":"Autisme Jonge Kind","article_modified_time":"2023-07-07T12:24:44+00:00","og_image":[{"width":640,"height":427,"url":"https:\/\/www.autismejongekind.nl\/wp-content\/uploads\/2023\/03\/diagnose-door-onderzoek.jpg","type":"image\/jpeg"}],"twitter_card":"summary_large_image","twitter_misc":{"Tahmini okuma s\u00fcresi":"2 dakika"},"schema":{"@context":"https:\/\/schema.org","@graph":[{"@type":"WebPage","@id":"https:\/\/www.autismejongekind.nl\/autisme-bij-kinderen-informatie-voor-ouders\/autisme-vaststellen-door-onderzoek\/","url":"https:\/\/www.autismejongekind.nl\/autisme-bij-kinderen-informatie-voor-ouders\/autisme-vaststellen-door-onderzoek\/","name":"\u00c7ocu\u011funuzda otizm te\u015fhisi koymak: nas\u0131l i\u015fler?","isPartOf":{"@id":"https:\/\/www.autismejongekind.nl\/#website"},"primaryImageOfPage":{"@id":"https:\/\/www.autismejongekind.nl\/autisme-bij-kinderen-informatie-voor-ouders\/autisme-vaststellen-door-onderzoek\/#primaryimage"},"image":{"@id":"https:\/\/www.autismejongekind.nl\/autisme-bij-kinderen-informatie-voor-ouders\/autisme-vaststellen-door-onderzoek\/#primaryimage"},"thumbnailUrl":"https:\/\/www.autismejongekind.nl\/wp-content\/uploads\/2023\/03\/diagnose-door-onderzoek.jpg","datePublished":"2023-03-15T11:04:09+00:00","dateModified":"2023-07-07T12:24:44+00:00","description":"\u00c7ocu\u011funuzda otizm te\u015fhisi koymak, te\u015fhis de\u011ferlendirmeleri yoluyla yap\u0131l\u0131r. Burada, tan\u0131n\u0131n ne oldu\u011fu, kimlerle u\u011fra\u015faca\u011f\u0131n\u0131z ve \u00e7ocu\u011funuzu otizm de\u011ferlendirmesi i\u00e7in kaydettirdi\u011finizde bir ebeveyn olarak ne bekleyebilece\u011finiz hakk\u0131nda okuyabilirsiniz.","breadcrumb":{"@id":"https:\/\/www.autismejongekind.nl\/autisme-bij-kinderen-informatie-voor-ouders\/autisme-vaststellen-door-onderzoek\/#breadcrumb"},"inLanguage":"tr","potentialAction":[{"@type":"ReadAction","target":["https:\/\/www.autismejongekind.nl\/autisme-bij-kinderen-informatie-voor-ouders\/autisme-vaststellen-door-onderzoek\/"]}]},{"@type":"ImageObject","inLanguage":"tr","@id":"https:\/\/www.autismejongekind.nl\/autisme-bij-kinderen-informatie-voor-ouders\/autisme-vaststellen-door-onderzoek\/#primaryimage","url":"https:\/\/www.autismejongekind.nl\/wp-content\/uploads\/2023\/03\/diagnose-door-onderzoek.jpg","contentUrl":"https:\/\/www.autismejongekind.nl\/wp-content\/uploads\/2023\/03\/diagnose-door-onderzoek.jpg","width":640,"height":427,"caption":"diagnose autisme door onderzoek"},{"@type":"BreadcrumbList","@id":"https:\/\/www.autismejongekind.nl\/autisme-bij-kinderen-informatie-voor-ouders\/autisme-vaststellen-door-onderzoek\/#breadcrumb","itemListElement":[{"@type":"ListItem","position":1,"name":"Home","item":"https:\/\/www.autismejongekind.nl\/"},{"@type":"ListItem","position":2,"name":"Autisme bij kinderen: informatie voor ouders","item":"https:\/\/www.autismejongekind.nl\/autisme-bij-kinderen-informatie-voor-ouders\/"},{"@type":"ListItem","position":3,"name":"Autisme vaststellen door onderzoek"}]},{"@type":"WebSite","@id":"https:\/\/www.autismejongekind.nl\/#website","url":"https:\/\/www.autismejongekind.nl\/","name":"Autisme Jonge Kind","description":"","potentialAction":[{"@type":"SearchAction","target":{"@type":"EntryPoint","urlTemplate":"https:\/\/www.autismejongekind.nl\/?s={search_term_string}"},"query-input":{"@type":"PropertyValueSpecification","valueRequired":true,"valueName":"search_term_string"}}],"inLanguage":"tr"}]}},"_links":{"self":[{"href":"https:\/\/www.autismejongekind.nl\/tr\/wp-json\/wp\/v2\/pages\/1049","targetHints":{"allow":["GET"]}}],"collection":[{"href":"https:\/\/www.autismejongekind.nl\/tr\/wp-json\/wp\/v2\/pages"}],"about":[{"href":"https:\/\/www.autismejongekind.nl\/tr\/wp-json\/wp\/v2\/types\/page"}],"author":[{"embeddable":true,"href":"https:\/\/www.autismejongekind.nl\/tr\/wp-json\/wp\/v2\/users\/27"}],"replies":[{"embeddable":true,"href":"https:\/\/www.autismejongekind.nl\/tr\/wp-json\/wp\/v2\/comments?post=1049"}],"version-history":[{"count":53,"href":"https:\/\/www.autismejongekind.nl\/tr\/wp-json\/wp\/v2\/pages\/1049\/revisions"}],"predecessor-version":[{"id":6979,"href":"https:\/\/www.autismejongekind.nl\/tr\/wp-json\/wp\/v2\/pages\/1049\/revisions\/6979"}],"up":[{"embeddable":true,"href":"https:\/\/www.autismejongekind.nl\/tr\/wp-json\/wp\/v2\/pages\/349"}],"wp:featuredmedia":[{"embeddable":true,"href":"https:\/\/www.autismejongekind.nl\/tr\/wp-json\/wp\/v2\/media\/5982"}],"wp:attachment":[{"href":"https:\/\/www.autismejongekind.nl\/tr\/wp-json\/wp\/v2\/media?parent=1049"}],"curies":[{"name":"wp","href":"https:\/\/api.w.org\/{rel}","templated":true}]}}