{"id":6285,"date":"2023-04-26T11:27:57","date_gmt":"2023-04-26T09:27:57","guid":{"rendered":"https:\/\/www.autismejongekind.nl\/?page_id=6285"},"modified":"2024-06-17T12:41:44","modified_gmt":"2024-06-17T10:41:44","slug":"treatments-development-of-your-child","status":"publish","type":"page","link":"https:\/\/www.autismejongekind.nl\/en\/autisme-bij-kinderen-informatie-voor-ouders\/overzicht-van-behandelvormen-voor-jonge-kinderen\/behandelingen-ontwikkeling-kind\/","title":{"rendered":"Treatments focused on the development of your child"},"content":{"rendered":"<p><strong>Naturally, a key part of the treatment of autism focuses on your child's development. There are various approaches to this in the Netherlands.<\/strong><\/p>\n<p>These are usually focused on encouraging normal development. In particular, they focus on sensitive areas for children with autism, namely: interaction, communication, play and flexibility.<\/p>\n<p>Often, these are applied within parent-child treatments like:\u00a0<a href=\"https:\/\/www.autismejongekind.nl\/en\/professionals\/casus-sam\/\">Casus Sam<\/a>. Sometimes, a particular treatment is also applied within a school or at day treatment facilities.<\/p>\n<p>Examples of treatments offered in the Netherlands that focus on your child's development:<\/p>\n<ul>\n<li aria-level=\"1\"><strong><a href=\"https:\/\/www.autismejongekind.nl\/en\/autism-in-children-information-for-parents-2\/forms-of-treatment-for-young-children-with-autism\/treatments-development-of-your-child\/floorplay\/\">Floorplay<\/a><\/strong>\u00a0focuses on strengthening your child's engagement and focus on his\/her environment.<\/li>\n<li aria-level=\"1\"><span><\/span>\u00a0<strong><a href=\"https:\/\/www.autismejongekind.nl\/en\/autism-in-children-information-for-parents-2\/forms-of-treatment-for-young-children-with-autism\/treatments-development-of-your-child\/prt-pivotal-response-treatment\/\">PRT (Pivotal Response Treatment)<\/a><\/strong>\u00a0teaches your child to take initiative in interacting with another person (see also the\u00a0<a href=\"https:\/\/www.autismejongekind.nl\/wp-content\/uploads\/2022\/03\/Instellingen-met-gecertificeerde-PRT-trainers-per-provincie.pdf\">list of certified PRT Trainers)<\/a>.<\/li>\n<li aria-level=\"1\"><strong><a href=\"https:\/\/www.autismejongekind.nl\/en\/autism-in-children-information-for-parents-2\/forms-of-treatment-for-young-children-with-autism\/treatments-development-of-your-child\/vipp-auti\/\">VIPP-AUTI<\/a><\/strong>\u00a0focuses on the parents. You learn more about autism, but also about recognising traits of autism in your own child. During five home visits, film clips of interactions between you and your child are made and discussed.<\/li>\n<li aria-level=\"1\">ABA (Applied Behavior Analysis) ABA richt zich op het aanleren van functionele vaardigheden, met als doel het stimuleren van de algehele ontwikkeling<\/li>\n<li aria-level=\"1\">Bij\u00a0<strong><a href=\"https:\/\/www.horison.nl\/csl\/\" target=\"_blank\" rel=\"noopener\">Contactgericht spelen en leren<\/a><\/strong>\u00a0(or \u2018contact-oriented playing and learning\u2019) gives you tools to stimulate your child in different areas of development. For this, interaction forms the basis.<\/li>\n<li aria-level=\"1\"><strong><a href=\"https:\/\/eenstapvooruitmetdtt.nl\/\" target=\"_blank\" rel=\"noopener\">Discrete Trial Teaching (DTT)<\/a><\/strong> is een methode om kinderen met een autismespectrumstoornis en een verstandelijke beperking in een gestructureerde en \u00e9\u00e9n-op-\u00e9\u00e9n situatie vaardigheden op verschillende gebieden aan te leren.<\/li>\n<li aria-level=\"1\"><a href=\"https:\/\/inter-psy.nl\/wp-content\/uploads\/2016\/09\/Jasper-training-V.22082016.pdf\" target=\"_blank\" rel=\"noopener\"><strong>Jasper-training<\/strong><\/a>\u00a0focuses on encouraging joint attention, play and emotion regulation in young children. This stimulates your child's language, communication and social development.<\/li>\n<li aria-level=\"1\"><a href=\"http:\/\/theraplay.nl\/\" target=\"_blank\" rel=\"noopener\"><strong>Theraplay<\/strong><\/a>\u00a0is a playful form of treatment to strengthen the bond between you and your child;<\/li>\n<li aria-level=\"1\"><span><\/span><a href=\"https:\/\/www.vaktherapie.nl\/psychomotorische-therapie\" target=\"_blank\" rel=\"noopener\">\u00a0<strong>Movement therapy, such as PMT (psychomotor therapy)<\/strong><\/a>\u00a0and\u00a0<strong><a href=\"https:\/\/www.papageno.nl\/muziektherapie\" target=\"_blank\" rel=\"noopener\">music therapy<\/a><\/strong>, can also help encourage the development of your child with autism.<\/li>\n<\/ul>\n<p>In overleg met een behandelaar kun je een keuze maken welke behandeling het beste aansluit bij je kind. De keuze voor een behandeling is uiteraard ook afhankelijk van de beschikbaarheid in je regio.<\/p>","protected":false},"excerpt":{"rendered":"<p>Natuurlijk is een belangrijk onderdeel van de behandeling van autisme gericht op de ontwikkeling van je kind. Er bestaan hiervoor in Nederland verschillende vormen van behandeling. De behandelingen zijn meestal gericht op het stimuleren van de normale ontwikkeling. In het bijzonder zijn deze vormen van behandeling gericht op gebieden die kwetsbaar zijn bij kinderen met [&hellip;]<\/p>\n","protected":false},"author":27,"featured_media":6286,"parent":1917,"menu_order":0,"comment_status":"closed","ping_status":"closed","template":"template-page-full-width-image.php","meta":{"_acf_changed":false,"footnotes":""},"class_list":["post-6285","page","type-page","status-publish","has-post-thumbnail","hentry"],"acf":[],"yoast_head":"<!-- This site is optimized with the Yoast SEO plugin v27.3 - https:\/\/yoast.com\/product\/yoast-seo-wordpress\/ -->\n<title>Behandelingen gericht op de ontwikkeling van je kind - Autisme Jonge Kind<\/title>\n<meta name=\"description\" content=\"Een belangrijk onderdeel van de behandeling van autisme is gericht op de ontwikkeling van je kind. Er zijn verschillende behandelvormen.\" \/>\n<meta name=\"robots\" content=\"index, follow, max-snippet:-1, max-image-preview:large, max-video-preview:-1\" \/>\n<link rel=\"canonical\" href=\"https:\/\/www.autismejongekind.nl\/en\/autism-in-children-information-for-parents-2\/forms-of-treatment-for-young-children-with-autism\/treatments-development-of-your-child\/\" \/>\n<meta property=\"og:locale\" content=\"en_GB\" \/>\n<meta property=\"og:type\" content=\"article\" \/>\n<meta property=\"og:title\" content=\"Behandelingen gericht op de ontwikkeling van je kind - Autisme Jonge Kind\" \/>\n<meta property=\"og:description\" content=\"Een belangrijk onderdeel van de behandeling van autisme is gericht op de ontwikkeling van je kind. Er zijn verschillende behandelvormen.\" \/>\n<meta property=\"og:url\" content=\"https:\/\/www.autismejongekind.nl\/en\/autism-in-children-information-for-parents-2\/forms-of-treatment-for-young-children-with-autism\/treatments-development-of-your-child\/\" \/>\n<meta property=\"og:site_name\" content=\"Autisme Jonge Kind\" \/>\n<meta property=\"article:modified_time\" content=\"2024-06-17T10:41:44+00:00\" \/>\n<meta property=\"og:image\" content=\"https:\/\/www.autismejongekind.nl\/wp-content\/uploads\/2023\/04\/behandelvormen-autisme-kind-scaled.jpg\" \/>\n\t<meta property=\"og:image:width\" content=\"2560\" \/>\n\t<meta property=\"og:image:height\" content=\"1709\" \/>\n\t<meta property=\"og:image:type\" content=\"image\/jpeg\" \/>\n<meta name=\"twitter:card\" content=\"summary_large_image\" \/>\n<meta name=\"twitter:label1\" content=\"Estimated reading time\" \/>\n\t<meta name=\"twitter:data1\" content=\"2 minutes\" \/>\n<script type=\"application\/ld+json\" class=\"yoast-schema-graph\">{\"@context\":\"https:\\\/\\\/schema.org\",\"@graph\":[{\"@type\":\"WebPage\",\"@id\":\"https:\\\/\\\/www.autismejongekind.nl\\\/autisme-bij-kinderen-informatie-voor-ouders\\\/overzicht-van-behandelvormen-voor-jonge-kinderen\\\/behandelingen-ontwikkeling-kind\\\/\",\"url\":\"https:\\\/\\\/www.autismejongekind.nl\\\/autisme-bij-kinderen-informatie-voor-ouders\\\/overzicht-van-behandelvormen-voor-jonge-kinderen\\\/behandelingen-ontwikkeling-kind\\\/\",\"name\":\"Behandelingen gericht op de ontwikkeling van je kind - Autisme Jonge Kind\",\"isPartOf\":{\"@id\":\"https:\\\/\\\/www.autismejongekind.nl\\\/#website\"},\"primaryImageOfPage\":{\"@id\":\"https:\\\/\\\/www.autismejongekind.nl\\\/autisme-bij-kinderen-informatie-voor-ouders\\\/overzicht-van-behandelvormen-voor-jonge-kinderen\\\/behandelingen-ontwikkeling-kind\\\/#primaryimage\"},\"image\":{\"@id\":\"https:\\\/\\\/www.autismejongekind.nl\\\/autisme-bij-kinderen-informatie-voor-ouders\\\/overzicht-van-behandelvormen-voor-jonge-kinderen\\\/behandelingen-ontwikkeling-kind\\\/#primaryimage\"},\"thumbnailUrl\":\"https:\\\/\\\/www.autismejongekind.nl\\\/wp-content\\\/uploads\\\/2023\\\/04\\\/behandelvormen-autisme-kind-scaled.jpg\",\"datePublished\":\"2023-04-26T09:27:57+00:00\",\"dateModified\":\"2024-06-17T10:41:44+00:00\",\"description\":\"Een belangrijk onderdeel van de behandeling van autisme is gericht op de ontwikkeling van je kind. Er zijn verschillende behandelvormen.\",\"breadcrumb\":{\"@id\":\"https:\\\/\\\/www.autismejongekind.nl\\\/autisme-bij-kinderen-informatie-voor-ouders\\\/overzicht-van-behandelvormen-voor-jonge-kinderen\\\/behandelingen-ontwikkeling-kind\\\/#breadcrumb\"},\"inLanguage\":\"en-GB\",\"potentialAction\":[{\"@type\":\"ReadAction\",\"target\":[\"https:\\\/\\\/www.autismejongekind.nl\\\/autisme-bij-kinderen-informatie-voor-ouders\\\/overzicht-van-behandelvormen-voor-jonge-kinderen\\\/behandelingen-ontwikkeling-kind\\\/\"]}]},{\"@type\":\"ImageObject\",\"inLanguage\":\"en-GB\",\"@id\":\"https:\\\/\\\/www.autismejongekind.nl\\\/autisme-bij-kinderen-informatie-voor-ouders\\\/overzicht-van-behandelvormen-voor-jonge-kinderen\\\/behandelingen-ontwikkeling-kind\\\/#primaryimage\",\"url\":\"https:\\\/\\\/www.autismejongekind.nl\\\/wp-content\\\/uploads\\\/2023\\\/04\\\/behandelvormen-autisme-kind-scaled.jpg\",\"contentUrl\":\"https:\\\/\\\/www.autismejongekind.nl\\\/wp-content\\\/uploads\\\/2023\\\/04\\\/behandelvormen-autisme-kind-scaled.jpg\",\"width\":2560,\"height\":1709,\"caption\":\"behandelvormen autisme kind\"},{\"@type\":\"BreadcrumbList\",\"@id\":\"https:\\\/\\\/www.autismejongekind.nl\\\/autisme-bij-kinderen-informatie-voor-ouders\\\/overzicht-van-behandelvormen-voor-jonge-kinderen\\\/behandelingen-ontwikkeling-kind\\\/#breadcrumb\",\"itemListElement\":[{\"@type\":\"ListItem\",\"position\":1,\"name\":\"Home\",\"item\":\"https:\\\/\\\/www.autismejongekind.nl\\\/\"},{\"@type\":\"ListItem\",\"position\":2,\"name\":\"Autisme bij kinderen: informatie voor ouders\",\"item\":\"https:\\\/\\\/www.autismejongekind.nl\\\/autisme-bij-kinderen-informatie-voor-ouders\\\/\"},{\"@type\":\"ListItem\",\"position\":3,\"name\":\"Behandelvormen voor jonge kinderen met autisme\",\"item\":\"https:\\\/\\\/www.autismejongekind.nl\\\/autisme-bij-kinderen-informatie-voor-ouders\\\/overzicht-van-behandelvormen-voor-jonge-kinderen\\\/\"},{\"@type\":\"ListItem\",\"position\":4,\"name\":\"Behandelingen gericht op de ontwikkeling van je kind\"}]},{\"@type\":\"WebSite\",\"@id\":\"https:\\\/\\\/www.autismejongekind.nl\\\/#website\",\"url\":\"https:\\\/\\\/www.autismejongekind.nl\\\/\",\"name\":\"Autisme Jonge Kind\",\"description\":\"\",\"potentialAction\":[{\"@type\":\"SearchAction\",\"target\":{\"@type\":\"EntryPoint\",\"urlTemplate\":\"https:\\\/\\\/www.autismejongekind.nl\\\/?s={search_term_string}\"},\"query-input\":{\"@type\":\"PropertyValueSpecification\",\"valueRequired\":true,\"valueName\":\"search_term_string\"}}],\"inLanguage\":\"en-GB\"}]}<\/script>\n<!-- \/ Yoast SEO plugin. -->","yoast_head_json":{"title":"Treatments focused on the development of your child","description":"Naturally, a key part of the treatment of autism focuses on your child's development. There are various approaches to this in the Netherlands.","robots":{"index":"index","follow":"follow","max-snippet":"max-snippet:-1","max-image-preview":"max-image-preview:large","max-video-preview":"max-video-preview:-1"},"canonical":"https:\/\/www.autismejongekind.nl\/en\/autism-in-children-information-for-parents-2\/forms-of-treatment-for-young-children-with-autism\/treatments-development-of-your-child\/","og_locale":"en_GB","og_type":"article","og_title":"Behandelingen gericht op de ontwikkeling van je kind - Autisme Jonge Kind","og_description":"Een belangrijk onderdeel van de behandeling van autisme is gericht op de ontwikkeling van je kind. Er zijn verschillende behandelvormen.","og_url":"https:\/\/www.autismejongekind.nl\/en\/autism-in-children-information-for-parents-2\/forms-of-treatment-for-young-children-with-autism\/treatments-development-of-your-child\/","og_site_name":"Autisme Jonge Kind","article_modified_time":"2024-06-17T10:41:44+00:00","og_image":[{"width":2560,"height":1709,"url":"https:\/\/www.autismejongekind.nl\/wp-content\/uploads\/2023\/04\/behandelvormen-autisme-kind-scaled.jpg","type":"image\/jpeg"}],"twitter_card":"summary_large_image","twitter_misc":{"Estimated reading time":"2 minutes"},"schema":{"@context":"https:\/\/schema.org","@graph":[{"@type":"WebPage","@id":"https:\/\/www.autismejongekind.nl\/autisme-bij-kinderen-informatie-voor-ouders\/overzicht-van-behandelvormen-voor-jonge-kinderen\/behandelingen-ontwikkeling-kind\/","url":"https:\/\/www.autismejongekind.nl\/autisme-bij-kinderen-informatie-voor-ouders\/overzicht-van-behandelvormen-voor-jonge-kinderen\/behandelingen-ontwikkeling-kind\/","name":"Treatments focused on the development of your child","isPartOf":{"@id":"https:\/\/www.autismejongekind.nl\/#website"},"primaryImageOfPage":{"@id":"https:\/\/www.autismejongekind.nl\/autisme-bij-kinderen-informatie-voor-ouders\/overzicht-van-behandelvormen-voor-jonge-kinderen\/behandelingen-ontwikkeling-kind\/#primaryimage"},"image":{"@id":"https:\/\/www.autismejongekind.nl\/autisme-bij-kinderen-informatie-voor-ouders\/overzicht-van-behandelvormen-voor-jonge-kinderen\/behandelingen-ontwikkeling-kind\/#primaryimage"},"thumbnailUrl":"https:\/\/www.autismejongekind.nl\/wp-content\/uploads\/2023\/04\/behandelvormen-autisme-kind-scaled.jpg","datePublished":"2023-04-26T09:27:57+00:00","dateModified":"2024-06-17T10:41:44+00:00","description":"Naturally, a key part of the treatment of autism focuses on your child's development. There are various approaches to this in the Netherlands.","breadcrumb":{"@id":"https:\/\/www.autismejongekind.nl\/autisme-bij-kinderen-informatie-voor-ouders\/overzicht-van-behandelvormen-voor-jonge-kinderen\/behandelingen-ontwikkeling-kind\/#breadcrumb"},"inLanguage":"en-GB","potentialAction":[{"@type":"ReadAction","target":["https:\/\/www.autismejongekind.nl\/autisme-bij-kinderen-informatie-voor-ouders\/overzicht-van-behandelvormen-voor-jonge-kinderen\/behandelingen-ontwikkeling-kind\/"]}]},{"@type":"ImageObject","inLanguage":"en-GB","@id":"https:\/\/www.autismejongekind.nl\/autisme-bij-kinderen-informatie-voor-ouders\/overzicht-van-behandelvormen-voor-jonge-kinderen\/behandelingen-ontwikkeling-kind\/#primaryimage","url":"https:\/\/www.autismejongekind.nl\/wp-content\/uploads\/2023\/04\/behandelvormen-autisme-kind-scaled.jpg","contentUrl":"https:\/\/www.autismejongekind.nl\/wp-content\/uploads\/2023\/04\/behandelvormen-autisme-kind-scaled.jpg","width":2560,"height":1709,"caption":"behandelvormen autisme kind"},{"@type":"BreadcrumbList","@id":"https:\/\/www.autismejongekind.nl\/autisme-bij-kinderen-informatie-voor-ouders\/overzicht-van-behandelvormen-voor-jonge-kinderen\/behandelingen-ontwikkeling-kind\/#breadcrumb","itemListElement":[{"@type":"ListItem","position":1,"name":"Home","item":"https:\/\/www.autismejongekind.nl\/"},{"@type":"ListItem","position":2,"name":"Autisme bij kinderen: informatie voor ouders","item":"https:\/\/www.autismejongekind.nl\/autisme-bij-kinderen-informatie-voor-ouders\/"},{"@type":"ListItem","position":3,"name":"Behandelvormen voor jonge kinderen met autisme","item":"https:\/\/www.autismejongekind.nl\/autisme-bij-kinderen-informatie-voor-ouders\/overzicht-van-behandelvormen-voor-jonge-kinderen\/"},{"@type":"ListItem","position":4,"name":"Behandelingen gericht op de ontwikkeling van je kind"}]},{"@type":"WebSite","@id":"https:\/\/www.autismejongekind.nl\/#website","url":"https:\/\/www.autismejongekind.nl\/","name":"Autism Young Child","description":"","potentialAction":[{"@type":"SearchAction","target":{"@type":"EntryPoint","urlTemplate":"https:\/\/www.autismejongekind.nl\/?s={search_term_string}"},"query-input":{"@type":"PropertyValueSpecification","valueRequired":true,"valueName":"search_term_string"}}],"inLanguage":"en-GB"}]}},"_links":{"self":[{"href":"https:\/\/www.autismejongekind.nl\/en\/wp-json\/wp\/v2\/pages\/6285","targetHints":{"allow":["GET"]}}],"collection":[{"href":"https:\/\/www.autismejongekind.nl\/en\/wp-json\/wp\/v2\/pages"}],"about":[{"href":"https:\/\/www.autismejongekind.nl\/en\/wp-json\/wp\/v2\/types\/page"}],"author":[{"embeddable":true,"href":"https:\/\/www.autismejongekind.nl\/en\/wp-json\/wp\/v2\/users\/27"}],"replies":[{"embeddable":true,"href":"https:\/\/www.autismejongekind.nl\/en\/wp-json\/wp\/v2\/comments?post=6285"}],"version-history":[{"count":18,"href":"https:\/\/www.autismejongekind.nl\/en\/wp-json\/wp\/v2\/pages\/6285\/revisions"}],"predecessor-version":[{"id":7745,"href":"https:\/\/www.autismejongekind.nl\/en\/wp-json\/wp\/v2\/pages\/6285\/revisions\/7745"}],"up":[{"embeddable":true,"href":"https:\/\/www.autismejongekind.nl\/en\/wp-json\/wp\/v2\/pages\/1917"}],"wp:featuredmedia":[{"embeddable":true,"href":"https:\/\/www.autismejongekind.nl\/en\/wp-json\/wp\/v2\/media\/6286"}],"wp:attachment":[{"href":"https:\/\/www.autismejongekind.nl\/en\/wp-json\/wp\/v2\/media?parent=6285"}],"curies":[{"name":"wp","href":"https:\/\/api.w.org\/{rel}","templated":true}]}}