{"id":1180,"date":"2018-07-11T13:06:37","date_gmt":"2018-07-11T11:06:37","guid":{"rendered":"http:\/\/nlautis-gadamael.savviihq.com\/?page_id=1180"},"modified":"2023-06-22T12:50:40","modified_gmt":"2023-06-22T10:50:40","slug":"vervolgstappen-bepalen","status":"publish","type":"page","link":"https:\/\/www.autismejongekind.nl\/en\/professionals\/van-vroegherkenning-tot-diagnostiek\/vervolgstappen-bepalen\/","title":{"rendered":"Vervolgstappen bepalen"},"content":{"rendered":"<p><strong>Je herkent dat er iets aan de hand is met een jong kind. Toch is het proces naar het nemen van de juiste vervolgstap dan lang niet altijd makkelijk. Niet voor ouders, maar ook niet voor professionals. Dit komt doordat het herkennen van autisme lastig is. Ook kan het zijn dat je als professional niet op \u00e9\u00e9n lijn zit met de ouders van het kind. Wat is dan de juiste vervolgstap?<\/strong><\/p>\n<h2>Autisme herkennen kan lastig zijn<\/h2>\n<p>Het herkennen van autisme kan lastig zijn. Dan kan komen doordat de kenmerken van autisme soms niet erg opvallen. En soms komen de kenmerken in de ene situatie w\u00e9l voor en in de andere situatie niet. Ook kan het zijn dat ouders zo goed op de behoeften van hun kind kunnen inspelen, dat de kenmerken minder opvallen.<\/p>\n<h2>Professional en ouders niet op \u00e9\u00e9n lijn<\/h2>\n<p>Soms zitten de ouders en de professional op \u00e9\u00e9n lijn. In andere gevallen hebben zij verschillende idee\u00ebn over wat er mogelijk aan de hand is of nodig is. In onderstaand overzicht zie je verschillende situaties. Per situatie zie je mogelijkheden die je als professional kan ondernemen. Met \u2018zorgen\u2019 wordt steeds bedoeld: er zijn zorgen over de ontwikkeling van het kind en er is een vermoeden van autisme (ASS).<\/p>\n<p><img loading=\"lazy\" decoding=\"async\" class=\"alignnone wp-image-1210\" src=\"https:\/\/www.autismejongekind.nl\/wp-content\/uploads\/2018\/07\/Figuur-ProfessionalsOuders.jpg\" alt=\"\" width=\"619\" height=\"525\" srcset=\"https:\/\/www.autismejongekind.nl\/wp-content\/uploads\/2018\/07\/Figuur-ProfessionalsOuders.jpg 840w, https:\/\/www.autismejongekind.nl\/wp-content\/uploads\/2018\/07\/Figuur-ProfessionalsOuders-300x255.jpg 300w, https:\/\/www.autismejongekind.nl\/wp-content\/uploads\/2018\/07\/Figuur-ProfessionalsOuders-768x652.jpg 768w\" sizes=\"auto, (max-width: 619px) 100vw, 619px\" \/><\/p>\n<p>Hieronder lees je de toelichting op de situaties die de verschillende kleurvlakken weergeven. Met daarbij ook welke vervolgstappen daarbij passen:<\/p>\n<table style=\"width: 100%; border-collapse: collapse; border-style: dotted;\" border=\"1\">\n<tbody>\n<tr style=\"border-style: dotted;\">\n<td style=\"width: 33.6638%;\">\n<h2>Kleur:<\/h2>\n<\/td>\n<td style=\"width: 66.3362%;\">\n<h2>Vervolgstap:<\/h2>\n<\/td>\n<\/tr>\n<tr style=\"border-style: dotted;\">\n<td style=\"width: 33.6638%;\">\n<h2>Groen<strong>: <\/strong><\/h2>\n<ul>\n<li>Er zijn geen zorgen.<\/li>\n<li>Ouder(s) en professional zijn het eens.<\/li>\n<\/ul>\n<\/td>\n<td style=\"width: 66.3362%;\">&nbsp;<\/p>\n<ul>\n<li>Geen actie nodig.<\/li>\n<\/ul>\n<\/td>\n<\/tr>\n<tr style=\"border-style: dotted;\">\n<td style=\"width: 33.6638%;\">\n<h2>Oranje:<\/h2>\n<ul>\n<li>(Duidelijke) zorgen.<\/li>\n<li>Ouder(s) en professional zijn het (min of meer) eens.<\/li>\n<\/ul>\n<\/td>\n<td style=\"width: 66.3362%;\">&nbsp;<\/p>\n<ul>\n<li>Waarschijnlijk zullen ouder(s) en professional het er na het invullen van de <a href=\"https:\/\/www.autismejongekind.nl\/en\/cosos-esat-questionnaire\/\" target=\"_blank\" rel=\"noopener\">CoSoS -vragenlijst<\/a> over eens zijn dat de ontwikkeling anders verloopt, en dat nader onderzoek en begeleiding\/behandeling nodig is.<\/li>\n<li>Verwijzing naar specialistische GGZ (s-GGZ) is passend.<\/li>\n<\/ul>\n<\/td>\n<\/tr>\n<tr style=\"border-style: dotted;\">\n<td style=\"width: 33.6638%;\">\n<h2>Blauw A<\/h2>\n<ul>\n<li>De ouder heeft geen zorgen.<\/li>\n<li>De professional duidelijk wel.<\/li>\n<\/ul>\n<\/td>\n<td style=\"width: 66.3362%;\">\n<ul>\n<li>Ouder(s) en professional zijn het er niet over eens dat de ontwikkeling mogelijk anders verloopt en\/of over welke vervolgstap het beste genomen kan worden.<\/li>\n<li>Probeer er achter te komen wat de ouder(s) misschien belemmert in het (h)erkennen van de zorg en\/of over de voorgestelde vervolgstap.<\/li>\n<li>Laat zien wat jou opvalt aan het kind. Maak hierbij gebruik van gemiddelde mijlpalen in de ontwikkeling van een kind. Dit kan met behulp van screeningslijsten, en informatie op autismejongekind.nl\/ouders.<\/li>\n<li>Bespreek de voor- en nadelen van doorverwijzing.<\/li>\n<li>Respecteer het tempo van ouders en zoek een ingang voor passende hulp (misschien niet direct naar s-GGZ maar eerst een ander traject).<\/li>\n<\/ul>\n<\/td>\n<\/tr>\n<tr style=\"border-style: dotted;\">\n<td style=\"width: 33.6638%;\">\n<h2>Blauw B<\/h2>\n<ul>\n<li>Ouder heeft duidelijk zorgen.<\/li>\n<li>De professional niet.<\/li>\n<\/ul>\n<\/td>\n<td style=\"width: 66.3362%;\">\n<ul>\n<li>Ouder(s) en professional zijn het er niet over eens dat ontwikkeling mogelijk anders verloopt en\/of over welke vervolgstap het beste genomen kan worden.<\/li>\n<li>Gedrag van jonge kinderen kan enorm verschillen afhankelijk van de situatie en de omgeving waar ze in zitten. Niet altijd valt &#8216;ander&#8217; gedrag dan direct op in iedere situatie.<\/li>\n<li>Neem ouders in ieder geval zeer serieus in hun zorg.<\/li>\n<li>Bepaal welk screeningsinstrument kan helpen bij de beoordeling en haal informatie uit verschillende bronnen.<\/li>\n<li>Bepaal samen met de ouder(s) het vervolg.<\/li>\n<li>Overleg eventueel met een <a href=\"https:\/\/www.autismejongekind.nl\/en\/autisme-jonge-kind-biedt-zorg-op-maat\/contact\/\" target=\"_blank\" rel=\"noopener\">gespecialiseerd team.<\/a><\/li>\n<\/ul>\n<\/td>\n<\/tr>\n<tr style=\"border-style: dotted;\">\n<td style=\"width: 33.6638%;\">\n<h2>Geel:<\/h2>\n<ul>\n<li>De ouder(s) en de professional hebben (nog) geen grote zorgen, maar de ontwikkeling van het kind verloopt mogelijk toch wat anders\/meer risicovol.<\/li>\n<\/ul>\n<\/td>\n<td style=\"width: 66.3362%;\">\n<ul>\n<li>Juist in dit soort situaties is het lastig te bepalen of hulp moet worden gezocht, of moet worden afgewacht.<\/li>\n<li>Belangrijk is de ontwikkeling van het kind te monitoren. <a href=\"https:\/\/www.autismejongekind.nl\/en\/professionals\/van-vroegherkenning-tot-diagnostiek\/screeningsvragenlijsten\/\" target=\"_blank\" rel=\"noopener\">Screeningslijsten<\/a> kunnen daarbij helpen.<\/li>\n<li>Bied waar nodig begeleiding of zoek naar hulp voor de meest opvallende problemen.<\/li>\n<li>Pleeg eventueel overleg met <a href=\"https:\/\/www.autismejongekind.nl\/en\/autisme-jonge-kind-biedt-zorg-op-maat\/contact\/\" target=\"_blank\" rel=\"noopener\">gespecialiseerd team.<\/a><\/li>\n<li>Langzaamaan zal blijken of zorgen afnemen of dat juist meer hulp nodig is.<\/li>\n<\/ul>\n<\/td>\n<\/tr>\n<\/tbody>\n<\/table>\n<p>&nbsp;<\/p>","protected":false},"excerpt":{"rendered":"<p>Je herkent dat er iets aan de hand is met een jong kind. Toch is het proces naar het nemen van de juiste vervolgstap dan lang niet altijd makkelijk. Niet voor ouders, maar ook niet voor professionals. Dit komt doordat het herkennen van autisme lastig is. Ook kan het zijn dat je als professional niet [&hellip;]<\/p>\n","protected":false},"author":27,"featured_media":6631,"parent":1140,"menu_order":0,"comment_status":"closed","ping_status":"closed","template":"template-page-full-width-image.php","meta":{"_acf_changed":false,"footnotes":""},"class_list":["post-1180","page","type-page","status-publish","has-post-thumbnail","hentry"],"acf":[],"yoast_head":"<!-- This site is optimized with the Yoast SEO plugin v27.3 - https:\/\/yoast.com\/product\/yoast-seo-wordpress\/ -->\n<title>Van autisme herkennen naar de juiste vervolgstap<\/title>\n<meta name=\"description\" content=\"Autisme herkennen is \u00e9\u00e9n ding. De juiste vervolgstap kiezen is een tweede. Wat als jij en de ouders niet op \u00e9\u00e9n lijn zitten? De juiste vervolgstap kiezen is een tweede. Deze handvatten helpen je op weg.\" \/>\n<meta name=\"robots\" content=\"index, follow, max-snippet:-1, max-image-preview:large, max-video-preview:-1\" \/>\n<link rel=\"canonical\" href=\"https:\/\/www.autismejongekind.nl\/en\/professionals\/van-vroegherkenning-tot-diagnostiek\/vervolgstappen-bepalen\/\" \/>\n<meta property=\"og:locale\" content=\"en_GB\" \/>\n<meta property=\"og:type\" content=\"article\" \/>\n<meta property=\"og:title\" content=\"Van autisme herkennen naar de juiste vervolgstap\" \/>\n<meta property=\"og:description\" content=\"Autisme herkennen is \u00e9\u00e9n ding. De juiste vervolgstap kiezen is een tweede. Wat als jij en de ouders niet op \u00e9\u00e9n lijn zitten? De juiste vervolgstap kiezen is een tweede. Deze handvatten helpen je op weg.\" \/>\n<meta property=\"og:url\" content=\"https:\/\/www.autismejongekind.nl\/en\/professionals\/van-vroegherkenning-tot-diagnostiek\/vervolgstappen-bepalen\/\" \/>\n<meta property=\"og:site_name\" content=\"Autisme Jonge Kind\" \/>\n<meta property=\"article:modified_time\" content=\"2023-06-22T10:50:40+00:00\" \/>\n<meta property=\"og:image\" content=\"https:\/\/www.autismejongekind.nl\/wp-content\/uploads\/2023\/06\/vervolgstappen-bepalen-1-scaled.jpg\" \/>\n\t<meta property=\"og:image:width\" content=\"2560\" \/>\n\t<meta property=\"og:image:height\" content=\"1707\" \/>\n\t<meta property=\"og:image:type\" content=\"image\/jpeg\" \/>\n<meta name=\"twitter:card\" content=\"summary_large_image\" \/>\n<meta name=\"twitter:label1\" content=\"Estimated reading time\" \/>\n\t<meta name=\"twitter:data1\" content=\"4 minutes\" \/>\n<script type=\"application\/ld+json\" class=\"yoast-schema-graph\">{\"@context\":\"https:\\\/\\\/schema.org\",\"@graph\":[{\"@type\":\"WebPage\",\"@id\":\"https:\\\/\\\/www.autismejongekind.nl\\\/professionals\\\/van-vroegherkenning-tot-diagnostiek\\\/vervolgstappen-bepalen\\\/\",\"url\":\"https:\\\/\\\/www.autismejongekind.nl\\\/professionals\\\/van-vroegherkenning-tot-diagnostiek\\\/vervolgstappen-bepalen\\\/\",\"name\":\"Van autisme herkennen naar de juiste vervolgstap\",\"isPartOf\":{\"@id\":\"https:\\\/\\\/www.autismejongekind.nl\\\/#website\"},\"primaryImageOfPage\":{\"@id\":\"https:\\\/\\\/www.autismejongekind.nl\\\/professionals\\\/van-vroegherkenning-tot-diagnostiek\\\/vervolgstappen-bepalen\\\/#primaryimage\"},\"image\":{\"@id\":\"https:\\\/\\\/www.autismejongekind.nl\\\/professionals\\\/van-vroegherkenning-tot-diagnostiek\\\/vervolgstappen-bepalen\\\/#primaryimage\"},\"thumbnailUrl\":\"https:\\\/\\\/www.autismejongekind.nl\\\/wp-content\\\/uploads\\\/2023\\\/06\\\/vervolgstappen-bepalen-1-scaled.jpg\",\"datePublished\":\"2018-07-11T11:06:37+00:00\",\"dateModified\":\"2023-06-22T10:50:40+00:00\",\"description\":\"Autisme herkennen is \u00e9\u00e9n ding. De juiste vervolgstap kiezen is een tweede. Wat als jij en de ouders niet op \u00e9\u00e9n lijn zitten? De juiste vervolgstap kiezen is een tweede. Deze handvatten helpen je op weg.\",\"breadcrumb\":{\"@id\":\"https:\\\/\\\/www.autismejongekind.nl\\\/professionals\\\/van-vroegherkenning-tot-diagnostiek\\\/vervolgstappen-bepalen\\\/#breadcrumb\"},\"inLanguage\":\"en-GB\",\"potentialAction\":[{\"@type\":\"ReadAction\",\"target\":[\"https:\\\/\\\/www.autismejongekind.nl\\\/professionals\\\/van-vroegherkenning-tot-diagnostiek\\\/vervolgstappen-bepalen\\\/\"]}]},{\"@type\":\"ImageObject\",\"inLanguage\":\"en-GB\",\"@id\":\"https:\\\/\\\/www.autismejongekind.nl\\\/professionals\\\/van-vroegherkenning-tot-diagnostiek\\\/vervolgstappen-bepalen\\\/#primaryimage\",\"url\":\"https:\\\/\\\/www.autismejongekind.nl\\\/wp-content\\\/uploads\\\/2023\\\/06\\\/vervolgstappen-bepalen-1-scaled.jpg\",\"contentUrl\":\"https:\\\/\\\/www.autismejongekind.nl\\\/wp-content\\\/uploads\\\/2023\\\/06\\\/vervolgstappen-bepalen-1-scaled.jpg\",\"width\":2560,\"height\":1707,\"caption\":\"vervolgstappen bepalen bij autisme\"},{\"@type\":\"BreadcrumbList\",\"@id\":\"https:\\\/\\\/www.autismejongekind.nl\\\/professionals\\\/van-vroegherkenning-tot-diagnostiek\\\/vervolgstappen-bepalen\\\/#breadcrumb\",\"itemListElement\":[{\"@type\":\"ListItem\",\"position\":1,\"name\":\"Home\",\"item\":\"https:\\\/\\\/www.autismejongekind.nl\\\/\"},{\"@type\":\"ListItem\",\"position\":2,\"name\":\"Professionals\",\"item\":\"https:\\\/\\\/www.autismejongekind.nl\\\/professionals\\\/\"},{\"@type\":\"ListItem\",\"position\":3,\"name\":\"Van vroegherkenning tot diagnostiek\",\"item\":\"https:\\\/\\\/www.autismejongekind.nl\\\/professionals\\\/van-vroegherkenning-tot-diagnostiek\\\/\"},{\"@type\":\"ListItem\",\"position\":4,\"name\":\"Vervolgstappen bepalen\"}]},{\"@type\":\"WebSite\",\"@id\":\"https:\\\/\\\/www.autismejongekind.nl\\\/#website\",\"url\":\"https:\\\/\\\/www.autismejongekind.nl\\\/\",\"name\":\"Autisme Jonge Kind\",\"description\":\"\",\"potentialAction\":[{\"@type\":\"SearchAction\",\"target\":{\"@type\":\"EntryPoint\",\"urlTemplate\":\"https:\\\/\\\/www.autismejongekind.nl\\\/?s={search_term_string}\"},\"query-input\":{\"@type\":\"PropertyValueSpecification\",\"valueRequired\":true,\"valueName\":\"search_term_string\"}}],\"inLanguage\":\"en-GB\"}]}<\/script>\n<!-- \/ Yoast SEO plugin. -->","yoast_head_json":{"title":"Van autisme herkennen naar de juiste vervolgstap","description":"Autisme herkennen is \u00e9\u00e9n ding. De juiste vervolgstap kiezen is een tweede. Wat als jij en de ouders niet op \u00e9\u00e9n lijn zitten? De juiste vervolgstap kiezen is een tweede. Deze handvatten helpen je op weg.","robots":{"index":"index","follow":"follow","max-snippet":"max-snippet:-1","max-image-preview":"max-image-preview:large","max-video-preview":"max-video-preview:-1"},"canonical":"https:\/\/www.autismejongekind.nl\/en\/professionals\/van-vroegherkenning-tot-diagnostiek\/vervolgstappen-bepalen\/","og_locale":"en_GB","og_type":"article","og_title":"Van autisme herkennen naar de juiste vervolgstap","og_description":"Autisme herkennen is \u00e9\u00e9n ding. De juiste vervolgstap kiezen is een tweede. Wat als jij en de ouders niet op \u00e9\u00e9n lijn zitten? De juiste vervolgstap kiezen is een tweede. Deze handvatten helpen je op weg.","og_url":"https:\/\/www.autismejongekind.nl\/en\/professionals\/van-vroegherkenning-tot-diagnostiek\/vervolgstappen-bepalen\/","og_site_name":"Autisme Jonge Kind","article_modified_time":"2023-06-22T10:50:40+00:00","og_image":[{"width":2560,"height":1707,"url":"https:\/\/www.autismejongekind.nl\/wp-content\/uploads\/2023\/06\/vervolgstappen-bepalen-1-scaled.jpg","type":"image\/jpeg"}],"twitter_card":"summary_large_image","twitter_misc":{"Estimated reading time":"4 minutes"},"schema":{"@context":"https:\/\/schema.org","@graph":[{"@type":"WebPage","@id":"https:\/\/www.autismejongekind.nl\/professionals\/van-vroegherkenning-tot-diagnostiek\/vervolgstappen-bepalen\/","url":"https:\/\/www.autismejongekind.nl\/professionals\/van-vroegherkenning-tot-diagnostiek\/vervolgstappen-bepalen\/","name":"Van autisme herkennen naar de juiste vervolgstap","isPartOf":{"@id":"https:\/\/www.autismejongekind.nl\/#website"},"primaryImageOfPage":{"@id":"https:\/\/www.autismejongekind.nl\/professionals\/van-vroegherkenning-tot-diagnostiek\/vervolgstappen-bepalen\/#primaryimage"},"image":{"@id":"https:\/\/www.autismejongekind.nl\/professionals\/van-vroegherkenning-tot-diagnostiek\/vervolgstappen-bepalen\/#primaryimage"},"thumbnailUrl":"https:\/\/www.autismejongekind.nl\/wp-content\/uploads\/2023\/06\/vervolgstappen-bepalen-1-scaled.jpg","datePublished":"2018-07-11T11:06:37+00:00","dateModified":"2023-06-22T10:50:40+00:00","description":"Autisme herkennen is \u00e9\u00e9n ding. De juiste vervolgstap kiezen is een tweede. Wat als jij en de ouders niet op \u00e9\u00e9n lijn zitten? De juiste vervolgstap kiezen is een tweede. Deze handvatten helpen je op weg.","breadcrumb":{"@id":"https:\/\/www.autismejongekind.nl\/professionals\/van-vroegherkenning-tot-diagnostiek\/vervolgstappen-bepalen\/#breadcrumb"},"inLanguage":"en-GB","potentialAction":[{"@type":"ReadAction","target":["https:\/\/www.autismejongekind.nl\/professionals\/van-vroegherkenning-tot-diagnostiek\/vervolgstappen-bepalen\/"]}]},{"@type":"ImageObject","inLanguage":"en-GB","@id":"https:\/\/www.autismejongekind.nl\/professionals\/van-vroegherkenning-tot-diagnostiek\/vervolgstappen-bepalen\/#primaryimage","url":"https:\/\/www.autismejongekind.nl\/wp-content\/uploads\/2023\/06\/vervolgstappen-bepalen-1-scaled.jpg","contentUrl":"https:\/\/www.autismejongekind.nl\/wp-content\/uploads\/2023\/06\/vervolgstappen-bepalen-1-scaled.jpg","width":2560,"height":1707,"caption":"vervolgstappen bepalen bij autisme"},{"@type":"BreadcrumbList","@id":"https:\/\/www.autismejongekind.nl\/professionals\/van-vroegherkenning-tot-diagnostiek\/vervolgstappen-bepalen\/#breadcrumb","itemListElement":[{"@type":"ListItem","position":1,"name":"Home","item":"https:\/\/www.autismejongekind.nl\/"},{"@type":"ListItem","position":2,"name":"Professionals","item":"https:\/\/www.autismejongekind.nl\/professionals\/"},{"@type":"ListItem","position":3,"name":"Van vroegherkenning tot diagnostiek","item":"https:\/\/www.autismejongekind.nl\/professionals\/van-vroegherkenning-tot-diagnostiek\/"},{"@type":"ListItem","position":4,"name":"Vervolgstappen bepalen"}]},{"@type":"WebSite","@id":"https:\/\/www.autismejongekind.nl\/#website","url":"https:\/\/www.autismejongekind.nl\/","name":"Autism Young Child","description":"","potentialAction":[{"@type":"SearchAction","target":{"@type":"EntryPoint","urlTemplate":"https:\/\/www.autismejongekind.nl\/?s={search_term_string}"},"query-input":{"@type":"PropertyValueSpecification","valueRequired":true,"valueName":"search_term_string"}}],"inLanguage":"en-GB"}]}},"_links":{"self":[{"href":"https:\/\/www.autismejongekind.nl\/en\/wp-json\/wp\/v2\/pages\/1180","targetHints":{"allow":["GET"]}}],"collection":[{"href":"https:\/\/www.autismejongekind.nl\/en\/wp-json\/wp\/v2\/pages"}],"about":[{"href":"https:\/\/www.autismejongekind.nl\/en\/wp-json\/wp\/v2\/types\/page"}],"author":[{"embeddable":true,"href":"https:\/\/www.autismejongekind.nl\/en\/wp-json\/wp\/v2\/users\/27"}],"replies":[{"embeddable":true,"href":"https:\/\/www.autismejongekind.nl\/en\/wp-json\/wp\/v2\/comments?post=1180"}],"version-history":[{"count":19,"href":"https:\/\/www.autismejongekind.nl\/en\/wp-json\/wp\/v2\/pages\/1180\/revisions"}],"predecessor-version":[{"id":6640,"href":"https:\/\/www.autismejongekind.nl\/en\/wp-json\/wp\/v2\/pages\/1180\/revisions\/6640"}],"up":[{"embeddable":true,"href":"https:\/\/www.autismejongekind.nl\/en\/wp-json\/wp\/v2\/pages\/1140"}],"wp:featuredmedia":[{"embeddable":true,"href":"https:\/\/www.autismejongekind.nl\/en\/wp-json\/wp\/v2\/media\/6631"}],"wp:attachment":[{"href":"https:\/\/www.autismejongekind.nl\/en\/wp-json\/wp\/v2\/media?parent=1180"}],"curies":[{"name":"wp","href":"https:\/\/api.w.org\/{rel}","templated":true}]}}